{"id":12,"date":"2022-10-20T13:40:18","date_gmt":"2022-10-20T11:40:18","guid":{"rendered":"https:\/\/gamyba.online\/?page_id=12"},"modified":"2023-06-09T09:25:40","modified_gmt":"2023-06-09T07:25:40","slug":"sutarties-nutraukimas","status":"publish","type":"page","link":"https:\/\/gamyba.online\/en\/sutarties-nutraukimas\/","title":{"rendered":"Sutarties nutrakimo (gr\u0105\u017einimo) politika"},"content":{"rendered":"<div data-elementor-type=\"wp-page\" data-elementor-id=\"12\" class=\"elementor elementor-12\">\n\t\t\t\t\t\t\t\t\t<section class=\"elementor-section elementor-top-section elementor-element elementor-element-6a5f13a elementor-section-boxed elementor-section-height-default elementor-section-height-default\" data-id=\"6a5f13a\" data-element_type=\"section\">\n\t\t\t\t\t\t<div class=\"elementor-container elementor-column-gap-default\">\n\t\t\t\t\t<div class=\"elementor-column elementor-col-100 elementor-top-column elementor-element elementor-element-f94d505\" data-id=\"f94d505\" data-element_type=\"column\">\n\t\t\t<div class=\"elementor-widget-wrap elementor-element-populated\">\n\t\t\t\t\t\t\t\t<div class=\"elementor-element elementor-element-5528423 elementor-widget elementor-widget-spacer\" data-id=\"5528423\" data-element_type=\"widget\" data-widget_type=\"spacer.default\">\n\t\t\t\t<div class=\"elementor-widget-container\">\n\t\t\t<style>\/*! elementor - v3.13.3 - 28-05-2023 *\/\n.elementor-column .elementor-spacer-inner{height:var(--spacer-size)}.e-con{--container-widget-width:100%}.e-con-inner>.elementor-widget-spacer,.e-con>.elementor-widget-spacer{width:var(--container-widget-width,var(--spacer-size));--align-self:var(--container-widget-align-self,initial);--flex-shrink:0}.e-con-inner>.elementor-widget-spacer>.elementor-widget-container,.e-con-inner>.elementor-widget-spacer>.elementor-widget-container>.elementor-spacer,.e-con>.elementor-widget-spacer>.elementor-widget-container,.e-con>.elementor-widget-spacer>.elementor-widget-container>.elementor-spacer{height:100%}.e-con-inner>.elementor-widget-spacer>.elementor-widget-container>.elementor-spacer>.elementor-spacer-inner,.e-con>.elementor-widget-spacer>.elementor-widget-container>.elementor-spacer>.elementor-spacer-inner{height:var(--container-widget-height,var(--spacer-size))}<\/style>\t\t<div class=\"elementor-spacer\">\n\t\t\t<div class=\"elementor-spacer-inner\"><\/div>\n\t\t<\/div>\n\t\t\t\t<\/div>\n\t\t\t\t<\/div>\n\t\t\t\t\t<\/div>\n\t\t<\/div>\n\t\t\t\t\t\t\t<\/div>\n\t\t<\/section>\n\t\t\t\t<section class=\"elementor-section elementor-top-section elementor-element elementor-element-3cb5b39 elementor-section-boxed elementor-section-height-default elementor-section-height-default\" data-id=\"3cb5b39\" data-element_type=\"section\">\n\t\t\t\t\t\t<div class=\"elementor-container elementor-column-gap-default\">\n\t\t\t\t\t<div class=\"elementor-column elementor-col-100 elementor-top-column elementor-element elementor-element-c260940\" data-id=\"c260940\" data-element_type=\"column\">\n\t\t\t<div class=\"elementor-widget-wrap elementor-element-populated\">\n\t\t\t\t\t\t\t\t<div class=\"elementor-element elementor-element-2bfb1b5 elementor-widget elementor-widget-heading\" data-id=\"2bfb1b5\" data-element_type=\"widget\" data-widget_type=\"heading.default\">\n\t\t\t\t<div class=\"elementor-widget-container\">\n\t\t\t<style>\/*! elementor - v3.13.3 - 28-05-2023 *\/\n.elementor-heading-title{padding:0;margin:0;line-height:1}.elementor-widget-heading .elementor-heading-title[class*=elementor-size-]>a{color:inherit;font-size:inherit;line-height:inherit}.elementor-widget-heading .elementor-heading-title.elementor-size-small{font-size:15px}.elementor-widget-heading .elementor-heading-title.elementor-size-medium{font-size:19px}.elementor-widget-heading .elementor-heading-title.elementor-size-large{font-size:29px}.elementor-widget-heading .elementor-heading-title.elementor-size-xl{font-size:39px}.elementor-widget-heading .elementor-heading-title.elementor-size-xxl{font-size:59px}<\/style><h2 class=\"elementor-heading-title elementor-size-default\">Sutarties nutraukimas (gr\u0105\u017einimas)<\/h2>\t\t<\/div>\n\t\t\t\t<\/div>\n\t\t\t\t\t<\/div>\n\t\t<\/div>\n\t\t\t\t\t\t\t<\/div>\n\t\t<\/section>\n\t\t\t\t<section class=\"elementor-section elementor-top-section elementor-element elementor-element-238914b elementor-section-boxed elementor-section-height-default elementor-section-height-default\" data-id=\"238914b\" data-element_type=\"section\">\n\t\t\t\t\t\t<div class=\"elementor-container elementor-column-gap-default\">\n\t\t\t\t\t<div class=\"elementor-column elementor-col-100 elementor-top-column elementor-element elementor-element-d44750d\" data-id=\"d44750d\" data-element_type=\"column\">\n\t\t\t<div class=\"elementor-widget-wrap elementor-element-populated\">\n\t\t\t\t\t\t\t\t<div class=\"elementor-element elementor-element-a965ed7 elementor-widget elementor-widget-spacer\" data-id=\"a965ed7\" data-element_type=\"widget\" data-widget_type=\"spacer.default\">\n\t\t\t\t<div class=\"elementor-widget-container\">\n\t\t\t\t\t<div class=\"elementor-spacer\">\n\t\t\t<div class=\"elementor-spacer-inner\"><\/div>\n\t\t<\/div>\n\t\t\t\t<\/div>\n\t\t\t\t<\/div>\n\t\t\t\t\t<\/div>\n\t\t<\/div>\n\t\t\t\t\t\t\t<\/div>\n\t\t<\/section>\n\t\t\t\t<section class=\"elementor-section elementor-top-section elementor-element elementor-element-e069da0 elementor-section-boxed elementor-section-height-default elementor-section-height-default\" data-id=\"e069da0\" data-element_type=\"section\">\n\t\t\t\t\t\t<div class=\"elementor-container elementor-column-gap-default\">\n\t\t\t\t\t<div class=\"elementor-column elementor-col-100 elementor-top-column elementor-element elementor-element-fc7969e\" data-id=\"fc7969e\" data-element_type=\"column\">\n\t\t\t<div class=\"elementor-widget-wrap elementor-element-populated\">\n\t\t\t\t\t\t\t\t<div class=\"elementor-element elementor-element-dd8d218 elementor-widget elementor-widget-text-editor\" data-id=\"dd8d218\" data-element_type=\"widget\" data-widget_type=\"text-editor.default\">\n\t\t\t\t<div class=\"elementor-widget-container\">\n\t\t\t<style>\/*! elementor - v3.13.3 - 28-05-2023 *\/\n.elementor-widget-text-editor.elementor-drop-cap-view-stacked .elementor-drop-cap{background-color:#69727d;color:#fff}.elementor-widget-text-editor.elementor-drop-cap-view-framed .elementor-drop-cap{color:#69727d;border:3px solid;background-color:transparent}.elementor-widget-text-editor:not(.elementor-drop-cap-view-default) .elementor-drop-cap{margin-top:8px}.elementor-widget-text-editor:not(.elementor-drop-cap-view-default) .elementor-drop-cap-letter{width:1em;height:1em}.elementor-widget-text-editor .elementor-drop-cap{float:left;text-align:center;line-height:1;font-size:50px}.elementor-widget-text-editor .elementor-drop-cap-letter{display:inline-block}<\/style>\t\t\t\t<p><strong>SUTARTIES nutraukimas<\/strong><\/p>\n<ol>\n<li>Bet kuri \u0160alis gali bet kada nutraukti Sutart\u012f, prie\u0161 30 dien\u0173 \u012fsp\u0117jusi kit\u0105 \u0160al\u012f.<\/li>\n<\/ol>\n<p>S\u0105skait\u0105 Klientas gali i\u0161trinti bet kuriuo metu.\u00a0Jei Klientas nori nutraukti Paslaugos nuom\u0105, bet ja naudotis iki i\u0161ankstinio mok\u0117jimo laiko pabaigos, jis gali i\u0161trinti atsiskaitymo informacij\u0105, kad i\u0161vengt\u0173 tolesni\u0173 mokes\u010di\u0173.<\/p>\n<ol start=\"2\">\n<li>Jei Sutartis at\u0161aukiama d\u0117l konkretaus kitos \u0160alies pa\u017eeidimo, tam, kad nutraukimas \u012fsigaliot\u0173 (t.y. Sutartis gali b\u016bti nutraukta nedelsiant), \u012fsp\u0117jimo ar i\u0161ankstinio \u012fsp\u0117jimo nereikia.<\/li>\n<li>Konkretus Sutarties pa\u017eeidimas laikomas \u012fvykusiu, jei: 1. \u0160alis pa\u017eeid\u017eia bet kur\u012f i\u0161 savo \u012fsipareigojim\u0173 pagal \u0161i\u0105 Sutart\u012f ir per dvi savaites nuo kitos \u0161alies \u012fsp\u0117jimo nepa\u0161alina tokio pa\u017eeidimo. 2. \u0160alis nuolat pa\u017eeid\u017eia bet kur\u012f i\u0161 savo \u012fsipareigojim\u0173 pagal \u0161i\u0105 Sutart\u012f ir atitinkamo pa\u017eeidimo negalima i\u0161taisyti;\u00a03. \u0160alis piktnaud\u017eiauja, priekabiauja ar \u012f\u017eeid\u017eia kit\u0105 \u0160al\u012f.<\/li>\n<li>Bet koks Sutarties at\u0161aukimas nepa\u017eeid\u017eia \u0160ali\u0173 teisi\u0173 ir teisi\u0173 gynimo priemoni\u0173, kurios buvo \u012fgytos iki sutarties nutraukimo.<\/li>\n<li>Klientas supranta ir sutinka, kad (1) nutraukus Sutart\u012f pasibaigs visos Klientui suteiktos teis\u0117s pagal \u0161i\u0105 sutart\u012f;\u00a0(2) Klientas nutraukia bet koki\u0105 Sutartyje numatyt\u0105 veikl\u0105;\u00a0(3) Klientas nedelsiant i\u0161moka Teik\u0117jui visas Teik\u0117jui pagal \u0161i\u0105 sutart\u012f priklausan\u010dias sumas;\u00a0(4) Klientas negaus pinig\u0173 gr\u0105\u017einimo ar main\u0173 u\u017e nepanaudot\u0105 nuomos laik\u0105, licencij\u0105 ar nuomos mokest\u012f, bet kok\u012f turin\u012f ar duomenis, susietus su j\u0173 paskyra, ar u\u017e k\u0105 nors kit\u0105.<\/li>\n<\/ol>\n<p><strong>Taikanti teis\u0117 ir gin\u010d\u0173 sprendimas<\/strong><\/p>\n<ol start=\"6\">\n<li>\u0160i\u0105 Sutart\u012f ir visus su ja susijusius klausimus reglamentuoja Lietuvos \u012fstatymai.<\/li>\n<li>Bet kuriuo atveju, Kliento reikalaujami nuostoliai negali b\u016bti didesni, nei jo m\u0117nesin\u0117 \u012fmoka, realiai sumok\u0117ta Teik\u0117jui.<\/li>\n<li>Kiekviena \u0160alis, pakankamai apsvars\u010diusi kiekvien\u0105 Sutarties s\u0105lyg\u0105 tiek atskirai, tiek kartu su kitomis s\u0105lygomis, patvirtina kitai ir Teik\u0117jo naudai, kad Sutartis, j\u0173 nuomone, yra teisinga ir jokiu b\u016bdu n\u0117ra slegianti ar \u017ealinga.<\/li>\n<\/ol>\t\t\t\t\t\t<\/div>\n\t\t\t\t<\/div>\n\t\t\t\t\t<\/div>\n\t\t<\/div>\n\t\t\t\t\t\t\t<\/div>\n\t\t<\/section>\n\t\t\t\t\t\t\t<\/div>","protected":false},"excerpt":{"rendered":"<p>Sutarties nutraukimas (gr\u0105\u017einimas) SUTARTIES nutraukimas Bet kuri \u0160alis gali bet kada nutraukti Sutart\u012f, prie\u0161 30 dien\u0173 \u012fsp\u0117jusi kit\u0105 \u0160al\u012f. S\u0105skait\u0105 Klientas gali i\u0161trinti bet kuriuo metu.\u00a0Jei Klientas nori nutraukti Paslaugos nuom\u0105, bet ja naudotis iki i\u0161ankstinio mok\u0117jimo laiko pabaigos, jis gali i\u0161trinti atsiskaitymo informacij\u0105, kad i\u0161vengt\u0173 tolesni\u0173 mokes\u010di\u0173. Jei Sutartis at\u0161aukiama d\u0117l konkretaus kitos \u0160alies [&hellip;]<\/p>","protected":false},"author":1,"featured_media":0,"parent":0,"menu_order":0,"comment_status":"closed","ping_status":"closed","template":"template-fullwidth-no-heading.php","meta":{"_mi_skip_tracking":false,"_monsterinsights_sitenote_active":false,"_monsterinsights_sitenote_note":"","_monsterinsights_sitenote_category":0,"footnotes":""},"acf":[],"aioseo_notices":[],"_links":{"self":[{"href":"https:\/\/gamyba.online\/en\/wp-json\/wp\/v2\/pages\/12"}],"collection":[{"href":"https:\/\/gamyba.online\/en\/wp-json\/wp\/v2\/pages"}],"about":[{"href":"https:\/\/gamyba.online\/en\/wp-json\/wp\/v2\/types\/page"}],"author":[{"embeddable":true,"href":"https:\/\/gamyba.online\/en\/wp-json\/wp\/v2\/users\/1"}],"replies":[{"embeddable":true,"href":"https:\/\/gamyba.online\/en\/wp-json\/wp\/v2\/comments?post=12"}],"version-history":[{"count":5,"href":"https:\/\/gamyba.online\/en\/wp-json\/wp\/v2\/pages\/12\/revisions"}],"predecessor-version":[{"id":20041,"href":"https:\/\/gamyba.online\/en\/wp-json\/wp\/v2\/pages\/12\/revisions\/20041"}],"wp:attachment":[{"href":"https:\/\/gamyba.online\/en\/wp-json\/wp\/v2\/media?parent=12"}],"curies":[{"name":"wp","href":"https:\/\/api.w.org\/{rel}","templated":true}]}}