{"id":7522,"date":"2023-02-15T10:53:21","date_gmt":"2023-02-15T08:53:21","guid":{"rendered":"https:\/\/gamyba.online\/request-quote\/"},"modified":"2023-06-09T12:18:23","modified_gmt":"2023-06-09T10:18:23","slug":"request-quote","status":"publish","type":"page","link":"https:\/\/gamyba.online\/en\/request-quote\/","title":{"rendered":"Gauti pasi\u016blym\u0105"},"content":{"rendered":"<div class=\"woocommerce ywraq-wrapper ywraq-empty\">\n\t\t\t<div id=\"yith-ywraq-message\"><div class=\"ywraq-question-message\">\n\t<\/div>\n<\/div>\n\t\t\n\t\t\t\t<div class=\"ywraq-form-table-wrapper vertical\">\n\t\t\t<div class=\"ywraq-before-form\">\n<p class=\"ywraq_list_empty_message\">Your list is empty, add products to the list to send a request<p><p class=\"return-to-shop\"><a class=\"button wc-backward\" href=\"https:\/\/gamyba.online\/en\/shop\/\">Gr\u012f\u017eti \u012f parduotuv\u0119<\/a><\/p><\/div>\n\t\t\t\t\t<\/div>\n\t<\/div>","protected":false},"excerpt":{"rendered":"","protected":false},"author":1,"featured_media":0,"parent":0,"menu_order":0,"comment_status":"closed","ping_status":"closed","template":"","meta":{"_mi_skip_tracking":false,"_monsterinsights_sitenote_active":false,"_monsterinsights_sitenote_note":"","_monsterinsights_sitenote_category":0,"footnotes":""},"acf":[],"aioseo_notices":[],"_links":{"self":[{"href":"https:\/\/gamyba.online\/en\/wp-json\/wp\/v2\/pages\/7522"}],"collection":[{"href":"https:\/\/gamyba.online\/en\/wp-json\/wp\/v2\/pages"}],"about":[{"href":"https:\/\/gamyba.online\/en\/wp-json\/wp\/v2\/types\/page"}],"author":[{"embeddable":true,"href":"https:\/\/gamyba.online\/en\/wp-json\/wp\/v2\/users\/1"}],"replies":[{"embeddable":true,"href":"https:\/\/gamyba.online\/en\/wp-json\/wp\/v2\/comments?post=7522"}],"version-history":[{"count":1,"href":"https:\/\/gamyba.online\/en\/wp-json\/wp\/v2\/pages\/7522\/revisions"}],"predecessor-version":[{"id":20059,"href":"https:\/\/gamyba.online\/en\/wp-json\/wp\/v2\/pages\/7522\/revisions\/20059"}],"wp:attachment":[{"href":"https:\/\/gamyba.online\/en\/wp-json\/wp\/v2\/media?parent=7522"}],"curies":[{"name":"wp","href":"https:\/\/api.w.org\/{rel}","templated":true}]}}