{"id":29069,"date":"2024-01-26T16:31:33","date_gmt":"2024-01-26T14:31:33","guid":{"rendered":"https:\/\/gamyba.online\/product\/irengimu-gamybos-valdymo-sistema-aiva-md3-silver\/"},"modified":"2024-11-04T22:26:38","modified_gmt":"2024-11-04T20:26:38","slug":"irengimu-gamybos-valdymo-sistema-aiva-md3-silver","status":"publish","type":"product","link":"https:\/\/gamyba.online\/en\/product\/irengimu-gamybos-valdymo-sistema-aiva-md3-silver\/","title":{"rendered":"\u012erengim\u0173 gamybos valdymo sistema &#8220;AIVA MD3 Silver&#8221;"},"content":{"rendered":"<p><font face=\"Calibri\"><br \/>\n<p class=\"MsoNormal\"><font face=\"Calibri\">\u0160is sistemos variantas skirtas sud\u0117ting\u0173&nbsp;nestandartini\u0173&nbsp; gamini\u0173, kurie gaminami i\u0161 nestandartini\u0173 komplektuojam\u0173 pusgamini\u0173, o \u0161ie, savo ruo\u017etu, i\u0161 nestandartini\u0173 ir standartini\u0173 detali\u0173.&nbsp;<\/font><\/p><br \/>\n<p class=\"MsoNormal\"><font face=\"Calibri\">Sistemos pagalba automatizuosite &nbsp;u\u017esakym\u0173 pri\u0117mimo, kainos apskai\u010diavimo, pasi\u016blym\u0173 ruo\u0161imo,&nbsp;gamybos plan\u0173 sudarymo , med\u017eiag\u0173 tiekimo valdymo ir apskaitos, med\u017eiag\u0173 ir pagamintos produkcijos apskaitos gamyboje ir pagamintos produkcijos pardavimo valdymo ir apskaitos procesus.<\/font><\/p><br \/>\n<p class=\"MsoNormal\"><font face=\"Calibri\">Sistemos funkcin\u0117-strukt\u016brin\u0117 schema, kurioje matote pagrindinius automatizuojamus valdymo procesus ir j\u0173 ry\u0161ius,&nbsp;parodyta pav. \u017eemiau.<\/font><\/p><br \/>\n<p class=\"MsoNormal\" align=\"center\"><font face=\"Calibri\"><img src=\"https:\/\/www.aiva.lt\/images\/image\/3_lygio_gamybos_valdymo_sistema_tik_medziagos_.png\"><\/font><\/p><br \/>\n<p class=\"MsoNormal\"><font face=\"Calibri\">Jos pagalba grei\u010diau paruo\u0161ite komercinius pasi\u016blymus ir pardavimo sutartis, automatizuosite Gamybos plan\u0173 sudarym\u0105. <\/font><\/p><br \/>\n<p class=\"MsoNormal\"><font face=\"Calibri\">Grei\u010diau ir pigiau u\u017esakysite med\u017eiagas. <\/font><\/p><br \/>\n<p class=\"MsoNormal\"><font face=\"Calibri\">Taupysite laik\u0105 med\u017eiag\u0173 ir pagamintos produkcijos apskaitai gamyboje&nbsp;bei pagamintos produkcijos pardavimo valdymui.<\/font><\/p><br \/>\n<p class=\"MsoNormal\"><strong>\u017demiau, paspaud\u0119 ant nuorod\u0173, rasite platesnius sistemos moduli\u0173 ir funkcij\u0173 apra\u0161ymus.<\/strong><\/p><\/font><\/p>","protected":false},"excerpt":{"rendered":"<p>\u0160is sistemos variantas skirtas sud\u0117ting\u0173&nbsp;nestandartini\u0173&nbsp; gamini\u0173, kurie gaminami i\u0161 nestandartini\u0173 komplektuojam\u0173 pusgamini\u0173, o \u0161ie, savo ruo\u017etu, i\u0161 nestandartini\u0173 ir standartini\u0173 detali\u0173.&nbsp; Sistemos pagalba automatizuosite &nbsp;u\u017esakym\u0173 pri\u0117mimo, kainos apskai\u010diavimo, pasi\u016blym\u0173 ruo\u0161imo,&nbsp;gamybos plan\u0173 sudarymo , med\u017eiag\u0173 tiekimo valdymo ir apskaitos, med\u017eiag\u0173 ir pagamintos produkcijos apskaitos gamyboje ir pagamintos produkcijos pardavimo valdymo ir apskaitos procesus. Sistemos funkcin\u0117-strukt\u016brin\u0117 schema, [&hellip;]<\/p>","protected":false},"featured_media":29086,"template":"","meta":{"_mi_skip_tracking":false,"_monsterinsights_sitenote_active":false,"_monsterinsights_sitenote_note":"","_monsterinsights_sitenote_category":0},"product_cat":[1523,1511],"product_tag":[],"mwb_booking_cost":[],"mwb_booking_service":[],"bundled_by":[],"bundle_stock_status":"instock","bundle_stock_quantity":null,"bundle_virtual":false,"bundle_layout":"","bundle_add_to_cart_form_location":"","bundle_editable_in_cart":false,"bundle_sold_individually_context":"","bundle_item_grouping":"","bundle_min_size":"","bundle_max_size":"","bundled_items":[],"bundle_sell_ids":[],"acf":[],"aioseo_notices":[],"_links":{"self":[{"href":"https:\/\/gamyba.online\/en\/wp-json\/wp\/v2\/product\/29069"}],"collection":[{"href":"https:\/\/gamyba.online\/en\/wp-json\/wp\/v2\/product"}],"about":[{"href":"https:\/\/gamyba.online\/en\/wp-json\/wp\/v2\/types\/product"}],"wp:featuredmedia":[{"embeddable":true,"href":"https:\/\/gamyba.online\/en\/wp-json\/wp\/v2\/media\/29086"}],"wp:attachment":[{"href":"https:\/\/gamyba.online\/en\/wp-json\/wp\/v2\/media?parent=29069"}],"wp:term":[{"taxonomy":"product_cat","embeddable":true,"href":"https:\/\/gamyba.online\/en\/wp-json\/wp\/v2\/product_cat?post=29069"},{"taxonomy":"product_tag","embeddable":true,"href":"https:\/\/gamyba.online\/en\/wp-json\/wp\/v2\/product_tag?post=29069"},{"taxonomy":"mwb_booking_cost","embeddable":true,"href":"https:\/\/gamyba.online\/en\/wp-json\/wp\/v2\/mwb_booking_cost?post=29069"},{"taxonomy":"mwb_booking_service","embeddable":true,"href":"https:\/\/gamyba.online\/en\/wp-json\/wp\/v2\/mwb_booking_service?post=29069"}],"curies":[{"name":"wp","href":"https:\/\/api.w.org\/{rel}","templated":true}]}}