{"id":29070,"date":"2024-01-26T16:31:33","date_gmt":"2024-01-26T14:31:33","guid":{"rendered":"https:\/\/gamyba.online\/product\/sumani-irengimu-gamybos-valdymo-sistema-aiva-op3-gold\/"},"modified":"2024-11-04T22:26:37","modified_gmt":"2024-11-04T20:26:37","slug":"sumani-irengimu-gamybos-valdymo-sistema-aiva-op3-gold","status":"publish","type":"product","link":"https:\/\/gamyba.online\/en\/product\/sumani-irengimu-gamybos-valdymo-sistema-aiva-op3-gold\/","title":{"rendered":"Sumani \u012frengim\u0173 gamybos valdymo sistema &#8220;AIVA OP3 Gold&#8221;"},"content":{"rendered":"<p><p class=\"MsoNormal\"><font face=\"Calibri\">\u0160is sistemos variantas skirtas sud\u0117ting\u0173&nbsp;nestandartini\u0173&nbsp; gamini\u0173, kurie gaminami i\u0161 nestandartini\u0173 komplektuojam\u0173 pusgamini\u0173, o \u0161ie, savo ruo\u017etu, i\u0161 nestandartini\u0173 ir standartini\u0173 detali\u0173.&nbsp;<\/font><\/p><br \/>\n<p class=\"MsoNormal\"><font face=\"Calibri\">\u012edieg\u0119 \u0161\u012f sistemos variant\u0105, automatizuosite <\/font>u\u017esakym\u0173 pri\u0117mimo, kainos apskai\u010diavimo, gamybos plan\u0173 sudarymo, gamybos&nbsp;operacij\u0173 &nbsp;planavimo ir <span>&nbsp;<\/span>valdymo gamyboje, pagamintos produkcijos apskaitos gamyboje ir pagamintos produkcijos pardavimo valdymo procesus.<\/FONT><\/p><br \/>\n<p><\/p><br \/>\n<p class=\"MsoNormal\"><font face=\"Calibri\">Sistemos funkcin\u0117-strukt\u016brin\u0117 schema, kurioje matote pagrindinius automatizuojamus valdymo procesus ir j\u0173 ry\u0161ius,&nbsp;parodyta pav. \u017eemiau.<\/font><\/p><br \/>\n<p class=\"MsoNormal\" align=\"center\"><img src=\"https:\/\/www.aiva.lt\/images\/image\/3_gamybos_lygiu_valdymo_sistema_tik_operaciju_valdymas.png\"><\/p><br \/>\n<p class=\"MsoNormal\"><font face=\"Calibri\">Sistemos&nbsp;pagalba grei\u010diau paruo\u0161ite komercinius apsi\u016blymus ir pardavimo sutartis, automatizuosite Gamybos plan\u0173 sudarym\u0105 bei Gamybos u\u017eduo\u010di\u0173 paskirstym\u0105 vykdytojams ir j\u0173 registracija. <\/font><\/p><br \/>\n<p class=\"MsoNormal\"><font face=\"Calibri\">Padidinsite Gamybos resurs\u0173,- \u012frengim\u0173 ir darbuotoj\u0173, darbo efektyvum\u0105. <\/font><\/p><br \/>\n<p class=\"MsoNormal\"><font face=\"Calibri\">Gal\u0117site \u012fdiegti apmok\u0117jimo u\u017e atliktus darbus sistem\u0105. <\/font><\/p><br \/>\n<p class=\"MsoNormal\"><font face=\"Calibri\">Taupysite laik\u0105 pagamintos produkcijos apskaitai. <\/font><\/p><br \/>\n<p class=\"MsoNormal\"><font face=\"Calibri\">Viso to rezultate su ma\u017eiau darbuotoj\u0173 pagaminsite daugiau.<\/font><\/p><br \/>\n<p class=\"MsoNormal\"><strong>\u017demiau, paspaud\u0119 ant nuorod\u0173, rasite platesnius sitemos funkcij\u0173 apra\u0161ymus.<\/strong><\/p><\/p>","protected":false},"excerpt":{"rendered":"<p>\u0160is sistemos variantas skirtas sud\u0117ting\u0173&nbsp;nestandartini\u0173&nbsp; gamini\u0173, kurie gaminami i\u0161 nestandartini\u0173 komplektuojam\u0173 pusgamini\u0173, o \u0161ie, savo ruo\u017etu, i\u0161 nestandartini\u0173 ir standartini\u0173 detali\u0173.&nbsp; \u012edieg\u0119 \u0161\u012f sistemos variant\u0105, automatizuosite u\u017esakym\u0173 pri\u0117mimo, kainos apskai\u010diavimo, gamybos plan\u0173 sudarymo, gamybos&nbsp;operacij\u0173 &nbsp;planavimo ir &nbsp;valdymo gamyboje, pagamintos produkcijos apskaitos gamyboje ir pagamintos produkcijos pardavimo valdymo procesus. Sistemos funkcin\u0117-strukt\u016brin\u0117 schema, kurioje matote pagrindinius automatizuojamus [&hellip;]<\/p>","protected":false},"featured_media":29087,"template":"","meta":{"_mi_skip_tracking":false,"_monsterinsights_sitenote_active":false,"_monsterinsights_sitenote_note":"","_monsterinsights_sitenote_category":0},"product_cat":[1523,1511],"product_tag":[],"mwb_booking_cost":[],"mwb_booking_service":[],"bundled_by":[],"bundle_stock_status":"instock","bundle_stock_quantity":null,"bundle_virtual":false,"bundle_layout":"","bundle_add_to_cart_form_location":"","bundle_editable_in_cart":false,"bundle_sold_individually_context":"","bundle_item_grouping":"","bundle_min_size":"","bundle_max_size":"","bundled_items":[],"bundle_sell_ids":[],"acf":[],"aioseo_notices":[],"_links":{"self":[{"href":"https:\/\/gamyba.online\/en\/wp-json\/wp\/v2\/product\/29070"}],"collection":[{"href":"https:\/\/gamyba.online\/en\/wp-json\/wp\/v2\/product"}],"about":[{"href":"https:\/\/gamyba.online\/en\/wp-json\/wp\/v2\/types\/product"}],"wp:featuredmedia":[{"embeddable":true,"href":"https:\/\/gamyba.online\/en\/wp-json\/wp\/v2\/media\/29087"}],"wp:attachment":[{"href":"https:\/\/gamyba.online\/en\/wp-json\/wp\/v2\/media?parent=29070"}],"wp:term":[{"taxonomy":"product_cat","embeddable":true,"href":"https:\/\/gamyba.online\/en\/wp-json\/wp\/v2\/product_cat?post=29070"},{"taxonomy":"product_tag","embeddable":true,"href":"https:\/\/gamyba.online\/en\/wp-json\/wp\/v2\/product_tag?post=29070"},{"taxonomy":"mwb_booking_cost","embeddable":true,"href":"https:\/\/gamyba.online\/en\/wp-json\/wp\/v2\/mwb_booking_cost?post=29070"},{"taxonomy":"mwb_booking_service","embeddable":true,"href":"https:\/\/gamyba.online\/en\/wp-json\/wp\/v2\/mwb_booking_service?post=29070"}],"curies":[{"name":"wp","href":"https:\/\/api.w.org\/{rel}","templated":true}]}}