{"id":29071,"date":"2024-01-26T16:31:34","date_gmt":"2024-01-26T14:31:34","guid":{"rendered":"https:\/\/gamyba.online\/product\/sumani-irengimu-gamybos-valdymo-sistema-aiva-mdop3-platinum\/"},"modified":"2024-11-04T22:26:37","modified_gmt":"2024-11-04T20:26:37","slug":"sumani-irengimu-gamybos-valdymo-sistema-aiva-mdop3-platinum","status":"publish","type":"product","link":"https:\/\/gamyba.online\/en\/product\/sumani-irengimu-gamybos-valdymo-sistema-aiva-mdop3-platinum\/","title":{"rendered":"Sumani \u012frengim\u0173 gamybos valdymo sistema &#8220;AIVA MDOP3 Platinum&#8221;"},"content":{"rendered":"<p><p class=\"MsoNormal\"><font face=\"Calibri\">Sistema skirta nestandartini\u0173 komplektuojam\u0173 gamini\u0173 u\u017esakym\u0173 pri\u0117mimui ir kainos apskai\u010diavimui, gamybos plan\u0173 sudarymui, gamybos proceso planavimui ir <span>&nbsp;<\/span>valdymui gamyboje, med\u017eiag\u0173 tiekimo valdymui ir apskaitai, med\u017eiag\u0173 ir pagamintos produkcijos apskaitai gamyboje, pardavim\u0173 valdymui.<\/font><\/p><br \/>\n<p class=\"MsoNormal\"><font face=\"Calibri\">Sistemos funkcin\u0117-strukt\u016brin\u0117 schema, kurioje matote pagrindinius automatizuojamus valdymo procesus ir j\u0173 ry\u0161ius,&nbsp;parodyta pav. \u017eemiau.<\/font><\/p><br \/>\n<p class=\"MsoNormal\" align=\"center\"><font face=\"Calibri\"><img src=\"https:\/\/www.aiva.lt\/images\/image\/3_gamybos_lygiu_valdymo_sistema_pilna.png\"><\/font><\/p><br \/>\n<p class=\"MsoNormal\"><font face=\"Calibri\">Sistemos pagalba grei\u010diau paruo\u0161ite komercinius pasi\u016blymus, s\u0105skaitas ir pardavimo sutartis, automatizuosite Gamybos plan\u0173 sudarym\u0105 bei Gamybos u\u017eduo\u010di\u0173 paskirstym\u0105 vykdytojams ir u\u017eduo\u010di\u0173 vykdymo registracija. Padidinsite Gamybos resurs\u0173 panaudojimo efektyvum\u0105. Gal\u0117site \u012fdiegti apmok\u0117jimo u\u017e atliktus darbus sistem\u0105. Grei\u010diau ir pigiau u\u017esakysite med\u017eiagas. Taupysite laik\u0105 med\u017eiag\u0173 ir pagamintos produkcijos apskaitai.<\/font><\/p><\/p>","protected":false},"excerpt":{"rendered":"<p>Sistema skirta nestandartini\u0173 komplektuojam\u0173 gamini\u0173 u\u017esakym\u0173 pri\u0117mimui ir kainos apskai\u010diavimui, gamybos plan\u0173 sudarymui, gamybos proceso planavimui ir &nbsp;valdymui gamyboje, med\u017eiag\u0173 tiekimo valdymui ir apskaitai, med\u017eiag\u0173 ir pagamintos produkcijos apskaitai gamyboje, pardavim\u0173 valdymui. Sistemos funkcin\u0117-strukt\u016brin\u0117 schema, kurioje matote pagrindinius automatizuojamus valdymo procesus ir j\u0173 ry\u0161ius,&nbsp;parodyta pav. \u017eemiau. Sistemos pagalba grei\u010diau paruo\u0161ite komercinius pasi\u016blymus, s\u0105skaitas ir pardavimo [&hellip;]<\/p>","protected":false},"featured_media":29088,"template":"","meta":{"_mi_skip_tracking":false,"_monsterinsights_sitenote_active":false,"_monsterinsights_sitenote_note":"","_monsterinsights_sitenote_category":0},"product_cat":[1523,1511],"product_tag":[],"mwb_booking_cost":[],"mwb_booking_service":[],"bundled_by":[],"bundle_stock_status":"instock","bundle_stock_quantity":null,"bundle_virtual":false,"bundle_layout":"","bundle_add_to_cart_form_location":"","bundle_editable_in_cart":false,"bundle_sold_individually_context":"","bundle_item_grouping":"","bundle_min_size":"","bundle_max_size":"","bundled_items":[],"bundle_sell_ids":[],"acf":[],"aioseo_notices":[],"_links":{"self":[{"href":"https:\/\/gamyba.online\/en\/wp-json\/wp\/v2\/product\/29071"}],"collection":[{"href":"https:\/\/gamyba.online\/en\/wp-json\/wp\/v2\/product"}],"about":[{"href":"https:\/\/gamyba.online\/en\/wp-json\/wp\/v2\/types\/product"}],"wp:featuredmedia":[{"embeddable":true,"href":"https:\/\/gamyba.online\/en\/wp-json\/wp\/v2\/media\/29088"}],"wp:attachment":[{"href":"https:\/\/gamyba.online\/en\/wp-json\/wp\/v2\/media?parent=29071"}],"wp:term":[{"taxonomy":"product_cat","embeddable":true,"href":"https:\/\/gamyba.online\/en\/wp-json\/wp\/v2\/product_cat?post=29071"},{"taxonomy":"product_tag","embeddable":true,"href":"https:\/\/gamyba.online\/en\/wp-json\/wp\/v2\/product_tag?post=29071"},{"taxonomy":"mwb_booking_cost","embeddable":true,"href":"https:\/\/gamyba.online\/en\/wp-json\/wp\/v2\/mwb_booking_cost?post=29071"},{"taxonomy":"mwb_booking_service","embeddable":true,"href":"https:\/\/gamyba.online\/en\/wp-json\/wp\/v2\/mwb_booking_service?post=29071"}],"curies":[{"name":"wp","href":"https:\/\/api.w.org\/{rel}","templated":true}]}}