{"id":29090,"date":"2024-01-31T23:10:11","date_gmt":"2024-01-31T21:10:11","guid":{"rendered":"https:\/\/gamyba.online\/product\/aiva-9001-programos-duomenu-bazes-iki-6-gb-hostingas-ir-db-aptarnavimas\/"},"modified":"2024-11-04T22:26:37","modified_gmt":"2024-11-04T20:26:37","slug":"aiva-9001-programos-duomenu-bazes-iki-6-gb-hostingas-ir-db-aptarnavimas","status":"publish","type":"product","link":"https:\/\/gamyba.online\/en\/product\/aiva-9001-programos-duomenu-bazes-iki-6-gb-hostingas-ir-db-aptarnavimas\/","title":{"rendered":"AIVA 9001 Programos duomen\u0173 baz\u0117s iki 3 Gb hostingas ir DB aptarnavimas"},"content":{"rendered":"<p><p><font size=\"2\" face=\"Arial\">Paslauga apima duomen\u0173 baz\u0117s iki&nbsp;3 GB hostingo Interneto vizijos serveryje ir duomen\u0173 baz\u0117s admininistravimo paslauagas. Duomen\u0173 baz\u0117s administravim\u0105 atlieka patyr\u0119s m\u016bs\u0173 duomen\u0173 bazi\u0173 administratorius.<\/font><\/p><br \/>\n<p><font size=\"2\" face=\"Arial\">DB laikoma&nbsp;Interneto vizijos&nbsp;serveryje&nbsp; geriau apsaugota specialiomis priemon\u0117mis, negu ji b\u016bt\u0173 saugoma \u012fmon\u0117s serveryje, nuo nesankcionuoto duomen\u0173 kopijavimo tiek per internet\u0105 tiek vietoje.<\/font><\/p><br \/>\n<p><font size=\"2\" face=\"Arial\">Kad duomenis nedingt\u0173 d\u0117l magnetini\u0173 disk\u0173 gedim\u0173, kiekvien\u0105 dien\u0105 daromos duomen\u0173 baz\u0117s kopijos ir saugomos 7 paras.Jei duomen\u0173 baz\u0117 d\u0117l ka\u017ekoki\u0173 prie\u017eas\u010di\u0173 kada nors b\u016bt\u0173 sugadinta, ji atstatoma i\u0161 rezervini\u0173 kopij\u0173.<\/font><\/p><\/p>","protected":false},"excerpt":{"rendered":"<p>Paslauga apima duomen\u0173 baz\u0117s iki&nbsp;3 GB hostingo Interneto vizijos serveryje ir duomen\u0173 baz\u0117s admininistravimo paslauagas. Duomen\u0173 baz\u0117s administravim\u0105 atlieka patyr\u0119s m\u016bs\u0173 duomen\u0173 bazi\u0173 administratorius. DB laikoma&nbsp;Interneto vizijos&nbsp;serveryje&nbsp; geriau apsaugota specialiomis priemon\u0117mis, negu ji b\u016bt\u0173 saugoma \u012fmon\u0117s serveryje, nuo nesankcionuoto duomen\u0173 kopijavimo tiek per internet\u0105 tiek vietoje. Kad duomenis nedingt\u0173 d\u0117l magnetini\u0173 disk\u0173 gedim\u0173, kiekvien\u0105 dien\u0105 [&hellip;]<\/p>","protected":false},"featured_media":29123,"template":"","meta":{"_mi_skip_tracking":false,"_monsterinsights_sitenote_active":false,"_monsterinsights_sitenote_note":"","_monsterinsights_sitenote_category":0},"product_cat":[1507,1504],"product_tag":[],"mwb_booking_cost":[],"mwb_booking_service":[],"bundled_by":[],"bundle_stock_status":"instock","bundle_stock_quantity":null,"bundle_virtual":false,"bundle_layout":"","bundle_add_to_cart_form_location":"","bundle_editable_in_cart":false,"bundle_sold_individually_context":"","bundle_item_grouping":"","bundle_min_size":"","bundle_max_size":"","bundled_items":[],"bundle_sell_ids":[],"acf":[],"aioseo_notices":[],"_links":{"self":[{"href":"https:\/\/gamyba.online\/en\/wp-json\/wp\/v2\/product\/29090"}],"collection":[{"href":"https:\/\/gamyba.online\/en\/wp-json\/wp\/v2\/product"}],"about":[{"href":"https:\/\/gamyba.online\/en\/wp-json\/wp\/v2\/types\/product"}],"wp:featuredmedia":[{"embeddable":true,"href":"https:\/\/gamyba.online\/en\/wp-json\/wp\/v2\/media\/29123"}],"wp:attachment":[{"href":"https:\/\/gamyba.online\/en\/wp-json\/wp\/v2\/media?parent=29090"}],"wp:term":[{"taxonomy":"product_cat","embeddable":true,"href":"https:\/\/gamyba.online\/en\/wp-json\/wp\/v2\/product_cat?post=29090"},{"taxonomy":"product_tag","embeddable":true,"href":"https:\/\/gamyba.online\/en\/wp-json\/wp\/v2\/product_tag?post=29090"},{"taxonomy":"mwb_booking_cost","embeddable":true,"href":"https:\/\/gamyba.online\/en\/wp-json\/wp\/v2\/mwb_booking_cost?post=29090"},{"taxonomy":"mwb_booking_service","embeddable":true,"href":"https:\/\/gamyba.online\/en\/wp-json\/wp\/v2\/mwb_booking_service?post=29090"}],"curies":[{"name":"wp","href":"https:\/\/api.w.org\/{rel}","templated":true}]}}