{"id":29153,"date":"2024-04-10T09:32:43","date_gmt":"2024-04-10T07:32:43","guid":{"rendered":"https:\/\/gamyba.online\/product\/spaustuves-sumani-gamybos-valdymo-sistema-aiva-mdop1-platinum\/"},"modified":"2024-11-04T22:26:32","modified_gmt":"2024-11-04T20:26:32","slug":"spaustuves-sumani-gamybos-valdymo-sistema-aiva-mdop1-platinum","status":"publish","type":"product","link":"https:\/\/gamyba.online\/en\/product\/spaustuves-sumani-gamybos-valdymo-sistema-aiva-mdop1-platinum\/","title":{"rendered":"Spaustuv\u0117s sumani gamybos valdymo sistema &#8220;AIVA MDOP1 Platinum&#8221;"},"content":{"rendered":"<p><p><br \/>\n<table class=\"MsoNormalTable\" cellspacing=\"0\" cellpadding=\"0\" width=\"666\" border=\"0\"><br \/>\n<tbody><br \/>\n<tr><br \/>\n<td valign=\"top\" width=\"662\"><br \/>\n<p class=\"MsoNormal\"><font face=\"Calibri\"><b>AIVA SUMANI GAMYBOS VALDYMO SISTEMA <\/b>&#8211; tai originali, atitinkanti INDUSTY 4.0. ir ISO 9001 standartus,&nbsp;&nbsp;gamybos&nbsp;\u012fmon\u0117s&nbsp;<b>verslo proces\u0173&nbsp;valdymo<\/b> sistema.<\/font><\/p><br \/>\n<p class=\"MsoNormal\"><font face=\"Calibri\">M\u016bs\u0173 sistemos&nbsp;pagalba gal\u0117site automatizuoti <b>vis\u0105 valdymo proces\u0105-<\/b>nuo klient\u0173 paie\u0161kos ir gamybos u\u017esakym\u0173 iki j\u0173 pilno \u012fvykdymo ir apskaitos, bei e-komercijos, pra\u0117jimo kontrol\u0117s ir laiko apskaitos funkcijas..<\/font><\/p><br \/>\n<p class=\"MsoNormal\"><font face=\"Calibri\">&nbsp;Automatizuojamo proceso &nbsp;pagrindiniai etapai (posistem\u0117s)&nbsp;parodyti \u017eemiau paveiksl\u0117lyje.<\/font><\/p><br \/>\n<p class=\"MsoNormal\"><font color=\"#2f5496\" size=\"4\" face=\"Calibri Light\"><strong>&nbsp;<\/strong><\/font><\/p><font color=\"#2f5496\" size=\"4\" face=\"Calibri Light\"><\/font><br \/>\n<p class=\"MsoNormal\" align=\"center\"><font color=\"#2f5496\" size=\"4\" face=\"Calibri Light\"><img src=\"http:\/\/www.aiva.lt\/images\/image\/Nuoseklios_gamybos_valdymo_sistemos_variantas_Platinum.png\" width=\"700\" height=\"449\"><\/font><\/p><br \/>\n<h2><font color=\"#2f5496\"><b><span><span><font size=\"4\" face=\"Calibri Light\">1.1.<\/font><span>&nbsp;&nbsp;&nbsp;&nbsp;&nbsp;&nbsp;&nbsp; <\/span><\/span><\/span><\/b><b><font size=\"4\"><font face=\"Calibri Light\">Kokias problemas pad\u0117s Jums i\u0161spr\u0119sti AIVA gamybos valdymo sistema<\/font><\/font><\/b><\/font><\/h2><br \/>\n<p class=\"MsoNormal\"><b><font face=\"Calibri\">&nbsp;<\/font><\/b><\/p><br \/>\n<p class=\"MsoNormal\"><b><font face=\"Calibri\"><i>Naudosite vien\u0105 programin\u0119 \u012frang\u0105 vietoje keli\u0173<\/i><\/font><\/b><\/p><br \/>\n<p class=\"MsoNormal\"><font face=\"Calibri\"><b>&nbsp;<\/b><i>&nbsp;Daugelis gamybos \u012fmoni\u0173 skirtingoms valdymo veikloms automatizuoti naudoja skirtingas, da\u017enai tarpusavyje nesusietas, programas. Pav.,&nbsp; Excel program\u0105,- komercini\u0173 pasi\u016blym\u0173 ruo\u0161imui , gamybos u\u017esakym\u0173 plano sudarymui, CRM program\u0105,- klient\u0173 registravimui Buhalterin\u0117s apskaitos program\u0105,- med\u017eiag\u0173 ir pagamintos produkcijos apskaitai, CAD program\u0105 nauj\u0173 gamini\u0173 projektavimui.&nbsp;<\/i><b><\/b><\/font><\/p><br \/>\n<p class=\"MsoNormal\"><font face=\"Calibri\"><i>&nbsp;Kai naudojama tiek program\u0173 ir jos tarpusavyje nesusietos, brangsta j\u0173 eksploatacija. Be to,&nbsp; \u012f kiekvien\u0105 i\u0161 \u0161i\u0173 program\u0173 reikia&nbsp; rankiniu b\u016bdu \u012fvesti, daugumoje, tuos&nbsp; pa\u010dius&nbsp; duomenis. <\/i><b><\/b><\/font><\/p><br \/>\n<p class=\"MsoNormal\"><b><font face=\"Calibri\">&nbsp;<\/font><\/b><\/p><br \/>\n<p class=\"MsoNormal\"><font face=\"Calibri\"><i>AIVA programa&nbsp;atlieka auk\u0161\u010diau i\u0161vardint\u0173 program\u0173 funkcijas bei gali paimti duomenis i\u0161 CAD ir perduoti duomenis \u012f \u012fmon\u0117s buhalterin\u0117s apskaitos program\u0105.<\/i><b><\/b><\/font><\/p><br \/>\n<p class=\"MsoNormal\"><b><font face=\"Calibri\">&nbsp;<\/font><\/b><\/p><br \/>\n<p class=\"MsoNormal\"><font face=\"Calibri\"><b><i>Ma\u017eiau rankinio darbo<\/i><\/b><i><\/i><\/font><\/p><br \/>\n<p class=\"MsoNormal\"><i><font face=\"Calibri\">Rankiniam duomen\u0173 \u012fvedimui&nbsp; bei neautomatizuotam valdymo funkcij\u0173 atlikimui sugai\u0161tama nema\u017eai darbuotoj\u0173 laiko, tod\u0117l, arba darbuotojams nepakanka laiko atlikti darbus, arba didinamos \u012fmon\u0117s&nbsp; valdymo i\u0161laidos.<\/font><\/i><\/p><br \/>\n<p class=\"MsoNormal\"><i><font face=\"Calibri\">&nbsp;Daug kart\u0173 \u012fvedant duomenis&nbsp; galimos j\u0173 \u012fvedimo klaidos, d\u0117l ko atsiranda gamybiniai ir tiekimo nuostoliai.&nbsp;&nbsp;<\/font><\/i><\/p><br \/>\n<p class=\"MsoNormal\"><i><font face=\"Calibri\">AIVA programoje&nbsp; duomenys ranka ne\u012fvedami&nbsp;( i\u0161skyrus tik&nbsp; klient\u0173 nor\u0173 apra\u0161ymai). Prad\u017eioje jie atkeliauja i\u0161 programos Katalogo, o toliau i\u0161 vieno proceso perduodami kitam.<\/font><\/i><\/p><br \/>\n<p class=\"MsoNormal\"><font face=\"Calibri\"><b><i>Informacija realiu laiku<\/i><\/b><i><\/i><\/font><\/p><br \/>\n<p class=\"MsoNormal\"><i><font face=\"Calibri\">Gamybos ataskaitos gaunamos pav\u0117luotai tod\u0117l neturint operatyvios informacijos sunku priimti reikalingus gamybos&nbsp; resurs\u0173 perskirstymo bei med\u017eiag\u0173 tiekimo&nbsp; sprendimus .&nbsp;<\/font><\/i><\/p><br \/>\n<p class=\"MsoNormal\"><i><font face=\"Calibri\">AIVA programa ataskaitas suformuos realiu laiku, kai nor\u0117site jas pa\u017ei\u016br\u0117ti.<\/font><\/i><\/p><br \/>\n<p class=\"MsoNormal\"><font face=\"Calibri\"><b><i>Operatyvus gamybos planavimas u\u017eduo\u010di\u0173 paskirstymas ir kontrol\u0117<\/i><\/b><i><\/i><\/font><\/p><br \/>\n<p class=\"MsoNormal\"><i><font face=\"Calibri\">Kai gamybos planavimas vykdomas rankiniais metodais sunku gerai suplanuoti gamybos proces\u0105&nbsp; neturint realiu laiku vis\u0173&nbsp; duomen\u0173. Ypa\u010d tai didel\u0117 problema&nbsp; \u012fmon\u0117se, kurios gamina nestandartin\u0119 vienetin\u0119 arba ma\u017eomis partijomis produkcij\u0105, nes i\u0161 anksto ne\u017einomos darb\u0173 trukm\u0117s,darbo centr\u0173 u\u017eimtumas netolygiai kei\u010diasi laike, med\u017eiagas reikalinga u\u017esakyti&nbsp; kiekvienam kliento u\u017esakymui, o suplanuotas u\u017esakym\u0173 eili\u0161kumas da\u017enai kei\u010diasi d\u0117l atsirandan\u010di\u0173 skubi\u0173 u\u017esakym\u0173. D\u0117l blogo planavimo&nbsp; neretai klient\u0173 u\u017esakym\u0173 vykdymas v\u0117luoja o gamybos resursai panaudojami neefektyviai, tod\u0117l brangsta gaminama produkcija ir ma\u017e\u0117ja \u012fmon\u0117s pelnas. <\/font><\/i><\/p><br \/>\n<p class=\"MsoNormal\"><i><font face=\"Calibri\">AIVA programin\u0117 \u012franga i\u0161 kliento u\u017esakymo duomen\u0173 pati suplanuos kiekvieno u\u017esakymo gamybos proces\u0105 ir sudarys gamybos planus kiekvienam darbo centrui.<\/font><\/i><\/p><br \/>\n<p class=\"MsoNormal\"><font face=\"Calibri\"><b><i>Darb\u0173 apskaita realiu laiku ir apmok\u0117jimo nuo rezultat\u0173 sistema<\/i><\/b><i><\/i><\/font><\/p><br \/>\n<p class=\"MsoNormal\"><font face=\"Calibri\"><i>Net ir sudarius&nbsp; darb\u0173 plan\u0105, sud\u0117tinga kontroliuoti jo vykdym\u0105 , kadangi&nbsp; d\u0117l dIdel\u0117s duomen\u0173 apimties apskaityti darbus ekonomi\u0161kai neapsimoka, o tai yra kli\u016btis&nbsp; \u012fdiegti apmok\u0117jimo nuo darb\u0173 sistem\u0105 ir padidinti darbuotoj\u0173 suinteresuotum\u0105.&nbsp;<\/i><b><\/b><\/font><\/p><br \/>\n<p class=\"MsoNormal\"><font face=\"Calibri\"><i>AIVA programin\u0117 \u012franga automati\u0161kai u\u017efiksuos visus reikalingus atlyginim\u0173 skai\u010diavimui duomenis ir apskai\u010diuos atlyginimus priklausomai nuo kiekvieno darbuotoj\u0173 atlikt\u0173 darb\u0173.<\/i><b><\/b><\/font><\/p><br \/>\n<h2><font color=\"#2f5496\"><b><span><span><font size=\"4\" face=\"Calibri Light\">1.2.<\/font><span>&nbsp;&nbsp;&nbsp;&nbsp;&nbsp;&nbsp;&nbsp; <\/span><\/span><\/span><\/b><b><font size=\"4\"><font face=\"Calibri Light\">AIVA gamybos valdymo sistemos privalumai <\/font><\/font><\/b><\/font><\/h2><br \/>\n<p class=\"MsoNormal\"><b><i><font face=\"Calibri\">&nbsp;<\/font><\/i><\/b><\/p><br \/>\n<p class=\"MsoNormal\"><font face=\"Calibri\"><b>Pirma, AIVA vienintel\u0117 i\u0161 \u017einom\u0173 gamybos valdymo sistem\u0173 turi funkcionalum\u0105 toki\u0173 nestandartini\u0173 gamini\u0173 kaip spaudos gaminiai, u\u017esakymo ir gamybos valdymo automatizavimui. <\/b>Sistemos pagalba pilnai automatizuosite spaudos&nbsp; gamini\u0173 u\u017esakym\u0173 registracijos,&nbsp; gamybos kainos paskai\u010diavimo, u\u017esakymo duomen\u0173 paruo\u0161imo gamybos valdymui, tiekimo valdymo, gamybos proceso planavimo, gamybos u\u017eduo\u010di\u0173 paskirstymo vykdytojams, u\u017eduo\u010di\u0173 atlikimo registracijos, med\u017eiag\u0173 ir pagamintos produkcijos apskaitos gamyboje funkcijas. Tod\u0117l klient\u0173 u\u017esakymus \u012fvykdysite \u017eymiai grei\u010diau ir su ma\u017eesn\u0117mis s\u0105naudomis.<b><i><\/i><\/b><\/font><\/p><br \/>\n<p class=\"MsoNormal\"><b><font face=\"Calibri\">&nbsp;<\/font><\/b><\/p><br \/>\n<p class=\"MsoNormal\"><font face=\"Calibri\"><b>Antra, automatizuosite ne tik apskait\u0105, bet kartu valdysite procesus<\/b>, o tai rei\u0161kia auk\u0161tesn\u012f automatizacijos lyg\u012f, ma\u017eiau&nbsp; rankinio darbo ir didesn\u0119&nbsp; ekonomij\u0105.<b><i><\/i><\/b><\/font><\/p><br \/>\n<p class=\"MsoNormal\"><font face=\"Calibri\"><b>Tre\u010dia, \u012fsidieg\u0119 savo \u012fmonei AIVA GAMYBA sistem\u0105 tur\u0117site vienoje sistemoje funkcionalum\u0105&nbsp; kuriam&nbsp; paprastai reikalingos kelios programos<\/b>&nbsp; CRM, ERP, E-komercijos, E-marketingo,&nbsp; MES (Manufacturing execution System), tod\u0117l gal\u0117site dirbti efektyviau panaudodami naujausius valdymo sprendimus.&nbsp;<b><i><\/i><\/b><\/font><\/p><br \/>\n<p class=\"MsoNormal\"><font face=\"Calibri\"><b>Ketvirta, sistemoje realizuotas \u201cdirbtinio intelekto\u201d algoritmas,<\/b> kai pati sistema suplanuoja ir perplanuoja gamybos proces\u0105 bei paskirsto u\u017eduotis vykdytojams pagal j\u0173 sugeb\u0117jimus. Tod\u0117l gamybos resursai,-\u012frengimai ir \u017emon\u0117s ma\u017eiau prastovi, grei\u010diau atliekami u\u017esakymai, o gamybos vadovams lieka daugiau laiko spr\u0119sti strategines gamybos valdymo problemas.<b><i><\/i><\/b><\/font><\/p><br \/>\n<p class=\"MsoNormal\"><font face=\"Calibri\"><b>Penkta, AIVA gamybos valdymo sistema lengvai pritaikoma \u012fmon\u0117s darbo specifikai<\/b> apra\u0161ant gaminius,j\u0173 gamybos technologij\u0105 bei nestandartini\u0173 gamini\u0173 skai\u010diavimus&nbsp; duomen\u0173 baz\u0117je, bei per programos funkcionalumo nustatymus.<b><i><\/i><\/b><\/font><\/p><br \/>\n<p class=\"MsoNormal\"><font face=\"Calibri\"><b>AIVA INDUSTRY 4.0 sistema realizuota prie\u0161akin\u0117mis technologijomis<\/b> panaudojant MySQL duomen\u0173 baz\u0119 ir Internet\u0105 , bei daikt\u0173 Interneto technologijas stakli\u0173 kontrolei ir pra\u0117jimo kontrolei. Did\u017eioji dalis programos realizuota Microsoft VB6 kalba, bei VB NET. Atskiri moduliai realizuoti PHP kalboje.&nbsp;<b><i><\/i><\/b><\/font><\/p><br \/>\n<p class=\"MsoNormal\"><font face=\"Calibri\">Realizuotos taip pat aplikacijos Android sistemoje kaupikliams skeneriams ir i\u0161maniesiems telefonams. Realizuotas tiesioginis el. lai\u0161k\u0173 ir SMS siuntimas i\u0161 programos ir el. lai\u0161k\u0173 pri\u0117mimas tiesiogiai \u012f programos duomen\u0173 baz\u0119.&nbsp;<b><i><\/i><\/b><\/font><\/p><br \/>\n<p class=\"MsoNormal\"><font face=\"Calibri\">Realizuota pa\u017eangi e-komercijos sistema tiesiogiai i\u0161 sistemos duomen\u0173 baz\u0117s su nestandartini\u0173 gamini\u0173 u\u017esakymo funkcijomis ir apmok\u0117jimo galimyb\u0117mis per \u012fvairias internetinio mok\u0117jimo sistemas.&nbsp;<b><i><\/i><\/b><\/font><\/p><br \/>\n<p class=\"MsoNormal\"><font face=\"Calibri\">Realizuota kain\u0173 apklausa Internetu, kai tiek\u0117jai, gav\u0119 kain\u0173 paklausimus, tiesiogiai per Internet\u0105 gali \u012fvesti savo kainas \u012f sistemos duomen\u0173 baz\u0119.<b><i><\/i><\/b><\/font><\/p><br \/>\n<p class=\"MsoNormal\"><font face=\"Calibri\">Gamybos planavimo dalyje realizuoti gamybos planavimui&nbsp; ir toliau vystomi dirbtinio Intelekto sprendimai.<b><i><\/i><\/b><\/font><\/p><br \/>\n<p class=\"MsoNormal\"><b><i><font face=\"Calibri\">&nbsp;<\/font><\/i><\/b><\/p><br \/>\n<h2><font color=\"#2f5496\"><b><span><span><font size=\"4\" face=\"Calibri Light\">1.3.<\/font><span>&nbsp;&nbsp;&nbsp;&nbsp;&nbsp;&nbsp;&nbsp; <\/span><\/span><\/span><\/b><b><font size=\"4\"><font face=\"Calibri Light\">Nauda, kuri\u0105 gausite \u012fdieg\u0119 AIVA gamybos valdymo sistem\u0105<\/font><\/font><\/b><\/font><\/h2><br \/>\n<p class=\"MsoNormal\"><font face=\"Calibri\">&nbsp;<\/font><\/p><br \/>\n<p class=\"MsoNormal\"><font face=\"Calibri\"><b>Pirmiausia, suma\u017einsite 50-70% darbo laiko s\u0105naudas&nbsp; valdymo u\u017eduo\u010di\u0173 atlikimui. <\/b>Kuo daugiau valdymo u\u017edavini\u0173 ir darbo viet\u0173 automatizuosite, tuo bus didesn\u0117 laiko ir atlyginim\u0173 ekonomija, tod\u0117l augant \u012fmonei reik\u0117s priimti&nbsp; ma\u017eiau&nbsp; darbuotoj\u0173&nbsp;<b><i><\/i><\/b><\/font><\/p><br \/>\n<p class=\"MsoNormal\"><font face=\"Calibri\"><b>Antra, 5-20%&nbsp; padidinsite esam\u0173 \u012fmon\u0117s resurs\u0173,- stakli\u0173 ir darbo j\u0117gos, panaudojimo efektyvum\u0105 ir taip suma\u017einsite gamybos savikain\u0105 ir padidinsite peln\u0105.<\/b> D\u0117l geresnio operatyvinio planavimo ir kontrol\u0117s, resursai ma\u017eiau prastov\u0117s, o d\u0117l pa\u017eangesn\u0117s skatinimo sistemos \u012fdiegimo, darbininkai bus labiau suinteresuoti darbu.&nbsp;&nbsp;<b><i><\/i><\/b><\/font><\/p><br \/>\n<p class=\"MsoNormal\"><font face=\"Calibri\"><b>Tre\u010dia, 3-5 % padidinsite pardavim\u0173 apimt\u012f. <\/b>Geriau valdysite kontaktus su potencialiais klientais ir daugiau gausite u\u017esakym\u0173, grei\u010diau ir kokybi\u0161kiau paruo\u0161ite pasi\u016blymus, geriau juos aptarnausite.<b><i><\/i><\/b><\/font><\/p><br \/>\n<p class=\"MsoNormal\"><font face=\"Calibri\"><b>Ketvirta, 2-3% suma\u017einsite i\u0161laidas med\u017eiag\u0173 pirkimui ir&nbsp; sand\u0117liavimui.<\/b> Sistema pad\u0117s greitai apklausti med\u017eiag\u0173&nbsp; tiek\u0117jus Internetu ir gauti geresnes kainas,&nbsp; operatyviai apskai\u010diuoti ir u\u017esakyti tr\u016bkstamas med\u017eiagas turint&nbsp; patikim\u0105 informacij\u0105 apie med\u017eiag\u0173 liku\u010dius sand\u0117liuose, i\u0161vengti situacij\u0173 kai pajamuojant nepastebima kad &nbsp; tiek\u0117jai pateik\u0117 didesnes nei sutartas kainas, i\u0161vengti med\u017eiag\u0173 per ilgo laikymo sand\u0117lyje arba u\u017esakym\u0173 v\u0117lavimo.<b><i><\/i><\/b><\/font><\/p><\/td><br \/>\n<td><\/td><\/tr><br \/>\n<tr><br \/>\n<td width=\"666\" colspan=\"2\"><\/td><\/tr><br \/>\n<tr><br \/>\n<td width=\"666\" colspan=\"2\"><br \/>\n<p class=\"MsoNormal\"><font face=\"Calibri\">&nbsp;<\/font><\/p><\/td><\/tr><\/tbody><\/table><\/p><br \/>\n<h2><font color=\"#2f5496\"><b><span><span><font size=\"4\" face=\"Calibri Light\">1.4.<\/font><span>&nbsp;&nbsp;&nbsp;&nbsp;&nbsp;&nbsp;&nbsp; <\/span><\/span><\/span><\/b><b><font size=\"4\"><font face=\"Calibri Light\">Sistemos funkcionavimo trumpas apra\u0161ymas<\/font><\/font><\/b><\/font><\/h2><br \/>\n<p class=\"MsoNormal\"><font face=\"Calibri\">&nbsp;<\/font><\/p><br \/>\n<p class=\"MsoNormal\"><b><font face=\"Calibri\">Spaudos gamini\u0173 kainos skai\u010diavimas.<\/font><\/b><\/p><br \/>\n<p class=\"MsoNormal\"><font face=\"Calibri\">Nestandartini\u0173 spaudos gamini\u0173<span>&nbsp; <\/span>kainos paskai\u010diavimas gan sud\u0117tingas ir u\u017eima daug laiko. Paprastai tam tikslui naudojama Excel programa, \u012f kuri\u0105 duomenys \u012fra\u0161omi ranka.<\/font><\/p><br \/>\n<p class=\"MsoNormal\"><font face=\"Calibri\"><span>&nbsp; <\/span><span>&nbsp;<\/span><b>AIVA programoje<\/b> realizuotas skai\u010diuokl\u0117s, kuri\u0173 pagalba pasirinkus gaminio u\u017esakymo \u0161ablonus ir suvedus u\u017esakomo gaminio charakteristikas programa paskai\u010diuoja gamybos savikaina ir kain\u0105. Skai\u010diuokles \u012fmon\u0117 gali prisitaikyti \u012fvertindama savo gamybos procesus.<\/font><\/p><br \/>\n<p class=\"MsoNormal\"><font face=\"Calibri\">Programa ne tik paskai\u010diuoja u\u017esakom\u0173 gamini\u0173 kainas bet ir suformuoja komercinius pasi\u016blymus, s\u0105skaitas i\u0161ankstiniam mok\u0117jimui, bei u\u017esakymus gamybai kurie toliau naudojami gamybos planavimui ir valdymui<\/font><\/p><br \/>\n<p class=\"MsoNormal\"><b><font face=\"Calibri\">Tiekimo valdymas.<\/font><\/b><\/p><br \/>\n<p class=\"MsoNormal\"><font face=\"Calibri\">Spaustuv\u0117se parastai popierius u\u017esakomas<span>&nbsp; <\/span>konkre\u010di\u0173 projekt\u0173 vykdymui, tod\u0117l reikalinga tik gavus kliento u\u017esakym\u0105 operatyviai apskai\u010diuoti tr\u016bkstamas med\u017eiagas<span>&nbsp; <\/span>ir jas u\u017esakyti tiek\u0117jams. Rankiniu b\u016bdu tai padaryti gan sud\u0117tinga ir u\u017eima daug laiko, galimos klaidos. <\/font><\/p><br \/>\n<p class=\"MsoNormal\"><font face=\"Calibri\"><b>AIVA <\/b>programoje i\u0161 kliento u\u017esakymo duomen\u0173 programa paskai\u010diuos koki\u0173 med\u017eiag\u0173 tr\u016bksta, suformuos ir i\u0161si\u0173s u\u017esakymus tiek\u0117jams, o gavus med\u017eiagas nebereik\u0117s j\u0173 duomen\u0173 rankiniu b\u016bdu \u012fvesti \u012f program\u0105-tik patvirtinti gavim\u0105. Taip sutaupysite daug laiko bei i\u0161vengsite rankinio \u012fvedimo<span>&nbsp; <\/span>klaid\u0173.<\/font><\/p><br \/>\n<p class=\"MsoNormal\"><b><font face=\"Calibri\">Gamybos planavimas.<\/font><\/b><\/p><br \/>\n<p class=\"MsoNormal\"><font face=\"Calibri\">Kadangi da\u017eniausiai u\u017esakymai<span>&nbsp; <\/span>individualus, daug smulki\u0173 u\u017esakym\u0173, atsiranda skubi\u0173 u\u017esakym\u0173, kurie kei\u010dia eil\u0119, tod\u0117l labai<span>&nbsp; <\/span>sunku gerai suplanuoti gamybos procesus. I\u0161 to<span>&nbsp; <\/span>seka kad \u012fmon\u0117s resursai,- darbininkai, spaudos ma\u0161inos bei kiti \u012frengimai i\u0161naudojami neoptimaliai.<\/font><\/p><br \/>\n<p class=\"MsoNormal\"><font face=\"Calibri\"><span>&nbsp;<\/span><b>AIVA programa <\/b>suplanuos kiekvieno u\u017esakymo gamybos proces\u0105, paskirstys u\u017eduotis darbininkams, parodys gamybos siaur\u0105sias vietas \u201cbutelio kakliukus\u201d, o pasikeitus situacijai operatyviai perplanuos gamyb\u0105.<\/font><\/p><br \/>\n<p class=\"MsoNormal\"><b><font face=\"Calibri\">Med\u017eiag\u0173 perdavimas \u012f gamyb\u0105 ir apskaita<\/font><\/b><\/p><br \/>\n<p class=\"MsoNormal\"><font face=\"Calibri\">Kadangi u\u017esakymai individualus, kiekvienam naudojamos skirtingos med\u017eiagos, kurios turi b\u016bti pateikiamos darbo centrams numatyt\u0173 laiku. Rankiniu b\u016bdu tai sunku padaryti, tod\u0117l laukiant med\u017eiag\u0173 \u012frengimai da\u017enai prastovi. Panaudot\u0173 med\u017eiag\u0173 apskaita reikalauja daug rankinio darbo.<\/font><\/p><br \/>\n<p class=\"MsoNormal\"><font face=\"Calibri\"><b>AIVA programa<\/b> parodo kada ir kokias reikia pateikti med\u017eiagas gamybos u\u017esakymams, o pagaminus pusgaminius ar<span>&nbsp; <\/span>gaminius automati\u0161kai jas nura\u0161o ir u\u017epajamuoja gaminius.<\/font><\/p><br \/>\n<p class=\"MsoNormal\"><b><font face=\"Calibri\">Gamybos operacij\u0173 valdymas.<\/font><\/b><\/p><br \/>\n<p class=\"MsoNormal\"><font face=\"Calibri\">Gamybos operacij\u0173 apskaita \u012fmon\u0117se da\u017eniausiai atliekama rankiniu b\u016bdu, tod\u0117l sunku operatyviai kontroliuoti u\u017eduo\u010di\u0173 atlikim\u0105, o, ataskait\u0173 sudarymas reikalauja daug rankinio darbo.<\/font><\/p><br \/>\n<p class=\"MsoNormal\"><font face=\"Calibri\"><b>AIVA programoje<\/b> u\u017eduotys pateikiamos arba atspausdintos i\u0161 programos su barkodais, kuriuos darbininkai patys skenuoja ir taip u\u017eregistruoja darb\u0173 vykdym\u0105. Yra ir kitas variantas- kai suplanuotos u\u017eduotys parodomos tiesiogiai darbininkams terminale gamyboje, o jie, paliesdami ekran\u0105, u\u017eregistruoja darb\u0173 prad\u017ei\u0105 ir pabaig\u0105. <\/font><\/p><br \/>\n<p class=\"MsoNormal\"><b><font face=\"Calibri\">Sud\u0117ting\u0173 spaudos gamini\u0173 gamybos valdymas<\/font><\/b><\/p><br \/>\n<p class=\"MsoNormal\"><font face=\"Calibri\">Sud\u0117ting\u0173 spaudos gamini\u0173-knyg\u0173, \u017eurnal\u0173 ir pan., kuri\u0173 gamybai reikalinga prad\u017eioje pasigaminti pusgaminius-atspausdinti vir\u0161elius, pri\u0161lapius, pagrindin\u012f tekst\u0105 ir pan., po to i\u0161 j\u0173 sukomponuoti galutin\u012f gamin\u012f gamybos planavimas ir paskaita u\u017eima daug laiko.<\/font><\/p><br \/>\n<p class=\"MsoNormal\"><font face=\"Calibri\"><b>AIVA programa<\/b> gali<span>&nbsp; <\/span>sudaryti gaminio<span>&nbsp; <\/span>ir pusgamini\u0173 gamybos planus, vykdo pusgamini\u0173 ir galutini\u0173 gamini\u0173 apskait\u0105.<\/font><\/p><br \/>\n<p class=\"MsoNormal\"><b><font face=\"Calibri\">Sand\u0117li\u0173 apskaita<\/font><\/b><\/p><br \/>\n<p class=\"MsoNormal\"><font face=\"Calibri\">Da\u017enai \u012fmon\u0117se nema\u017ea problema yra kad sand\u0117li\u0173 liku\u010diai gaunami labai pav\u0117luotai, o kartais i\u0161 viso gerai ne\u017einomi.<\/font><\/p><br \/>\n<p class=\"MsoNormal\"><font face=\"Calibri\"><b>AIVA programa<\/b> suformuoja med\u017eiag\u0173, ir pagamintos produkcijos sand\u0117lio liku\u010di\u0173 tikslias ataskaitas realiu laiku.<\/font><\/p><br \/>\n<p class=\"MsoNormal\"><b><font face=\"Calibri\">Buhalterin\u0117 finansin\u0117 apskaita<\/font><\/b><\/p><br \/>\n<p class=\"MsoNormal\"><font face=\"Calibri\">Daugumoje \u012fmoni\u0173 finansiniai duomenys gaunami labai pav\u0117luotai<\/font><\/p><br \/>\n<p class=\"MsoNormal\"><font face=\"Calibri\"><b>AIVA programa <\/b>pateikia visus finansinius duomenis realiu laiku arba gali perduoti duomenis \u012f \u012fmon\u0117s buhalterin\u0117s apskaitos program\u0105<\/font><\/p><\/p>","protected":false},"excerpt":{"rendered":"<p>AIVA SUMANI GAMYBOS VALDYMO SISTEMA &#8211; tai originali, atitinkanti INDUSTY 4.0. ir ISO 9001 standartus,&nbsp;&nbsp;gamybos&nbsp;\u012fmon\u0117s&nbsp;verslo proces\u0173&nbsp;valdymo sistema. M\u016bs\u0173 sistemos&nbsp;pagalba gal\u0117site automatizuoti vis\u0105 valdymo proces\u0105-nuo klient\u0173 paie\u0161kos ir gamybos u\u017esakym\u0173 iki j\u0173 pilno \u012fvykdymo ir apskaitos, bei e-komercijos, pra\u0117jimo kontrol\u0117s ir laiko apskaitos funkcijas.. &nbsp;Automatizuojamo proceso &nbsp;pagrindiniai etapai (posistem\u0117s)&nbsp;parodyti \u017eemiau paveiksl\u0117lyje. &nbsp; 1.1.&nbsp;&nbsp;&nbsp;&nbsp;&nbsp;&nbsp;&nbsp; Kokias problemas pad\u0117s [&hellip;]<\/p>","protected":false},"featured_media":29368,"template":"","meta":{"_mi_skip_tracking":false,"_monsterinsights_sitenote_active":false,"_monsterinsights_sitenote_note":"","_monsterinsights_sitenote_category":0},"product_cat":[1511,1512],"product_tag":[],"mwb_booking_cost":[],"mwb_booking_service":[],"bundled_by":[],"bundle_stock_status":"instock","bundle_stock_quantity":null,"bundle_virtual":false,"bundle_layout":"","bundle_add_to_cart_form_location":"","bundle_editable_in_cart":false,"bundle_sold_individually_context":"","bundle_item_grouping":"","bundle_min_size":"","bundle_max_size":"","bundled_items":[],"bundle_sell_ids":[],"acf":[],"aioseo_notices":[],"_links":{"self":[{"href":"https:\/\/gamyba.online\/en\/wp-json\/wp\/v2\/product\/29153"}],"collection":[{"href":"https:\/\/gamyba.online\/en\/wp-json\/wp\/v2\/product"}],"about":[{"href":"https:\/\/gamyba.online\/en\/wp-json\/wp\/v2\/types\/product"}],"wp:featuredmedia":[{"embeddable":true,"href":"https:\/\/gamyba.online\/en\/wp-json\/wp\/v2\/media\/29368"}],"wp:attachment":[{"href":"https:\/\/gamyba.online\/en\/wp-json\/wp\/v2\/media?parent=29153"}],"wp:term":[{"taxonomy":"product_cat","embeddable":true,"href":"https:\/\/gamyba.online\/en\/wp-json\/wp\/v2\/product_cat?post=29153"},{"taxonomy":"product_tag","embeddable":true,"href":"https:\/\/gamyba.online\/en\/wp-json\/wp\/v2\/product_tag?post=29153"},{"taxonomy":"mwb_booking_cost","embeddable":true,"href":"https:\/\/gamyba.online\/en\/wp-json\/wp\/v2\/mwb_booking_cost?post=29153"},{"taxonomy":"mwb_booking_service","embeddable":true,"href":"https:\/\/gamyba.online\/en\/wp-json\/wp\/v2\/mwb_booking_service?post=29153"}],"curies":[{"name":"wp","href":"https:\/\/api.w.org\/{rel}","templated":true}]}}