{"id":29154,"date":"2024-04-10T09:32:44","date_gmt":"2024-04-10T07:32:44","guid":{"rendered":"https:\/\/gamyba.online\/product\/spaustuves-gamybos-valdymo-sistema-aiva-md1-silver-ik-37-eur-men-uz-1-darbo-vieta\/"},"modified":"2024-11-04T22:26:32","modified_gmt":"2024-11-04T20:26:32","slug":"spaustuves-gamybos-valdymo-sistema-aiva-md1-silver-ik-37-eur-men-uz-1-darbo-vieta","status":"publish","type":"product","link":"https:\/\/gamyba.online\/en\/product\/spaustuves-gamybos-valdymo-sistema-aiva-md1-silver-ik-37-eur-men-uz-1-darbo-vieta\/","title":{"rendered":"Spaustuv\u0117s gamybos valdymo sistema &#8220;AIVA MD1 Silver&#8221; &#8211; ik 37 Eur\/m\u0117n u\u017e 1 darbo viet\u0105"},"content":{"rendered":"<p><p class=\"MsoNormal\"><font face=\"Calibri\">\u0160is sistemos variantas&nbsp;skirtas nestandartini\u0173 ir standartini\u0173&nbsp; gamini\u0173, kuri\u0173 gamyba vyksta nuosekliai vykdant operacijas,&nbsp;u\u017esakym\u0173 pri\u0117mimui ir kainos apskai\u010diavimui, gamybos plan\u0173 sudarymui , med\u017eiag\u0173 tiekimo valdymui ir apskaitai, med\u017eiag\u0173 ir pagamintos produkcijos apskaitai gamyboje ir pagamintos produkcijos pardavimo valdymui.<\/font><\/p><br \/>\n<p class=\"MsoNormal\"><font face=\"Calibri\">Sistemos funkcin\u0117-strukt\u016brin\u0117 schema, kurioje matote pagrindinius automatizuojamus valdymo procesus ir j\u0173 ry\u0161ius,&nbsp;parodyta pav. \u017eemiau.<\/font><\/p><br \/>\n<p class=\"MsoNormal\" align=\"center\"><font face=\"Calibri\"><img src=\"https:\/\/www.aiva.lt\/images\/image\/Nuoseklios_gamybos_valdymo_sistemos_variantas_Silver.png\"><\/font><\/p><br \/>\n<p class=\"MsoNormal\"><font face=\"Calibri\">Jos pagalba grei\u010diau paruo\u0161ite komercinius pasi\u016blymus ir pardavimo sutartis, automatizuosite Gamybos plan\u0173 sudarym\u0105. <\/font><\/p><br \/>\n<p class=\"MsoNormal\"><font face=\"Calibri\">Grei\u010diau ir pigiau u\u017esakysite med\u017eiagas. Taupysite laik\u0105 j\u0173 pajamavimui.<\/font><\/p><br \/>\n<p class=\"MsoNormal\"><font face=\"Calibri\">Taupysite laik\u0105 med\u017eiag\u0173 ir pagamintos produkcijos apskaitai gamyboje&nbsp;bei pagamintos produkcijos pardavimo valdymui.<\/font><\/p><br \/>\n<p class=\"MsoNormal\"><span><strong>Platesnius pagrindini\u0173 sistemos moduli\u0173 apra\u0161ymus rasite \u017eemiau, paspaud\u0119 ant dominan\u010dio modulio pavadinimo.<\/strong><\/span><\/p><\/p>","protected":false},"excerpt":{"rendered":"<p>\u0160is sistemos variantas&nbsp;skirtas nestandartini\u0173 ir standartini\u0173&nbsp; gamini\u0173, kuri\u0173 gamyba vyksta nuosekliai vykdant operacijas,&nbsp;u\u017esakym\u0173 pri\u0117mimui ir kainos apskai\u010diavimui, gamybos plan\u0173 sudarymui , med\u017eiag\u0173 tiekimo valdymui ir apskaitai, med\u017eiag\u0173 ir pagamintos produkcijos apskaitai gamyboje ir pagamintos produkcijos pardavimo valdymui. Sistemos funkcin\u0117-strukt\u016brin\u0117 schema, kurioje matote pagrindinius automatizuojamus valdymo procesus ir j\u0173 ry\u0161ius,&nbsp;parodyta pav. \u017eemiau. Jos pagalba grei\u010diau paruo\u0161ite [&hellip;]<\/p>","protected":false},"featured_media":29369,"template":"","meta":{"_mi_skip_tracking":false,"_monsterinsights_sitenote_active":false,"_monsterinsights_sitenote_note":"","_monsterinsights_sitenote_category":0},"product_cat":[1511,1512],"product_tag":[],"mwb_booking_cost":[],"mwb_booking_service":[],"bundled_by":[],"bundle_stock_status":"instock","bundle_stock_quantity":null,"bundle_virtual":false,"bundle_layout":"","bundle_add_to_cart_form_location":"","bundle_editable_in_cart":false,"bundle_sold_individually_context":"","bundle_item_grouping":"","bundle_min_size":"","bundle_max_size":"","bundled_items":[],"bundle_sell_ids":[],"acf":[],"aioseo_notices":[],"_links":{"self":[{"href":"https:\/\/gamyba.online\/en\/wp-json\/wp\/v2\/product\/29154"}],"collection":[{"href":"https:\/\/gamyba.online\/en\/wp-json\/wp\/v2\/product"}],"about":[{"href":"https:\/\/gamyba.online\/en\/wp-json\/wp\/v2\/types\/product"}],"wp:featuredmedia":[{"embeddable":true,"href":"https:\/\/gamyba.online\/en\/wp-json\/wp\/v2\/media\/29369"}],"wp:attachment":[{"href":"https:\/\/gamyba.online\/en\/wp-json\/wp\/v2\/media?parent=29154"}],"wp:term":[{"taxonomy":"product_cat","embeddable":true,"href":"https:\/\/gamyba.online\/en\/wp-json\/wp\/v2\/product_cat?post=29154"},{"taxonomy":"product_tag","embeddable":true,"href":"https:\/\/gamyba.online\/en\/wp-json\/wp\/v2\/product_tag?post=29154"},{"taxonomy":"mwb_booking_cost","embeddable":true,"href":"https:\/\/gamyba.online\/en\/wp-json\/wp\/v2\/mwb_booking_cost?post=29154"},{"taxonomy":"mwb_booking_service","embeddable":true,"href":"https:\/\/gamyba.online\/en\/wp-json\/wp\/v2\/mwb_booking_service?post=29154"}],"curies":[{"name":"wp","href":"https:\/\/api.w.org\/{rel}","templated":true}]}}