{"id":29159,"date":"2024-04-10T09:32:50","date_gmt":"2024-04-10T07:32:50","guid":{"rendered":"https:\/\/gamyba.online\/product\/sumani-metalo-detaliu-ir-konstrukciju-gamybos-uzsakymu-ir-operaciju-valdymo-sistema\/"},"modified":"2024-11-04T22:26:31","modified_gmt":"2024-11-04T20:26:31","slug":"sumani-metalo-detaliu-ir-konstrukciju-gamybos-uzsakymu-ir-operaciju-valdymo-sistema","status":"publish","type":"product","link":"https:\/\/gamyba.online\/en\/product\/sumani-metalo-detaliu-ir-konstrukciju-gamybos-uzsakymu-ir-operaciju-valdymo-sistema\/","title":{"rendered":"Sumani metalo detali\u0173 ir konstrukcij\u0173  gamybos u\u017esakym\u0173 ir operacij\u0173 valdymo sistema"},"content":{"rendered":"<p><p class=\"MsoNormal\"><span>\u0160io varianto automatizuojami valdymo procesai, j\u0173&nbsp;tarpusavio ry\u0161iai&nbsp;ir&nbsp;pagrindin\u0117s funkcijos parodyti \u017eemiau paveiksl\u0117lyje.<\/span><\/p><br \/>\n<p class=\"MsoNormal\" align=\"center\"><span><img src=\"https:\/\/www.aiva.lt\/images\/image\/2_gamybos_lygiu_valdymo_sistema_operaciju_valdymui21254b.png\" width=\"703\" height=\"449\"><\/span><\/p><br \/>\n<p class=\"MsoNormal\"><b><span>Optimizuosite darb\u0105 su klientais<\/span><\/b><\/p><br \/>\n<p class=\"MsoNormal\"><span>Metalo gamybos \u012fmon\u0117s da\u017enai gamina nestandartin\u0119 produkcij\u0105- detales ir metalines konstrukcijas pagal individualius vienetinius u\u017esakymus arba ma\u017eomis partijomis, tod\u0117l jos susiduria su u\u017esakom\u0173 gamini\u0173 kainos paskai\u010diavimo problema. <\/span><\/p><br \/>\n<p class=\"MsoNormal\"><span>Kad apskai\u010diuoti nestandartinio gaminio kaina Jums tereik\u0117s pasirinkti i\u0161 anksto paruo\u0161tus gamini\u0173 u\u017esakymo \u0161ablonus, \u012fvesti kliento pageidaujamus kintamus duomenis (ilg\u012f, plot\u012f, med\u017eiagas ir t.t.), o programa ne tiks apskai\u010diuos gamybos savikain\u0105 ir kain\u0105, bet ir <span>&nbsp;<\/span>suformuos komercinius pasi\u016blymus bei \u012fra\u0161ys u\u017esakymus tiesiogiai \u012f gamybos plan\u0105.<\/span><\/p><br \/>\n<p class=\"MsoNormal\"><span>U\u017esakymo duomenys toliau bus naudojami gamybos planavimui ir valdymui.<\/span><\/p><br \/>\n<p class=\"MsoNormal\"><b><span>Optimizuosite gamybos plan\u0173 sudarym\u0105 ir apskait\u0105<\/span><\/b><\/p><br \/>\n<p class=\"MsoNormal\"><span>Sud\u0117ting\u0173 gamini\u0173-metalo konstrukcij\u0173 ir ma\u0161in\u0173 gamyboje, daug darbo yra suplanuoti gaminio detali\u0173 ir pusgamini\u0173 gamyb\u0105, bei vesti j\u0173 gamybos apskait\u0105.<\/span><\/p><br \/>\n<p class=\"MsoNormal\"><span>AIVA programa i\u0161 u\u017esakym\u0173 gamybai plano automati\u0161kai sudarys gaminio detali\u0173 ir neriboto lygio pusgamini\u0173 gamybos planus. <\/span><\/p><br \/>\n<p class=\"MsoNormal\"><span>Tam kad u\u017epajamuoti pagaminus pusgaminius tereik\u0117s pasirinkti juos i\u0161 gamybos plano ir patvirtinti atlikim\u0105<\/span><\/p><br \/>\n<p class=\"MsoNormal\"><span>Tam kad u\u017epajamuoti pagamintus gaminius Jums tereiks pasirinkus kliento u\u017esakym\u0105 tik patvirtinti kad jis pagamintas, o programa u\u017epajamuos <span>&nbsp;<\/span>gaminius \u012f sand\u0117l\u012f, bei nura\u0161ys pusgaminius.<\/span><\/p><br \/>\n<p class=\"MsoNormal\"><span>Pagal klient\u0173 u\u017esakymus pati programa surinks pagamintus jiems gaminius i\u0161 sand\u0117lio ir suformuos j\u0173 i\u0161ve\u017eimo s\u0105skaitas-fakt\u016bras ir CMR, nura\u0161ys juos i\u0161 sand\u0117lio.<\/span><\/p><br \/>\n<p class=\"MsoNormal\"><span>Pasirinkus kliento u\u017esakym\u0105, programa suformuos u\u017esakym\u0105 ve\u017e\u0117jui, jei Jums reikia klientui pristatyti produkcij\u0105.<\/span><\/p><br \/>\n<p class=\"MsoNormal\"><b><span>Optimizuosite gamybos planavim\u0105<\/span><\/b><\/p><br \/>\n<p class=\"MsoNormal\"><span>Kadangi da\u017eniausiai u\u017esakymai individualus, daug smulki\u0173 u\u017esakym\u0173, atsiranda skubi\u0173 u\u017esakym\u0173, kurie kei\u010dia eil\u0119, tod\u0117l labai sunku gerai suplanuoti gamybos procesus. I\u0161 to seka kad \u012fmon\u0117s resursai,- darbininkai ir stakl\u0117s i\u0161naudojami neoptimaliai.<\/span><\/p><br \/>\n<p class=\"MsoNormal\"><span>AIVA programa suplanuos kiekvieno u\u017esakymo gamybos proces\u0105, paskirstys u\u017eduotis darbininkams, parodys gamybos siaur\u0105sias vietas ?butelio kakliukus?, o pasikeitus situacijai operatyviai perplanuos gamyb\u0105.<\/span><\/p><br \/>\n<p class=\"MsoNormal\"><b><span>Optimizuosite gamybos valdym\u0105<\/span><\/b><\/p><br \/>\n<p class=\"MsoNormal\"><span>Gamybos operacij\u0173 apskaita \u012fmon\u0117se da\u017eniausiai atliekama rankiniu b\u016bdu, tod\u0117l sunku operatyviai kontroliuoti u\u017eduo\u010di\u0173 atlikim\u0105, o ataskait\u0173 sudarymas reikalauja daug rankinio darbo.<\/span><\/p><br \/>\n<p class=\"MsoNormal\"><span>Nebereik\u0117s meistrams ir cech\u0173 vadovams patiems paskirstyti u\u017eduotis darbininkams,-tai padarys program\u0105. Darbuotojui prisiregistravus terminale, programa parodys jam priskirto darbo centrui suplanuotas u\u017eduotis, o jam tereik\u0117s tik patvirtinti vykdymo prad\u017ei\u0105 ir pabaig\u0105.<\/span><\/p><br \/>\n<p class=\"MsoNormal\"><span>Gal\u0117site lengvai \u012fdiegti apmok\u0117jimo nuo atlikt\u0173 operacij\u0173 sistem\u0105, nes darbuotojui patvirtinus savos operacijoms atlikim\u0105 programa paskai\u010diuos jam atlyginim\u0105.<\/span><\/p><br \/>\n<p class=\"MsoNormal\"><span>&nbsp;<\/span><b><span>Kod\u0117l AIVA?<\/span><\/b><\/p><br \/>\n<p class=\"MsoNormal\"><span>Turime didel\u0119 patirt\u012f automatizuojant <strong>nestandartini\u0173<\/strong> metalini\u0173 detali\u0173, metalini\u0173 konteineri\u0173, metalini\u0173 stal\u0173 ir metalini\u0173 statybini\u0173 konstrukcij\u0173 gamybos valdym\u0105 tod\u0117l galime Jums pasi\u016blyti geriausius rinkoje sprendimus, kuri\u0173 pagalba optimizuosite valdymo procesus:<\/span><\/p><br \/>\n<p class=\"MsoNormal\"><strong><font face=\"Calibri\">&nbsp;<\/font>\u017demiau rasite sistemos moduli\u0173 apra\u0161ymus<\/strong><\/p><\/p>","protected":false},"excerpt":{"rendered":"<p>Automatizuosite klient\u0173 ir j\u0173  u\u017esakym\u0173  registracijos, nestandartini\u0173 gamini\u0173 kainos apskai\u010diavimo, pasi\u016blym\u0173 ruo\u0161imo, gamybos plan\u0173 sudarymo, operacij\u0173 planavimo, registracijos bei  pagamintos produkcijos apskaitos procesus<\/p>","protected":false},"featured_media":29382,"template":"","meta":{"_mi_skip_tracking":false,"_monsterinsights_sitenote_active":false,"_monsterinsights_sitenote_note":"","_monsterinsights_sitenote_category":0},"product_cat":[1514,1511],"product_tag":[],"mwb_booking_cost":[],"mwb_booking_service":[],"bundled_by":[],"bundle_stock_status":"instock","bundle_stock_quantity":null,"bundle_virtual":false,"bundle_layout":"","bundle_add_to_cart_form_location":"","bundle_editable_in_cart":false,"bundle_sold_individually_context":"","bundle_item_grouping":"","bundle_min_size":"","bundle_max_size":"","bundled_items":[],"bundle_sell_ids":[],"acf":[],"aioseo_notices":[],"_links":{"self":[{"href":"https:\/\/gamyba.online\/en\/wp-json\/wp\/v2\/product\/29159"}],"collection":[{"href":"https:\/\/gamyba.online\/en\/wp-json\/wp\/v2\/product"}],"about":[{"href":"https:\/\/gamyba.online\/en\/wp-json\/wp\/v2\/types\/product"}],"wp:featuredmedia":[{"embeddable":true,"href":"https:\/\/gamyba.online\/en\/wp-json\/wp\/v2\/media\/29382"}],"wp:attachment":[{"href":"https:\/\/gamyba.online\/en\/wp-json\/wp\/v2\/media?parent=29159"}],"wp:term":[{"taxonomy":"product_cat","embeddable":true,"href":"https:\/\/gamyba.online\/en\/wp-json\/wp\/v2\/product_cat?post=29159"},{"taxonomy":"product_tag","embeddable":true,"href":"https:\/\/gamyba.online\/en\/wp-json\/wp\/v2\/product_tag?post=29159"},{"taxonomy":"mwb_booking_cost","embeddable":true,"href":"https:\/\/gamyba.online\/en\/wp-json\/wp\/v2\/mwb_booking_cost?post=29159"},{"taxonomy":"mwb_booking_service","embeddable":true,"href":"https:\/\/gamyba.online\/en\/wp-json\/wp\/v2\/mwb_booking_service?post=29159"}],"curies":[{"name":"wp","href":"https:\/\/api.w.org\/{rel}","templated":true}]}}