{"id":29160,"date":"2024-04-10T09:32:51","date_gmt":"2024-04-10T07:32:51","guid":{"rendered":"https:\/\/gamyba.online\/product\/metalo-detaliu-ir-konstrukciju-gamybos-uzsakymu-valdymo-sistema\/"},"modified":"2024-11-04T22:26:30","modified_gmt":"2024-11-04T20:26:30","slug":"metalo-detaliu-ir-konstrukciju-gamybos-uzsakymu-valdymo-sistema","status":"publish","type":"product","link":"https:\/\/gamyba.online\/en\/product\/metalo-detaliu-ir-konstrukciju-gamybos-uzsakymu-valdymo-sistema\/","title":{"rendered":"Metalo detali\u0173 ir konstrukcij\u0173 gamybos u\u017esakym\u0173 valdymo sistema"},"content":{"rendered":"<p><font face=\"Calibri\"><span><span><span><br \/>\n<p class=\"MsoNormal\"><span>\u0160io varianto automatizuojami valdymo procesai, j\u0173&nbsp;tarpusavio ry\u0161iai&nbsp;ir&nbsp;pagrindin\u0117s funkcijos parodyti \u017eemiau paveiksl\u0117lyje.<\/span><\/p><\/span><br \/>\n<p class=\"MsoNormal\" align=\"center\"><span><img src=\"https:\/\/www.aiva.lt\/images\/image\/Uzsakymu_valdymo_sistema.png\" width=\"1390\" height=\"667\"><\/span><\/p><\/span><br \/>\n<p class=\"MsoNormal\"><b><span>Optimizuosite darb\u0105 su klientais<\/span><\/b><\/p><br \/>\n<p class=\"MsoNormal\"><span>Metalo gamybos \u012fmon\u0117s da\u017enai gamina nestandartin\u0119 produkcij\u0105- detales ir metalines konstrukcijas pagal individualius vienetinius u\u017esakymus arba ma\u017eomis partijomis, tod\u0117l jos susiduria su u\u017esakom\u0173 gamini\u0173 kainos paskai\u010diavimo problema. <\/span><\/p><br \/>\n<p class=\"MsoNormal\"><span>Kad apskai\u010diuoti nestandartinio gaminio kaina Jums tereik\u0117s pasirinkti i\u0161 anksto paruo\u0161tus gamini\u0173 u\u017esakymo \u0161ablonus, \u012fvesti kliento pageidaujamus kintamus duomenis (ilg\u012f, plot\u012f, med\u017eiagas ir t.t.), o programa ne tiks apskai\u010diuos gamybos savikain\u0105 ir kain\u0105, bet ir <span>&nbsp;<\/span>suformuos komercinius pasi\u016blymus bei \u012fra\u0161ys u\u017esakymus tiesiogiai \u012f gamybos plan\u0105.<\/span><\/p><br \/>\n<p class=\"MsoNormal\"><span>U\u017esakymo duomenys toliau bus naudojami gamybos planavimui ir valdymui.<\/span><\/p><br \/>\n<p class=\"MsoNormal\"><b><span>Optimizuosite gamybos plan\u0173 sudarym\u0105 ir apskait\u0105<\/span><\/b><\/p><br \/>\n<p class=\"MsoNormal\"><span>Sud\u0117ting\u0173 gamini\u0173-metalo konstrukcij\u0173 ir ma\u0161in\u0173 gamyboje, daug darbo yra suplanuoti gaminio detali\u0173 ir pusgamini\u0173 gamyb\u0105, bei vesti j\u0173 gamybos apskait\u0105.<\/span><\/p><br \/>\n<p class=\"MsoNormal\"><span>AIVA programa i\u0161 u\u017esakym\u0173 gamybai plano automati\u0161kai sudarys gaminio detali\u0173 ir neriboto lygio pusgamini\u0173 gamybos planus. <\/span><\/p><br \/>\n<p class=\"MsoNormal\"><span>Tam kad u\u017epajamuoti pagaminus pusgaminius tereik\u0117s pasirinkti juos i\u0161 gamybos plano ir patvirtinti atlikim\u0105<\/span><\/p><br \/>\n<p class=\"MsoNormal\"><span>Tam kad u\u017epajamuoti pagamintus gaminius Jums tereiks pasirinkus kliento u\u017esakym\u0105 tik patvirtinti kad jis pagamintas, o programa u\u017epajamuos <span>&nbsp;<\/span>gaminius \u012f sand\u0117l\u012f, bei nura\u0161ys pusgaminius.<\/span><\/p><br \/>\n<p class=\"MsoNormal\"><span>Pagal klient\u0173 u\u017esakymus pati programa surinks pagamintus jiems gaminius i\u0161 sand\u0117lio ir suformuos j\u0173 i\u0161ve\u017eimo s\u0105skaitas-fakt\u016bras ir CMR, nura\u0161ys juos i\u0161 sand\u0117lio.<\/span><\/p><br \/>\n<p class=\"MsoNormal\"><span>Pasirinkus kliento u\u017esakym\u0105, programa suformuos u\u017esakym\u0105 ve\u017e\u0117jui, jei Jums reikia klientui pristatyti produkcij\u0105.<\/span><\/p><br \/>\n<p class=\"MsoNormal\"><b><span>Kod\u0117l AIVA?<\/span><\/b><\/p><br \/>\n<p class=\"MsoNormal\"><span>Turime didel\u0119 patirt\u012f automatizuojant nestandartini\u0173 metalini\u0173 detali\u0173, metalini\u0173 konteineri\u0173, metalini\u0173 stal\u0173 ir metalini\u0173 statybini\u0173 konstrukcij\u0173 gamybos valdym\u0105 tod\u0117l galime Jums pasi\u016blyti geriausius rinkoje sprendimus, kuri\u0173 pagalba optimizuosite valdymo procesus:<\/span><\/p><br \/>\n<p class=\"MsoNormal\"><\/span><\/font><span><\/span>&nbsp;<\/p><br \/>\n<p class=\"MsoNormal\"><span><strong>Platesnius pagrindini\u0173 sistemos moduli\u0173 apra\u0161ymus rasite \u017eemiau, paspaud\u0119 ant dominan\u010dio modulio pavadinimo.<\/strong><\/span><\/p><\/p>","protected":false},"excerpt":{"rendered":"<p>Automatizuosite klient\u0173 ir j\u0173  u\u017esakym\u0173  registracijos, nestandartini\u0173 gamini\u0173 kainos apskai\u010diavimo, pasi\u016blym\u0173 ruo\u0161imo, gamybos plan\u0173 sudarymo ir pagamintos produkcijos apskaitos procesus <\/p>","protected":false},"featured_media":29385,"template":"","meta":{"_mi_skip_tracking":false,"_monsterinsights_sitenote_active":false,"_monsterinsights_sitenote_note":"","_monsterinsights_sitenote_category":0},"product_cat":[1514,1511],"product_tag":[],"mwb_booking_cost":[],"mwb_booking_service":[],"bundled_by":[],"bundle_stock_status":"instock","bundle_stock_quantity":null,"bundle_virtual":false,"bundle_layout":"","bundle_add_to_cart_form_location":"","bundle_editable_in_cart":false,"bundle_sold_individually_context":"","bundle_item_grouping":"","bundle_min_size":"","bundle_max_size":"","bundled_items":[],"bundle_sell_ids":[],"acf":[],"aioseo_notices":[],"_links":{"self":[{"href":"https:\/\/gamyba.online\/en\/wp-json\/wp\/v2\/product\/29160"}],"collection":[{"href":"https:\/\/gamyba.online\/en\/wp-json\/wp\/v2\/product"}],"about":[{"href":"https:\/\/gamyba.online\/en\/wp-json\/wp\/v2\/types\/product"}],"wp:featuredmedia":[{"embeddable":true,"href":"https:\/\/gamyba.online\/en\/wp-json\/wp\/v2\/media\/29385"}],"wp:attachment":[{"href":"https:\/\/gamyba.online\/en\/wp-json\/wp\/v2\/media?parent=29160"}],"wp:term":[{"taxonomy":"product_cat","embeddable":true,"href":"https:\/\/gamyba.online\/en\/wp-json\/wp\/v2\/product_cat?post=29160"},{"taxonomy":"product_tag","embeddable":true,"href":"https:\/\/gamyba.online\/en\/wp-json\/wp\/v2\/product_tag?post=29160"},{"taxonomy":"mwb_booking_cost","embeddable":true,"href":"https:\/\/gamyba.online\/en\/wp-json\/wp\/v2\/mwb_booking_cost?post=29160"},{"taxonomy":"mwb_booking_service","embeddable":true,"href":"https:\/\/gamyba.online\/en\/wp-json\/wp\/v2\/mwb_booking_service?post=29160"}],"curies":[{"name":"wp","href":"https:\/\/api.w.org\/{rel}","templated":true}]}}