{"id":29167,"date":"2024-04-10T09:33:08","date_gmt":"2024-04-10T07:33:08","guid":{"rendered":"https:\/\/gamyba.online\/product\/aiva-sumani-elektronikos-prietaisu-uzsakymu-gamybos-valdymo-sistema-su-operaciju-valdymu-per-lieciama-ekrana\/"},"modified":"2024-11-04T22:26:29","modified_gmt":"2024-11-04T20:26:29","slug":"aiva-sumani-elektronikos-prietaisu-uzsakymu-gamybos-valdymo-sistema-su-operaciju-valdymu-per-lieciama-ekrana","status":"publish","type":"product","link":"https:\/\/gamyba.online\/en\/product\/aiva-sumani-elektronikos-prietaisu-uzsakymu-gamybos-valdymo-sistema-su-operaciju-valdymu-per-lieciama-ekrana\/","title":{"rendered":"AIVA sumani elektronikos prietais\u0173 u\u017esakym\u0173 gamybos valdymo sistema  su operacij\u0173  valdymu per lie\u010diam\u0105 ekran\u0105"},"content":{"rendered":"<p><p class=\"MsoNormal\"><font face=\"Calibri\"><b><span>\u0160io varianto sistemos pagalba automatizuosite ne tik pagrindin\u012f u\u017esakymo valdymo porces\u0105<\/span><\/b><span>,- klient\u0173 duomen\u0173 baz\u0117s sudarymo, komercini\u0173 pasi\u016blym\u0173, s\u0105skait\u0173 ir sutar\u010di\u0173 ruo\u0161imo, gamybos plano sudarymo, pagamintos produkcijos apskaitos, s\u0105skait\u0173 fakt\u016br\u0173 i\u0161ra\u0161imo ir produkcijos sand\u0117lio apskaitos, bet gamybos proceso planavimo u\u017eduo\u010di\u0173 paskirstymo vykdytojams bei \u012fvykdymo kontrol\u0117s.<\/span><\/font><\/p><br \/>\n<p class=\"MsoNormal\" align=\"center\"><span><img src=\"https:\/\/www.aiva.lt\/images\/image\/Gamybos_procesas_su_operaciju_planavimu.png\" width=\"1194\" height=\"632\"><\/p><br \/>\n<p class=\"MsoNormal\">&nbsp;<\/SPAN><\/P><br \/>\n<p class=\"MsoNormal\"><span><font face=\"Calibri\">Automatizav\u0119 \u0161\u012f proces\u0105:<\/font><\/span><\/p><br \/>\n<p class=\"MsoNormal\"><span><font face=\"Calibri\">?&nbsp;&nbsp;&nbsp;&nbsp;&nbsp;&nbsp; Daug ma\u017eiau laiko sugai\u0161ite pasi\u016blym\u0173, s\u0105skait\u0173 ir sutar\u010di\u0173 ruo\u0161imui bei u\u017esakym\u0173 apskaitai<\/font><\/span><\/p><br \/>\n<p class=\"MsoNormal\"><span><font face=\"Calibri\">?&nbsp;&nbsp;&nbsp;&nbsp;&nbsp;&nbsp; Kontroliuosite u\u017esakymo vykdym\u0105 realiu laiku, matysite ar u\u017esakymai nev\u0117luoja, kas \u012fvykdyta, o kas ne<\/font><\/span><\/p><br \/>\n<p class=\"MsoNormal\"><span><font face=\"Calibri\">?&nbsp;&nbsp;&nbsp;&nbsp;&nbsp;&nbsp; Gal\u0117site \u012fdiegti vadybininkams apmok\u0117jimo nuo asmenini\u0173 pardavim\u0173 sistema ir taip labiau suinteresuoti juos darbu<\/font><\/span><\/p><br \/>\n<p class=\"MsoNormal\"><span><font face=\"Calibri\">?&nbsp;&nbsp;&nbsp;&nbsp;&nbsp;&nbsp; Sukaupsite duomen\u0173 baz\u0119 apie klientus ir pardavimus, gal\u0117site analizuoti kokie gaminiai geriausia perkami, kurie klientai daugiausiai perka.<\/font><\/span><\/p><br \/>\n<p class=\"MsoNormal\"><span><font face=\"Calibri\">?&nbsp;&nbsp;&nbsp;&nbsp;&nbsp;&nbsp; Gal\u0117site tiksliau pasakyti klientas kada pagaminsite j\u0173 u\u017esakymus ir matysite ar nev\u0117luojate juos \u012fvykdyti<\/font><\/span><\/p><br \/>\n<p class=\"MsoNormal\"><span><font face=\"Calibri\">?&nbsp;&nbsp;&nbsp;&nbsp;&nbsp;&nbsp; Matysite kur susidaro gamybos siauros vietos ?butelio kakliukai? ir gal\u0117site laiku imtis priemoni\u0173 juos pa\u0161alinti<\/font><\/span><\/p><br \/>\n<p class=\"MsoNormal\"><span><font face=\"Calibri\">?&nbsp;&nbsp;&nbsp;&nbsp;&nbsp;&nbsp; Programa pad\u0117s jums paskirstyti gamybos u\u017eduotis vykdytojams, tod\u0117l darbuotojai ir \u012frengimai ma\u017eiau prastov\u0117s <\/font><\/span><\/p><br \/>\n<p class=\"MsoNormal\"><span><font face=\"Calibri\">?&nbsp;&nbsp;&nbsp;&nbsp;&nbsp;&nbsp; Programa u\u017eregistruos kas, kada, kokias gamybos operacijas atliko tod\u0117l gal\u0117site \u012fdiegti apmok\u0117jimo nuo atlikt\u0173 darb\u0173 sistema ir padidint darbo efektyvum\u0105<\/font><\/span><\/p><br \/>\n<h1><span><font size=\"5\"><font color=\"#2f5496\"><font face=\"Calibri Light\">Darbo su sistema apra\u0161ymas<\/font><\/font><\/font><\/span><\/h1><br \/>\n<p class=\"MsoNormal\"><b><span><font face=\"Calibri\">Klient\u0173 ir j\u0173 paklausim\u0173 registracija<\/font><\/span><\/b><\/p><br \/>\n<p class=\"MsoNormal\"><span><font face=\"Calibri\">Gal\u0117site u\u017eregistruoti klientus ir j\u0173 paklausimus J\u016bs\u0173 produkcijai. Kliento kortel\u0117je matysite ankstesnius klient\u0173 paklausimus, jiems si\u016blytus gaminius ir gamini\u0173 u\u017esakymus.<\/font><\/span><\/p><br \/>\n<p class=\"MsoNormal\"><b><span>&nbsp;<\/span><\/b><\/p><br \/>\n<p class=\"MsoNormal\"><font face=\"Calibri\"><b><span>Nestandartini\u0173 gamini\u0173 u\u017esakymo kainos apskai\u010diavimas<\/span><\/b><span><\/span><\/font><\/p><br \/>\n<p class=\"MsoNormal\"><span><font face=\"Calibri\">U\u017esakymo metu vadybininkai pasirenka gaminio model\u012f, \u012fveda kliento pageidaujamas gaminio charakteristikas, pasirenka reikalingas med\u017eiagas ir operacijas. Programa paskai\u010diuoja reikaling\u0173 u\u017esakymui atlikti med\u017eiag\u0173 kiekius ir kainas, operacij\u0173 trukmes ir darb\u0173 kainas, bei gamybos savikain\u0105 ir kain\u0105. Programa suformuoja u\u017esakymo s\u0105mat\u0105. <\/font><\/span><\/p><br \/>\n<p class=\"MsoNormal\"><span><font face=\"Calibri\">Standartini\u0173 gamini\u0173 u\u017esakymui tereikia tik pasirinkti gaminius ir \u012fra\u0161yti kiekius.<\/font><\/span><\/p><br \/>\n<p class=\"MsoNormal\"><span><font face=\"Calibri\">&nbsp;<\/font><\/span><\/p><br \/>\n<p class=\"MsoNormal\"><font face=\"Calibri\"><b><span>Pasi\u016blymo, s\u0105skaitos ir u\u017esakymo gamybai paruo\u0161imas<\/span><\/b><span><\/span><\/font><\/p><br \/>\n<p class=\"MsoNormal\"><span><font face=\"Calibri\">I\u0161 apskai\u010diuotos s\u0105matos programa suformuoja komercin\u012f pasi\u016blym\u0105 klientui, s\u0105skait\u0105 i\u0161ankstiniam mok\u0117jimui, pardavimo sutart\u012f. Klientui patvirtinus u\u017esakym\u0105, programa j\u012f \u012fra\u0161o \u012f gamybos u\u017esakym\u0173 plan\u0105.<\/font><\/span><\/p><br \/>\n<p class=\"MsoNormal\"><span><font face=\"Calibri\">&nbsp;<\/font><\/span><\/p><br \/>\n<p class=\"MsoNormal\"><font face=\"Calibri\"><b><span>Gamybos planas<\/span><\/b><span><\/span><\/font><\/p><br \/>\n<p class=\"MsoNormal\"><font face=\"Calibri\"><span>I\u0161 klient\u0173 u\u017esakym\u0173 ir vidini\u0173 u\u017esakym\u0173 sand\u0117li\u0173 papildymui programa suformuoja gamybos plan\u0105.<\/span><span><\/span><\/font><\/p><br \/>\n<p class=\"MsoNormal\"><span>&nbsp;<\/span><\/p><br \/>\n<p class=\"MsoNormal\"><font face=\"Calibri\"><span>I\u0161 gamybos plano galima atlikti \u012fvairius gamybos valdymo veiksmus:<\/span><span><\/span><\/font><\/p><br \/>\n<ul type=\"disc\"><br \/>\n<li class=\"MsoNormal\"><span><font face=\"Calibri\">Paskai\u010diuoti tr\u016bkstamas med\u017eiagas ir jas u\u017esisakyti&nbsp;<\/font><\/span><br \/>\n<li class=\"MsoNormal\"><span><font face=\"Calibri\">Sudaryti pusgamini\u0173 gamybos planus<\/font><\/span><br \/>\n<li class=\"MsoNormal\"><span><font face=\"Calibri\">Surinkti ir perduoti med\u017eiagas gamybai<\/font><\/span><br \/>\n<li class=\"MsoNormal\"><span><font face=\"Calibri\">atspausdinti paskyras gamybini\u0173 operacij\u0173 vykdymui ir u\u017eregistruoti ranka arba skenuojant&nbsp; j\u0173 \u012fvykdym\u0105.<\/font><\/span><\/li><\/ul><br \/>\n<p class=\"MsoNormal\"><font face=\"Calibri\"><span>Gamybos planas kartu&nbsp; yra ir ataskaita, kurioje pamatysite <span>&nbsp;<\/span>kiek u\u017esakyt\u0173 gamini\u0173 pagaminta, kokia faktin\u0117 gamybos savikaina.<\/span><span><\/span><\/font><\/p><br \/>\n<p class=\"MsoNormal\"><font face=\"Calibri\"><b><span>Gamybos proceso kalendorinis planavimas<\/span><\/b><span><\/span><\/font><\/p><br \/>\n<p class=\"MsoNormal\"><font face=\"Calibri\"><span>Atidarant planavimo form\u0105 programa automati\u0161kai suplanuoja vis\u0173 u\u017esakym\u0173 gamybos proceso kalendorin\u012f plan\u0105- grafik\u0105. Planavimo rezultatai atvaizduojami kalendoriniuose Ganto grafikuose:<\/span><span><\/span><\/font><\/p><br \/>\n<ul type=\"disc\"><br \/>\n<li class=\"MsoNormal\"><span><font face=\"Calibri\">U\u017esakym\u0173 Ganto grafikas, kuriame galima pa\u017ei\u016br\u0117ti kada prasid\u0117s ir pasibaigs kiekvieno u\u017esakymo vykdymas, kiekvieno u\u017esakymo gaminio, kiekvieno pusgaminio ir kiekvienos gamybos operacijos gamyba. <\/font><\/span><br \/>\n<li class=\"MsoNormal\"><span><font face=\"Calibri\">Kiekvieno darbo centro Ganto grafikus, kuriame parodo kada kokius gaminius ir pusgaminius gaminti tuo darbo centru.<\/font><\/span><br \/>\n<li class=\"MsoNormal\"><span><font face=\"Calibri\">Vis\u0173 darbo centr\u0173 planuojamo u\u017eimtumo procentais kalendorinis Ganto grafikas.<\/font><\/span><\/li><\/ul><br \/>\n<p class=\"MsoNormal\"><font face=\"Calibri\"><span>Programa taip pat suformuos ir ataskait\u0105 kalendorinio Ganto grafiko forma, kuriame palyginamas koks buvo&nbsp; suplanuotas operacij\u0173 grafikas su faktinio j\u0173 atlikimo grafiku.<\/span><span><\/span><\/font><\/p><br \/>\n<p class=\"MsoNormal\"><span><font face=\"Calibri\">&nbsp;<\/font><\/span><\/p><br \/>\n<p class=\"MsoNormal\"><font face=\"Calibri\"><b><span>Gamybos u\u017eduo\u010di\u0173 pateikimas cecho terminale ir registracija<\/span><\/b><span><\/span><\/font><\/p><br \/>\n<p class=\"MsoNormal\"><span><font face=\"Calibri\">Prisiregistravus prie terminalo, darbuotojui parodomos kokias u\u017eduotis sistema suplanavo tai dienai darbo centrui prie kurio darbuotojas paskirtas dirbti.<\/font><\/span><\/p><br \/>\n<p class=\"MsoNormal\"><span><font face=\"Calibri\">Darbuotojas pasirenka suplanuot\u0105 u\u017eduot\u012f, o programa automati\u0161kai u\u017eregistruoja kas, kada \u0161i\u0105 u\u017eduot\u012f prad\u0117jo. <\/font><\/span><\/p><br \/>\n<p class=\"MsoNormal\"><span><font face=\"Calibri\">Pabaig\u0119s u\u017eduot\u012f arba jos dal\u012f, darbuotojas v\u0117l pasirenka prad\u0117t\u0105 u\u017eduot\u012f ir \u012fra\u0161o pagamint\u0105 kiek\u012f.&nbsp;Tada programa automati\u0161kai u\u017epajamuoja pagamintus gaminius.<\/font><\/span><\/p><br \/>\n<p class=\"MsoNormal\"><span><font face=\"Calibri\">&nbsp;<\/font><\/span><\/p><br \/>\n<p class=\"MsoNormal\"><font face=\"Calibri\"><b><span>S\u0105skait\u0173 fakt\u016br\u0173, va\u017etara\u0161\u010di\u0173 ir CMR spausdinimas ir pagamintos produkcijos nura\u0161ymas i\u0161 sand\u0117lio<\/span><\/b><span><\/span><\/font><\/p><br \/>\n<p class=\"MsoNormal\"><span><font face=\"Calibri\">Darbuotojui pasirinkus kliento u\u017esakym\u0105 programa automati\u0161kai surenka u\u017esakytus gaminius i\u0161 sand\u0117lio ir juos nura\u0161o bei suformuoja spausdinimui ar siuntimui el.pa\u0161tu s\u0105skait\u0105- fakt\u016br\u0105, va\u017etara\u0161t\u012f ar CMR.&nbsp;<\/font><\/span><\/p><br \/>\n<p class=\"MsoNormal\"><span><font face=\"Calibri\">&nbsp;<\/font><\/span><\/p><br \/>\n<p class=\"MsoNormal\"><font face=\"Calibri\"><b><span>Atlyginimo nuo atlikt\u0173 u\u017eduo\u010di\u0173 apskai\u010diavimo ataskaita<\/span><\/b><span><\/span><\/font><\/p><br \/>\n<p class=\"MsoNormal\"><span><font face=\"Calibri\">Programa apskai\u010diuoja atlyginimus darbininkams pagal atlikt\u0173 operacij\u0173 \u012fkainius, o vadybininkams nuo j\u0173 u\u017esakym\u0173 apskai\u010diuoto pelno.&nbsp; Paskai\u010diuotus u\u017e pasirinkt\u0105 period\u0105&nbsp; darbuotoj\u0173 atlyginimus galima pamatyti atlyginim\u0173 ataskaitoje.<\/font><\/span><\/p><br \/>\n<p class=\"MsoNormal\"><span><font face=\"Calibri\">&nbsp;<\/font><\/span><\/p><br \/>\n<p class=\"MsoNormal\"><font face=\"Calibri\"><b><span>Pardavim\u0173 ataskaita<\/span><\/b><span><\/span><\/font><\/p><br \/>\n<p class=\"MsoNormal\"><span><font face=\"Calibri\">Programa parodo pardavim\u0173 ataskait\u0105 pagal produkt\u0173 grupes ir produktus. Ataskaitoje parodoma pardavim\u0173 apimtis ir pelnas tiek pagal produktus tiek pagal produkt\u0173 grupes, geriausiai ir blogiausiai parduodami gaminiai. Ataskait\u0105 galima filtruoti pagal vadybininkus, kurie gavo u\u017esakymus.<\/font><\/span><\/p><br \/>\n<p class=\"MsoNormal\"><span><font face=\"Calibri\">&nbsp;<\/font><\/span><\/p><br \/>\n<p class=\"MsoNormal\"><font face=\"Calibri\"><b><span>Gamybos operacij\u0173 ataskaitos<\/span><\/b><span><\/span><\/font><\/p><br \/>\n<p class=\"MsoNormal\"><span><font face=\"Calibri\">Programa suformuoja operacij\u0173 kain\u0173 ataskait\u0105<\/font><\/span><\/p><br \/>\n<p class=\"MsoNormal\"><span><font face=\"Calibri\">&nbsp;<\/font><\/span><\/p><br \/>\n<p class=\"MsoNormal\"><font face=\"Calibri\"><b><span>Pagamintos produkcijos sand\u0117lio ataskaita<\/span><\/b><span><\/span><\/font><\/p><br \/>\n<p class=\"MsoNormal\"><span><font face=\"Calibri\">Ataskaitoje parodomi liku\u010diai pagamint\u0173 produkt\u0173 sand\u0117liuose.<\/font><\/span><\/p><br \/>\n<h1><font size=\"5\"><font color=\"#2f5496\"><font face=\"Calibri Light\">Pasiruo\u0161imas darbui<\/font><\/font><\/font><\/h1><br \/>\n<p class=\"MsoNormal\"><b><span><font face=\"Calibri\">&nbsp;<\/font><\/span><\/b><\/p><br \/>\n<p class=\"MsoNormal\"><font face=\"Calibri\"><b><span>Duomen\u0173 baz\u0117s paruo\u0161imas darbui.<\/span><\/b><span><\/span><\/font><\/p><br \/>\n<p class=\"MsoNormal\"><font face=\"Calibri\"><span>Nestandartini\u0173&nbsp; gamini\u0173 u\u017esakymui AIVA programos kataloge paruo\u0161iamas j\u0173 u\u017esakymo modelis kuriame nurodoma kokios med\u017eiagos gali b\u016bti panaudojamos, kokios operacijos atliekamos, kokius gaminio parametrus galima bus \u012fvesti u\u017esakymo metu ir med\u017eiag\u0173 bei operacij\u0173 apskai\u010diavimo formul\u0117s. <\/span><span><\/span><\/font><\/p><br \/>\n<p class=\"MsoNormal\"><font face=\"Calibri\"><span>Standartiniams gaminiams \u012fvedamos kainos, med\u017eiag\u0173 kiekiai ir operacij\u0173 trukm\u0117s. <\/span><span><\/span><\/font><\/p><br \/>\n<p class=\"MsoNormal\"><span><font face=\"Calibri\">Sud\u0117tingiems gaminiams analogi\u0161kai apra\u0161omi pusgaminiai ir po to priskiriami gaminiams.<\/font><\/span><\/p><br \/>\n<p class=\"MsoNormal\"><span><font face=\"Calibri\">&nbsp;<\/font><\/span><\/p><br \/>\n<p class=\"MsoNormal\"><span><font face=\"Calibri\">Sudaromas darbo centr\u0173 katalogas. Apra\u0161omas planavimui darbo centr\u0173 darbo laikas Darbo centrai priskiriami operacijoms. Darbo centrams priskiriami darbuotojai, kurie gali dirbti su tais darbo centrais.<\/font><\/span><\/p><br \/>\n<p class=\"MsoNormal\"><span><font face=\"Calibri\"><\/font><\/span>&nbsp;<\/p><span><font face=\"Calibri\"><br \/>\n<p class=\"MsoNormal\"><font face=\"Calibri\"><span><strong>Kompiuterin\u0117s technikos paruo\u0161imas<\/strong><\/span><\/font><\/p><br \/>\n<p class=\"MsoNormal\"><font face=\"Calibri\"><span>Gamybos cechuose reikalinga pastatytiWindows OS &nbsp;kompiuterius su lie\u010diamu ekranu ir&nbsp; RFID korteli\u0173 nuskaitytuvu<\/span><\/font><\/p><br \/>\n<p class=\"MsoNormal\"><font face=\"Calibri\"><span><\/span><\/font>&nbsp;<\/p><br \/>\n<p class=\"MsoNormal\"><font face=\"Calibri\"><span><strong>Darbuotoj\u0173 apmokymai<\/strong><\/span><\/font><\/p><br \/>\n<p class=\"MsoNormal\"><font face=\"Calibri\"><span>Reiklainga apmokyti darbuotojus kaip atlikti&nbsp;&nbsp;j\u0173 vykdomas valdymo funkcijas AIVA programos pagalba.<\/span><\/font><\/p><\/font><\/span><br \/>\n<p class=\"MsoNormal\"><span><font face=\"Calibri\">&nbsp;<\/font><\/span><\/p><br \/>\n<p class=\"MsoNormal\"><font face=\"Calibri\">&nbsp;<\/font><\/p><\/p>","protected":false},"excerpt":{"rendered":"<p>\u0160io varianto sistemos pagalba automatizuosite ne tik pagrindin\u012f u\u017esakymo valdymo porces\u0105,- klient\u0173 duomen\u0173 baz\u0117s sudarymo, komercini\u0173 pasi\u016blym\u0173, s\u0105skait\u0173 ir sutar\u010di\u0173 ruo\u0161imo, gamybos plano sudarymo, pagamintos produkcijos apskaitos, s\u0105skait\u0173 fakt\u016br\u0173 i\u0161ra\u0161imo ir produkcijos sand\u0117lio apskaitos, bet gamybos proceso planavimo u\u017eduo\u010di\u0173 paskirstymo vykdytojams bei \u012fvykdymo kontrol\u0117s. &nbsp; Automatizav\u0119 \u0161\u012f proces\u0105: ?&nbsp;&nbsp;&nbsp;&nbsp;&nbsp;&nbsp; Daug ma\u017eiau laiko sugai\u0161ite pasi\u016blym\u0173, s\u0105skait\u0173 [&hellip;]<\/p>","protected":false},"featured_media":29351,"template":"","meta":{"_mi_skip_tracking":false,"_monsterinsights_sitenote_active":false,"_monsterinsights_sitenote_note":"","_monsterinsights_sitenote_category":0},"product_cat":[1517,1511],"product_tag":[],"mwb_booking_cost":[],"mwb_booking_service":[],"bundled_by":[],"bundle_stock_status":"instock","bundle_stock_quantity":null,"bundle_virtual":false,"bundle_layout":"","bundle_add_to_cart_form_location":"","bundle_editable_in_cart":false,"bundle_sold_individually_context":"","bundle_item_grouping":"","bundle_min_size":"","bundle_max_size":"","bundled_items":[],"bundle_sell_ids":[],"acf":[],"aioseo_notices":[],"_links":{"self":[{"href":"https:\/\/gamyba.online\/en\/wp-json\/wp\/v2\/product\/29167"}],"collection":[{"href":"https:\/\/gamyba.online\/en\/wp-json\/wp\/v2\/product"}],"about":[{"href":"https:\/\/gamyba.online\/en\/wp-json\/wp\/v2\/types\/product"}],"wp:featuredmedia":[{"embeddable":true,"href":"https:\/\/gamyba.online\/en\/wp-json\/wp\/v2\/media\/29351"}],"wp:attachment":[{"href":"https:\/\/gamyba.online\/en\/wp-json\/wp\/v2\/media?parent=29167"}],"wp:term":[{"taxonomy":"product_cat","embeddable":true,"href":"https:\/\/gamyba.online\/en\/wp-json\/wp\/v2\/product_cat?post=29167"},{"taxonomy":"product_tag","embeddable":true,"href":"https:\/\/gamyba.online\/en\/wp-json\/wp\/v2\/product_tag?post=29167"},{"taxonomy":"mwb_booking_cost","embeddable":true,"href":"https:\/\/gamyba.online\/en\/wp-json\/wp\/v2\/mwb_booking_cost?post=29167"},{"taxonomy":"mwb_booking_service","embeddable":true,"href":"https:\/\/gamyba.online\/en\/wp-json\/wp\/v2\/mwb_booking_service?post=29167"}],"curies":[{"name":"wp","href":"https:\/\/api.w.org\/{rel}","templated":true}]}}