{"id":29169,"date":"2024-04-10T09:33:10","date_gmt":"2024-04-10T07:33:10","guid":{"rendered":"https:\/\/gamyba.online\/product\/aiva-sumani-elektronikos-prietaisu-uzsakymu-gamybos-valdymo-sistema-su-operaciju-valdymu-per-lieciama-ekrana-ir-medziagu-apskaita-gamyboje\/"},"modified":"2024-11-04T22:26:28","modified_gmt":"2024-11-04T20:26:28","slug":"aiva-sumani-elektronikos-prietaisu-uzsakymu-gamybos-valdymo-sistema-su-operaciju-valdymu-per-lieciama-ekrana-ir-medziagu-apskaita-gamyboje","status":"publish","type":"product","link":"https:\/\/gamyba.online\/en\/product\/aiva-sumani-elektronikos-prietaisu-uzsakymu-gamybos-valdymo-sistema-su-operaciju-valdymu-per-lieciama-ekrana-ir-medziagu-apskaita-gamyboje\/","title":{"rendered":"AIVA sumani elektronikos prietais\u0173 u\u017esakym\u0173 gamybos valdymo sistema  su operacij\u0173  valdymu per lie\u010diam\u0105 ekran\u0105 ir med\u017eiag\u0173 apskaita gamyboje"},"content":{"rendered":"<p><p class=\"MsoNormal\"><font face=\"Calibri\"><b><span>\u0160io varianto sistemos pagalba automatizuosite pilnai gamybos valdymo procesus,- <\/span><\/b><span>klient\u0173 duomen\u0173 baz\u0117s sudarymo, komercini\u0173 pasi\u016blym\u0173, s\u0105skait\u0173 ir sutar\u010di\u0173 ruo\u0161imo, gamybos plano sudarymo, pagamintos produkcijos apskaitos, s\u0105skait\u0173 fakt\u016br\u0173 i\u0161ra\u0161ymo ir produkcijos sand\u0117lio apskaitos,&nbsp; gamybos proceso planavimo, u\u017eduo\u010di\u0173 paskirstymo vykdytojams&nbsp;ir j\u0173&nbsp;\u012fvykdymo kontrol\u0117s, med\u017eiag\u0173 tiekimo ir apskaitos gamyboje&nbsp;valdymo .<b><\/b><\/span><\/font><\/p><br \/>\n<p class=\"MsoNormal\"><span>&nbsp;<\/p><br \/>\n<p class=\"MsoNormal\" align=\"center\"><img src=\"https:\/\/www.aiva.lt\/images\/image\/Gamybos_procesas_su_operaciju_planavimu_ir_medziagu_valdymu.png\" width=\"1185\" height=\"622\"><\/SPAN><\/P><br \/>\n<p class=\"MsoNormal\" align=\"center\"><span>&nbsp;<\/span><\/p><br \/>\n<p class=\"MsoNormal\"><span><font face=\"Calibri\">Automatizav\u0119 \u0161\u012f proces\u0105:<\/font><\/span><\/p><br \/>\n<p class=\"MsoListParagraphCxSpFirst\"><span><span>?<span>&nbsp;&nbsp;&nbsp;&nbsp;&nbsp;&nbsp; <\/span><\/span><\/span><span><font face=\"Calibri\">Daug ma\u017eiau laiko gai\u0161ite pasi\u016blym\u0173, s\u0105skait\u0173 ir sutar\u010di\u0173 ruo\u0161imui bei u\u017esakym\u0173 apskaitai<\/font><\/span><\/p><br \/>\n<p class=\"MsoListParagraphCxSpMiddle\"><span><span>?<span>&nbsp;&nbsp;&nbsp;&nbsp;&nbsp;&nbsp; <\/span><\/span><\/span><span><font face=\"Calibri\">Kontroliuosite u\u017esakymo vykdym\u0105 realiu laiku, matysite ar u\u017esakymai nev\u0117luoja, kas \u012fvykdyta, o kas ne<\/font><\/span><\/p><br \/>\n<p class=\"MsoListParagraphCxSpMiddle\"><span><span>?<span>&nbsp;&nbsp;&nbsp;&nbsp;&nbsp;&nbsp; <\/span><\/span><\/span><span><font face=\"Calibri\">Gal\u0117site \u012fdiegti vadybininkams apmok\u0117jimo nuo asmenini\u0173 pardavim\u0173 sistema ir taip labiau suinteresuoti juos darbu<\/font><\/span><\/p><br \/>\n<p class=\"MsoListParagraphCxSpMiddle\"><span><span>?<span>&nbsp;&nbsp;&nbsp;&nbsp;&nbsp;&nbsp; <\/span><\/span><\/span><font face=\"Calibri\"><span>Sukaupsite duomen\u0173 baz\u0119 apie klientus ir pardavimus, gal\u0117site analizuoti kokie gaminiai geriausia perkami, kurie klientai daugiausiai perka.<\/span><span><\/span><\/font><\/p><br \/>\n<p class=\"MsoListParagraphCxSpMiddle\"><span><span>?<span>&nbsp;&nbsp;&nbsp;&nbsp;&nbsp;&nbsp; <\/span><\/span><\/span><font face=\"Calibri\"><span>Gal\u0117site tiksliau pasakyti klientas kada pagaminsite j\u0173 u\u017esakymus ir matysite ar nev\u0117luojate juos \u012fvykdyti<\/span><span><\/span><\/font><\/p><br \/>\n<p class=\"MsoListParagraphCxSpMiddle\"><span><span>?<span>&nbsp;&nbsp;&nbsp;&nbsp;&nbsp;&nbsp; <\/span><\/span><\/span><font face=\"Calibri\"><span>Matysite kur susidaro gamybos siauros vietos ?butelio kakliukai? ir gal\u0117site laiku imtis priemoni\u0173 juos pa\u0161alinti<\/span><span><\/span><\/font><\/p><br \/>\n<p class=\"MsoListParagraphCxSpMiddle\"><span><span>?<span>&nbsp;&nbsp;&nbsp;&nbsp;&nbsp;&nbsp; <\/span><\/span><\/span><font face=\"Calibri\"><span>Programa pad\u0117s jums paskirstyti gamybos u\u017eduotis vykdytojams, tod\u0117l darbuotojai ir \u012frengimai ma\u017eiau prastov\u0117s <\/span><span><\/span><\/font><\/p><br \/>\n<p class=\"MsoListParagraphCxSpMiddle\"><span><span>?<span>&nbsp;&nbsp;&nbsp;&nbsp;&nbsp;&nbsp; <\/span><\/span><\/span><font face=\"Calibri\"><span>Programa u\u017eregistruos kas, kada, kokias gamybos operacijas atliko tod\u0117l gal\u0117site \u012fdiegti apmok\u0117jimo nuo atlikt\u0173 darb\u0173 sistema ir padidint darbo efektyvum\u0105<\/span><span><\/span><\/font><\/p><br \/>\n<p class=\"MsoListParagraphCxSpMiddle\"><span><span>?<span>&nbsp;&nbsp;&nbsp;&nbsp;&nbsp;&nbsp; <\/span><\/span><\/span><font face=\"Calibri\"><span>Iki 90% suma\u017einsite laiko s\u0105naudas med\u017eiag\u0173 u\u017esakymui, gavimo i\u0161 tiek\u0117j\u0173 apskaitai ir apskaitai gamyboje<\/span><span><\/span><\/font><\/p><br \/>\n<p class=\"MsoListParagraphCxSpMiddle\"><span><span>?<span>&nbsp;&nbsp;&nbsp;&nbsp;&nbsp;&nbsp; <\/span><\/span><\/span><font face=\"Calibri\"><span>Med\u017eiag\u0173 atsargas matysite tiksliai ir realiu laiku<\/span><span><\/span><\/font><\/p><br \/>\n<p class=\"MsoListParagraphCxSpMiddle\"><span><span>?<span>&nbsp;&nbsp;&nbsp;&nbsp;&nbsp;&nbsp; <\/span><\/span><\/span><font face=\"Calibri\"><span>Lengvai gal\u0117site apklausti daugiau tiek\u0117j\u0173 ir pigiau nupirkti med\u017eiagas<\/span><span><\/span><\/font><\/p><br \/>\n<p class=\"MsoListParagraphCxSpLast\"><span><span>?<span>&nbsp;&nbsp;&nbsp;&nbsp;&nbsp;&nbsp; <\/span><\/span><\/span><font face=\"Calibri\"><span>Iki 90<\/span><span lang=\"EN-US\">% <\/span><span>suma\u017einsite <\/span><span><span>&nbsp;<\/span><\/span><span>laiko s\u0105naudas pagamintos produkcijos apskaitai<\/span><span><\/span><\/font><\/p><br \/>\n<p class=\"MsoNormal\"><span>&nbsp;<\/span><\/p><br \/>\n<h1><span><font size=\"5\"><font color=\"#2f5496\"><font face=\"Calibri Light\">Darbo su sistema apra\u0161ymas<\/font><\/font><\/font><\/span><\/h1><br \/>\n<p class=\"MsoNoSpacing\"><b><span><font face=\"Calibri\">Klient\u0173 ir j\u0173 paklausim\u0173 registracija<\/font><\/span><\/b><\/p><br \/>\n<p class=\"MsoNoSpacing\"><span><font face=\"Calibri\">Gal\u0117site u\u017eregistruoti klientus ir j\u0173 paklausimus J\u016bs\u0173 produkcijai. Kliento kortel\u0117je matysite ankstesnius klient\u0173 paklausimus, jiems si\u016blytus gaminius ir gamini\u0173 u\u017esakymus.<\/font><\/span><\/p><br \/>\n<p class=\"MsoNormal\"><span>&nbsp;<\/span><\/p><br \/>\n<p class=\"MsoNormal\"><font face=\"Calibri\"><b><span>Nestandartini\u0173 gamini\u0173 u\u017esakymo kainos apskai\u010diavimas<\/span><\/b><span><\/span><\/font><\/p><br \/>\n<p class=\"MsoNormal\"><font face=\"Calibri\"><span>U\u017esakymo metu vadybininkai pasirenka gaminio model\u012f, \u012fveda kliento pageidaujamas gaminio charakteristikas, pasirenka reikalingas med\u017eiagas ir operacijas. Programa paskai\u010diuoja reikaling\u0173 u\u017esakymui atlikti med\u017eiag\u0173 kiekius ir kainas, operacij\u0173 trukmes ir darb\u0173 kainas, bei gamybos savikain\u0105 ir kain\u0105.<\/span><span><\/span><\/font><\/p><br \/>\n<p class=\"MsoNormal\"><span>&nbsp;<\/span><\/p><br \/>\n<p class=\"MsoNormal\"><font face=\"Calibri\"><b><span>Pasi\u016blymo, s\u0105skaitos ir u\u017esakymo gamybai paruo\u0161imas<\/span><\/b><span><\/span><\/font><\/p><br \/>\n<p class=\"MsoNormal\"><font face=\"Calibri\"><span>I\u0161 apskai\u010diuotos s\u0105matos programa suformuoja komercin\u012f pasi\u016blym\u0105 klientui, s\u0105skait\u0105 i\u0161ankstiniam mok\u0117jimui, pardavimo sutart\u012f. Klientui patvirtinus u\u017esakym\u0105, programa j\u012f \u012fra\u0161o \u012f gamybos u\u017esakym\u0173 plan\u0105.<\/span><span><\/span><\/font><\/p><br \/>\n<p class=\"MsoNormal\"><span>&nbsp;<\/span><\/p><br \/>\n<p class=\"MsoNormal\"><font face=\"Calibri\"><b><span>Gamybos planas<\/span><\/b><span><\/span><\/font><\/p><br \/>\n<p class=\"MsoNormal\"><font face=\"Calibri\"><span>I\u0161 klient\u0173 u\u017esakym\u0173 ir vidini\u0173 u\u017esakym\u0173 sand\u0117li\u0173 papildymui programa suformuoja gamybos plan\u0105.<\/span><span><\/span><\/font><\/p><br \/>\n<p class=\"MsoNormal\"><span>&nbsp;<\/span><\/p><br \/>\n<p class=\"MsoNormal\"><font face=\"Calibri\"><span>I\u0161 gamybos plano galima atlikti \u012fvairius gamybos valdymo veiksmus:<\/span><span><\/span><\/font><\/p><br \/>\n<ul type=\"disc\"><br \/>\n<li class=\"MsoNormal\"><span><font face=\"Calibri\">Paskai\u010diuoti tr\u016bkstamas med\u017eiagas ir jas u\u017esisakyti&nbsp;<\/font><\/span><br \/>\n<li class=\"MsoNormal\"><span><font face=\"Calibri\">Sudaryti pusgamini\u0173 gamybos planus<\/font><\/span><br \/>\n<li class=\"MsoNormal\"><span><font face=\"Calibri\">Surinkti ir perduoti med\u017eiagas gamybai<\/font><\/span><br \/>\n<li class=\"MsoNormal\"><span><font face=\"Calibri\">atspausdinti paskyras gamybini\u0173 operacij\u0173 vykdymui ir u\u017eregistruoti ranka arba skenuojant&nbsp; j\u0173 \u012fvykdym\u0105.<\/font><\/span><\/li><\/ul><br \/>\n<p class=\"MsoNormal\"><font face=\"Calibri\"><span>Gamybos planas kartu&nbsp; yra ir ataskaita, kurioje pamatysite <span>&nbsp;<\/span>kiek u\u017esakyt\u0173 gamini\u0173 pagaminta, kokia faktin\u0117 gamybos savikaina.<\/span><span><\/span><\/font><\/p><br \/>\n<p class=\"MsoNormal\"><font face=\"Calibri\"><b><span>Gamybos proceso kalendorinis planavimas<\/span><\/b><span><\/span><\/font><\/p><br \/>\n<p class=\"MsoNormal\"><font face=\"Calibri\"><span>Atidarant planavimo form\u0105 programa automati\u0161kai suplanuoja vis\u0173 u\u017esakym\u0173 gamybos proceso kalendorin\u012f plan\u0105- grafik\u0105. Planavimo rezultatai atvaizduojami kalendoriniuose Ganto grafikuose:<\/span><span><\/span><\/font><\/p><br \/>\n<ul type=\"disc\"><br \/>\n<li class=\"MsoNormal\"><span><font face=\"Calibri\">U\u017esakym\u0173 Ganto grafikas, kuriame galima pa\u017ei\u016br\u0117ti kada prasid\u0117s ir pasibaigs kiekvieno u\u017esakymo vykdymas, kiekvieno u\u017esakymo gaminio, kiekvieno pusgaminio ir kiekvienos gamybos operacijos gamyba. <\/font><\/span><br \/>\n<li class=\"MsoNormal\"><span><font face=\"Calibri\">Kiekvieno darbo centro Ganto grafikus, kuriame parodo kada kokius gaminius ir pusgaminius gaminti tuo darbo centru.<\/font><\/span><br \/>\n<li class=\"MsoNormal\"><span><font face=\"Calibri\">Vis\u0173 darbo centr\u0173 planuojamo u\u017eimtumo procentais kalendorinis Ganto grafikas.<\/font><\/span><\/li><\/ul><br \/>\n<p class=\"MsoNormal\"><font face=\"Calibri\"><span>Programa taip pat suformuos ir ataskait\u0105 kalendorinio Ganto grafiko forma, kuriame palyginamas koks buvo&nbsp; suplanuotas operacij\u0173 grafikas su faktinio j\u0173 atlikimo grafiku.<\/span><span><\/span><\/font><\/p><br \/>\n<p class=\"MsoNormal\"><span>&nbsp;<\/span><\/p><br \/>\n<p class=\"MsoNormal\"><font face=\"Calibri\"><b><span>Med\u017eiag\u0173 u\u017esakymas i\u0161 tiek\u0117j\u0173 ir gavimo apskaita<\/span><\/b><span><\/span><\/font><\/p><br \/>\n<p class=\"MsoNormal\"><span><font face=\"Calibri\">AIVA programa Jums<span>&nbsp;&nbsp; <\/span>paskai\u010diuos kokias med\u017eiag\u0173<span>&nbsp; <\/span>jau tr\u016bksta ir reikia u\u017esakyti sand\u0117li\u0173 papildymui ir kiek, patikrins ar netr\u016bks med\u017eiag\u0173 gaut\u0173 i\u0161 klient\u0173 u\u017esakym\u0173 \u012fvykdymui, suformuos ir i\u0161si\u0173s laikus su u\u017esakymais tiek\u0117jams. <\/font><\/span><\/p><br \/>\n<p class=\"MsoNormal\"><span><font face=\"Calibri\">&nbsp;<\/font><\/span><\/p><br \/>\n<p class=\"MsoNormal\"><span><font face=\"Calibri\">Gavus u\u017esakytas med\u017eiagas, nebereik\u0117s rankiniu b\u016bdu \u012fvesti s\u0105skait\u0173 duomen\u0173 \u012f program\u0105, o tik patvirtinti <span>&nbsp;<\/span>kad u\u017esakytos med\u017eiagos gautos. Taip sutaupysite daug laiko bei i\u0161vengsite rankinio \u012fvedimo&nbsp; klaid\u0173.<\/font><\/span><\/p><br \/>\n<p class=\"MsoNormal\"><span>&nbsp;<\/span><\/p><br \/>\n<p class=\"MsoNormal\"><font face=\"Calibri\"><b><span>Med\u017eiag\u0173 surinkimas ir perdavimas \u012f gamyb\u0105.<\/span><\/b><span><\/span><\/font><\/p><br \/>\n<p class=\"MsoNormal\"><span><font face=\"Calibri\">Pasirinkus suplanuot\u0105 tai dienai gamybos u\u017esakym\u0105, programa parodys kada sand\u0117lis turi paruo\u0161ti ir nuve\u017eti gamybos u\u017esakym\u0173 vykdymui reikalingas&nbsp; med\u017eiagas, parodys kiek ir koki\u0173 med\u017eiag\u0173 reikia ir ar j\u0173 netr\u016bksta sand\u0117lyje, kurioje sand\u0117lio vietoje jos randasi.<\/font><\/span><\/p><br \/>\n<p class=\"MsoNormal\"><span><font face=\"Calibri\">Tada <span>&nbsp;<\/span>vienu mygtuko paspaudimu surinktas med\u017eiagas perkelsite \u012f gamyb\u0105 ir fizi\u0161kai jas surink\u0119 nuve\u0161ite \u012f programos suplanuot\u0105 darbo centr\u0105<\/font><\/span><\/p><br \/>\n<p class=\"MsoNormal\"><span><font face=\"Calibri\">&nbsp;<\/font><\/span><\/p><br \/>\n<p class=\"MsoNormal\"><span><font face=\"Calibri\">Patvirtinus kad u\u017esakymas pagamintas, programa automati\u0161kai nura\u0161ys perduotas \u012f gamyb\u0105 med\u017eiagas ir u\u017epajamuos gaminius. \u0160iuos veiksmus programa atliks automati\u0161kai, kai darbininkas patvirtins paskutin\u0117s gamybos operacijos atlikim\u0105, tod\u0117l bus galima atsisakyti nuo apskaitos darbuotoj\u0173, kurie iki \u0161iol&nbsp; vykd\u0117 J\u016bs\u0173 \u012fmon\u0117je med\u017eiag\u0173 ir pagamintos&nbsp; produkcijos apskait\u0105.<\/font><\/span><\/p><br \/>\n<p class=\"MsoNormal\"><span>&nbsp;<\/span><\/p><br \/>\n<p class=\"MsoNormal\"><font face=\"Calibri\"><b><span>Gamybos u\u017eduo\u010di\u0173 pateikimas cecho terminale ir atlikimo registracija<\/span><\/b><span><\/span><\/font><\/p><br \/>\n<p class=\"MsoNormal\"><font face=\"Calibri\"><span>Prisiregistravus prie terminalo, programa darbuotojui parodys kokias u\u017eduotis sistema suplanavo tai dienai darbo centrui prie kurio darbuotojas paskirtas dirbti.<\/span><span><\/span><\/font><\/p><br \/>\n<p class=\"MsoNormal\"><font face=\"Calibri\"><span>Kai darbuotojas pasirinks <span>&nbsp;<\/span>suplanuot\u0105 u\u017eduot\u012f, programa automati\u0161kai u\u017eregistruos kas, kada \u0161i\u0105 u\u017eduot\u012f prad\u0117jo. Pabaig\u0119s u\u017eduot\u012f arba jos dal\u012f, darbuotojas v\u0117l pasirenka prad\u0117t\u0105 u\u017eduot\u012f ir \u012fra\u0161o pagamint\u0105 kiek\u012f.&nbsp; <\/span><span lang=\"EN-US\"><\/span><\/font><\/p><br \/>\n<p class=\"MsoNormal\"><span>&nbsp;<\/span><\/p><br \/>\n<p class=\"MsoNormal\"><font face=\"Calibri\"><b><span>Med\u017eiag\u0173 automatinis nura\u0161ymas ir pagamintos produkcijos pajamavimas<\/span><\/b><span><\/span><\/font><\/p><br \/>\n<p class=\"MsoNormal\"><font face=\"Calibri\"><span>Kai darbuotojas atlik\u0119s paskutin\u0119 gaminio ar pusgaminio&nbsp; gamybos operacij\u0105 patvirtina jos atlikim\u0105 gamybos terminale, programa automati\u0161kai nura\u0161o panaudotas gamybai med\u017eiagas ir u\u017epajamuoja pagamint\u0105 produkcij\u0105, paskai\u010diuoja gaminio faktin\u0119 gamybos savikain\u0105.<\/span><span><\/span><\/font><\/p><br \/>\n<p class=\"MsoNormal\"><span>&nbsp;<\/span><\/p><br \/>\n<p class=\"MsoNormal\"><font face=\"Calibri\"><b><span>S\u0105skait\u0173 fakt\u016br\u0173, va\u017etara\u0161\u010di\u0173 ir CMR spausdinimas ir pagamintos produkcijos nura\u0161ymas i\u0161 sand\u0117lio<\/span><\/b><span><\/span><\/font><\/p><br \/>\n<p class=\"MsoNormal\"><font face=\"Calibri\"><span>Darbuotojui pasirinkus kliento u\u017esakym\u0105 programa automati\u0161kai surenka u\u017esakytus gaminius i\u0161 sand\u0117lio ir juos nura\u0161o bei suformuoja spausdinimui ar siuntimui el.pa\u0161tu s\u0105skait\u0105- fakt\u016br\u0105, va\u017etara\u0161t\u012f ar CMR.&nbsp;<\/span><span><\/span><\/font><\/p><br \/>\n<p class=\"MsoNormal\"><span>&nbsp;<\/span><\/p><br \/>\n<p class=\"MsoNormal\"><font face=\"Calibri\"><b><span>Atlyginimo nuo atlikt\u0173 u\u017eduo\u010di\u0173 apskai\u010diavimo ataskaita<\/span><\/b><span><\/span><\/font><\/p><br \/>\n<p class=\"MsoNormal\"><font face=\"Calibri\"><span>Programa apskai\u010diuoja atlyginimus darbininkams pagal atlikt\u0173 operacij\u0173 \u012fkainius, o vadybininkams,- nuo j\u0173 u\u017esakym\u0173 apskai\u010diuoto pelno.&nbsp; Paskai\u010diuotus u\u017e pasirinkt\u0105 period\u0105&nbsp; darbuotoj\u0173 atlyginimus galima pamatyti atlyginim\u0173 ataskaitoje.<\/span><span><\/span><\/font><\/p><br \/>\n<p class=\"MsoNormal\"><span>&nbsp;<\/span><\/p><br \/>\n<p class=\"MsoNormal\"><font face=\"Calibri\"><b><span>Ataskaitos<\/span><\/b><span><\/span><\/font><\/p><br \/>\n<p class=\"MsoNormal\"><font face=\"Calibri\"><span>Programa parodo pardavim\u0173 ataskait\u0105 pagal produkt\u0173 grupes ir produktus. Ataskaitoje parodoma pardavim\u0173 apimtis ir pelnas tiek pagal produktus tiek pagal produkt\u0173 grupes, geriausiai ir blogiausiai parduodami gaminiai. Ataskaita galima filtruoti pagal vadybininkus, kurie gavo u\u017esakymus.<\/span><span><\/span><\/font><\/p><br \/>\n<p class=\"MsoNormal\"><span>&nbsp;<\/span><\/p><br \/>\n<p class=\"MsoNormal\"><font face=\"Calibri\"><span>Gamybos operacij\u0173 ataskaitoje galite pamatyti atlikt\u0173 operacij\u0173 kainas ir nuostolius d\u0117l sugadint\u0173 gamybos operacij\u0173.<\/span><span><\/span><\/font><\/p><br \/>\n<p class=\"MsoNormal\"><span>&nbsp;<\/span><\/p><br \/>\n<p class=\"MsoNormal\"><font face=\"Calibri\"><span>Darbuotoj\u0173 ir \u012frengim\u0173 apkrovimo ataskaitoje galite palyginti planuot\u0105 apkrovim\u0105 su faktini\u0173 apkrovimu.<\/span><span><\/span><\/font><\/p><br \/>\n<p class=\"MsoNormal\"><span>&nbsp;<\/span><\/p><br \/>\n<p class=\"MsoNormal\"><font face=\"Calibri\"><span>Ataskaitoje parodomi liku\u010diai med\u017eiag\u0173 ir pagamint\u0173 produkt\u0173 sand\u0117liuose.<\/span><span><\/span><\/font><\/p><br \/>\n<p class=\"MsoNormal\"><font face=\"Calibri\">&nbsp;<\/font><\/p><br \/>\n<h1><font size=\"5\"><font color=\"#2f5496\"><font face=\"Calibri Light\">Pasiruo\u0161imas darbui<\/font><\/font><\/font><\/h1><br \/>\n<p class=\"MsoNormal\"><font face=\"Calibri\"><b><span>Duomen\u0173 baz\u0117s paruo\u0161imas darbui.<\/span><\/b><span><\/span><\/font><\/p><br \/>\n<p class=\"MsoNormal\"><font face=\"Calibri\"><span>Nestandartini\u0173&nbsp; gamini\u0173 u\u017esakymui AIVA programos kataloge paruo\u0161iamas j\u0173 u\u017esakymo modelis kuriame nurodoma kokios med\u017eiagos gali b\u016bti panaudojamos, kokios operacijos atliekamos, kokius gaminio parametrus galima bus \u012fvesti u\u017esakymo metu ir med\u017eiag\u0173 bei operacij\u0173 apskai\u010diavimo formul\u0117s. <\/span><span><\/span><\/font><\/p><br \/>\n<p class=\"MsoNormal\"><font face=\"Calibri\"><span>Standartiniams gaminiams \u012fvedamos kainos, med\u017eiag\u0173 kiekiai ir operacij\u0173 trukm\u0117s. <\/span><span><\/span><\/font><\/p><br \/>\n<p class=\"MsoNormal\"><span><font face=\"Calibri\">Sud\u0117tingiems gaminiams analogi\u0161kai apra\u0161omi pusgaminiai ir po to priskiriami gaminiams.<\/font><\/span><\/p><br \/>\n<p class=\"MsoNormal\"><span><font face=\"Calibri\">&nbsp;<\/font><\/span><\/p><br \/>\n<p class=\"MsoNormal\"><span><font face=\"Calibri\">Sudaromas darbo centr\u0173 katalogas. Apra\u0161omas planavimui darbo centr\u0173 darbo laikas Darbo centrai priskiriami operacijoms. Darbo centrams priskiriami darbutojai, kurie gali dirbti su tais darbo centrais.<\/font><\/span><\/p><br \/>\n<p class=\"MsoNormal\"><span><font face=\"Calibri\">&nbsp;<\/font><\/span><\/p><br \/>\n<p class=\"MsoNormal\"><span><font face=\"Calibri\">Sudaromas med\u017eiag\u0173 katalogas ir med\u017eiag\u0173 tiek\u0117j\u0173 katalogas.<\/font><\/span><\/p><br \/>\n<p class=\"MsoNormal\"><span><font face=\"Calibri\">Med\u017eiagoms priskiriami tiek\u0117jai, kurie gali tiekti med\u017eiagas.<\/font><\/span><\/p><br \/>\n<p class=\"MsoNormal\"><font face=\"Calibri\"><span>Importuojami i\u0161 senos sistemos med\u017eiag\u0173 liku\u010diai.<\/span><\/font><\/p><br \/>\n<p class=\"MsoNormal\"><font face=\"Calibri\"><span><\/span><\/font>&nbsp;<\/p><br \/>\n<p class=\"MsoNormal\"><font face=\"Calibri\"><span><strong>Kompiuterin\u0117s technikos paruo\u0161imas<\/strong><\/span><\/font><\/p><br \/>\n<p class=\"MsoNormal\"><font face=\"Calibri\"><span>Gamybos cechuose reikalinga pastatytiWindows OS &nbsp;kompiuterius su lie\u010diamu ekranu ir&nbsp; RFID korteli\u0173 nuskaitytuvu<\/span><\/font><\/p><br \/>\n<p class=\"MsoNormal\"><font face=\"Calibri\"><span><\/span><\/font>&nbsp;<\/p><br \/>\n<p class=\"MsoNormal\"><font face=\"Calibri\"><span><strong>Darbuotoj\u0173 apmokymai<\/strong><\/span><\/font><\/p><br \/>\n<p class=\"MsoNormal\"><font face=\"Calibri\"><span>Reiklainga apmokyti darbuotojus kaip atlikti&nbsp;&nbsp;j\u0173 vykdomas valdymo funkcijas AIVA programos pagalba.<\/span><\/font><\/p><br \/>\n<p class=\"MsoNormal\"><font face=\"Calibri\">&nbsp;<\/font><\/p><br \/>\n<p class=\"MsoNormal\"><font face=\"Calibri\"><\/font>&nbsp;<\/p><\/p>","protected":false},"excerpt":{"rendered":"<p>\u0160io varianto sistemos pagalba automatizuosite pilnai gamybos valdymo procesus,- klient\u0173 duomen\u0173 baz\u0117s sudarymo, komercini\u0173 pasi\u016blym\u0173, s\u0105skait\u0173 ir sutar\u010di\u0173 ruo\u0161imo, gamybos plano sudarymo, pagamintos produkcijos apskaitos, s\u0105skait\u0173 fakt\u016br\u0173 i\u0161ra\u0161ymo ir produkcijos sand\u0117lio apskaitos,&nbsp; gamybos proceso planavimo, u\u017eduo\u010di\u0173 paskirstymo vykdytojams&nbsp;ir j\u0173&nbsp;\u012fvykdymo kontrol\u0117s, med\u017eiag\u0173 tiekimo ir apskaitos gamyboje&nbsp;valdymo . &nbsp; &nbsp; Automatizav\u0119 \u0161\u012f proces\u0105: ?&nbsp;&nbsp;&nbsp;&nbsp;&nbsp;&nbsp; Daug ma\u017eiau laiko [&hellip;]<\/p>","protected":false},"featured_media":29353,"template":"","meta":{"_mi_skip_tracking":false,"_monsterinsights_sitenote_active":false,"_monsterinsights_sitenote_note":"","_monsterinsights_sitenote_category":0},"product_cat":[1517,1511],"product_tag":[],"mwb_booking_cost":[],"mwb_booking_service":[],"bundled_by":[],"bundle_stock_status":"instock","bundle_stock_quantity":null,"bundle_virtual":false,"bundle_layout":"","bundle_add_to_cart_form_location":"","bundle_editable_in_cart":false,"bundle_sold_individually_context":"","bundle_item_grouping":"","bundle_min_size":"","bundle_max_size":"","bundled_items":[],"bundle_sell_ids":[],"acf":[],"aioseo_notices":[],"_links":{"self":[{"href":"https:\/\/gamyba.online\/en\/wp-json\/wp\/v2\/product\/29169"}],"collection":[{"href":"https:\/\/gamyba.online\/en\/wp-json\/wp\/v2\/product"}],"about":[{"href":"https:\/\/gamyba.online\/en\/wp-json\/wp\/v2\/types\/product"}],"wp:featuredmedia":[{"embeddable":true,"href":"https:\/\/gamyba.online\/en\/wp-json\/wp\/v2\/media\/29353"}],"wp:attachment":[{"href":"https:\/\/gamyba.online\/en\/wp-json\/wp\/v2\/media?parent=29169"}],"wp:term":[{"taxonomy":"product_cat","embeddable":true,"href":"https:\/\/gamyba.online\/en\/wp-json\/wp\/v2\/product_cat?post=29169"},{"taxonomy":"product_tag","embeddable":true,"href":"https:\/\/gamyba.online\/en\/wp-json\/wp\/v2\/product_tag?post=29169"},{"taxonomy":"mwb_booking_cost","embeddable":true,"href":"https:\/\/gamyba.online\/en\/wp-json\/wp\/v2\/mwb_booking_cost?post=29169"},{"taxonomy":"mwb_booking_service","embeddable":true,"href":"https:\/\/gamyba.online\/en\/wp-json\/wp\/v2\/mwb_booking_service?post=29169"}],"curies":[{"name":"wp","href":"https:\/\/api.w.org\/{rel}","templated":true}]}}