{"id":29171,"date":"2024-04-10T09:33:12","date_gmt":"2024-04-10T07:33:12","guid":{"rendered":"https:\/\/gamyba.online\/product\/sumani-reklamos-gamybos-valdymo-sistema-aiva-mdop2-platinum\/"},"modified":"2024-11-04T22:26:28","modified_gmt":"2024-11-04T20:26:28","slug":"sumani-reklamos-gamybos-valdymo-sistema-aiva-mdop2-platinum","status":"publish","type":"product","link":"https:\/\/gamyba.online\/en\/product\/sumani-reklamos-gamybos-valdymo-sistema-aiva-mdop2-platinum\/","title":{"rendered":"Sumani reklamos gamybos valdymo sistema  AIVA \u012emon\u0117s"},"content":{"rendered":"<p><p class=\"MsoNormal\"><font face=\"Calibri\"><span>\u0160is sistemos variantas&nbsp;skirtas nestandartini\u0173 ir standartini\u0173&nbsp; gamini\u0173, kuri\u0173 gamyba vyksta pradioje pasigaminant pusgaminius, o po to i\u0161 j\u0173&nbsp;gaminant galutinius gaminius,<\/span><span>&nbsp;<\/span>u\u017esakym\u0173 pri\u0117mimui ir kainos apskai\u010diavimui,<span>gamybos plan\u0173 sudarymui, gamybos proceso planavimui ir<span>&nbsp; <\/span>valdymui gamyboje, med\u017eiag\u0173 tiekimo valdymui ir apskaitai, med\u017eiag\u0173 ir pagamintos produkcijos apskaitai gamyboje, pardavim\u0173 valdymui.<\/span><\/font><\/p><br \/>\n<p class=\"MsoNormal\"><font face=\"Calibri\"><span><\/span><\/font><font face=\"Calibri\"><span>Sistemos funkcin\u0117-strukt\u016brin\u0117 schema, kurioje matote pagrindinius automatizuojamus valdymo procesus ir j\u0173 ry\u0161ius,&nbsp;parodyta pav. \u017eemiau.<\/span><\/font><\/FONT><\/p><br \/>\n<p><\/p><br \/>\n<p class=\"MsoNormal\" align=\"center\"><font face=\"Calibri\"><img src=\"https:\/\/www.aiva.lt\/images\/image\/2_gamybos_lygiu_valdymo_sistema_.png\"><\/font><\/p><br \/>\n<p class=\"MsoNormal\"><font face=\"Calibri\">Sistemos pagalba grei\u010diau paruo\u0161ite komercinius pasi\u016blymus, s\u0105skaitas ir pardavimo sutartis, automatizuosite Gamybos plan\u0173 sudarym\u0105 bei Gamybos u\u017eduo\u010di\u0173 paskirstym\u0105 vykdytojams ir u\u017eduo\u010di\u0173 vykdymo registracija. <\/font><\/p><br \/>\n<p class=\"MsoNormal\"><font face=\"Calibri\">Padidinsite Gamybos resurs\u0173 panaudojimo efektyvum\u0105. <\/font><\/p><br \/>\n<p class=\"MsoNormal\"><font face=\"Calibri\">Gal\u0117site \u012fdiegti apmok\u0117jimo u\u017e atliktus darbus sistem\u0105. <\/font><\/p><br \/>\n<p class=\"MsoNormal\"><font face=\"Calibri\">Grei\u010diau ir pigiau u\u017esakysite med\u017eiagas.<\/font><\/p><br \/>\n<p class=\"MsoNormal\"><font face=\"Calibri\">&nbsp;Taupysite laik\u0105 med\u017eiag\u0173 ir pagamintos produkcijos apskaitai.<\/font><\/p><br \/>\n<p class=\"MsoNormal\"><font face=\"Calibri\"><\/font><span>Platesnius pagrindini\u0173 sistemos moduli\u0173 apra\u0161ymus rasite \u017eemiau, paspaud\u0119 ant dominan\u010dio modulio pavadinimo.<\/span><\/p><\/p>","protected":false},"excerpt":{"rendered":"<p>\u0160is sistemos variantas&nbsp;skirtas nestandartini\u0173 ir standartini\u0173&nbsp; gamini\u0173, kuri\u0173 gamyba vyksta pradioje pasigaminant pusgaminius, o po to i\u0161 j\u0173&nbsp;gaminant galutinius gaminius,&nbsp;u\u017esakym\u0173 pri\u0117mimui ir kainos apskai\u010diavimui,gamybos plan\u0173 sudarymui, gamybos proceso planavimui ir&nbsp; valdymui gamyboje, med\u017eiag\u0173 tiekimo valdymui ir apskaitai, med\u017eiag\u0173 ir pagamintos produkcijos apskaitai gamyboje, pardavim\u0173 valdymui. Sistemos funkcin\u0117-strukt\u016brin\u0117 schema, kurioje matote pagrindinius automatizuojamus valdymo procesus ir [&hellip;]<\/p>","protected":false},"featured_media":29358,"template":"","meta":{"_mi_skip_tracking":false,"_monsterinsights_sitenote_active":false,"_monsterinsights_sitenote_note":"","_monsterinsights_sitenote_category":0},"product_cat":[1511,1518],"product_tag":[],"mwb_booking_cost":[],"mwb_booking_service":[],"bundled_by":[],"bundle_stock_status":"instock","bundle_stock_quantity":null,"bundle_virtual":false,"bundle_layout":"","bundle_add_to_cart_form_location":"","bundle_editable_in_cart":false,"bundle_sold_individually_context":"","bundle_item_grouping":"","bundle_min_size":"","bundle_max_size":"","bundled_items":[],"bundle_sell_ids":[],"acf":[],"aioseo_notices":[],"_links":{"self":[{"href":"https:\/\/gamyba.online\/en\/wp-json\/wp\/v2\/product\/29171"}],"collection":[{"href":"https:\/\/gamyba.online\/en\/wp-json\/wp\/v2\/product"}],"about":[{"href":"https:\/\/gamyba.online\/en\/wp-json\/wp\/v2\/types\/product"}],"wp:featuredmedia":[{"embeddable":true,"href":"https:\/\/gamyba.online\/en\/wp-json\/wp\/v2\/media\/29358"}],"wp:attachment":[{"href":"https:\/\/gamyba.online\/en\/wp-json\/wp\/v2\/media?parent=29171"}],"wp:term":[{"taxonomy":"product_cat","embeddable":true,"href":"https:\/\/gamyba.online\/en\/wp-json\/wp\/v2\/product_cat?post=29171"},{"taxonomy":"product_tag","embeddable":true,"href":"https:\/\/gamyba.online\/en\/wp-json\/wp\/v2\/product_tag?post=29171"},{"taxonomy":"mwb_booking_cost","embeddable":true,"href":"https:\/\/gamyba.online\/en\/wp-json\/wp\/v2\/mwb_booking_cost?post=29171"},{"taxonomy":"mwb_booking_service","embeddable":true,"href":"https:\/\/gamyba.online\/en\/wp-json\/wp\/v2\/mwb_booking_service?post=29171"}],"curies":[{"name":"wp","href":"https:\/\/api.w.org\/{rel}","templated":true}]}}