{"id":29178,"date":"2024-04-10T09:33:19","date_gmt":"2024-04-10T07:33:19","guid":{"rendered":"https:\/\/gamyba.online\/product\/siuvyklos-uzsakymu-priemimo-tiekimo-ir-medziagu-valdymo-gamyboje-sistema\/"},"modified":"2024-11-04T22:26:27","modified_gmt":"2024-11-04T20:26:27","slug":"siuvyklos-uzsakymu-priemimo-tiekimo-ir-medziagu-valdymo-gamyboje-sistema","status":"publish","type":"product","link":"https:\/\/gamyba.online\/en\/product\/siuvyklos-uzsakymu-priemimo-tiekimo-ir-medziagu-valdymo-gamyboje-sistema\/","title":{"rendered":"Siuvyklos u\u017esakym\u0173 pri\u0117mimo, tiekimo ir med\u017eiag\u0173  valdymo gamyboje sistema"},"content":{"rendered":"<p><font face=\"Calibri\"><br \/>\n<p class=\"MsoNormal\"><span>AIVA gamybos valdymo sistema pad\u0117s jums susitvarkyti su problemomis, su kuriomis susiduria tiek didel\u0117s tiek ma\u017eos siuvimo \u012fmon\u0117s.<\/span><\/p><br \/>\n<p class=\"MsoNormal\"><br \/>\n<table class=\"MsoTableGrid\" cellspacing=\"0\" cellpadding=\"0\" border=\"0\"><br \/>\n<tbody><br \/>\n<tr><br \/>\n<td valign=\"top\" width=\"332\"><span><br \/>\n<p class=\"MsoNormal\"><span>Automatizav\u0119 <b>Darbo su klientais<\/b>&nbsp; proces\u0105 geriau gal\u0117site aptarnauti savo klientus, sutaupysite vadybinink\u0173 darbo laiko s\u0105naudas pasi\u016blym\u0173 ruo\u0161imui ir u\u017esakym\u0173 perdavimui \u012f gamyb\u0105.<\/span><\/p><br \/>\n<p class=\"MsoNormal\"><span>Registruojant kliento u\u017esakym\u0105 pasirinkus drabu\u017ei\u0173 dyd\u017eius, programa sukurs kiekvienam dyd\u017eiui gaminius, apskai\u010diuos j\u0173 kain\u0105, suformuos pasi\u016blym\u0105, s\u0105skait\u0105, sutart\u012f, u\u017esakym\u0105 gamybai. <a href=\"https:\/\/www.aiva.lt\/Pardavim-padaliniams\/nestandartiniu-gaminiu-kainos-paskaiciavimo-komerciniu-pasiulymu-sutarciu-ir-saskaitu-ruosimo-programos-modulis-optimum\/lt\"><font color=\"#0563c1\">Daugiau skaitykite<\/font><\/a>&#8230;<\/span><span><\/span><\/p><\/span><\/td><br \/>\n<td valign=\"top\" width=\"332\"><br \/>\n<p class=\"MsoNormal\" align=\"center\"><span><img src=\"https:\/\/www.aiva.lt\/images\/image\/AIVA_pardavimai1.jpg\" width=\"988\" height=\"707\"><\/span><\/p><\/td><\/tr><br \/>\n<tr><br \/>\n<td valign=\"top\" width=\"332\"><br \/>\n<p class=\"MsoNormal\" align=\"center\"><span><\/span><span><img src=\"https:\/\/www.aiva.lt\/images\/image\/AIVA_pardavimai.jpg\" width=\"709\" height=\"535\"><\/span><\/p><\/td><br \/>\n<td valign=\"top\" width=\"332\"><br \/>\n<p class=\"MsoNormal\"><span>Automatizav\u0119 <b>Med\u017eiag\u0173 tiekimo &nbsp;valdymo ir apskaitos gamyboje<\/b>&nbsp;proces\u0105 sutaupysite&nbsp; 90% darbuotoj\u0173 laiko (o tai vienas ar keli sutaupyti etatai!) med\u017eiag\u0173 poreikio skai\u010diavimui, u\u017esakymui i\u0161 tiek\u0117j\u0173, pajamavimui, surinkimui u\u017esakym\u0173 vykdymui ir nura\u0161ymui gamyboje.<\/span><\/p><br \/>\n<p class=\"MsoNormal\"><span><span>&nbsp;<\/span>Pigiau nupirksite med\u017eiagas, tur\u0117site duomenis apie j\u0173 liku\u010dius realiu laiku, tod\u0117l ma\u017eesn\u0117 tikimyb\u0117 kad j\u0173 pritr\u016bksite, kai reik\u0117s, arba kad susikaups per dideles atsargos. <span><a href=\"https:\/\/www.aiva.lt\/Tiekimo-skyriui\/lt\"><font color=\"#0563c1\">Daugiau skaitykite<\/font><\/a><\/span><\/span><\/p><\/td><\/tr><br \/>\n<tr><br \/>\n<td valign=\"top\" width=\"332\"><br \/>\n<p class=\"MsoNormal\"><span><\/span>&nbsp;<\/p><br \/>\n<p class=\"MsoNormal\"><span>Automatizav\u0119 <b>Gamybos plan\u0173 sudarymo ir <span>&nbsp;<\/span>operacij\u0173 planavimo proces\u0105 sutapysite laik\u0105 plan\u0173 sudarymui bei <\/b>optimizuosite gamybos resurs\u0173,- \u012frengim\u0173 ir darbuotoj\u0173, u\u017eimtum\u0105 gamyboje.<\/span><\/p><br \/>\n<p class=\"MsoNormal\"><span>Gamybos planus programa sudarys automati\u0161kai i\u0161 klient\u0173 u\u017esakym\u0173 ir pagal atsarg\u0173 normas. <span><a href=\"https:\/\/www.aiva.lt\/item.php?item=20979&amp;lang=lt\"><font color=\"#0563c1\">Apie planus<\/font><\/a>&#8230; <\/span><\/span><\/p><br \/>\n<p class=\"MsoNormal\">&nbsp;<\/p><br \/>\n<p class=\"MsoNormal\"><span>&nbsp;<\/span><\/p><\/td><br \/>\n<td valign=\"top\" width=\"332\"><span><\/span><br \/>\n<p class=\"MsoNormal\" align=\"center\"><span><\/span>&nbsp;<\/p><br \/>\n<p class=\"MsoNormal\" align=\"center\"><span><img src=\"https:\/\/www.aiva.lt\/images\/image\/AIVA_meistras.jpg\" width=\"766\" height=\"588\"><\/span><\/p><\/td><\/tr><br \/>\n<tr><br \/>\n<td valign=\"top\" width=\"332\"><br \/>\n<p class=\"MsoNormal\" align=\"center\"><span><img src=\"https:\/\/www.aiva.lt\/images\/image\/AIVA_sandelis2.jpg\" width=\"840\" height=\"625\"><\/span><\/p><\/td><br \/>\n<td valign=\"top\" width=\"332\"><br \/>\n<p class=\"MsoNormal\"><span>Automatizav\u0119 <b>med\u017eiag\u0173 valdymo ir <span>&nbsp;<\/span>apskaitos <span>&nbsp;<\/span>gamyboje <\/b>sutaupysite darbo laik\u0105 med\u017eiag\u0173 surinkimui i\u0161 sand\u0117li\u0173, perdavimui \u012f gamyb\u0105 <span>&nbsp;<\/span>ir apskaitai.<\/span><\/p><br \/>\n<p class=\"MsoNormal\"><span>Med\u017eiagas gamybos u\u017esakymui surinks programa, ir jas nura\u0161ys kai darbininkas patvirtins savo paskutin\u0117s operacijos atlikim\u0105. <span><a href=\"https:\/\/www.aiva.lt\/item.php?item=21333&amp;lang=lt\"><font color=\"#0563c1\">Apie med\u017eiag\u0173 valdym\u0105 gamyboje<\/font><\/a>&#8230;<\/span><\/span><\/p><\/td><\/tr><br \/>\n<tr><br \/>\n<td valign=\"top\" width=\"332\"><\/td><br \/>\n<td valign=\"top\" width=\"332\"><br \/>\n<p class=\"MsoNormal\" align=\"center\"><span><\/span>&nbsp;<\/p><\/td><\/tr><br \/>\n<tr><br \/>\n<td valign=\"top\" width=\"332\"><br \/>\n<p class=\"MsoNormal\" align=\"center\"><span><img src=\"https:\/\/www.aiva.lt\/images\/image\/AIVA_meistras3.jpg\" width=\"747\" height=\"556\">&nbsp;<\/span><\/p><br \/>\n<p class=\"MsoNormal\" align=\"center\"><span><\/span><span><\/span>&nbsp;<\/p><\/td><br \/>\n<td valign=\"top\" width=\"332\"><br \/>\n<p class=\"MsoNormal\"><b><span>Automatizav\u0119 pagamintos produkcijos apskaitos ir i\u0161davimo klientams <\/span><\/b><span>proces\u0105 gal\u0117site grei\u010diau suformuoti i\u0161davimo dokumentus-Fakt\u016bras, va\u017etara\u0161\u010dius, CMR, grei\u010diau aptarnauti klientus, matyti pagamintos produkcijos liku\u010dius realiu laiku.<\/span><\/p><br \/>\n<p class=\"MsoNormal\"><span>Taip pat grei\u010diau atliksite perk\u0117limo tarp sand\u0117li\u0173, gra\u017einimo i\u0161 klient\u0173, ataskait\u0173 perdavimo \u012f I.MAS ir i.VAZ sistemas darbus, realiu laiku gausite sand\u0117lio, Intrastato bei i\u0161ve\u017eamos pakuot\u0117s ataskaitas. <span><a href=\"https:\/\/www.aiva.lt\/Gamybos-apskaitai\/medziagu-ir-gatavos-produkcijos-apskaitos-sistema-su-intrastat-ir-pakuotes-apskaita-bei-dokumentu-perdavimu-i-i-mas-ir-i-saf\/lt\"><font color=\"#0563c1\">Daugiau skaitykite<\/font><\/a>..<\/span><\/span><\/p><\/td><\/tr><\/tbody><\/table><\/p><br \/>\n<p class=\"MsoNormal\"><b><span>Kod\u0117l&nbsp; verta Jums diegtis AIVA gamybos valdymo sistem\u0105<\/span><\/b><\/p><br \/>\n<p class=\"MsoListParagraphCxSpFirst\"><span><span>1)<span>&nbsp;&nbsp;&nbsp;&nbsp;&nbsp; <\/span><\/span><\/span><span>Labiausiai i\u0161 vis\u0173 \u017einom\u0173 sistem\u0173 automatizuosite visus valdymo procesus, prakti\u0161kai, beveik be rankinio duomen\u0173 \u012fvedimo<\/span><\/p><br \/>\n<p class=\"MsoListParagraphCxSpMiddle\"><span><span>2)<span>&nbsp;&nbsp;&nbsp;&nbsp;&nbsp; <\/span><\/span><\/span><span>Operatyviai valdysite med\u017eiag\u0173 tiekimo ir apskaitos procesus, tod\u0117l grei\u010diau ir pigiau gaminsite<\/span><\/p><br \/>\n<p class=\"MsoListParagraphCxSpLast\"><span><span>3)<span>&nbsp;&nbsp;&nbsp;&nbsp;&nbsp; <\/span><\/span><\/span><span>AIVA&nbsp;SISTEMA &nbsp;turi&nbsp; didel\u0119 patirt\u012f automatizuojant siuvimo \u012fmones, tod\u0117l galime pasi\u016blyti Jums jau&nbsp;prtaikytus geriausius &nbsp;sprendimus.<\/span><\/p><\/font><br \/>\n<p class=\"MsoNormal\"><font face=\"Calibri\"><\/font><font face=\"Calibri\"><\/font>&nbsp;<\/p><\/p>","protected":false},"excerpt":{"rendered":"<p>AIVA gamybos valdymo sistema pad\u0117s jums susitvarkyti su problemomis, su kuriomis susiduria tiek didel\u0117s tiek ma\u017eos siuvimo \u012fmon\u0117s. Automatizav\u0119 Darbo su klientais&nbsp; proces\u0105 geriau gal\u0117site aptarnauti savo klientus, sutaupysite vadybinink\u0173 darbo laiko s\u0105naudas pasi\u016blym\u0173 ruo\u0161imui ir u\u017esakym\u0173 perdavimui \u012f gamyb\u0105. Registruojant kliento u\u017esakym\u0105 pasirinkus drabu\u017ei\u0173 dyd\u017eius, programa sukurs kiekvienam dyd\u017eiui gaminius, apskai\u010diuos j\u0173 kain\u0105, suformuos [&hellip;]<\/p>","protected":false},"featured_media":29371,"template":"","meta":{"_mi_skip_tracking":false,"_monsterinsights_sitenote_active":false,"_monsterinsights_sitenote_note":"","_monsterinsights_sitenote_category":0},"product_cat":[1511,1520],"product_tag":[],"mwb_booking_cost":[],"mwb_booking_service":[],"bundled_by":[],"bundle_stock_status":"instock","bundle_stock_quantity":null,"bundle_virtual":false,"bundle_layout":"","bundle_add_to_cart_form_location":"","bundle_editable_in_cart":false,"bundle_sold_individually_context":"","bundle_item_grouping":"","bundle_min_size":"","bundle_max_size":"","bundled_items":[],"bundle_sell_ids":[],"acf":[],"aioseo_notices":[],"_links":{"self":[{"href":"https:\/\/gamyba.online\/en\/wp-json\/wp\/v2\/product\/29178"}],"collection":[{"href":"https:\/\/gamyba.online\/en\/wp-json\/wp\/v2\/product"}],"about":[{"href":"https:\/\/gamyba.online\/en\/wp-json\/wp\/v2\/types\/product"}],"wp:featuredmedia":[{"embeddable":true,"href":"https:\/\/gamyba.online\/en\/wp-json\/wp\/v2\/media\/29371"}],"wp:attachment":[{"href":"https:\/\/gamyba.online\/en\/wp-json\/wp\/v2\/media?parent=29178"}],"wp:term":[{"taxonomy":"product_cat","embeddable":true,"href":"https:\/\/gamyba.online\/en\/wp-json\/wp\/v2\/product_cat?post=29178"},{"taxonomy":"product_tag","embeddable":true,"href":"https:\/\/gamyba.online\/en\/wp-json\/wp\/v2\/product_tag?post=29178"},{"taxonomy":"mwb_booking_cost","embeddable":true,"href":"https:\/\/gamyba.online\/en\/wp-json\/wp\/v2\/mwb_booking_cost?post=29178"},{"taxonomy":"mwb_booking_service","embeddable":true,"href":"https:\/\/gamyba.online\/en\/wp-json\/wp\/v2\/mwb_booking_service?post=29178"}],"curies":[{"name":"wp","href":"https:\/\/api.w.org\/{rel}","templated":true}]}}