{"id":29179,"date":"2024-04-10T09:33:20","date_gmt":"2024-04-10T07:33:20","guid":{"rendered":"https:\/\/gamyba.online\/product\/siuvyklos-sumani-gamybos-operaciju-valdymo-uzsakymu-priemimo-ir-ju-apskaitos-sistema\/"},"modified":"2024-11-05T23:23:12","modified_gmt":"2024-11-05T21:23:12","slug":"siuvyklos-sumani-gamybos-operaciju-valdymo-uzsakymu-priemimo-ir-ju-apskaitos-sistema","status":"publish","type":"product","link":"https:\/\/gamyba.online\/en\/product\/siuvyklos-sumani-gamybos-operaciju-valdymo-uzsakymu-priemimo-ir-ju-apskaitos-sistema\/","title":{"rendered":"Siuvyklos sumani gamybos operacij\u0173 valdymo, u\u017esakym\u0173 pri\u0117mimo ir j\u0173 apskaitos sistema"},"content":{"rendered":"<p><font face=\"Calibri\"><font face=\"Calibri\"><br \/>\n<p class=\"MsoNormal\"><span>AIVA gamybos valdymo sistema automatizuos u\u017esakym\u0173 ir gamybos operacij\u0173 valdymo funkcijas.<\/span><\/p><br \/>\n<p class=\"MsoNormal\"><br \/>\n<table class=\"MsoTableGrid\" cellspacing=\"0\" cellpadding=\"0\" border=\"0\"><br \/>\n<tbody><br \/>\n<tr><br \/>\n<td valign=\"top\" width=\"332\"><span><br \/>\n<p class=\"MsoNormal\"><span>Automatizav\u0119 <b>Darbo su klientais<\/b>&nbsp; proces\u0105 geriau gal\u0117site aptarnauti savo klientus, sutaupysite vadybinink\u0173 darbo laiko s\u0105naudas pasi\u016blym\u0173 ruo\u0161imui ir u\u017esakym\u0173 perdavimui \u012f gamyb\u0105.<\/span><\/p><br \/>\n<p class=\"MsoNormal\"><span>Registruojant kliento u\u017esakym\u0105 pasirinkus drabu\u017ei\u0173 dyd\u017eius, programa sukurs kiekvienam dyd\u017eiui gaminius, apskai\u010diuos j\u0173 kain\u0105, suformuos pasi\u016blym\u0105, s\u0105skaita, sutarti, u\u017esakym\u0105 gamybai. <a href=\"https:\/\/www.aiva.lt\/Pardavim-padaliniams\/nestandartiniu-gaminiu-kainos-paskaiciavimo-komerciniu-pasiulymu-sutarciu-ir-saskaitu-ruosimo-programos-modulis-optimum\/lt\"><font color=\"#0563c1\">Daugiau skaitykite<\/font><\/a>&#8230;<\/span><span><\/span><\/p><\/span><\/td><br \/>\n<td valign=\"top\" width=\"332\"><br \/>\n<p class=\"MsoNormal\" align=\"center\"><span><img src=\"https:\/\/www.aiva.lt\/images\/image\/AIVA_pardavimai1.jpg\" width=\"988\" height=\"707\"><\/span><\/p><\/td><\/tr><br \/>\n<tr><br \/>\n<td valign=\"top\" width=\"332\"><br \/>\n<p class=\"MsoNormal\" align=\"center\"><span><\/span>&nbsp;<\/p><br \/>\n<p class=\"MsoNormal\" align=\"center\"><span><img src=\"https:\/\/www.aiva.lt\/images\/image\/AIVA_meistras.jpg\" width=\"760\" height=\"588\"><\/span><\/p><\/td><br \/>\n<td valign=\"top\" width=\"332\"><br \/>\n<p class=\"MsoNormal\"><span><span><\/span><\/span>&nbsp;<\/p><br \/>\n<p class=\"MsoNormal\"><span>Automatizav\u0119 <b>Gamybos plan\u0173 sudarymo ir <span>&nbsp;<\/span>operacij\u0173 planavimo proces\u0105 sutapysite laik\u0105 plan\u0173 sudarymui bei <\/b>optimizuosite gamybos resurs\u0173,- \u012frengim\u0173 ir darbuotoj\u0173, u\u017eimtum\u0105 gamyboje.<\/span><\/p><br \/>\n<p class=\"MsoNormal\"><span>Gamybos planus programa sudarys automati\u0161kai i\u0161 klient\u0173 u\u017esakym\u0173 ir pagal atsarg\u0173 normas. <span><a href=\"https:\/\/www.aiva.lt\/item.php?item=20979&amp;lang=lt\"><font color=\"#0563c1\">Apie planus<\/font><\/a>&#8230; <\/span><\/span><\/p><br \/>\n<p class=\"MsoNormal\"><span><span><\/span>&#8220;Dirbtinio intelekto&#8221; planavimo modulis suplanuos u\u017eduotisdarbo centrams ir parodys ar laiku \u012fvykdysite klient\u0173 u\u017esakymus.<span>&nbsp;<span><a href=\"https:\/\/www.aiva.lt\/item.php?item=13000&amp;lang=lt\"><font color=\"#0563c1\">Apie operacij\u0173 planavim\u0105<\/font><\/a>&#8230;<\/span><\/span><\/span><\/p><br \/>\n<p class=\"MsoNormal\">&nbsp;&nbsp;<\/p><\/td><\/tr><br \/>\n<tr><br \/>\n<td valign=\"top\" width=\"332\"><br \/>\n<p class=\"MsoNormal\"><span><\/span>&nbsp;<\/p><\/td><br \/>\n<td valign=\"top\" width=\"332\"><br \/>\n<p class=\"MsoNormal\" align=\"center\"><span><\/span>&nbsp;<\/p><\/td><\/tr><br \/>\n<tr><br \/>\n<td valign=\"top\" width=\"332\"><br \/>\n<p class=\"MsoNormal\" align=\"center\"><span><\/span>&nbsp;<\/p><\/td><br \/>\n<td valign=\"top\" width=\"332\"><\/td><\/tr><br \/>\n<tr><br \/>\n<td valign=\"top\" width=\"332\"><br \/>\n<p class=\"MsoNormal\"><span>Automatizav\u0119 <b>Gamybos operacij\u0173 u\u017eduo\u010di\u0173 paskirstymo ir vykdymo apskaitos <\/b>proces\u0105 sutaupysite meistr\u0173 laik\u0105 u\u017eduo\u010di\u0173 paskirstymui, kontrolei, suma\u017einsite darbuotoj\u0173 prastovas gamyboje.<\/span><\/p><br \/>\n<p class=\"MsoNormal\"><span>Darbuotojai gaus telefone ar plan\u0161et\u0117je &nbsp;automati\u0161kai suplanuotas jiems u\u017eduotis. Pasirinkus ir atlikus u\u017eduot\u012f, programa u\u017eregistruos kas, kada ir per kiek laiko j\u0105 atliko. <span><a href=\"https:\/\/www.aiva.lt\/item.php?group=2547&amp;item=21349&amp;lang=lt\"><font color=\"#0563c1\">Daugiau skaitykite <\/font><\/a>..<\/span><\/span><\/p><\/td><br \/>\n<td valign=\"top\" width=\"332\"><br \/>\n<p class=\"MsoNormal\" align=\"center\"><span><\/span><span><img src=\"https:\/\/www.aiva.lt\/images\/image\/AIVA_siuvimui.jpg\" width=\"666\" height=\"471\"><\/span><\/p><\/td><\/tr><br \/>\n<tr><br \/>\n<td valign=\"top\" width=\"332\"><br \/>\n<p class=\"MsoNormal\" align=\"center\"><span><img src=\"https:\/\/www.aiva.lt\/images\/image\/AIVA_meistras3.jpg\" width=\"747\" height=\"556\">&nbsp;<\/span><\/p><br \/>\n<p class=\"MsoNormal\" align=\"center\"><span><\/span><span><\/span>&nbsp;<\/p><\/td><br \/>\n<td valign=\"top\" width=\"332\"><br \/>\n<p class=\"MsoNormal\"><b><span>Automatizav\u0119 pagamintos produkcijos apskaitos ir i\u0161davimo klientams <\/span><\/b><span>proces\u0105 gal\u0117site grei\u010diau suformuoti i\u0161davimo dokumentus-Fakt\u016bras, va\u017etara\u0161\u010dius, CMR, grei\u010diau aptarnauti klientus, matyti pagamintos produkcijos liku\u010dius realiu laiku.<\/span><\/p><br \/>\n<p class=\"MsoNormal\"><span>Taip pat grei\u010diau atliksite perk\u0117limo tarp sand\u0117li\u0173, gra\u017einimo i\u0161 klient\u0173, ataskait\u0173 perdavimo \u012f I.MAS ir i.VAZ sistemas darbus, realiu laiku gausite sand\u0117lio, Intrastato bei i\u0161ve\u017eamos pakuot\u0117s ataskaitas. <span><a href=\"https:\/\/www.aiva.lt\/Gamybos-apskaitai\/medziagu-ir-gatavos-produkcijos-apskaitos-sistema-su-intrastat-ir-pakuotes-apskaita-bei-dokumentu-perdavimu-i-i-mas-ir-i-saf\/lt\"><font color=\"#0563c1\">Daugiau skaitykite<\/font><\/a>..<\/span><\/span><\/p><\/td><\/tr><\/tbody><\/table><\/p><br \/>\n<p class=\"MsoNormal\"><b><span>Kod\u0117l&nbsp; verta Jums diegtis AIVA gamybos valdymo sistem\u0105<\/span><\/b><\/p><br \/>\n<p class=\"MsoListParagraphCxSpFirst\"><span><span>1)<span>&nbsp;&nbsp;&nbsp;&nbsp;&nbsp; <\/span><\/span><\/span><span>Labiausiai i\u0161 vis\u0173 \u017einom\u0173 sistem\u0173 automatizuosite visus valdymo procesus, prakti\u0161kai, beveik be rankinio duomen\u0173 \u012fvedimo<\/span><\/p><br \/>\n<p class=\"MsoListParagraphCxSpMiddle\"><span><span>2)<span>&nbsp;&nbsp;&nbsp;&nbsp;&nbsp; <\/span><\/span><\/span><span>AIVA sumani <span>&nbsp;<\/span>gamybos planavimo sistema pad\u0117s jums optimizuoti darbo centr\u0173 ir darbinink\u0173 u\u017eimtum\u0105 ir dirbti&nbsp; pelningiau<\/span><\/p><br \/>\n<p class=\"MsoListParagraphCxSpLast\"><span><span>3)<span>&nbsp;&nbsp;&nbsp;&nbsp;&nbsp; <\/span><\/span><\/span><span>AIVA&nbsp;SISTEMA &nbsp;turi&nbsp; didel\u0119 patirt\u012f automatizuojant siuvimo \u012fmones, tod\u0117l galime pasi\u016blyti Jums jau&nbsp;prtaikytus geriausius &nbsp;sprendimus.<\/span><\/p><\/font><br \/>\n<p class=\"MsoNormal\"><font face=\"Calibri\"><\/font><font face=\"Calibri\"><\/font>&nbsp;<\/p><\/font><font face=\"Calibri\"><\/font><\/p>","protected":false},"excerpt":{"rendered":"<p>AIVA gamybos valdymo sistema automatizuos u\u017esakym\u0173 ir gamybos operacij\u0173 valdymo funkcijas. Automatizav\u0119 Darbo su klientais&nbsp; proces\u0105 geriau gal\u0117site aptarnauti savo klientus, sutaupysite vadybinink\u0173 darbo laiko s\u0105naudas pasi\u016blym\u0173 ruo\u0161imui ir u\u017esakym\u0173 perdavimui \u012f gamyb\u0105. Registruojant kliento u\u017esakym\u0105 pasirinkus drabu\u017ei\u0173 dyd\u017eius, programa sukurs kiekvienam dyd\u017eiui gaminius, apskai\u010diuos j\u0173 kain\u0105, suformuos pasi\u016blym\u0105, s\u0105skaita, sutarti, u\u017esakym\u0105 gamybai. Daugiau skaitykite&#8230; [&hellip;]<\/p>","protected":false},"featured_media":0,"template":"","meta":{"_mi_skip_tracking":false,"_monsterinsights_sitenote_active":false,"_monsterinsights_sitenote_note":"","_monsterinsights_sitenote_category":0},"product_cat":[1511,1520],"product_tag":[],"mwb_booking_cost":[],"mwb_booking_service":[],"bundled_by":[],"bundle_stock_status":"instock","bundle_stock_quantity":null,"bundle_virtual":false,"bundle_layout":"","bundle_add_to_cart_form_location":"","bundle_editable_in_cart":false,"bundle_sold_individually_context":"","bundle_item_grouping":"","bundle_min_size":"","bundle_max_size":"","bundled_items":[],"bundle_sell_ids":[],"acf":[],"aioseo_notices":[],"_links":{"self":[{"href":"https:\/\/gamyba.online\/en\/wp-json\/wp\/v2\/product\/29179"}],"collection":[{"href":"https:\/\/gamyba.online\/en\/wp-json\/wp\/v2\/product"}],"about":[{"href":"https:\/\/gamyba.online\/en\/wp-json\/wp\/v2\/types\/product"}],"wp:attachment":[{"href":"https:\/\/gamyba.online\/en\/wp-json\/wp\/v2\/media?parent=29179"}],"wp:term":[{"taxonomy":"product_cat","embeddable":true,"href":"https:\/\/gamyba.online\/en\/wp-json\/wp\/v2\/product_cat?post=29179"},{"taxonomy":"product_tag","embeddable":true,"href":"https:\/\/gamyba.online\/en\/wp-json\/wp\/v2\/product_tag?post=29179"},{"taxonomy":"mwb_booking_cost","embeddable":true,"href":"https:\/\/gamyba.online\/en\/wp-json\/wp\/v2\/mwb_booking_cost?post=29179"},{"taxonomy":"mwb_booking_service","embeddable":true,"href":"https:\/\/gamyba.online\/en\/wp-json\/wp\/v2\/mwb_booking_service?post=29179"}],"curies":[{"name":"wp","href":"https:\/\/api.w.org\/{rel}","templated":true}]}}