{"id":29184,"date":"2024-04-10T09:33:26","date_gmt":"2024-04-10T07:33:26","guid":{"rendered":"https:\/\/gamyba.online\/product\/gamybos-tiekimo-ir-logistikos-valdymo-bei-pardavimu-parduotuvese-apskaitos-automatizuota-sistema-vidutinei-imonei\/"},"modified":"2024-11-04T22:26:26","modified_gmt":"2024-11-04T20:26:26","slug":"gamybos-tiekimo-ir-logistikos-valdymo-bei-pardavimu-parduotuvese-apskaitos-automatizuota-sistema-vidutinei-imonei","status":"publish","type":"product","link":"https:\/\/gamyba.online\/en\/product\/gamybos-tiekimo-ir-logistikos-valdymo-bei-pardavimu-parduotuvese-apskaitos-automatizuota-sistema-vidutinei-imonei\/","title":{"rendered":"Gamybos, tiekimo ir logistikos valdymo bei pardavim\u0173  parduotuv\u0117se apskaitos automatizuota sistema  vidutinei \u012fmonei"},"content":{"rendered":"<p><p class=\"MsoNormal\"><span><font face=\"Calibri\">AIVA sistemos pagalba automatizuosite \u0161iuos procesus<\/font><\/span><\/p><br \/>\n<p class=\"MsoNormal\"><span><\/span>&nbsp;<\/p><br \/>\n<p class=\"MsoNormal\"><b><span><font face=\"Calibri\">Gamybos technologijos apra\u0161ym\u0105<\/font><\/span><\/b><\/p><br \/>\n<p class=\"MsoNormal\"><span><font face=\"Calibri\">Gamini\u0173 technologijos apra\u0161ymo,<span>&nbsp; <\/span>ir gamybini\u0173 operacij\u0173 duomen\u0173 baz\u0117 <b>(Katalogas)<\/b><\/font><\/span><\/p><br \/>\n<p class=\"MsoNormal\"><b><span><font face=\"Calibri\">&nbsp;<\/font><\/span><\/b><\/p><br \/>\n<p class=\"MsoNormal\"><b><span><font face=\"Calibri\">Gamini\u0173 ir \u017ealiav\u0173<span>&nbsp; <\/span>min ir max. norm\u0173 \u017einynas<\/font><\/span><\/b><\/p><br \/>\n<p class=\"MsoNormal\"><span><font face=\"Calibri\">Sudaromas \u017einynas kiekvienam gaminiui kiek turi b\u016bti min gamini\u0173 kad formuoti j\u0173 gamybos plan\u0105 , ir max norma, kuri rodo kiek gaminti. Analogi\u0161kas \u017einynas sudaromas ir \u017ealiavoms, kuris rodo prie kokios ribos jau reikia pirkti \u017ealiavas ir tada kiek pirkti.<\/font><\/span><\/p><br \/>\n<p class=\"MsoNormal\"><span><font face=\"Calibri\">&nbsp;<\/font><\/span><\/p><br \/>\n<p class=\"MsoNormal\"><b><span><font face=\"Calibri\">U\u017esakym\u0173 i\u0161 parduotuvi\u0173 suformavimas<\/font><\/span><\/b><\/p><br \/>\n<p class=\"MsoNormal\"><span><font face=\"Calibri\">Parduotuv\u0117s<span>&nbsp;&nbsp; <\/span>per program\u0105 pasirinkdamas gaminius i\u0161 programos katalogo ir matydamos j\u0173 liku\u010dius gamyboje gal\u0117s kas dien\u0105 suformuoti jiems u\u017esakymus gamybai, kurie automati\u0161kai \u012fsira\u0161o \u012f gamybos u\u017esakym\u0173 s\u0105ra\u0161\u0105 bei \u012f u\u017esakym\u0173 logistikai s\u0105ra\u0161\u0105.<\/font><\/span><\/p><br \/>\n<p class=\"MsoNormal\"><span><font face=\"Calibri\">&nbsp;<\/font><\/span><\/p><br \/>\n<p class=\"MsoNormal\"><b><span><font face=\"Calibri\">Gamybos planavimas<\/font><\/span><\/b><\/p><br \/>\n<p class=\"MsoNormal\"><span><font face=\"Calibri\">Gamybos planas sudaromas automati\u0161kai i\u0161 sand\u0117lio min ir max norm\u0173 bei parduotuvi\u0173-kavini\u0173 u\u017esakym\u0173.<\/font><\/span><\/p><br \/>\n<p class=\"MsoNormal\"><span><font face=\"Calibri\">&nbsp;<\/font><\/span><\/p><br \/>\n<p class=\"MsoNormal\"><span><font face=\"Calibri\">I\u0161 \u0161io plano vyksta u\u017esakym\u0173 valdymas- \u017ealiav\u0173 poreikio paskai\u010diavimas ir perdavimas tiekimui, u\u017esakym\u0173 perdavimas gaminti ir blokavimas\/atblokavimas j\u0173 koregavimo.<\/font><\/span><\/p><br \/>\n<p class=\"MsoNormal\"><b><span><font face=\"Calibri\">&nbsp;<\/font><\/span><\/b><\/p><br \/>\n<p class=\"MsoNormal\"><b><span><font face=\"Calibri\">Gamybos operacij\u0173 planavimas.<\/font><\/span><\/b><\/p><br \/>\n<p class=\"MsoNormal\"><span><font face=\"Calibri\">Programa automati\u0161kai pagal \u012frengim\u0173 ir kit\u0173 darbo centr\u0173 apkrovim\u0105 suplanuoja operacij\u0173 vykdymo eil\u0119. Pagal \u0161i\u0105 eil\u0119 paskirstomos u\u017e-duotis gamybos terminale.<\/font><\/span><\/p><br \/>\n<p class=\"MsoNormal\"><span><font face=\"Calibri\">&nbsp;<\/font><\/span><\/p><br \/>\n<p class=\"MsoNormal\"><b><span><font face=\"Calibri\">Gamini\u0173 u\u017esakym\u0173 i\u0161komplektavimas \u012f dalinius, -pusgamini\u0173<span>&nbsp; <\/span>ir gamini\u0173 surinkimo gamybos planus.<\/font><\/span><\/b><\/p><br \/>\n<p class=\"MsoNormal\"><span><font face=\"Calibri\">Gamini\u0173 u\u017esakymai i\u0161 bendro u\u017esakym\u0173 s\u0105ra\u0161o-plano i\u0161skaidomi<span>&nbsp; <\/span>\u012f dalinius u\u017esakymus- pusgamini\u0173 gamybai bei galutinio gaminio surinkimui. Toliau i\u0161 \u0161i\u0173 dalini\u0173 plan\u0173 vyksta \u017ealiav\u0173 ir gamybini\u0173 operacij\u0173 valdymas <b><\/b><\/font><\/span><\/p><br \/>\n<p class=\"MsoNormal\"><span><font face=\"Calibri\">&nbsp;<\/font><\/span><\/p><br \/>\n<p class=\"MsoNormal\"><b><span><font face=\"Calibri\">\u017daliav\u0173 ir pagamint\u0173 pusgamini\u0173 apskaita gamyboje<\/font><\/span><\/b><\/p><br \/>\n<p class=\"MsoNormal\"><font face=\"Calibri\"><b><span>\u017daliav\u0173<\/span><\/b><span> apskaita vyksta atskirai<span>&nbsp; <\/span>pusgaminiams ir gaminiams.<b><\/b><\/span><\/font><\/p><br \/>\n<p class=\"MsoNormal\"><span><font face=\"Calibri\">Programa automati\u0161kai ar pagal darbuotoj\u0173 pasirinkim\u0105 surenka reikalingas u\u017esakymui pagaminti \u017ealiavas, pusgaminius. <\/font><\/span><\/p><br \/>\n<p class=\"MsoNormal\"><span><font face=\"Calibri\">\u017daliav\u0173 surinkimo pagreitinimui ir klaid\u0173 kontrolei gali b\u016bti naudojami skeneriai . <\/font><\/span><\/p><br \/>\n<p class=\"MsoNormal\"><span><font face=\"Calibri\">Pajamavimas pusgamini\u0173 ir gamini\u0173 vyksta automati\u0161kai nura\u0161ius med\u017eiagas. Med\u017eiag\u0173 nura\u0161ymas gali vykti nuskenavus paskutin\u0119 gamybin\u0119 operacij\u0105. Gamini\u0173 ar pusgamini\u0173<span>&nbsp; <\/span>u\u017epajamavimui , jei jis ne toks kaip u\u017esakyme, tereikia tik \u012fvesti pagamint\u0105 kiek\u012f. Med\u017eiagos turi nusira\u0161yti visos, kiek buvo paimta j\u0173 u\u017esakymui. <\/font><\/span><\/p><br \/>\n<p class=\"MsoNormal\"><span><font face=\"Calibri\">&nbsp;<\/font><\/span><\/p><br \/>\n<p class=\"MsoNormal\"><b><span><font face=\"Calibri\">Gamybini\u0173 operacij\u0173 registravimas gamybos terminale su lie\u010diamu ekranu<\/font><\/span><\/b><\/p><br \/>\n<p class=\"MsoNormal\"><span><font face=\"Calibri\">&nbsp;<\/font><\/span><\/p><br \/>\n<p class=\"MsoNormal\"><span><font face=\"Calibri\">U\u017eduotis darbininkams programa parodo gamybos terminale<\/font><\/span><\/p><br \/>\n<p class=\"MsoNormal\"><span><font face=\"Calibri\">Darbininkai patvirtina<span>&nbsp; <\/span>kada prad\u0117jo<span>&nbsp; <\/span>vykdyti u\u017esakym\u0105 ir kada pabaig\u0117 bei \u012fra\u0161o pagamint\u0105 kiek\u012f. Programa nura\u0161o med\u017eiagas ir u\u017epajamuoja pusgaminius bei gaminius, paskai\u010diuoja atlyginimus.<\/font><\/span><\/p><br \/>\n<p class=\"MsoNormal\"><span><font face=\"Calibri\">&nbsp;<\/font><\/span><\/p><br \/>\n<p class=\"MsoNormal\"><span><font face=\"Calibri\">&nbsp;<\/font><\/span><\/p><br \/>\n<p class=\"MsoNormal\"><b><span><font face=\"Calibri\">Tiekimui ir sand\u0117liams:<\/font><\/span><\/b><\/p><br \/>\n<p class=\"MsoNormal\"><b><span><font face=\"Calibri\">U\u017esakymo tiek\u0117jams<span>&nbsp; <\/span>valdymas<\/font><\/span><\/b><\/p><br \/>\n<p class=\"MsoNormal\"><span><font face=\"Calibri\">Pagal \u017ealiav\u0173 min ir max normas bei i\u0161<span>&nbsp; <\/span>u\u017esakym\u0173 gamybai s\u0105ra\u0161o programa paskai\u010diuoja koki\u0173 ir kiek \u017ealiav\u0173 tr\u016bksta, suformuoja el. lai\u0161kus su u\u017esakymais tiek\u0117jams. Yra galimyb\u0117 atlikti \u017ealiav\u0173 kain\u0173 apklausas Internetu.<\/font><\/span><\/p><br \/>\n<p class=\"MsoNormal\"><span><font face=\"Calibri\">Gavus \u017ealiavas, pajamavimui nebereikia rankiniu b\u016bdu \u012fvedin\u0117ti jas \u012f program\u0105,-u\u017erenka tik patvirtinti j\u0173 gavim\u0105.<\/font><\/span><\/p><br \/>\n<p class=\"MsoNormal\"><span><font face=\"Calibri\">Jei reikalinga, galima atspausdinti lipdukus su \u017ealiav\u0173 barkodais, nurodyti sand\u0117lio viet\u0105.<\/font><\/span><\/p><br \/>\n<p class=\"MsoNormal\"><span><font face=\"Calibri\">Pajamavimo duomenis automati\u0161kai \u012fra\u0161omi buhalterinei apskaitai vykdyti.<\/font><\/span><\/p><br \/>\n<p class=\"MsoNormal\"><span><font face=\"Calibri\">&nbsp;<\/font><\/span><\/p><br \/>\n<p class=\"MsoNormal\"><b><span><font face=\"Calibri\">Sand\u0117li\u0173 apskaita<\/font><\/span><\/b><\/p><br \/>\n<p class=\"MsoNormal\"><span><font face=\"Calibri\">U\u017esakym\u0173 i\u0161ve\u017eimui programa pati patikrina ir parenka u\u017esakymui reikalingus gaminius, juos nura\u0161o i\u0161 sand\u0117lio, suformuoja i\u0161ve\u017eimo dokumentus ir s\u0105skaitas. I\u0161ve\u017eimo dokumentai \u012fra\u0161omi buhalterinei apskaitai vykdyti.<\/font><\/span><\/p><br \/>\n<p class=\"MsoNormal\"><span><font face=\"Calibri\">I\u0161 u\u017eregistruot\u0173 med\u017eiag\u0173 gavimo sand\u0117liuose, bei med\u017eiag\u0173 nura\u0161ymo gamyboje ir gamini\u0173 pajamavimo duomen\u0173, programa suformuoja med\u017eiag\u0173, pusgamini\u0173,&nbsp;gatavos produkcijos&nbsp;sand\u0117lio ataskaitas<\/font><\/span><\/p><br \/>\n<p class=\"MsoNormal\"><span><font face=\"Calibri\">&nbsp;<\/font><\/span><\/p><br \/>\n<p class=\"MsoNormal\"><b><span><font face=\"Calibri\">U\u017esakyt\u0173 gamini\u0173 logistika<\/font><\/span><\/b><\/p><br \/>\n<p class=\"MsoNormal\"><span><font face=\"Calibri\">U\u017esakymai logistikai rodomi u\u017esakym\u0173 logistikai s\u0105ra\u0161e. Pasirinkus u\u017esakym\u0105, programa surenka i\u0161 gamybos sand\u0117lio u\u017esakytus gaminius ir perkelia juos \u012f automobil\u012f (automobilio sand\u0117l\u012f) bei atspausdina preki\u0173 perk\u0117limo va\u017etara\u0161t\u012f. Kai vairuotojas nuve\u017ea u\u017esakytus gaminius \u012f kavin\u0119, kavin\u0117s darbuotojas, pasirink\u0119s savo u\u017esakym\u0105&nbsp;ir patikrin\u0119s kas atve\u017eta, duoda komand\u0105 programai perkelti atve\u017etus gaminius \u012f kavin\u0117s sand\u0117l\u012f.<\/font><\/span><\/p><br \/>\n<p class=\"MsoNormal\"><span><font face=\"Calibri\">&nbsp;<\/font><\/span><\/p><br \/>\n<p class=\"MsoNormal\"><span><font face=\"Calibri\">&nbsp;<\/font><\/span><\/p><br \/>\n<p class=\"MsoNormal\"><font face=\"Calibri\"><b><span>Saveika su \u012fmon\u0117s buhalterin\u0117s apskaitos sistema <\/span><\/b><span><\/span><\/font><\/p><br \/>\n<p class=\"MsoNormal\"><font face=\"Calibri\"><span>Pajamavimo dokumentai ir vidinio perk\u0117limo \u012fkeliami per special\u0173 modul\u012f <\/span><span><\/span><\/font><\/p><br \/>\n<p class=\"MsoNormal\"><span><font face=\"Calibri\">Med\u017eiag\u0173 pajamavimo dokument\u0173 perduodamos tik sumos<\/font><\/span><\/p><br \/>\n<p class=\"MsoNormal\"><span><font face=\"Calibri\">Gamini\u0173 pajamavimo dokumento ir perk\u0117limo dokumento perduodamos ir dokumento pozicijos<\/font><\/span><\/p><\/p>","protected":false},"excerpt":{"rendered":"<p>Automatizuojamos  plan\u0173 sudarymo, operacij\u0173 planavimo ir u\u017eduo\u010di\u0173 paskirstymo, gamybos, logistikos ir tiekimo valdymo, pardavim\u0173 parduotuv\u0117se apskaitos funkcijos<\/p>","protected":false},"featured_media":29391,"template":"","meta":{"_mi_skip_tracking":false,"_monsterinsights_sitenote_active":false,"_monsterinsights_sitenote_note":"","_monsterinsights_sitenote_category":0},"product_cat":[1522,1511],"product_tag":[],"mwb_booking_cost":[],"mwb_booking_service":[],"bundled_by":[],"bundle_stock_status":"instock","bundle_stock_quantity":null,"bundle_virtual":false,"bundle_layout":"","bundle_add_to_cart_form_location":"","bundle_editable_in_cart":false,"bundle_sold_individually_context":"","bundle_item_grouping":"","bundle_min_size":"","bundle_max_size":"","bundled_items":[],"bundle_sell_ids":[],"acf":[],"aioseo_notices":[],"_links":{"self":[{"href":"https:\/\/gamyba.online\/en\/wp-json\/wp\/v2\/product\/29184"}],"collection":[{"href":"https:\/\/gamyba.online\/en\/wp-json\/wp\/v2\/product"}],"about":[{"href":"https:\/\/gamyba.online\/en\/wp-json\/wp\/v2\/types\/product"}],"wp:featuredmedia":[{"embeddable":true,"href":"https:\/\/gamyba.online\/en\/wp-json\/wp\/v2\/media\/29391"}],"wp:attachment":[{"href":"https:\/\/gamyba.online\/en\/wp-json\/wp\/v2\/media?parent=29184"}],"wp:term":[{"taxonomy":"product_cat","embeddable":true,"href":"https:\/\/gamyba.online\/en\/wp-json\/wp\/v2\/product_cat?post=29184"},{"taxonomy":"product_tag","embeddable":true,"href":"https:\/\/gamyba.online\/en\/wp-json\/wp\/v2\/product_tag?post=29184"},{"taxonomy":"mwb_booking_cost","embeddable":true,"href":"https:\/\/gamyba.online\/en\/wp-json\/wp\/v2\/mwb_booking_cost?post=29184"},{"taxonomy":"mwb_booking_service","embeddable":true,"href":"https:\/\/gamyba.online\/en\/wp-json\/wp\/v2\/mwb_booking_service?post=29184"}],"curies":[{"name":"wp","href":"https:\/\/api.w.org\/{rel}","templated":true}]}}