{"id":29185,"date":"2024-04-10T09:33:27","date_gmt":"2024-04-10T07:33:27","guid":{"rendered":"https:\/\/gamyba.online\/product\/gamybos-tiekimo-ir-logistikos-valdymo-bei-pardavimu-parduotuvese-apskaitos-automatizuota-sistema-didelei-imonei\/"},"modified":"2024-11-04T22:26:25","modified_gmt":"2024-11-04T20:26:25","slug":"gamybos-tiekimo-ir-logistikos-valdymo-bei-pardavimu-parduotuvese-apskaitos-automatizuota-sistema-didelei-imonei","status":"publish","type":"product","link":"https:\/\/gamyba.online\/en\/product\/gamybos-tiekimo-ir-logistikos-valdymo-bei-pardavimu-parduotuvese-apskaitos-automatizuota-sistema-didelei-imonei\/","title":{"rendered":"Gamybos, tiekimo ir logistikos valdymo bei pardavim\u0173  parduotuv\u0117se apskaitos automatizuota sistema didelei \u012fmonei"},"content":{"rendered":"<p><b id=\"docs-internal-guid-81570b5c-7fff-dedf-3491-3c3fd71818ac\"><br \/>\n<p dir=\"ltr\"><span>AIVA sistemos pagalba automatizuosite \u0161iuos procesus<\/span><\/p><br \/>\n<p dir=\"ltr\"><span><\/span>&nbsp;<\/p><br \/>\n<p dir=\"ltr\"><span>Gamybos technologijos apra\u0161ym\u0105<\/span><\/p><br \/>\n<p dir=\"ltr\"><span>Sudarysite Gamini\u0173 technologijos apra\u0161ymo,&nbsp; ir gamybini\u0173 operacij\u0173 duomen\u0173 baz\u0119<\/span><\/p><br \/>\n<p dir=\"ltr\"><span><\/span>&nbsp;<\/p><br \/>\n<p dir=\"ltr\"><span>Gamini\u0173 ir \u017ealiav\u0173&nbsp; min ir max. norm\u0173 \u017einynas<\/span><\/p><br \/>\n<p dir=\"ltr\"><span>Sudaromas \u017einynas kiekvienam gaminiui kiek turi b\u016bti min gamini\u0173 kad formuoti j\u0173 gamybos plan\u0105 , ir max norma, kuri rodo kiek gaminti. Analogi\u0161kas \u017einynas sudaromas ir \u017ealiavoms, kuris rodo prie kokios ribos jau reikia pirkti \u017ealiavas ir tada kiek pirkti.<\/span><\/p><br \/>\n<p dir=\"ltr\"><span><\/span>&nbsp;<\/p><br \/>\n<p dir=\"ltr\"><span>U\u017esakym\u0173 i\u0161 parduotuvi\u0173 suformavimas<\/span><\/p><br \/>\n<p dir=\"ltr\"><span>Parduotuv\u0117s &nbsp; per program\u0105 pasirinkdamas gaminius i\u0161 programos katalogo ir matydamos j\u0173 liku\u010dius gamyboje gal\u0117s kas dien\u0105 suformuoti jiems u\u017esakymus gamybai, kurie automati\u0161kai \u012fsira\u0161o \u012f gamybos u\u017esakym\u0173 s\u0105ra\u0161\u0105 bei \u012f u\u017esakym\u0173 logistikai s\u0105ra\u0161\u0105.<\/span><\/p><br \/>\n<p dir=\"ltr\"><span><\/span>&nbsp;<\/p><br \/>\n<p dir=\"ltr\"><span>Gamybos planavimas<\/span><\/p><br \/>\n<p dir=\"ltr\"><span>Gamybos planas sudaromas automati\u0161kai i\u0161 sand\u0117lio min ir max norm\u0173 bei parduotuvi\u0173-kavini\u0173 u\u017esakym\u0173.<\/span><\/p><br \/>\n<p dir=\"ltr\"><span><\/span>&nbsp;<\/p><br \/>\n<p dir=\"ltr\"><span>I\u0161 \u0161io plano vyksta u\u017esakym\u0173 valdymas- \u017ealiav\u0173 poreikio apskai\u010diavimas ir perdavimas tiekimui, u\u017esakym\u0173 perdavimas gaminti ir blokavimas\/atblokavimas j\u0173 koregavimo.<\/span><\/p><br \/>\n<p dir=\"ltr\"><span><\/span>&nbsp;<\/p><br \/>\n<p dir=\"ltr\"><span>Gamybos operacij\u0173 planavimas.<\/span><\/p><br \/>\n<p dir=\"ltr\"><span>Programa automati\u0161kai pagal \u012frengim\u0173 ir kit\u0173 darbo centr\u0173 apkrovim\u0105 suplanuoja operacij\u0173 vykdymo eil\u0119. Pagal \u0161i\u0105 eil\u0119 paskirstomos u\u017eduotis gamybos terminale.<\/span><\/p><br \/>\n<p dir=\"ltr\"><span>Planavimo optimizavimui galima \u012fvertinti ir \u012frangos remonto laikus jiems sugedus bei darbuotoj\u0173 nedarbo laik\u0105 d\u0117l ligos ar atostog\u0173.<\/span><\/p><br \/>\n<p dir=\"ltr\"><span><\/span>&nbsp;<\/p><br \/>\n<p dir=\"ltr\"><span>Darbo laiko ir apskaitos kontrol\u0117s sistema<\/span><\/p><br \/>\n<p dir=\"ltr\"><span>Darbuotojai atvykdami ir i\u0161vykdami i\u0161 darbo skenuoja savo RFID kodus. Programa u\u017eregistruoja kas kada atvyko&nbsp; ar i\u0161vyko i\u0161 darbo ir sudaro darbo laiko tabel\u012f. Tabelyje galima pa\u017eym\u0117ti nedarbo dienas. I\u0161 tabelio tada galime paimti nedarbo dienas,kad jas \u012fvertinti gamybos planavime.<\/span><\/p><br \/>\n<p dir=\"ltr\"><span><\/span>&nbsp;<\/p><br \/>\n<p dir=\"ltr\"><span>\u012erengim\u0173 gedimo valdymo ir apskaitos sistema<\/span><\/p><br \/>\n<p dir=\"ltr\"><span>Sugedus \u012frengimui,prie kurio tuo metu darbininkas vykdo u\u017eduot\u012f, jis tame pat terminale, per kur\u012f gauna u\u017eduotis, gali u\u017eregistruoti gedim\u0105.<\/span><\/p><br \/>\n<p dir=\"ltr\"><span>Sistema automati\u0161kai apie tai prane\u0161 aptarnaujan\u010diam \u012frengimus darbuotojui. Serviso darbuotojas gali \u012fvesti \u012f duomen\u0173 baz\u0119 kada bus sutaisytas \u012frengimas. Sistema tada perplanuos gamybos plan\u0105 ir tuo laikotarpiu&nbsp; toliau neplanuos tam \u012frengimui darb\u0173.<\/span><\/p><br \/>\n<p dir=\"ltr\"><span><\/span>&nbsp;<\/p><br \/>\n<p dir=\"ltr\"><span>Gamini\u0173 u\u017esakym\u0173 i\u0161komplektavimas \u012f dalinius, -pusgamini\u0173&nbsp; ir gamini\u0173 surinkimo gamybos planus.<\/span><\/p><br \/>\n<p dir=\"ltr\"><span>Gamini\u0173 u\u017esakymai i\u0161 bendro u\u017esakym\u0173 s\u0105ra\u0161o-plano i\u0161skaidomi&nbsp; \u012f dalinius u\u017esakymus- pusgamini\u0173 gamybai bei galutinio gaminio surinkimui. Toliau i\u0161 \u0161i\u0173 dalini\u0173 plan\u0173 vyksta \u017ealiav\u0173 ir gamybini\u0173 operacij\u0173 valdymas<\/span><\/p><br \/>\n<p dir=\"ltr\"><span><\/span>&nbsp;<\/p><br \/>\n<p dir=\"ltr\"><span>\u017daliav\u0173 ir pagamint\u0173 pusgamini\u0173 apskaita gamyboje<\/span><\/p><br \/>\n<p dir=\"ltr\"><span>\u017daliav\u0173 apskaita vyksta atskirai&nbsp; pusgaminiams ir gaminiams.<\/span><\/p><br \/>\n<p dir=\"ltr\"><span>Programa automati\u0161kai ar pagal darbuotoj\u0173 pasirinkim\u0105 surenka reikalingas u\u017esakymui pagaminti \u017ealiavas, pusgaminius.<\/span><\/p><br \/>\n<p dir=\"ltr\"><span>\u017daliav\u0173 surinkimo pagreitinimui ir klaid\u0173 kontrolei&nbsp; naudojami skeneriai. Nuskenavus gamybos paskyr\u0105, kaupiklio skenerio ekrane parodomos \u017ealiavos, kurias reikia surinkti. Nuskenavus ne t\u0105 \u017ealiava parodomas prane\u0161imas.<\/span><\/p><br \/>\n<p dir=\"ltr\"><span>Pajamavimas pusgamini\u0173 ir gamini\u0173 vyksta automati\u0161kai nura\u0161ius med\u017eiagas. Med\u017eiag\u0173 nura\u0161ymas gali vykti patvirtinus pirmos ar paskutin\u0117s gamybin\u0117s operacijos atlikim\u0105.<\/span><\/p><br \/>\n<p dir=\"ltr\"><span>Gamini\u0173 ar pusgamini\u0173&nbsp; u\u017epajamavimui , jei jis ne toks kaip u\u017esakyme, tereikia tik \u012fvesti pagamint\u0105 kiek\u012f. Med\u017eiagos&nbsp; nusira\u0161o visos, kiek buvo paimta j\u0173 u\u017esakymui.<\/span><\/p><br \/>\n<p dir=\"ltr\"><span><\/span>&nbsp;<\/p><br \/>\n<p dir=\"ltr\"><span>Gamybini\u0173 operacij\u0173 registravimas gamybos terminale su lie\u010diamu ekranu<\/span><\/p><br \/>\n<p dir=\"ltr\"><span><\/span>&nbsp;<\/p><br \/>\n<p dir=\"ltr\"><span>Suplanuotas u\u017eduotis darbininkams programa parodo gamybos terminale kai jie prisiregistruoja nuskaitydami savo RFID kod\u0105.<\/span><\/p><br \/>\n<p dir=\"ltr\"><span>Darbininkai pasirenka ekrane jiems suplanuot\u0105 u\u017eduot\u012f ir patvirtina&nbsp; kada prad\u0117jo&nbsp; vykdyti u\u017esakym\u0105 ir kada pabaig\u0117 bei \u012fra\u0161o pagamint\u0105 kiek\u012f. Programa nura\u0161o med\u017eiagas ir u\u017epajamuoja pusgaminius bei gaminius, paskai\u010diuoja atlyginimus.<\/span><\/p><br \/>\n<p dir=\"ltr\"><span><\/span>&nbsp;<\/p><br \/>\n<p dir=\"ltr\"><span>Pusgamini\u0173 perk\u0117limas \u012f stela\u017eus skenuojant<\/span><\/p><br \/>\n<p dir=\"ltr\"><span>&nbsp;Pagamintus pusgaminius ar net ruo\u0161inius galima perkelti \u012f kit\u0105 sand\u0117l\u012f ar \u0161aliai esanti stela\u017e\u0105, kurio vietos turi barkodus. Perk\u0117limas vyksta kaupiklio skenerio pagalba skenuojant pusgaminio gamybos paskyros barkod\u0105 bei stela\u017eo vietos barkod\u0105.<\/span><\/p><br \/>\n<p dir=\"ltr\"><span>Kitoje&nbsp; operacijoje darbininkui bus rodoma vieta, kur randasi pusgaminis ar ruo\u0161inys reikalingas jo operacijos atlikimui<\/span><\/p><br \/>\n<p dir=\"ltr\"><span><\/span>&nbsp;<\/p><br \/>\n<p dir=\"ltr\"><span>Tiekimui ir sand\u0117liams:<\/span><\/p><br \/>\n<p dir=\"ltr\"><span>U\u017esakymo tiek\u0117jams&nbsp; valdymas<\/span><\/p><br \/>\n<p dir=\"ltr\"><span>Pagal \u017ealiav\u0173 min ir max normas bei i\u0161&nbsp; u\u017esakym\u0173 gamybai s\u0105ra\u0161o programa paskai\u010diuoja koki\u0173 ir kiek \u017ealiav\u0173 tr\u016bksta, suformuoja el. lai\u0161kus su u\u017esakymais tiek\u0117jams. Yra galimyb\u0117 atlikti \u017ealiav\u0173 kain\u0173 apklausas Internetu.<\/span><\/p><br \/>\n<p dir=\"ltr\"><span>Gavus \u017ealiavas, pajamavimui nebereikia rankiniu b\u016bdu \u012fvedin\u0117ti jas \u012f program\u0105,-u\u017etenka tik patvirtinti j\u0173 gavim\u0105.<\/span><\/p><br \/>\n<p dir=\"ltr\"><span>Jei reikalinga, galima atspausdinti lipdukus su \u017ealiav\u0173 barkodais, nurodyti sand\u0117lio viet\u0105.<\/span><\/p><br \/>\n<p dir=\"ltr\"><span>Pajamavimo duomenis automati\u0161kai \u012fra\u0161omi buhalterinei apskaitai vykdyti.<\/span><\/p><br \/>\n<p dir=\"ltr\"><span><\/span>&nbsp;<\/p><br \/>\n<p dir=\"ltr\"><span>Sand\u0117li\u0173 apskaita<\/span><\/p><br \/>\n<p dir=\"ltr\"><span>U\u017esakym\u0173 i\u0161ve\u017eimui programa pati patikrina ir parenka u\u017esakymui reikalingus gaminius, juos nura\u0161o i\u0161 sand\u0117lio, suformuoja i\u0161ve\u017eimo dokumentus ir s\u0105skaitas. I\u0161ve\u017eimo dokumentai \u012fra\u0161omi buhalterinei apskaitai vykdyti.<\/span><\/p><br \/>\n<p dir=\"ltr\"><span>I\u0161 u\u017eregistruot\u0173 med\u017eiag\u0173 gavimo sand\u0117liuose, bei med\u017eiag\u0173 nura\u0161ymo gamyboje ir gamini\u0173 pajamavimo duomen\u0173, programa suformuoja med\u017eiag\u0173, pusgamini\u0173, gatavos produkcijos sand\u0117lio ataskaitas<\/span><\/p><br \/>\n<p dir=\"ltr\"><span><\/span>&nbsp;<\/p><br \/>\n<p dir=\"ltr\"><span>U\u017esakyt\u0173 gamini\u0173 logistika<\/span><\/p><br \/>\n<p dir=\"ltr\"><span>U\u017esakymai logistikai rodomi u\u017esakym\u0173 logistikai s\u0105ra\u0161e. Pasirinkus u\u017esakym\u0105, programa surenka i\u0161 gamybos sand\u0117lio u\u017esakytus gaminius ir perkelia juos \u012f automobil\u012f (automobilio sand\u0117l\u012f) bei atspausdina preki\u0173 perk\u0117limo va\u017etara\u0161t\u012f. Kai vairuotojas nuve\u017ea u\u017esakytus gaminius \u012f kavin\u0119, kavin\u0117s darbuotojas, pasirink\u0119s savo u\u017esakym\u0105 ir patikrin\u0119s kas atve\u017eta, duoda komand\u0105 programai perkelti atve\u017etus gaminius \u012f kavin\u0117s sand\u0117l\u012f.<\/span><\/p><br \/>\n<p dir=\"ltr\"><span><\/span>&nbsp;<\/p><br \/>\n<p dir=\"ltr\"><span>Kaupiklio skenerio panaudojimas surinkimui<\/span><\/p><br \/>\n<p dir=\"ltr\"><span>Gamini\u0173 surinkimui i\u0161ve\u017eimui klientams galima naudoti kaupikl\u012f skener\u012f. Nuskenavus ekrane&nbsp; dokumento barkod\u0105, programa parodo kokius gaminius reikia surinkti. Nuskenavus gamini\u0173 barkodus ir patvirtinus programa juos \u012ftraukia va\u017etara\u0161\u010dio ar s\u0105skaitos spausdinimui. Kaupiklio skenerio panaudojimas padeda nepamir\u0161ti r padaryti klaida surenkant i\u0161ve\u017eimui gaminius<\/span><\/p><br \/>\n<p dir=\"ltr\"><span><\/span>&nbsp;<\/p><br \/>\n<p dir=\"ltr\"><span>&nbsp;<\/span><span>S\u0105veika su \u012fmon\u0117s buhalterin\u0117s apskaitos sistema<\/span><\/p><br \/>\n<p dir=\"ltr\"><span>Pajamavimo dokumentai ir vidinio perk\u0117limo \u012fkeliami per special\u0173 modul\u012f<\/span><\/p><br \/>\n<p dir=\"ltr\"><span>Med\u017eiag\u0173 pajamavimo dokument\u0173 perduodamos tik sumos<\/span><\/p><br \/>\n<p dir=\"ltr\"><span>Gamini\u0173 pajamavimo dokumento ir perk\u0117limo dokumento gali b\u016bti perduodamos ir dokumento pozicijos.<\/span><\/p><br><br \/>\n<p dir=\"ltr\"><span>U\u017esakym\u0173 valdymas i\u0161 i\u0161or\u0117s klient\u0173<\/span><\/p><br \/>\n<p dir=\"ltr\"><span>Jei \u012fmon\u0117 pardavimus vykdo ne tik per savo parduotuves- kavines bet ir parduoda savo gaminius kitoms \u012fmon\u0117ms ar fiziniams asmenims juos jiems pristatydama, tada per sistema galima u\u017eregistruoti klient\u0173 u\u017esakymus gautus elektroniniu pa\u0161tu ar telefonu pasirenkant gaminius i\u0161 AIVA katalogo. Programa parodo ar u\u017esakomi gaminiai \u0161iuo metu yra pagaminti sand\u0117lyje ar juos reik\u0117s gaminti. U\u017eregistravus u\u017esakym\u0105 programa sudaro planus sand\u0117liui ir gamybai<\/span><\/p><br \/>\n<p dir=\"ltr\"><span>I\u0161 gamybos plano, kaip ir anks\u010diau buvo apra\u0161yta vidiniams gamybos u\u017esakymams, toliau vykdomas u\u017esakyt\u0173 gamini\u0173 gamybos valdymas, apjungiant \u012f bendr\u0105 plan\u0105 vidaus ir i\u0161or\u0117s u\u017esakymus.<\/span><\/p><br \/>\n<p dir=\"ltr\"><span>Jei u\u017esakomi gaminiai yra sand\u0117liuose arba kai jie pagaminti, pasirinkus u\u017esakym\u0105 ir u\u017esakym\u0173 plano programa suformuoja i\u0161ve\u017eimo dokumentus ir nura\u0161o gaminius i\u0161 sand\u0117lio.<\/span><\/p><br \/>\n<p dir=\"ltr\"><span><\/span>&nbsp;<\/p><br \/>\n<p dir=\"ltr\"><span>Nauj\u0173 klient\u0173 paie\u0161ka ir skatinimas \u012fsigyti m\u016bs\u0173 gaminius<\/span><\/p><br \/>\n<p dir=\"ltr\"><span>\u012emon\u0117 reklamuodama savo naujus gaminius ar skelbdama esamiems gaminiams pardavimo akcijas gali surasti nauj\u0173 klient\u0173 ir padidinti pardavimus esamiems klientams. Naujienlai\u0161ki\u0173 siuntimui apie gaminius galima panaudoti AIVA elektroninio marketingo modul\u012f.&nbsp;<\/span><\/p><br><br \/>\n<p dir=\"ltr\"><span>Programos pagalba&nbsp; i\u0161 AIVA duomen\u0173 baz\u0117s pasirinksite klientus, kuriems si\u0173sti naujienlai\u0161k\u012f, bei kokius gaminius norite reklamuoti. Programa suformuos naujienlai\u0161k\u012f ir i\u0161si\u0173s kiekvienam klientui adresuodama individualiai.<\/span><\/p><br><br \/>\n<p dir=\"ltr\"><span>Jei naudosite ir m\u016bs\u0173 sukurta elektronin\u0119 parduotuv\u0119, tada tiesiai i\u0161 naujienlai\u0161kio patikusius produktus klientas bus nukreipiamas \u012f elektronin\u0119 parduotuv\u0119 kur juos gal\u0117s u\u017esisakyti, o u\u017esakymas tiesiogiasi bus \u012fra\u0161omas \u012f sistemos u\u017esakym\u0173 plan\u0105 tolesniam valdymui, kaip tai apra\u0161yta auk\u0161\u010diau.<\/span><\/p><br><br \/>\n<p dir=\"ltr\"><span>Darba su susidom\u0117jusiais j\u016bs\u0173 produkcija&nbsp; potencialiais klientais<\/span><\/p><br \/>\n<p dir=\"ltr\"><span>Jei klientai da\u017enai \u012f jus kreipiasi nor\u0117dami i\u0161 J\u016bs\u0173 u\u017esakin\u0117ti produkcij\u0105 savo parduotuv\u0117ms ar asmeniniam naudojimui ir derasi d\u0117l kain\u0173, galite naudoti AIVA veiksm\u0173 su klientas valdymo modul\u012f. U\u017eregistrav\u0119 kliento paklausim\u0105 gal\u0117site suplanuoti tolimesnius veiksmus, o sistema primins apie suplanuotas u\u017eduotis at\u0117jus laikui.<\/span><\/p><br><br \/>\n<p dir=\"ltr\"><span>(jaei naudosite AIVA e-parduotuv\u0117s sprendim\u0105, tada klient\u0173 paklausimai i\u0161 elektronin\u0117s parduotuv\u0117s bus automati\u0161kai \u012fra\u0161omi \u012f AIVA paklausim\u0173 registr\u0105 tolimesniai veiksm\u0173 su klient\u0173 planavimui<\/span><\/p><\/b><br class=\"Apple-interchange-newline\"><\/p>","protected":false},"excerpt":{"rendered":"<p>Automatizuojamos gamybos plan\u0173 sudarymo, operacij\u0173 planavimo ir u\u017eduo\u010di\u0173 paskirstymo, gamybos, logistikos ir tiekimo valdymo, pardavim\u0173 parduotuv\u0117se apskaitos, aktyvaus darbo su i\u0161or\u0117s klientais, darbo laiko bei \u012frengim\u0173 kontrol\u0117s ir apskaitos, funkcijos. Naudojamos kaupikli\u0173- skeneri\u0173 aplikacijos.<\/p>","protected":false},"featured_media":29392,"template":"","meta":{"_mi_skip_tracking":false,"_monsterinsights_sitenote_active":false,"_monsterinsights_sitenote_note":"","_monsterinsights_sitenote_category":0},"product_cat":[1522,1511],"product_tag":[],"mwb_booking_cost":[],"mwb_booking_service":[],"bundled_by":[],"bundle_stock_status":"instock","bundle_stock_quantity":null,"bundle_virtual":false,"bundle_layout":"","bundle_add_to_cart_form_location":"","bundle_editable_in_cart":false,"bundle_sold_individually_context":"","bundle_item_grouping":"","bundle_min_size":"","bundle_max_size":"","bundled_items":[],"bundle_sell_ids":[],"acf":[],"aioseo_notices":[],"_links":{"self":[{"href":"https:\/\/gamyba.online\/en\/wp-json\/wp\/v2\/product\/29185"}],"collection":[{"href":"https:\/\/gamyba.online\/en\/wp-json\/wp\/v2\/product"}],"about":[{"href":"https:\/\/gamyba.online\/en\/wp-json\/wp\/v2\/types\/product"}],"wp:featuredmedia":[{"embeddable":true,"href":"https:\/\/gamyba.online\/en\/wp-json\/wp\/v2\/media\/29392"}],"wp:attachment":[{"href":"https:\/\/gamyba.online\/en\/wp-json\/wp\/v2\/media?parent=29185"}],"wp:term":[{"taxonomy":"product_cat","embeddable":true,"href":"https:\/\/gamyba.online\/en\/wp-json\/wp\/v2\/product_cat?post=29185"},{"taxonomy":"product_tag","embeddable":true,"href":"https:\/\/gamyba.online\/en\/wp-json\/wp\/v2\/product_tag?post=29185"},{"taxonomy":"mwb_booking_cost","embeddable":true,"href":"https:\/\/gamyba.online\/en\/wp-json\/wp\/v2\/mwb_booking_cost?post=29185"},{"taxonomy":"mwb_booking_service","embeddable":true,"href":"https:\/\/gamyba.online\/en\/wp-json\/wp\/v2\/mwb_booking_service?post=29185"}],"curies":[{"name":"wp","href":"https:\/\/api.w.org\/{rel}","templated":true}]}}