{"id":29186,"date":"2024-04-10T09:33:28","date_gmt":"2024-04-10T07:33:28","guid":{"rendered":"https:\/\/gamyba.online\/product\/gamybos-tiekimo-ir-logistikos-valdymo-bei-pardavimu-parduotuveje-apskaitos-automatizuota-sistema-mazai-imonei\/"},"modified":"2024-11-04T22:26:25","modified_gmt":"2024-11-04T20:26:25","slug":"gamybos-tiekimo-ir-logistikos-valdymo-bei-pardavimu-parduotuveje-apskaitos-automatizuota-sistema-mazai-imonei","status":"publish","type":"product","link":"https:\/\/gamyba.online\/en\/product\/gamybos-tiekimo-ir-logistikos-valdymo-bei-pardavimu-parduotuveje-apskaitos-automatizuota-sistema-mazai-imonei\/","title":{"rendered":"Gamybos, tiekimo ir logistikos valdymo bei pardavim\u0173  parduotuv\u0117je apskaitos automatizuota sistema ma\u017eai \u012fmonei"},"content":{"rendered":"<p><p id=\"docs-internal-guid-ef799164-7fff-fc76-707a-b2b47d4685b6\" dir=\"ltr\"><span>\u012edieg\u0119 AIVA verslo proces\u0173 valdymo sistem\u0105 automatizuosite med\u017eiag\u0173 tiekimo valdymo ir apskaitos, gamybos plan\u0173 sudarymo , med\u017eiag\u0173 ir pagamintos apskaitos, bei produkcijos pardavimo parduotuv\u0117je procesus, suma\u017einsite valdymo s\u0105naudas.<\/span><\/p><br \/>\n<p dir=\"ltr\"><span><\/span>&nbsp;<\/p><br \/>\n<p dir=\"ltr\"><span>Duomen\u0173 baz\u0117s reikalingos programos darbui suk\u016brimas<\/span><\/p><br \/>\n<p dir=\"ltr\"><span>Prad\u0117dami diegti automatizuot\u0105 sistem\u0105, prad\u017eioje programos \u017einyn\u0173 modulio pagalba suvesite darbuotoj\u0173 ir tiek\u0117j\u0173 \u017einyn\u0105.&nbsp;<\/span><\/p><br \/>\n<p dir=\"ltr\"><span>Po to programos Katalogo modulio pagalba&nbsp; sukursite savo gamini\u0173 katalog\u0105 su j\u0173 gamybos receptais, bei naudojam\u0173 gamyboje \u017ealiav\u0173 katalog\u0105. \u012ekelsite \u012f duomen\u0173 baz\u0119 \u017eaiav\u0173 ir pagamintos produkcijos sand\u0117li\u0173 liku\u010dius. Sudarysite med\u017eiag\u0173 ir gamini\u0173 norm\u0173 sand\u0117liuose \u017einyn\u0105.<\/span><\/p><br \/>\n<p dir=\"ltr\"><span><\/span>&nbsp;<\/p><br \/>\n<p dir=\"ltr\"><span>Gamybos plano sand\u0117li\u0173 papildymui sudarymas<\/span><\/p><br \/>\n<p dir=\"ltr\"><span>Kiekvien\u0105 dien\u0105 programos pagalba gal\u0117site lengvai sudaryti gamybos plan\u0105, kokius gaminius pagaminti sekan\u010diai dienai. Programa apskai\u010diuos kiek gamini\u0173 tr\u016bksta parduotuv\u0117je ir numatytos normos \u012fvertintama kiek dar liko neparduot\u0105 ir sudarys \u0161i\u0173 gamini\u0173 gamybos plan\u0105. Paskai\u010diuotus kiekius gal\u0117site savo nuo\u017ei\u016bra pakoreguoti. Gamybos plana gal\u0117site atspausdinti ir pateikti darbuotojams ar atspausdinti kiekvienos plano pozicijos gamybai paskyr\u0105.<\/span><\/p><br \/>\n<p dir=\"ltr\"><span><\/span>&nbsp;<\/p><br \/>\n<p dir=\"ltr\"><span>U\u017eduo\u010di\u0173 pateikimas gamybai <\/span><span>( gamybos komplektavimo modulis-Paskyra komplektavimui)<\/span><\/p><br \/>\n<p dir=\"ltr\"><span>I\u0161 gamybos plano gal\u0117site atspausdinti gamybos u\u017eduotis-paskyras gamybai. Paskyruose programa atspausdins kiek koki\u0173 gamini\u0173 reikia pagaminti, kiek ir koki\u0173 u\u017esakymo gamybai reikia med\u017eiag\u0173.\u017daliavas gal\u0117site, duoti komand\u0105, nura\u0161yti i\u0161 anksto arba tai padarys programa kai tvirtinsite jog u\u017esakymas pagamintas.<\/span><\/p><br \/>\n<p dir=\"ltr\"><span><\/span>&nbsp;<\/p><br \/>\n<p dir=\"ltr\"><span>\u017daliav\u0173 gamybos plano \u012fvykdymui surinkimas ir perdavimas \u012f gamyb\u0105 <\/span><span>( gamybos komplektavimo modulis- vidinis perk\u0117limas)<\/span><\/p><br \/>\n<p dir=\"ltr\"><span>Pasirinkus plan\u0105, programa apskai\u010duos kiek ir koki\u0173 reikia \u017ealiav\u0173 tos dienos plano \u012fvykdymui ir parodys paskyroje med\u017eiag\u0173 surinkimui.&nbsp;<\/span><\/p><br \/>\n<p dir=\"ltr\"><span><\/span>&nbsp;<\/p><br \/>\n<p dir=\"ltr\"><span>Pagamintos produkcijos pajamavimas \u012f sand\u0117l\u012f.<\/span><span>( gamybos komplektavimo modulis-Paskyra komplektavimui)<\/span><\/p><br \/>\n<p dir=\"ltr\"><span>Pasirink\u0119 i\u0161 gamybos plano i\u0161 po eil\u0117s u\u017esakymo gamybai pozicijas, patvirtinsite pagamint\u0105 kiek\u012f. Progrma tada nura\u0161ys \u017ealiavas panaudotas tos u\u017esakymo pozicijos gamybai, bei apskai\u010diuos gamini\u0173 faktines savikainas, atspausdins lipdukus su barkodais (reikalinga bus paruo\u0161ti \u0161ablon\u0105 lipduko spausdinimui)<\/span><\/p><br \/>\n<p dir=\"ltr\"><span><\/span>&nbsp;<\/p><br \/>\n<p dir=\"ltr\"><span>Pagamintos produkcijos perk\u0117limas \u012f parduotuv\u0119<\/span><span> (perk\u0117limo pagal atidaryta gavimo form\u0105 modulis)<\/span><\/p><br \/>\n<p dir=\"ltr\"><span>Tam kad perkelti t\u0105 dien\u0105 pagamint\u0105 ir u\u017epajamuot\u0105 produkcij\u0105 \u012f parduotv\u0119 (parduotuv\u0117s sand\u0117l\u012f) tereikia tik atidaryti pajamavimo dokument\u0105 ir patvirtinti perk\u0117lim\u0105 i\u0161 gamybos sand\u0117lio \u012f parduotuv\u0117s sand\u0117l\u012f, atsispausdinti perk\u0117limo va\u017etara\u0161t\u012f.<\/span><\/p><br \/>\n<p dir=\"ltr\"><span><\/span>&nbsp;<\/p><br \/>\n<p dir=\"ltr\"><span>Pardavimas parduotuv\u0117je (parduotuv\u0117s modulis)<\/span><\/p><br \/>\n<p dir=\"ltr\"><span>Parduotuv\u0117je pasirenkamos prek\u0117s skenuojant lipduko barkod\u0105. Patvirtinus pinig\u0173 gavim\u0105, programa nura\u0161o pasirinkus gaminius ir atspausdina kasos \u010dek\u012f.<\/span><\/p><br \/>\n<p dir=\"ltr\"><span><\/span>&nbsp;<\/p><br \/>\n<p dir=\"ltr\"><span>\u017daliav\u0173 apskai\u010diavimas ir u\u017esakymas i\u0161 tiek\u0117j\u0173 <\/span><span>(per Tiekimo valdymo modul\u012f)<\/span><\/p><br \/>\n<p dir=\"ltr\"><span>Pasirinkus dienos gamybos plan\u0105 progrma apskai\u010diuos ar nieko netr\u016bksta u\u017esalu,p \u012fvykdymui r&nbsp; kiek reikia nupirkti \u017ealiav\u0173 sand\u0117lio papildymui pagal normas.<\/span><\/p><br \/>\n<p dir=\"ltr\"><span>{arodys i\u0161 koki\u0173 tiek\u0117j\u0173 galite u\u017esakyti tr\u016bkstamas \u017ealiavas. Darbuotojui tereikia tik patvirtinti u\u017esakymus pasirinktiems tiek\u0117jams. Tada progrma suformuos ir i\u0161si\u0173s jiems el.lai\u0161kus su u\u017esakymais.<\/span><\/p><br \/>\n<p dir=\"ltr\"><span><\/span>&nbsp;<\/p><br \/>\n<p dir=\"ltr\"><span>\u017daliav\u0173 pajamavimas <\/span><span>(sand\u0117lio modulis)<\/span><\/p><br \/>\n<p dir=\"ltr\"><span>Kai u\u017esakytos \u017ealiavos atvyksta \u012f sand\u0117l\u012f, tam kad jas u\u017epajamuoti, tereikia tik pasirinkti si\u0173st\u0105 u\u017esakym\u0105 tiek\u0117jui, patikrinti ar viskas gauta taip kaip u\u017esakyta ir patvirtinti kad \u017ealiavos gautos. Programa u\u017epajamuos gautas \u017ealiavas \u012f pasirinkt\u0105 sand\u0117l\u012f.<\/span><\/p><br \/>\n<p dir=\"ltr\"><span><\/span>&nbsp;<\/p><br \/>\n<p dir=\"ltr\"><span>Sand\u0117lio ataskaitos <\/span><span>(Sand\u0117lio modulis)<\/span><\/p><br \/>\n<p dir=\"ltr\"><span>Programa ataskaitoje parodys \u017ealiav\u0173 ir gamini\u0173 liku\u010dius visuose sand\u0117liuose bei j\u0173 jud\u0117jim\u0105, -gavimo ir pardavimo apimtis pasirinktam periodui\/<\/span><\/p><br \/>\n<p dir=\"ltr\"><span><\/span>&nbsp;<\/p><br \/>\n<p dir=\"ltr\"><span>Atlyginim\u0173 pardav\u0117jams ir darbininkams skai\u010diavimo ataskaita<\/span><\/p><br \/>\n<p dir=\"ltr\"><span>Pagal prikirtus gaminiaims darb\u0173 \u012fkainius progrma apskai\u010diuos darbininkams atlyginimus u\u017e kiekvieno gaminio gamyb\u0105 ir parodys ataskaitoje. Pardav\u0117jams apskai\u010diuos atlyginim\u0105&nbsp; pagal nustatyta nuo apyvartos ar pelno procent\u0105&nbsp; nuo asmenini\u0173 pardavim\u0173 u\u017e nustatyt\u0105 period\u0105<\/span><\/p><br \/>\n<p dir=\"ltr\"><span><\/span>&nbsp;<\/p><br \/>\n<p dir=\"ltr\"><span>U\u017esakym\u0173 i\u0161 priva\u010di\u0173 klient\u0173 ir \u012fmoni\u0173 registravimas (komercijos modulis)<\/span><\/p><br \/>\n<p dir=\"ltr\"><span>Per komercijos modul\u012f galima u\u017eregistruoti klient\u0173 u\u017esakymus ir i\u0161ra\u0161yti s\u0105skait\u0105 bei va\u017etara\u0161\u010dius u\u017esakyt\u0173 gamini\u0173 i\u0161siuntimui. Atspausdinus s\u0105skaiy\u0105 ar va\u017etara\u0161ti progrma automati\u0161kai nura\u0161o u\u017esakytus produktus i\u0161 sand\u0117lio.<\/span><\/p><br \/>\n<p>&nbsp;<\/p><br \/>\n<p dir=\"ltr\"><span>Sistemai reikalingos Technin\u0117s priemon\u0117s<\/span><\/p><br \/>\n<p dir=\"ltr\"><span><\/span>&nbsp;<\/p><br \/>\n<p dir=\"ltr\"><span>Sistemos duomen\u0173 baz\u0119 si\u016blome laikyti m\u016bs\u0173 administruojamame Interneto vizijos serveryje<\/span><\/p><br \/>\n<p dir=\"ltr\"><span><\/span>&nbsp;<\/p><br \/>\n<p dir=\"ltr\"><span>Parduotuv\u0117je reikalingas kompiuterinis kasos aparatas Empirija su barkod\u0173 skaitytuvu<\/span><\/p><br \/>\n<p><span>Gamyboje reikalingas prie gamybos vadovo kompiuterio prijungtas br\u016bk\u0161nini\u0173 kod\u0173 spausdintuvas su lipnia juostele<\/span><br>&nbsp;<\/p><br \/>\n<p dir=\"ltr\"><span>Papildomai prie \u0161ios bazin\u0117s versijos galime pasi\u016blyti:<\/span><span><br><\/span><span>Elektroninio marketingo modul\u012f<\/span><span>, naujienlai\u0161ki\u0173 su gamini\u0173 apra\u0161ymais, nuotraukomis&nbsp; ir kainomis, pardavimo akcijomis siuntimui potencialiems<\/span><\/p><br \/>\n<p><br><span>Elektronin\u0117s parduotuv\u0117s modul\u012f,<\/span><span> kuris duomenis ims tiesiogiai i\u0161 AIVA Katalogo, o u\u017esakymus \u012fra\u0161ys \u012f AIVA program\u0105 produkcijos i\u0161ve\u017eimui arba gamybai<\/span><\/p><\/p>","protected":false},"excerpt":{"rendered":"<p>Automatizuojamos pagrindin\u0117s plan\u0173 sudarymo, gamybos, logistikos ir tiekimo valdymo, pardavim\u0173 parduotuv\u0117je apskaitos funkcijos<\/p>","protected":false},"featured_media":29394,"template":"","meta":{"_mi_skip_tracking":false,"_monsterinsights_sitenote_active":false,"_monsterinsights_sitenote_note":"","_monsterinsights_sitenote_category":0},"product_cat":[1522,1511],"product_tag":[],"mwb_booking_cost":[],"mwb_booking_service":[],"bundled_by":[],"bundle_stock_status":"instock","bundle_stock_quantity":null,"bundle_virtual":false,"bundle_layout":"","bundle_add_to_cart_form_location":"","bundle_editable_in_cart":false,"bundle_sold_individually_context":"","bundle_item_grouping":"","bundle_min_size":"","bundle_max_size":"","bundled_items":[],"bundle_sell_ids":[],"acf":[],"aioseo_notices":[],"_links":{"self":[{"href":"https:\/\/gamyba.online\/en\/wp-json\/wp\/v2\/product\/29186"}],"collection":[{"href":"https:\/\/gamyba.online\/en\/wp-json\/wp\/v2\/product"}],"about":[{"href":"https:\/\/gamyba.online\/en\/wp-json\/wp\/v2\/types\/product"}],"wp:featuredmedia":[{"embeddable":true,"href":"https:\/\/gamyba.online\/en\/wp-json\/wp\/v2\/media\/29394"}],"wp:attachment":[{"href":"https:\/\/gamyba.online\/en\/wp-json\/wp\/v2\/media?parent=29186"}],"wp:term":[{"taxonomy":"product_cat","embeddable":true,"href":"https:\/\/gamyba.online\/en\/wp-json\/wp\/v2\/product_cat?post=29186"},{"taxonomy":"product_tag","embeddable":true,"href":"https:\/\/gamyba.online\/en\/wp-json\/wp\/v2\/product_tag?post=29186"},{"taxonomy":"mwb_booking_cost","embeddable":true,"href":"https:\/\/gamyba.online\/en\/wp-json\/wp\/v2\/mwb_booking_cost?post=29186"},{"taxonomy":"mwb_booking_service","embeddable":true,"href":"https:\/\/gamyba.online\/en\/wp-json\/wp\/v2\/mwb_booking_service?post=29186"}],"curies":[{"name":"wp","href":"https:\/\/api.w.org\/{rel}","templated":true}]}}