{"id":29191,"date":"2024-04-10T09:34:33","date_gmt":"2024-04-10T07:34:33","guid":{"rendered":"https:\/\/gamyba.online\/product\/medziagu-tiekimo-valdymo-gamybai-modulis-2\/"},"modified":"2024-11-04T22:26:24","modified_gmt":"2024-11-04T20:26:24","slug":"medziagu-tiekimo-valdymo-gamybai-modulis-2","status":"publish","type":"product","link":"https:\/\/gamyba.online\/en\/product\/medziagu-tiekimo-valdymo-gamybai-modulis-2\/","title":{"rendered":"Med\u017eiag\u0173 tiekimo valdymo  gamybai sistema Basic"},"content":{"rendered":"<p><font size=\"2\"><font face=\"Arial\"><font color=\"#404040\"><br \/>\n<p class=\"MsoNormal\">AIVA programa automatizuoja tiekimo valdymo proces\u0105: i\u0161 klient\u0173 u\u017esakym\u0173 gamybai ir sand\u0117lio norm\u0173 apskai\u010diuoja med\u017eiag\u0173 poreik\u012f, suformuoja ir i\u0161siun\u010dia tiek\u0117jams kain\u0173 paklausimus, bei u\u017eregistruoja tiek\u0117j\u0173 \u012fvestas kainas, suformuoja u\u017esakymus tiek\u0117jams ir i\u0161siun\u010dia juos el. pa\u0161tu, bei u\u017epajamuoja gautas med\u017eiagas. <\/p><br \/>\n<p class=\"MsoNormal\">\u0160io automatizuojamo proceso schema pavaizduota \u017eemiau paveiksl\u0117lyje.<\/p><br \/>\n<p class=\"MsoNormal\"><\/font><\/font><\/font>&nbsp;<\/p><br \/>\n<p class=\"MsoNormal\" align=\"center\"><img src=\"https:\/\/www.aiva.lt\/images\/image\/AIVA_medziagu_tiekimo_valdymo_ir_apskaitos_proceso_schema.png\" width=\"1076\" height=\"599\"><\/p><font size=\"2\"><font face=\"Arial\"><font color=\"#404040\"><br \/>\n<p class=\"MsoNormal\"><b>Med\u017eiag\u0173 poreikio u\u017esakymui i\u0161 tiek\u0117j\u0173 apskai\u010diavimas<\/b><\/p><br \/>\n<p class=\"MsoNormal\">Programa paskai\u010diuoja kiek reikia med\u017eiag\u0173 klient\u0173 u\u017esakymams \u012fvykdyti ir sand\u0117li\u0173 atsarg\u0173 papildymui pagal normas, patikrina liku\u010dius sand\u0117lyje bei med\u017eiagas, kurios u\u017esakytos bet dar neatvyko ir paskai\u010diuoja koki\u0173 ir kiek med\u017eiag\u0173 reikia u\u017esakyti. <\/p><br \/>\n<p class=\"MsoNormal\">Vadybininkui pri\u0117mus sprendim\u0105 u\u017esakyti med\u017eiagas, programa suformuoja u\u017esakym\u0105 <span>&nbsp;<\/span>tiekimui. Pagal \u0161\u012f u\u017esakym\u0105 toliau vadybininkas gali vykdyti arba tiek\u0117j\u0173 kain\u0173 apklaus\u0105 arba (ir) u\u017esakyti med\u017eiagas i\u0161 tiek\u0117j\u0173.<\/p><br \/>\n<p class=\"MsoNormal\"><b>Tiek\u0117j\u0173 kain\u0173 apklausa<\/b><\/p><br \/>\n<p class=\"MsoNormal\">Vadybininkas i\u0161 suformuoto med\u017eiag\u0173 u\u017esakymo gali&nbsp; apklausti potencialius tiek\u0117jus. Programa suformuoja ir i\u0161siun\u010dia med\u017eiag\u0173&nbsp;kain\u0173 paklausimus&nbsp;pasirinktiems tiek\u0117jams.<\/p><br \/>\n<p class=\"MsoNormal\">Tiek\u0117jai gav\u0119 lai\u0161kus&nbsp;u\u017epildo Internetin\u0119 form\u0105. Programa tiek\u0117j\u0173 kainas \u012fra\u0161o \u012f duomen\u0173 baz\u0119, o tiek\u0117jams, kuri\u0173 pasi\u016blytos kainos didesn\u0117s nei kit\u0173, automati\u0161kai siun\u010dia lai\u0161kus prane\u0161dama kad tiek\u0117jo kaina auk\u0161tesn\u0117 kaip kit\u0173 ir jis gali dar pataisyti savo kainos pasi\u016blym\u0105.<\/p><br \/>\n<p class=\"MsoNormal\"><b>U\u017esakym\u0173 tiek\u0117jams formavimas<\/b><\/p><br \/>\n<p class=\"MsoNormal\">Programa parodo i\u0161 koki\u0173 tiek\u0117j\u0173 ir po kiek (jei jau buvo kain\u0173 apklausa) galima gauti suformuoto u\u017esakymo tiekimui med\u017eiagas.<\/p><br \/>\n<p class=\"MsoNormal\">Vadybininkas gali nurodyti kuriems tiek\u0117jams programa turi si\u0173sti u\u017esakymus- ar tiems kurie si\u016blo ma\u017eiausi\u0105 kain\u0105, ar prioritetiniams tiek\u0117jams. Parvirtinus pasirinkim\u0105, programa automati\u0161kai suformuoja ir i\u0161siun\u010dia <span>&nbsp;<\/span>el. lai\u0161kus su u\u017esakymais pasirinktiems tiek\u0117jams.<\/p><br \/>\n<p class=\"MsoNormal\">I\u0161si\u0173sti u\u017esakymai automati\u0161kai registruojami, po to gali b\u016bti per\u017ei\u016brimi bei redaguojami.<\/p><br \/>\n<p class=\"MsoNormal\"><a name=\"_Toc55220497\"><b>&nbsp;<\/b><\/a><\/p><span><\/span><br \/>\n<p class=\"MsoNormal\">&nbsp;<\/p><br \/>\n<p class=\"MsoNormal\"><b>U\u017esakyt\u0173 med\u017eiag\u0173 pajamavimas<\/b><\/p><br \/>\n<p class=\"MsoNormal\"><i>Paprastai daugumoje sand\u0117lio apskaitos program\u0173 gaut\u0173 i\u0161 tiek\u0117j\u0173 preki\u0173 pajamavimas vykdomas pagal gauta PVM s\u0105skait\u0105- fakt\u016br\u0105 pasirenkant prekes i\u0161 katalogo ir \u012fvedant gaut\u0173 preki\u0173 kiekius ir kainas. Toks metodas blogas tuo, kad sugai\u0161tama daug laiko preki\u0173 pajamavimui, gali atsirasti klaidos pasirenkant prekes ir \u012fvedant kiekius ir kainas.<\/i><\/p><br \/>\n<p class=\"MsoNormal\">AIVA 9001 programoje pagrindinis gaut\u0173 preki\u0173 pajamavimo&nbsp;&nbsp;re\u017eimas yra pajamavimas pagal per program\u0105 padarytus u\u017esakymus tiek\u0117jams. Kadangi si\u0173stame u\u017esakyme&nbsp;&nbsp;jau yra beveik&nbsp;&nbsp;visi reikalingi pajamavimui, tod\u0117l darbo pajamavimui suma\u017e\u0117ja kelis kartus. Be to, beveik nebelieka rankinio duomen\u0173 \u012fvedimo klaid\u0173, kadangi informacijos \u012fvedama tik minimaliai-dokumento Nr. ir data, kartais gali prireikti patikslinti kiekius ir kainas.<\/p><br \/>\n<p class=\"MsoNormal\"><b>Pajamavimo modulio funkcijos:<\/b><\/p><br \/>\n<p class=\"MsoNormal\"><span><span>?<span>&nbsp;&nbsp;&nbsp;&nbsp;&nbsp;&nbsp; <\/span><\/span><\/span>Pajamuoti galima pasirinkta valiuta.<\/p><br \/>\n<p class=\"MsoNormal\"><span><span>?<span>&nbsp;&nbsp;&nbsp;&nbsp;&nbsp;&nbsp; <\/span><\/span><\/span>Pajamuojant prekes galima automati\u0161kai atnaujinti AIVA preki\u0173 katalogo-kainininko kainas.<\/p><br \/>\n<p class=\"MsoNormal\"><span><span>?<span>&nbsp;&nbsp;&nbsp;&nbsp;&nbsp;&nbsp; <\/span><\/span><\/span>Pajamuojant prekes galima preki\u0173 pajamavimo dokumentui priskirti transporto dokument\u0105<\/p><br \/>\n<p class=\"MsoNormal\"><span><span>?<span>&nbsp;&nbsp;&nbsp;&nbsp;&nbsp;&nbsp; <\/span><\/span><\/span>U\u017epajamuotoms prek\u0117ms ir gaminiams galima atsispausdinti lipdukus su br\u016bk\u0161niniais kodais. Br\u016bk\u0161niai &nbsp;kodai gali b\u016bti&nbsp;&nbsp;\u012fvesti i\u0161 anksto kataloge arba suformuoti pajamavimo metu. Pagal programos suformuot\u0105 &nbsp;br\u016bk\u0161nin\u012f kod\u0105 programa gal\u0117s&nbsp;atsekti kada buvo parduota prek\u0117, kada ji buvo u\u017epajamuota ir i\u0161 ko. Tai ypa\u010d &nbsp;naudinga garantinio preki\u0173 remonto&nbsp;&nbsp;valdymui.<\/p><br \/>\n<p class=\"MsoNormal\"><span><span>?<span>&nbsp;&nbsp;&nbsp;&nbsp;&nbsp;&nbsp; <\/span><\/span><\/span>Kita&nbsp;&nbsp;naudinga, ypa\u010d gamybininkams, funkcija yra galimyb\u0117 u\u017epajamuoti prekes keliais matavimo vienetais, pav., kg. , vnt., kvadratiniais metrais ir pan. Pajamavimo metu \u012fvedant gaut\u0173 preki\u0173 kiek\u012f vienais matavimo vienetais programa perskai\u010diuoja kiek\u012f kitais matavimo vienetais. Sand\u0117lio ataskaitoje galima matytis tokias prekes visais matavimo vienetais, kurias buvo jos u\u017epajamuotos.<\/p><br \/>\n<p class=\"MsoNormal\">U\u017epajamavus prekes i\u0161 pajamavimo duomen\u0173 programa suformuoja pajamavimo dokument\u0173 s\u0105ra\u0161\u0105. <\/p><br \/>\n<p class=\"MsoNormal\">Pajamavimo dokument\u0173 s\u0105ra\u0161as turi nema\u017eai galimybi\u0173,- galima per\u017ei\u016br\u0117ti pajamavimo dokumentus, galima anuliuoti pasirinkt\u0105 dokument\u0105. Anuliuotus pajamavimo dokumentus programa parodo anuliuot\u0173 pajamavimo dokument\u0173 s\u0105ra\u0161e.<\/p><br \/>\n<p class=\"MsoNormal\">U\u017epajamavus gautas med\u017eiagas AIVA&nbsp;&nbsp;programa&nbsp;&nbsp;suformuoja pajamavimo dokumento \u012fra\u0161\u0105&nbsp;\u012f ra\u0161o \u012f \u012fmon\u0117s &nbsp;buhalterin\u0117s apskaitos sistem\u0105.<\/p><br \/>\n<p class=\"MsoNormal\"><\/font><\/font><\/font>&nbsp;<\/P><\/p>","protected":false},"excerpt":{"rendered":"<p>AIVA programa automatizuoja tiekimo valdymo proces\u0105: i\u0161 klient\u0173 u\u017esakym\u0173 gamybai ir sand\u0117lio norm\u0173 apskai\u010diuoja med\u017eiag\u0173 poreik\u012f, suformuoja ir i\u0161siun\u010dia tiek\u0117jams kain\u0173 paklausimus, bei u\u017eregistruoja tiek\u0117j\u0173 \u012fvestas kainas, suformuoja u\u017esakymus tiek\u0117jams ir i\u0161siun\u010dia juos el. pa\u0161tu, bei u\u017epajamuoja gautas med\u017eiagas. \u0160io automatizuojamo proceso schema pavaizduota \u017eemiau paveiksl\u0117lyje. &nbsp; Med\u017eiag\u0173 poreikio u\u017esakymui i\u0161 tiek\u0117j\u0173 apskai\u010diavimas Programa paskai\u010diuoja [&hellip;]<\/p>","protected":false},"featured_media":29355,"template":"","meta":{"_mi_skip_tracking":false,"_monsterinsights_sitenote_active":false,"_monsterinsights_sitenote_note":"","_monsterinsights_sitenote_category":0},"product_cat":[1491,1492],"product_tag":[],"mwb_booking_cost":[],"mwb_booking_service":[],"bundled_by":[],"bundle_stock_status":"instock","bundle_stock_quantity":null,"bundle_virtual":false,"bundle_layout":"","bundle_add_to_cart_form_location":"","bundle_editable_in_cart":false,"bundle_sold_individually_context":"","bundle_item_grouping":"","bundle_min_size":"","bundle_max_size":"","bundled_items":[],"bundle_sell_ids":[],"acf":[],"aioseo_notices":[],"_links":{"self":[{"href":"https:\/\/gamyba.online\/en\/wp-json\/wp\/v2\/product\/29191"}],"collection":[{"href":"https:\/\/gamyba.online\/en\/wp-json\/wp\/v2\/product"}],"about":[{"href":"https:\/\/gamyba.online\/en\/wp-json\/wp\/v2\/types\/product"}],"wp:featuredmedia":[{"embeddable":true,"href":"https:\/\/gamyba.online\/en\/wp-json\/wp\/v2\/media\/29355"}],"wp:attachment":[{"href":"https:\/\/gamyba.online\/en\/wp-json\/wp\/v2\/media?parent=29191"}],"wp:term":[{"taxonomy":"product_cat","embeddable":true,"href":"https:\/\/gamyba.online\/en\/wp-json\/wp\/v2\/product_cat?post=29191"},{"taxonomy":"product_tag","embeddable":true,"href":"https:\/\/gamyba.online\/en\/wp-json\/wp\/v2\/product_tag?post=29191"},{"taxonomy":"mwb_booking_cost","embeddable":true,"href":"https:\/\/gamyba.online\/en\/wp-json\/wp\/v2\/mwb_booking_cost?post=29191"},{"taxonomy":"mwb_booking_service","embeddable":true,"href":"https:\/\/gamyba.online\/en\/wp-json\/wp\/v2\/mwb_booking_service?post=29191"}],"curies":[{"name":"wp","href":"https:\/\/api.w.org\/{rel}","templated":true}]}}