{"id":29410,"date":"2024-04-12T11:21:57","date_gmt":"2024-04-12T09:21:57","guid":{"rendered":"https:\/\/gamyba.online\/product\/darbo-laiko-apskaitos-sistema-panaudojant-rfid-asmenines-korteles-ir-nuskaitytuvus\/"},"modified":"2024-11-04T22:22:22","modified_gmt":"2024-11-04T20:22:22","slug":"darbo-laiko-apskaitos-sistema-panaudojant-rfid-asmenines-korteles-ir-nuskaitytuvus","status":"publish","type":"product","link":"https:\/\/gamyba.online\/en\/product\/darbo-laiko-apskaitos-sistema-panaudojant-rfid-asmenines-korteles-ir-nuskaitytuvus\/","title":{"rendered":"Darbo laiko apskaitos sistema panaudojant RFID asmenines korteles ir nuskaitytuvus"},"content":{"rendered":"<p><span><br \/>\n<p class=\"MsoNormal\"><span lang=\"LT\"><font color=\"#000000\">&nbsp;<span><font color=\"#000000\"><strong>Programin\u0117 \u012franga<\/strong> pra\u0117jimo apskaitai<span>&nbsp;&nbsp; <\/span>skirta surinkti darbuotoj\u0173 at\u0117jimo\/i\u0161\u0117jimo duomenis i\u0161<span>&nbsp; <\/span>pra\u0117jimo kontrol\u0117s \u012frengini\u0173<span>&nbsp;&nbsp; <\/span>ir juos atvaizduoti vadovams patogioje formoje pra\u0117jimo registre ir elektroniniame tabelyje. <\/font><\/span><\/P><br \/>\n<p class=\"MsoNormal\"><span><font color=\"#000000\">&nbsp;<\/font><\/span><\/p><br \/>\n<p class=\"MsoNormal\"><span><font color=\"#000000\">&nbsp;<\/font><\/span><\/p><br \/>\n<p class=\"MsoNormal\"><font color=\"#000000\"><b><span>Pra\u0117jimo registras<span>&nbsp;&nbsp;&nbsp; <\/span><\/span><\/b><span>(r\u016b\u0161iavimas pagal padalinius, darbuotojus, datas)<\/span><span><\/span><\/font><\/p><br \/>\n<p class=\"MsoNormal\"><span><\/span><span><\/span>&nbsp;<\/p><br \/>\n<p class=\"MsoNormal\"><span><font color=\"#000000\">&nbsp;<img src=\"https:\/\/www.aiva.lt\/images\/image\/praejimo_registras.jpg\" width=\"1018\" height=\"355\"><\/font><\/span><\/p><br \/>\n<p class=\"MsoNormal\"><font color=\"#000000\"><b><span><span>&nbsp;<\/span>Konkretaus darbuotojo at\u0117jimo\/i\u0161\u0117jimo ataskaita <span>&nbsp;&nbsp;&nbsp;&nbsp;&nbsp;&nbsp;&nbsp; <\/span>Neatvykusi\u0173 laiku darbuotoj\u0173 ataskaita<\/span><\/b><span><\/span><\/font><\/p><br \/>\n<p class=\"MsoNormal\"><span><\/span><span><\/span>&nbsp;<b><span><font color=\"#000000\"><img src=\"https:\/\/www.aiva.lt\/images\/image\/filtravimas_pagal_darbuotojus.jpg\" width=\"709\" height=\"398\"><img src=\"https:\/\/www.aiva.lt\/images\/image\/neatvykusiu_registras.jpg\" width=\"719\" height=\"397\"><\/P><br \/>\n<p class=\"MsoNormal\">&nbsp;<\/font><\/span><\/b><\/p><br \/>\n<p class=\"MsoNormal\"><b><span><font color=\"#000000\">&nbsp;<\/font><\/span><\/b><\/p><br \/>\n<p class=\"MsoNormal\"><font color=\"#000000\"><b><span>Tabelis<\/span><\/b><span><\/span><\/font><\/p><br \/>\n<p class=\"MsoNormal\"><b><span><font color=\"#000000\">&nbsp;<\/font><\/span><\/b><\/p><br \/>\n<p class=\"MsoNormal\"><span><font color=\"#000000\">Pla\u010diafunkcinis tabelis. I\u0161 pra\u0117jimo registro susiformuoja darbuotoj\u0173 tabelis, kurio nereikia vesti ranka. Yra daugyb\u0117 funkcij\u0173, pagal \u012fmon\u0117s pageidavimus. <\/font><\/span><\/p><br \/>\n<p class=\"MsoNormal\"><span><font color=\"#000000\">&nbsp;<\/font><\/span><\/p><br \/>\n<p class=\"MsoNormal\"><span><font color=\"#000000\">&nbsp;<\/font><\/span><\/p><br \/>\n<p class=\"MsoNormal\"><span><font color=\"#000000\">&nbsp;<img src=\"https:\/\/www.aiva.lt\/images\/image\/Elektroninis_tabelis.jpg\" width=\"1584\" height=\"454\"><\/font><\/span><\/p><br \/>\n<p class=\"MsoNormal\"><span><font color=\"#000000\">&nbsp;<\/font><\/span><\/p><br \/>\n<p class=\"MsoNormal\"><span><font color=\"#000000\">&nbsp;<\/font><\/span><\/p><br \/>\n<p class=\"MsoNormal\"><span><font color=\"#000000\">&nbsp;<\/font><\/span>&nbsp;<\/p><br \/>\n<p class=\"MsoNormal\"><font color=\"#000000\"><span>Galime matyti darbuotoj\u0173 valandas, spalvomis i\u0161skirta<span>&nbsp; <\/span>jei darbuotojas dirbo daugiau nei 8 valandas, jei darbuotojas nei\u0161dirbo pilnos darbo dienos. Yra galimyb\u0117 ranka \u012fvesti valandas, jei darbuotojas pamir\u0161o savo kortel\u0119. I\u0161 anksto sud\u0117ti jo atostogas ar sirgmo dienas.<span>&nbsp; <\/span><\/span><span>Programa i\u0161minusuoja visus at\u0117jimus ir i\u0161\u0117jimus (pvz., piet\u0173 pertrauk\u0105), tiksliai suskai\u010diuoja dirbt\u0105 laik\u0105. Esant poreikiui &#8211; suapvalina valandas, arba rodo i\u0161dirbt\u0105 laik\u0105 minu\u010di\u0173 tikslumu. Pamain\u0173 ir fiksuotos darbo prad\u017eios funkcija. <span>Parinkus valandin\u012f \u012fkain\u012f galime matyti u\u017edirbtas sumas.<\/span><\/span><\/font><\/p><br \/>\n<p class=\"MsoNormal\"><b><span><\/span><\/b><span><\/span>&nbsp;<\/p><br \/>\n<p class=\"MsoNormal\"><span><font color=\"#000000\">&nbsp;<img src=\"https:\/\/www.aiva.lt\/images\/image\/Tabelio_galimybes.jpg\"><\/font><\/span><\/p><br \/>\n<p class=\"MsoNormal\"><span><font color=\"#000000\">&nbsp;<\/font><\/span><\/p><br \/>\n<p class=\"MsoNormal\"><span><font color=\"#000000\">&nbsp;<\/font><\/span><\/p><br \/>\n<p class=\"MsoNormal\"><span><font color=\"#000000\">Prie darbuotojo dienos galime daryti specialius \u012fra\u0161us, ar prisegti dokumentus, sustatytus aktus.<\/font><\/span><\/p><br \/>\n<p class=\"MsoNormal\"><span><font color=\"#000000\">&nbsp;<\/font><\/span><\/p><br \/>\n<p class=\"MsoNormal\"><span><font color=\"#000000\">&nbsp;<img src=\"https:\/\/www.aiva.lt\/images\/image\/Tabelis_failai.jpg\" width=\"1577\" height=\"478\"><\/font><\/span><\/p><br \/>\n<p class=\"MsoNormal\"><span><font color=\"#000000\">&nbsp;<\/font><\/span><span><font color=\"#000000\">&nbsp;<\/font><\/span><\/p><br \/>\n<p class=\"MsoNormal\"><span><font color=\"#000000\">&nbsp;<\/font><\/span>&nbsp;<\/p><br \/>\n<p class=\"MsoNormal\"><span><font color=\"#000000\">Tabelis paver\u010diamas \u012f Valstybin\u0119 form\u0105. Skai\u010diuojant atlyginim\u0105 pagal valandas &#8211; i\u0161spausdinamas algalapis<\/font><\/span><\/p><br \/>\n<p class=\"MsoNormal\"><span><font color=\"#000000\">&nbsp;<\/font><\/span><\/p><br \/>\n<p class=\"MsoNormal\"><span><font color=\"#000000\">&nbsp;<img src=\"https:\/\/www.aiva.lt\/images\/image\/Tabelio_eksportas_i_Excel.jpg\"><\/font><\/span><\/p><br \/>\n<p class=\"MsoNormal\"><span><font color=\"#000000\">&nbsp;<\/font><\/span><\/p><br \/>\n<p class=\"MsoNormal\"><span><font color=\"#000000\">&nbsp;<\/font><\/span><\/p><br \/>\n<p class=\"MsoNormal\"><span><font color=\"#000000\">&nbsp;<\/font><\/span><span><font color=\"#000000\">&nbsp;<\/font><\/span><span><span>&nbsp;&nbsp;&nbsp;&nbsp;&nbsp;&nbsp;&nbsp;&nbsp;&nbsp;&nbsp;&nbsp;&nbsp;&nbsp;&nbsp;&nbsp;&nbsp;&nbsp;&nbsp;&nbsp;&nbsp;&nbsp;&nbsp;&nbsp;&nbsp;&nbsp;&nbsp;&nbsp;&nbsp;&nbsp;&nbsp;&nbsp;&nbsp;&nbsp;&nbsp;&nbsp;&nbsp;&nbsp;&nbsp;&nbsp;&nbsp;&nbsp;&nbsp;&nbsp;&nbsp;&nbsp;&nbsp;&nbsp;&nbsp;&nbsp;&nbsp;&nbsp;&nbsp;&nbsp;&nbsp;&nbsp;&nbsp;&nbsp;&nbsp;&nbsp;&nbsp;&nbsp;&nbsp;&nbsp;&nbsp;&nbsp;&nbsp;&nbsp;&nbsp;&nbsp;&nbsp;&nbsp;&nbsp;&nbsp;&nbsp;&nbsp;&nbsp;&nbsp;&nbsp;&nbsp;&nbsp;&nbsp;&nbsp;&nbsp;&nbsp;&nbsp;&nbsp;&nbsp;<\/span><\/span><span><font color=\"#000000\"><span>&nbsp;&nbsp;&nbsp;&nbsp;&nbsp;&nbsp;&nbsp;&nbsp;&nbsp;&nbsp;&nbsp;&nbsp;&nbsp;&nbsp;&nbsp;&nbsp;&nbsp;&nbsp;&nbsp;&nbsp;&nbsp;&nbsp;&nbsp;&nbsp; <\/span><\/font><\/span><\/p><br \/>\n<p class=\"MsoNormal\"><span><font color=\"#000000\">&nbsp;<\/font><\/span><\/p><br \/>\n<p class=\"MsoNormal\"><span><strong>Sistemos privalumai ir nauda:<\/strong><\/span><\/p><br \/>\n<p class=\"MsoNormal\"><span>?&nbsp;&nbsp;&nbsp;&nbsp;&nbsp;&nbsp;&nbsp;&nbsp;&nbsp;Tikslus fakti\u0161kai i\u0161dirbto laiko skai\u010diavimas ir darbuotoj\u0173 naudingumo \u012fvertinimas<\/span><\/p><br \/>\n<p class=\"MsoNormal\"><span>?&nbsp;&nbsp;&nbsp;&nbsp;&nbsp;&nbsp;&nbsp;&nbsp;&nbsp;Didesn\u0117 disciplina ir produktyvumas<\/span><\/p><br \/>\n<p class=\"MsoNormal\"><span>?&nbsp;&nbsp;&nbsp;&nbsp;&nbsp;&nbsp;&nbsp;&nbsp;&nbsp;Paprastesnis atlyginimo apskai\u010diavimas<\/span><\/p><br \/>\n<p class=\"MsoNormal\"><span>?&nbsp;&nbsp;&nbsp;&nbsp;&nbsp;&nbsp;&nbsp;&nbsp;&nbsp;Skland\u016bs verslo procesai<\/span><\/p><br \/>\n<p class=\"MsoNormal\"><span>?&nbsp;&nbsp;&nbsp;&nbsp;&nbsp;&nbsp;&nbsp;&nbsp;&nbsp;Galimyb\u0117 steb\u0117ti kiekvieno darbuotojo atskirai, sektoriaus ar \u012fmon\u0117s darbo valandas.<\/span><\/p><br \/>\n<p class=\"MsoNormal\">&nbsp;<\/p><br \/>\n<p class=\"MsoNormal\"><strong>Technin\u0117s priemon\u0117s<\/strong><\/font><\/span><span lang=\"LT\"><font color=\"#000000\"><\/font><\/span><\/p><br \/>\n<p class=\"MsoNormal\"><span lang=\"LT\"><font color=\"#000000\">Kartu su programine \u012franga pateikiame ir sumontuojame technines priemones.<\/font><\/span><\/p><br \/>\n<p class=\"MsoNormal\"><span lang=\"LT\"><font color=\"#000000\">Pra\u0117jimo kontrol\u0117s sistem\u0105 gali sudaryti tiek stacionar\u016bs RFID&nbsp;nuskaitytuvai prie dur\u0173, kurie registruoja darbuotojo at\u0117jim\u0105-i\u0161\u0117jim\u0105 ir perduoda \u0161iuos duomenis \u012f duomen\u0173 baz\u0119, arba&nbsp;&nbsp;ir dur\u0173 spynos bei&nbsp;turniketai valdomi kontroleri\u0173 RFID korteli\u0173 nuskaitytuv\u0173, kurie&nbsp;atidaros pynas bei turniketus ir&nbsp;perduoda&nbsp;pra\u0117jimo registracijos duomenis&nbsp;\u012f duomen\u0173 baz\u0119.<\/font><\/span><\/p><\/span><br \/>\n<p class=\"MsoNormal\"><span>Kad darbuotojas gal\u0117t\u0173 u\u017esiregistruoti pra\u0117jimo kontrol\u0117s sistemoje, jis apr\u016bpinamas&nbsp; asmenine darbuotojo kortele su RFID mikroschemomis. Tos kortel\u0117s gali b\u016bti naudojamos taip pat gamyboje- prisiregistravimui prie kompiuterio tam kad gauti darbo u\u017eduotis bei u\u017eregistruoti u\u017eduo\u010di\u0173 atlikimo prad\u017ei\u0105 bei pabaig\u0105 (\u017er. gamybini\u0173 operacij\u0173 valdymo apra\u0161ym\u0105).<\/span><\/p><br \/>\n<p class=\"MsoNormal\"><span>Darbuotoj\u0173 RFID korteli\u0173 kodai registruojami AIVA programoje darbuotoj\u0173 \u017einyne.<\/span><span><\/span><\/p><br \/>\n<p class=\"MsoNormal\"><span>&nbsp;<\/span><\/p><br \/>\n<p class=\"MsoNormal\"><font face=\"Calibri\">&nbsp;<\/font><\/p><br \/>\n<p class=\"MsoNormal\"><font face=\"Calibri\">&nbsp;<\/font><\/p><\/p>","protected":false},"excerpt":{"rendered":"<p>&nbsp;Programin\u0117 \u012franga pra\u0117jimo apskaitai&nbsp;&nbsp; skirta surinkti darbuotoj\u0173 at\u0117jimo\/i\u0161\u0117jimo duomenis i\u0161&nbsp; pra\u0117jimo kontrol\u0117s \u012frengini\u0173&nbsp;&nbsp; ir juos atvaizduoti vadovams patogioje formoje pra\u0117jimo registre ir elektroniniame tabelyje. &nbsp; &nbsp; Pra\u0117jimo registras&nbsp;&nbsp;&nbsp; (r\u016b\u0161iavimas pagal padalinius, darbuotojus, datas) &nbsp; &nbsp; &nbsp;Konkretaus darbuotojo at\u0117jimo\/i\u0161\u0117jimo ataskaita &nbsp;&nbsp;&nbsp;&nbsp;&nbsp;&nbsp;&nbsp; Neatvykusi\u0173 laiku darbuotoj\u0173 ataskaita &nbsp; &nbsp; &nbsp; Tabelis &nbsp; Pla\u010diafunkcinis tabelis. I\u0161 pra\u0117jimo registro susiformuoja [&hellip;]<\/p>","protected":false},"featured_media":29437,"template":"","meta":{"_mi_skip_tracking":false,"_monsterinsights_sitenote_active":false,"_monsterinsights_sitenote_note":"","_monsterinsights_sitenote_category":0},"product_cat":[1491,1496],"product_tag":[],"mwb_booking_cost":[],"mwb_booking_service":[],"bundled_by":[],"bundle_stock_status":"instock","bundle_stock_quantity":null,"bundle_virtual":false,"bundle_layout":"","bundle_add_to_cart_form_location":"","bundle_editable_in_cart":false,"bundle_sold_individually_context":"","bundle_item_grouping":"","bundle_min_size":"","bundle_max_size":"","bundled_items":[],"bundle_sell_ids":[],"acf":[],"aioseo_notices":[],"_links":{"self":[{"href":"https:\/\/gamyba.online\/en\/wp-json\/wp\/v2\/product\/29410"}],"collection":[{"href":"https:\/\/gamyba.online\/en\/wp-json\/wp\/v2\/product"}],"about":[{"href":"https:\/\/gamyba.online\/en\/wp-json\/wp\/v2\/types\/product"}],"wp:featuredmedia":[{"embeddable":true,"href":"https:\/\/gamyba.online\/en\/wp-json\/wp\/v2\/media\/29437"}],"wp:attachment":[{"href":"https:\/\/gamyba.online\/en\/wp-json\/wp\/v2\/media?parent=29410"}],"wp:term":[{"taxonomy":"product_cat","embeddable":true,"href":"https:\/\/gamyba.online\/en\/wp-json\/wp\/v2\/product_cat?post=29410"},{"taxonomy":"product_tag","embeddable":true,"href":"https:\/\/gamyba.online\/en\/wp-json\/wp\/v2\/product_tag?post=29410"},{"taxonomy":"mwb_booking_cost","embeddable":true,"href":"https:\/\/gamyba.online\/en\/wp-json\/wp\/v2\/mwb_booking_cost?post=29410"},{"taxonomy":"mwb_booking_service","embeddable":true,"href":"https:\/\/gamyba.online\/en\/wp-json\/wp\/v2\/mwb_booking_service?post=29410"}],"curies":[{"name":"wp","href":"https:\/\/api.w.org\/{rel}","templated":true}]}}