{"id":29412,"date":"2024-04-12T11:21:58","date_gmt":"2024-04-12T09:21:58","guid":{"rendered":"https:\/\/gamyba.online\/product\/darbo-laiko-apskaitos-sistema-panaudojant-rfid-asmenines-korteles-ir-nuskaitytuvus-2\/"},"modified":"2024-11-04T22:22:22","modified_gmt":"2024-11-04T20:22:22","slug":"darbo-laiko-apskaitos-sistema-panaudojant-rfid-asmenines-korteles-ir-nuskaitytuvus-2","status":"publish","type":"product","link":"https:\/\/gamyba.online\/en\/product\/darbo-laiko-apskaitos-sistema-panaudojant-rfid-asmenines-korteles-ir-nuskaitytuvus-2\/","title":{"rendered":"Darbo laiko apskaitos sistema panaudojant RFID asmenines korteles ir nuskaitytuvus"},"content":{"rendered":"<p><span><br \/>\n<p class=\"MsoNormal\"><span lang=\"LT\"><font color=\"#000000\">Programa gali u\u017eregistruoti darbinink\u0173 at\u0117jim\u0105-i\u0161\u0117jim\u0105&nbsp;gaudama duomenis i\u0161 pra\u0117jimo kontrol\u0117s sistemos. <\/font><\/span><\/p><br \/>\n<p class=\"MsoNormal\"><span lang=\"LT\"><font color=\"#000000\">Pra\u0117jimo kontrol\u0117s sistem\u0105 gali sudaryti tik stacionar\u016bs RFID&nbsp;nuskaitytuvai prie dur\u0173 kurie registruoja darbuotojo at\u0117jim\u0105-i\u0161\u0117jim\u0105 ir perduoda \u0161iuos duomenis \u012f duomen\u0173 baz\u0119, arba&nbsp;&nbsp;ir dur\u0173 spynos bei&nbsp;turniketai valdomi kontroleri\u0173 RFID korteli\u0173 nuskaitytuv\u0173, kurie&nbsp;atidaros pynas bei turniketus ir&nbsp;perduoda&nbsp;pra\u0117jimo registracijos duomenis&nbsp;\u012f duomen\u0173 baz\u0119.<\/font><\/span><\/p><br \/>\n<p class=\"MsoNormal\"><span lang=\"LT\"><font color=\"#000000\">I\u0161 darbuotojo pr\u0117jimo registracijos&nbsp;duomen\u0173 programa suformuoja darbuotoj\u0173<span>&nbsp; <\/span>at\u0117jimo-i\u0161\u0117jimo \u012f\/i\u0161 darbo registr\u0105, kuriame parodo kada kas at\u0117jo ir i\u0161\u0117jo i\u0161 darbo, kas dar neat\u0117j\u0119s \u012f darb\u0105, paskai\u010diuoja kiek darbuotojas i\u0161dirbo valand\u0173 per dien\u0105, ir i\u0161 \u0161i\u0173 duomen\u0173 programa automati\u0161kai suformuoja darbo laiko tabel\u012f.<\/font><\/span><\/p><\/span><br \/>\n<p class=\"MsoNormal\"><span>Kad darbuotojas gal\u0117t\u0173 u\u017esiregistruoti pra\u0117jimo kontrol\u0117s sistemoje, jis apr\u016bpinamas&nbsp; asmenine darbuotojo kortele su RFID mikroschemomis. Tos kortel\u0117s gali b\u016bti naudojamos taip pat gamyboje- prisiregistravimui prie kompiuterio tam kad gauti darbo u\u017eduotis bei u\u017eregistruoti u\u017eduo\u010di\u0173 atlikimo prad\u017ei\u0105 bei pabaig\u0105 (\u017er. gamybini\u0173 operacij\u0173 valdymo apra\u0161ym\u0105).<\/span><\/p><br \/>\n<p class=\"MsoNormal\"><span>Darbuotoj\u0173 RFID korteli\u0173 kodai registruojami AIVA programoje darbuotoj\u0173 \u017einyne.<\/span><span><\/span><\/p><br \/>\n<p class=\"MsoNormal\"><span>&nbsp;<\/span><\/p><br \/>\n<p class=\"MsoNormal\"><span>Laiko apskaitos, kuri vykdoma i\u0161 pra\u0117jimo&nbsp;duomen\u0173 u\u017eregistruot\u0173 duomen\u0173 baz\u0117je, programin\u0117 \u012franga susideda i\u0161 pra\u0117jimo kontrol\u0117s registro, bei darbo laiko tabelio, darbuotoj\u0173 ir padalini\u0173 \u017einyn\u0173 vedimo moduli\u0173.<\/span><\/p><br \/>\n<p class=\"MsoNormal\"><span>&nbsp;<\/span><\/p><br \/>\n<p class=\"MsoNormal\"><span>Pra\u0117jimo registre- ataskaitoje progrma&nbsp;parodo kada darbininkai at\u0117jo ir i\u0161\u0117jo i\u0161 \u012fmon\u0117s. Be to, i\u0161 \u0161i\u0173 duomen\u0173 programa paskai\u010diuoja kiek laiko darbininkas dirbo . Registre galima matyti kiekvienu momentu kas v\u0117luoja \u012f darb\u0105 ir kas dar yra darbe. Be to, at\u0117jimo ataskait\u0105 galima \u017ei\u016br\u0117ti pagal pasirinktus \u012fmon\u0117s padalinius.<\/span><\/p><br \/>\n<p class=\"MsoNormal\"><span>&nbsp;<\/span><\/p><br \/>\n<p class=\"MsoNormal\"><span>I\u0161 pra\u0117jimo kontrol\u0117s u\u017eregistruot\u0173 duomen\u0173 automati\u0161kai&nbsp;suformuotame darbo laiko&nbsp;tabelyje programa parodo kiek fakti\u0161kai darbininkai dirbo kiekvien\u0105 dien\u0105. Tabel\u012f galima per\u017ei\u016br\u0117ti pagal \u012fmon\u0117s padalinius, eksportuoti \u012f Excel fail\u0105. Tabelyje galima nurodyti atostogas, nedarbingum\u0105 d\u0117l ligos.<\/span><\/p><br \/>\n<p class=\"MsoNormal\"><span>&nbsp;<\/span><\/p><br \/>\n<p class=\"MsoNormal\"><span><\/span><span><\/span>&nbsp;<\/p><br \/>\n<p class=\"MsoNormal\"><font face=\"Calibri\">&nbsp;<\/font><\/p><br \/>\n<p class=\"MsoNormal\"><font face=\"Calibri\">&nbsp;<\/font><\/p><\/p>","protected":false},"excerpt":{"rendered":"<p>Programa gali u\u017eregistruoti darbinink\u0173 at\u0117jim\u0105-i\u0161\u0117jim\u0105&nbsp;gaudama duomenis i\u0161 pra\u0117jimo kontrol\u0117s sistemos. Pra\u0117jimo kontrol\u0117s sistem\u0105 gali sudaryti tik stacionar\u016bs RFID&nbsp;nuskaitytuvai prie dur\u0173 kurie registruoja darbuotojo at\u0117jim\u0105-i\u0161\u0117jim\u0105 ir perduoda \u0161iuos duomenis \u012f duomen\u0173 baz\u0119, arba&nbsp;&nbsp;ir dur\u0173 spynos bei&nbsp;turniketai valdomi kontroleri\u0173 RFID korteli\u0173 nuskaitytuv\u0173, kurie&nbsp;atidaros pynas bei turniketus ir&nbsp;perduoda&nbsp;pra\u0117jimo registracijos duomenis&nbsp;\u012f duomen\u0173 baz\u0119. I\u0161 darbuotojo pr\u0117jimo registracijos&nbsp;duomen\u0173 programa suformuoja [&hellip;]<\/p>","protected":false},"featured_media":29439,"template":"","meta":{"_mi_skip_tracking":false,"_monsterinsights_sitenote_active":false,"_monsterinsights_sitenote_note":"","_monsterinsights_sitenote_category":0},"product_cat":[1491,1496],"product_tag":[],"mwb_booking_cost":[],"mwb_booking_service":[],"bundled_by":[],"bundle_stock_status":"instock","bundle_stock_quantity":null,"bundle_virtual":false,"bundle_layout":"","bundle_add_to_cart_form_location":"","bundle_editable_in_cart":false,"bundle_sold_individually_context":"","bundle_item_grouping":"","bundle_min_size":"","bundle_max_size":"","bundled_items":[],"bundle_sell_ids":[],"acf":[],"aioseo_notices":[],"_links":{"self":[{"href":"https:\/\/gamyba.online\/en\/wp-json\/wp\/v2\/product\/29412"}],"collection":[{"href":"https:\/\/gamyba.online\/en\/wp-json\/wp\/v2\/product"}],"about":[{"href":"https:\/\/gamyba.online\/en\/wp-json\/wp\/v2\/types\/product"}],"wp:featuredmedia":[{"embeddable":true,"href":"https:\/\/gamyba.online\/en\/wp-json\/wp\/v2\/media\/29439"}],"wp:attachment":[{"href":"https:\/\/gamyba.online\/en\/wp-json\/wp\/v2\/media?parent=29412"}],"wp:term":[{"taxonomy":"product_cat","embeddable":true,"href":"https:\/\/gamyba.online\/en\/wp-json\/wp\/v2\/product_cat?post=29412"},{"taxonomy":"product_tag","embeddable":true,"href":"https:\/\/gamyba.online\/en\/wp-json\/wp\/v2\/product_tag?post=29412"},{"taxonomy":"mwb_booking_cost","embeddable":true,"href":"https:\/\/gamyba.online\/en\/wp-json\/wp\/v2\/mwb_booking_cost?post=29412"},{"taxonomy":"mwb_booking_service","embeddable":true,"href":"https:\/\/gamyba.online\/en\/wp-json\/wp\/v2\/mwb_booking_service?post=29412"}],"curies":[{"name":"wp","href":"https:\/\/api.w.org\/{rel}","templated":true}]}}