{"id":29414,"date":"2024-04-12T11:22:00","date_gmt":"2024-04-12T09:22:00","guid":{"rendered":"https:\/\/gamyba.online\/product\/aiva-gamybos-crm-bazine-versija\/"},"modified":"2024-11-04T22:22:22","modified_gmt":"2024-11-04T20:22:22","slug":"aiva-gamybos-crm-bazine-versija","status":"publish","type":"product","link":"https:\/\/gamyba.online\/en\/product\/aiva-gamybos-crm-bazine-versija\/","title":{"rendered":"AIVA Gamybos CRM -bazin\u0117 versija"},"content":{"rendered":"<p><p class=\"MsoNormal\"><span>\u012esidieg\u0119 AIVA gamybos <span>&nbsp;<\/span>CRM&nbsp;bazin4s versijos <span>&nbsp;<\/span>programin\u0119 \u012franga, gal\u0117site:&nbsp;<\/span><span><\/span><\/p><br \/>\n<p class=\"MsoNormal\"><span><span>1)<span>&nbsp;&nbsp;&nbsp;&nbsp; <\/span><\/span><\/span><span>Registruoti klient\u0173 paklausimus, planuoti <span>&nbsp;<\/span>sau ir kitiems u\u017eduotis darbui su paklausimais, patvirtinti u\u017eduo\u010di\u0173 \u012fvykdym\u0105 , o programa primins apie art\u0117jan\u010dius terminus, sudarys darb\u0173 planus<\/span><\/p><br \/>\n<p class=\"MsoNormal\"><span><span>2)<span>&nbsp;&nbsp;&nbsp;&nbsp; <\/span><\/span><\/span><span>Dirbdami su programa sukaupsite duomen\u0173 baz\u0119 apie klientus, kontaktus su klientais, ir kit\u0105 informacij\u0105<\/span><\/p><br \/>\n<p class=\"MsoNormal\"><span>&nbsp;<\/span><\/p><br \/>\n<p class=\"MsoNormal\"><span>&nbsp;<\/span><b><span>Papildomos galimyb\u0117s<\/span><\/b><span><\/span><\/p><br \/>\n<p class=\"MsoNormal\"><span>\u012esigijus AIVA Komercijos modul\u012f bei gamybos ir teikimo modulius i\u0161 klient\u0173 u\u017esakym\u0173 duomen\u0173 gal\u0117site tiesiogiai valdyti tiekimo ir gamybos procesus be papildomo rankinio duomen\u0173 \u012fvedimo<\/span><span><\/span><\/p><br \/>\n<p class=\"MsoNormal\"><b><span>&nbsp;<\/span><\/b><span><\/span><\/p><br \/>\n<p class=\"MsoNormal\"><b><span>Koki\u0105 naud\u0105 gausite i\u0161 automatizacijos:<\/span><\/b><span><\/span><\/p><br \/>\n<ul type=\"disc\"><br \/>\n<li class=\"MsoNormal\"><span>AIVA valdymo u\u017eduo\u010di\u0173 planavimo sistema padeda nepamir\u0161ti kliento paklausimo ir grei\u010diau bei su didesne tikimybe gauti u\u017esakym\u0105 ir taip padidinti tiek savo tiek \u012fmon\u0117s pajamas.<\/span><\/li><br \/>\n<li class=\"MsoNormal\"><span>Vadybininkams reikia daug ma\u017eiau laiko sugai\u0161ti u\u017eduo\u010di\u0173 planavimui atlikimo registracijai ir ataskaitoms-90% \u0161io darbo atlieka programa.<\/span><\/li><br \/>\n<li class=\"MsoNormal\"><span>Vadovams patogu kontroliuoti darbuotoj\u0173 planus, nes kiekvienu momentu galima plane pamatyti k\u0105 planuoja darbuotojas ir k\u0105 jis jau atliko.<\/span><\/li><\/ul><br \/>\n<p class=\"MsoNormal\"><span>&nbsp;<\/span><\/p><br \/>\n<p class=\"MsoNormal\"><b><span>Sistemos privalumai:<\/span><\/b><\/p><br \/>\n<ul type=\"disc\"><br \/>\n<li class=\"MsoNormal\"><span>Automatizuoja darbo su klientais valdymo proces\u0105,-planavim\u0105, vykdymo kontrol\u0119 ir analiz\u0119, o ne tik duomen\u0173 registracij\u0105<\/span><\/li><br \/>\n<li class=\"MsoNormal\"><span>AIVA darbo su klientais valdymo sistema yra dalis gamybos valdymo sistemos, tod\u0117l \u012fmonei nereikia \u012fsigyti keli\u0173 program\u0173. Kliento kortel\u0117je kaupiasi duomenys ne tik i\u0161 darbo su klientais, bet ir i\u0161 kit\u0173 automatizuojam\u0173 valdymo proces\u0173<\/span><\/li><br \/>\n<li class=\"MsoNormal\"><span>U\u017eduo\u010di\u0173 planavimo sistema gali b\u016bti suintegruota ir su E-komercijos sistema- jei svetain\u0117s lankytojas nori pasiteirauti apie kuri nors produkt\u0105 svetain\u0117je automati\u0161kai u\u017eregistruotas paklausimas sukuria u\u017eduot\u012f planavimo sistemoje atsakingam u\u017e produkt\u0105 vadybininkui.<\/span><\/li><\/ul><br \/>\n<p class=\"MsoNormal\"><font color=\"#404040\" size=\"2\" face=\"Calibri\">&nbsp;<\/font><\/p><\/p>","protected":false},"excerpt":{"rendered":"<p>\u0160i CRM versija skirta tik klient\u0173 ir j\u0173 pajlausim\u0173 registracijai bei  veiksm\u0173 su klient\u0173 paklausimais planavimui ir kontrolei<\/p>","protected":false},"featured_media":29440,"template":"","meta":{"_mi_skip_tracking":false,"_monsterinsights_sitenote_active":false,"_monsterinsights_sitenote_note":"","_monsterinsights_sitenote_category":0},"product_cat":[1497,1491],"product_tag":[],"mwb_booking_cost":[],"mwb_booking_service":[],"bundled_by":[],"bundle_stock_status":"instock","bundle_stock_quantity":null,"bundle_virtual":false,"bundle_layout":"","bundle_add_to_cart_form_location":"","bundle_editable_in_cart":false,"bundle_sold_individually_context":"","bundle_item_grouping":"","bundle_min_size":"","bundle_max_size":"","bundled_items":[],"bundle_sell_ids":[],"acf":[],"aioseo_notices":[],"_links":{"self":[{"href":"https:\/\/gamyba.online\/en\/wp-json\/wp\/v2\/product\/29414"}],"collection":[{"href":"https:\/\/gamyba.online\/en\/wp-json\/wp\/v2\/product"}],"about":[{"href":"https:\/\/gamyba.online\/en\/wp-json\/wp\/v2\/types\/product"}],"wp:featuredmedia":[{"embeddable":true,"href":"https:\/\/gamyba.online\/en\/wp-json\/wp\/v2\/media\/29440"}],"wp:attachment":[{"href":"https:\/\/gamyba.online\/en\/wp-json\/wp\/v2\/media?parent=29414"}],"wp:term":[{"taxonomy":"product_cat","embeddable":true,"href":"https:\/\/gamyba.online\/en\/wp-json\/wp\/v2\/product_cat?post=29414"},{"taxonomy":"product_tag","embeddable":true,"href":"https:\/\/gamyba.online\/en\/wp-json\/wp\/v2\/product_tag?post=29414"},{"taxonomy":"mwb_booking_cost","embeddable":true,"href":"https:\/\/gamyba.online\/en\/wp-json\/wp\/v2\/mwb_booking_cost?post=29414"},{"taxonomy":"mwb_booking_service","embeddable":true,"href":"https:\/\/gamyba.online\/en\/wp-json\/wp\/v2\/mwb_booking_service?post=29414"}],"curies":[{"name":"wp","href":"https:\/\/api.w.org\/{rel}","templated":true}]}}