{"id":29418,"date":"2024-04-12T11:22:02","date_gmt":"2024-04-12T09:22:02","guid":{"rendered":"https:\/\/gamyba.online\/product\/aiva-gamybos-crm-enterprise-versija\/"},"modified":"2024-11-04T22:22:21","modified_gmt":"2024-11-04T20:22:21","slug":"aiva-gamybos-crm-enterprise-versija","status":"publish","type":"product","link":"https:\/\/gamyba.online\/en\/product\/aiva-gamybos-crm-enterprise-versija\/","title":{"rendered":"AIVA Gamybos CRM -Enterprise versija"},"content":{"rendered":"<p><p class=\"MsoNormal\"><span>\u012esidieg\u0119 AIVA gamybos <span>&nbsp;<\/span>CRM&nbsp;Enterprise programin\u0119 \u012franga, gal\u0117site:&nbsp;<\/span><span><\/span><\/p><br \/>\n<p class=\"MsoNormal\"><span><span>1)<span>&nbsp;&nbsp;&nbsp;&nbsp; <\/span><\/span><\/span><span>Registruoti klient\u0173 paklausimus, planuoti <span>&nbsp;<\/span>sau ir kitiems u\u017eduotis darbui su paklausimais, patvirtinti u\u017eduo\u010di\u0173 \u012fvykdym\u0105 , o programa primins apie art\u0117jan\u010dius terminus, sudarys darb\u0173 planus<\/span><\/p><br \/>\n<p class=\"MsoNormal\"><span><span>2)<span>&nbsp;&nbsp;&nbsp;&nbsp; <\/span><\/span><\/span><span>Ruo\u0161ti komercinius pasi\u016blymus standartiniams ir nestandartiniams gaminiams. Nestandartiniams gaminiams gal\u0117site \u012fvesti ar pasirinkti gamini\u0173 charakteristikas, o programa apskai\u010diuos gamybos savikain\u0105 ir kain\u0105.&nbsp; Programa suformuos komercinius pasi\u016blymus, pardavimo sutartis, s\u0105skaitas i\u0161ankstiniam mok\u0117jimui, s\u0105skaitas fakt\u016bras. Juos gal\u0117site i\u0161si\u0173sti tiesiai i\u0161 programos. <\/p><br \/>\n<p class=\"MsoNormal\"><span><span>1)<span>&nbsp;&nbsp;&nbsp;&nbsp; <\/span><\/span><\/span><span>Programa suformuos u\u017esakym\u0173 gamybai plan\u0105, suformuos <span>&nbsp;<\/span>pardavimo ataskaitas ir apskai\u010diuos atlyginimus nuo asmenini\u0173 pardavim\u0173 pelno.<\/span><\/p><\/SPAN><br \/>\n<p class=\"MsoNormal\"><span><span>3)<span>&nbsp;&nbsp;&nbsp;&nbsp; <\/span><\/span><\/span><span>Gal\u0117site i\u0161si\u0173sti naujienlai\u0161kius klientams pasirink\u0119 apra\u0161ymus i\u0161 programos katalogo apie naujus gaminius, sand\u0117lio i\u0161pardavimo akcijas, kainas ir nuolaidas<\/span><\/p><br \/>\n<p class=\"MsoNormal\"><span><span>4)<span>&nbsp;&nbsp;&nbsp;&nbsp; <\/span><\/span><\/span><span>Dirbdami su programa sukaupsite duomen\u0173 baz\u0119 apie klientus, kontaktus su klientais, apie jiems si\u0173stus pasi\u016blymus, j\u0173 u\u017esakytus gaminius ir kit\u0105 informacij\u0105<\/span><\/p><br \/>\n<p class=\"MsoNormal\"><span><span>5)<span>&nbsp;&nbsp;&nbsp;&nbsp; <\/span><\/span><\/span><span>Sudarysite gamybos duomen\u0173 baz\u0119 apie naudojamas gamyboje med\u017eiagas, \u012frengimus, j\u0173 atliekamas gamybos operacijas, <span>&nbsp;<\/span>gaminamus standartinius gaminius, bei gamintus nestandartinius gaminius pagal klient\u0173 u\u017esakymus.<\/span><\/p><br \/>\n<p class=\"MsoNormal\"><span>&nbsp;<\/span><\/p><br \/>\n<p class=\"MsoNormal\"><span>&nbsp;<\/span><b><span>Papildomos galimyb\u0117s<\/span><\/b><span><\/span><\/p><br \/>\n<p class=\"MsoNormal\"><span>\u012esigijus AIVA gamybos ir teikimo modulius i\u0161 klient\u0173 u\u017esakym\u0173 duomen\u0173 gal\u0117site tiesiogiai valdyti tiekimo ir gamybos procesus be papildomo rankinio duomen\u0173 \u012fvedimo<\/span><span><\/span><\/p><br \/>\n<p class=\"MsoNormal\"><b><span>&nbsp;<\/span><\/b><span><\/span><\/p><span><br \/>\n<p class=\"MsoNormal\"><b><span>Koki\u0105 naud\u0105 gausite i\u0161 automatizacijos:<\/span><\/b><span><\/span><\/p><br \/>\n<p class=\"MsoListParagraphCxSpFirst\"><span><span>1)<span>&nbsp;&nbsp;&nbsp;&nbsp; <\/span><\/span><\/span><span>Programa pad\u0117s aktyviai dirbti su potencialiais klientais tod\u0117l&nbsp;gausite daugiau pelning\u0173 u\u017esakym\u0173<\/span><\/p><br \/>\n<p class=\"MsoListParagraphCxSpMiddle\"><span><span>2)<span>&nbsp;&nbsp;&nbsp;&nbsp; <\/span><\/span><\/span><span>Automatizav\u0119 savo vadybinink\u0173 darb\u0105, sutaupysite j\u0173 darbo laik\u0105 pasi\u016blym\u0173 ruo\u0161imui ir ataskait\u0173 sudarymui, gal\u0117site \u012fdiegti apmok\u0117jimo nuo asmenini\u0173 pardavim\u0173 sistem\u0105, tod\u0117l jie gal\u0117s parduoti daugiau.<\/span><\/p><br \/>\n<p class=\"MsoListParagraphCxSpMiddle\"><span><span>3)<span>&nbsp;&nbsp;&nbsp; <\/span><\/span><\/span><span>Tur\u0117site atskaitas, kurios parodys kurie geriausia j\u016bs\u0173 klientai, darbuotojai, bei gaminiai. Gal\u0117site analizuoti kada <span>&nbsp;<\/span>geriausiai u\u017esakomi vieni ar kiti J\u016bs\u0173 gaminiai, kurie i\u0161 j\u0173 duoda daugiau pelno ir taip skirti jiems daugiau d\u0117mesio<\/span><span><\/span><\/p><br \/>\n<p class=\"MsoListParagraphCxSpLast\"><span><span>4)<span>&nbsp;&nbsp;&nbsp; <\/span><\/span><\/span><span>B\u016bsite pasiruo\u0161\u0119 automatizuoti tiekimo ir gamybos <span>&nbsp;<\/span>valdymo procesus<b>&nbsp;<\/b><\/span><span><\/span><\/p><br \/>\n<p class=\"MsoNormal\"><\/span><span><b><span>&nbsp;<\/span><\/b><\/span><\/P><br \/>\n<p class=\"MsoNormal\"><span><b><span>AIVA Gamybos CRM privalumai<\/span><\/b><\/span><b><span>:<\/span><\/b><span><\/span><\/p><br \/>\n<p class=\"MsoNormal\"><a name=\"_Hlk125316237\"><span>Palyginti su universaliomis darbo su klientais<span>&nbsp; <\/span>automatizavimo sistemomis (CRM) AIVA Statyb\u0173 CRM turi eil\u0119 privalum\u0173, kuri\u0173 neturi kitos sistemos<\/span><\/a><span><span><\/span><\/span><\/p><span><\/span><br \/>\n<p class=\"MsoListParagraphCxSpFirst\"><span><span>1)<span>&nbsp;&nbsp;&nbsp; <\/span><\/span><\/span><span>Valdyste ne tik kontaktus su klientais, bet automatizuosite ir komercini\u0173 dokument\u0173 paruo\u0161im\u0105<\/span><span><\/span><\/p><br \/>\n<p class=\"MsoListParagraphCxSpMiddle\"><span><span>2)<span>&nbsp;&nbsp;&nbsp; <\/span><\/span><\/span><span>Gal\u0117site <span>&nbsp;<\/span>ne tik u\u017eregistruoti klient\u0173 pageidavimus nestandartiniams gaminiams bet ir paskai\u010diuoti j\u0173 gamybos savikain\u0105 bei kin\u0105<\/span><span><\/span><\/p><br \/>\n<p class=\"MsoListParagraphCxSpMiddle\"><span><span>3)<span>&nbsp;&nbsp;&nbsp; <\/span><\/span><\/span><span>Programa <span>&nbsp;<\/span>i\u0161 suprojektuoto CAD pagalba gaminio <span>&nbsp;<\/span>duomen\u0173 suformuos gaminio gamybos ?kortel\u0119? su visais duomenimis, reikalingais u\u017esakyto gaminio gamybos planavimui ir <span>&nbsp;<\/span>valdymui<\/span><span><\/span><\/p><br \/>\n<p class=\"MsoListParagraphCxSpLast\"><span><span>4)<span>&nbsp;&nbsp;&nbsp; <\/span><\/span><\/span><span>Gamybos katalogas gali b\u016bti panaudojamas ne tik gamini\u0173 u\u017esakymui, bet ir j\u0173 kainos apskai\u010diavimui, naujienlai\u0161ki\u0173 siuntimui bei e-komercijai.<\/span><span><\/span><\/p><\/p>","protected":false},"excerpt":{"rendered":"<p>Tai maksimali CRM versija, skirta klient\u0173 paie\u0161kai, darbo su klientais valdymui bei komercini\u0173 pasi\u016blym\u0173 ruo\u0161imui ir u\u017esakym\u0173 registravimui<\/p>","protected":false},"featured_media":29442,"template":"","meta":{"_mi_skip_tracking":false,"_monsterinsights_sitenote_active":false,"_monsterinsights_sitenote_note":"","_monsterinsights_sitenote_category":0},"product_cat":[1497,1491],"product_tag":[],"mwb_booking_cost":[],"mwb_booking_service":[],"bundled_by":[],"bundle_stock_status":"instock","bundle_stock_quantity":null,"bundle_virtual":false,"bundle_layout":"","bundle_add_to_cart_form_location":"","bundle_editable_in_cart":false,"bundle_sold_individually_context":"","bundle_item_grouping":"","bundle_min_size":"","bundle_max_size":"","bundled_items":[],"bundle_sell_ids":[],"acf":[],"aioseo_notices":[],"_links":{"self":[{"href":"https:\/\/gamyba.online\/en\/wp-json\/wp\/v2\/product\/29418"}],"collection":[{"href":"https:\/\/gamyba.online\/en\/wp-json\/wp\/v2\/product"}],"about":[{"href":"https:\/\/gamyba.online\/en\/wp-json\/wp\/v2\/types\/product"}],"wp:featuredmedia":[{"embeddable":true,"href":"https:\/\/gamyba.online\/en\/wp-json\/wp\/v2\/media\/29442"}],"wp:attachment":[{"href":"https:\/\/gamyba.online\/en\/wp-json\/wp\/v2\/media?parent=29418"}],"wp:term":[{"taxonomy":"product_cat","embeddable":true,"href":"https:\/\/gamyba.online\/en\/wp-json\/wp\/v2\/product_cat?post=29418"},{"taxonomy":"product_tag","embeddable":true,"href":"https:\/\/gamyba.online\/en\/wp-json\/wp\/v2\/product_tag?post=29418"},{"taxonomy":"mwb_booking_cost","embeddable":true,"href":"https:\/\/gamyba.online\/en\/wp-json\/wp\/v2\/mwb_booking_cost?post=29418"},{"taxonomy":"mwb_booking_service","embeddable":true,"href":"https:\/\/gamyba.online\/en\/wp-json\/wp\/v2\/mwb_booking_service?post=29418"}],"curies":[{"name":"wp","href":"https:\/\/api.w.org\/{rel}","templated":true}]}}