{"id":29419,"date":"2024-04-12T11:22:04","date_gmt":"2024-04-12T09:22:04","guid":{"rendered":"https:\/\/gamyba.online\/product\/gaminiu-uzsakymo-per-interneto-svetaine-perdavimo-i-gamyba-ir-vykdymo-ataskaitu-pateikimo-interneto-svetaineje-procesu-valdymo-sistemos-sukurimas\/"},"modified":"2024-11-04T22:22:21","modified_gmt":"2024-11-04T20:22:21","slug":"gaminiu-uzsakymo-per-interneto-svetaine-perdavimo-i-gamyba-ir-vykdymo-ataskaitu-pateikimo-interneto-svetaineje-procesu-valdymo-sistemos-sukurimas","status":"publish","type":"product","link":"https:\/\/gamyba.online\/en\/product\/gaminiu-uzsakymo-per-interneto-svetaine-perdavimo-i-gamyba-ir-vykdymo-ataskaitu-pateikimo-interneto-svetaineje-procesu-valdymo-sistemos-sukurimas\/","title":{"rendered":"Gamini\u0173 u\u017esakymo per Interneto svetain\u0119, perdavimo \u012f gamyb\u0105 ir  vykdymo ataskait\u0173 pateikimo Interneto svetain\u0117je  proces\u0173 valdymo sistemos suk\u016brimas"},"content":{"rendered":"<p><p class=\"MsoNormal\"><font color=\"#404040\" size=\"2\" face=\"Arial\">Standartini\u0173 ir nestandartini\u0173 gamini\u0173 u\u017esakymo &nbsp;interneto svetain\u0117 sukuriama automati\u0161kai i\u0161 AIVA 9001 gamini\u0173 katalogo duomen\u0173 baz\u0117s&nbsp;(\u017er. <\/font><a href=\"https:\/\/www.aiva.lt\/Katalogas-1\/lt\"><font color=\"#40acd1\" size=\"2\" face=\"Arial\">Katalogas<\/font><\/a><font color=\"#404040\"><font face=\"Arial\"><font size=\"2\">&nbsp;) <\/font><\/font><\/font><\/p><br \/>\n<p class=\"MsoNormal\"><font color=\"#404040\"><font face=\"Arial\"><font size=\"2\">Nestandartini\u0173 gamini\u0173 u\u017esakymui per AIVA program\u0105 \u012f Katalogo duomen\u0173 baz\u0119 \u012fvedami gamini\u0173 u\u017esakymo \u0161ablonai, kuruose apra\u0161omos kintamos gaminio charakteristikos, kuri\u0173 reik\u0161m\u0117s \u012fvedamos ar pasirenkamos u\u017esakymo metu.<\/font><\/font><\/font><\/p><br \/>\n<p class=\"MsoNormal\"><font color=\"#404040\"><font face=\"Arial\"><font size=\"2\">\u012evedant gamini\u0173 u\u017esakym\u0173 \u0161ablonus \u012f AIVA 9001 &nbsp;katalog\u0105, galima nurodyti kokias gamini\u0173 grupes rodyti interneto svetain\u0117je, nurodyti kuriuos standartinius \u012fmon\u0117s gaminamus <span>&nbsp;<\/span>gaminius<span>&nbsp; <\/span>rodyti skyreliuose Naujienos ir Spec. pasi\u016blymai ir iki kada. <\/font><\/font><\/font><\/p><br \/>\n<p class=\"MsoNormal\"><font color=\"#404040\"><font face=\"Arial\"><font size=\"2\"><b>Gamini\u0173 pasirinkimas u\u017esakymo \u012fvedimui interneto svetain\u0117je.<\/b><\/font><\/font><\/font><\/p><br \/>\n<p class=\"MsoNormal\"><font color=\"#404040\" size=\"2\" face=\"Arial\">I\u0161 AIVA programos gamini\u0173 katalogo duomen\u0173 baz\u0117s&nbsp;(\u017er. <\/font><a href=\"https:\/\/www.aiva.lt\/Katalogas-1\/lt\"><font color=\"#40acd1\" size=\"2\" face=\"Arial\">Katalogas<\/font><\/a><font color=\"#404040\"><font face=\"Arial\"><font size=\"2\">&nbsp;) programa i\u0161veda \u012f Interneto svetain\u0119 gamini\u0173 grupi\u0173 katalog\u0105.<\/font><\/font><\/font><\/p><br \/>\n<p class=\"MsoNormal\"><font color=\"#404040\"><font face=\"Arial\"><font size=\"2\">Grupi\u0173 pavadinimai&nbsp;rodomi arba pagal ab\u0117c\u0117l\u0119 arba pagal prioritet\u0105.<\/font><\/font><\/font><\/p><br \/>\n<p class=\"MsoNormal\"><font color=\"#404040\"><font face=\"Arial\"><font size=\"2\"><b>Gamini\u0173 charakteristik\u0173 pasirinkimas ir kainos paskai\u010diavimas<\/b><\/font><\/font><\/font><\/p><br \/>\n<p class=\"MsoNormal\"><font color=\"#404040\"><font face=\"Arial\"><font size=\"2\">Prie u\u017esakomo nestandartinio gaminio<span>&nbsp; <\/span>pavadinimo rodoma gaminius iliustruojanti nuotrauka bei lentel\u0117 u\u017esakom\u0173 gamini\u0173 charakteristik\u0173 \u012fvedimui. \u012evedus charakteristikas, programa apskai\u010diuoja u\u017esakomo gaminio kain\u0105<\/font><\/font><\/font><\/p><br \/>\n<p class=\"MsoNormal\"><font color=\"#404040\"><font face=\"Arial\"><font size=\"2\">Kada klientas duoda komand\u0105 i\u0161si\u0173sti u\u017esakym\u0105, programa \u012fra\u0161o \u0161\u012f<span>&nbsp; <\/span>u\u017esakym\u0105 \u012f AIVA programos Internetiniu u\u017esakym\u0173 s\u0105ra\u0161\u0105, bei atsiun\u010dia klientui , padariusiam u\u017esakym\u0105, patvirtinim\u0105 elektroniniu pa\u0161tu.<\/font><\/font><\/font><\/p><br \/>\n<p class=\"MsoNormal\"><b><font color=\"#404040\"><font face=\"Arial\"><font size=\"2\">Registruot\u0173 klient\u0173 identifikavimas<\/font><\/font><\/font><\/b><\/p><br \/>\n<p class=\"MsoNormal\"><font color=\"#404040\"><font face=\"Arial\"><font size=\"2\">Bet kuris neregistruotas svetain\u0117s lankytojas gali per\u017ei\u016br\u0117ti gamini\u0173 katalog\u0105 bei gaminius prekes , \u012fvesti savo duomenis bei atsispausdinti s\u0105skait\u0105 apmok\u0117jimui.<\/font><\/font><\/font><\/p><br \/>\n<p class=\"MsoNormal\"><font color=\"#404040\"><font face=\"Arial\"><font size=\"2\">Registruoti klientai gali dar papildomai per\u017ei\u016br\u0117ti ir koreguoti savo anketinius duomenis &#8211; adres\u0105, telefonus ir kt., per\u017ei\u016br\u0117ti ankstesnius savo u\u017esakymus ir \u0161iuo metu vykdomus u\u017esakymus, per\u017ei\u016br\u0117ti visus gautus marketinginius komercinius pasi\u016blymus. Leid\u017eiama ankstesnius u\u017esakymus kopijuoti naujam u\u017esakymui padaryti.<\/font><\/font><\/font><\/p><br \/>\n<p class=\"MsoNormal\"><font color=\"#404040\"><font face=\"Arial\"><font size=\"2\">Pasirink\u0119 i\u0161 katalogo reikiamus gaminius ir \u012fved\u0119 reikaling\u0105 preki\u0173 kiek\u012f, jie gali atsispausdinti s\u0105skait\u0105 i\u0161ankstiniam mok\u0117jimui ir i\u0161si\u0173sti u\u017esakym\u0105 \u012f \u012fmon\u0119.<\/font><\/font><\/font><\/p><br \/>\n<p class=\"MsoNormal\"><font color=\"#404040\"><font face=\"Arial\"><font size=\"2\">Programa kliento u\u017esakym\u0105 i\u0161siun\u010dia elektroniniu pa\u0161tu \u012f \u012fmon\u0119 ir kartu sugeneruoja elektronin\u012f lai\u0161k\u0105 pa\u010diam klientui su u\u017esakymo gavimo patvirtinimu. U\u017esakymas taip pat \u012fra\u0161omas \u012f duomen\u0173 baz\u0119. V\u0117liau klientas gali j\u012f per\u017ei\u016br\u0117ti. Jei u\u017esakymai toliau apdorojami su AIVA 9001 programa, klientas gali matyti u\u017esakymo vykdymo eig\u0105 ir seniau \u012fvykdytus u\u017esakymus.<\/font><\/font><\/font><\/p><br \/>\n<p class=\"MsoNormal\"><b><font color=\"#404040\"><font face=\"Arial\"><font size=\"2\">Apmok\u0117jimo u\u017e u\u017esakymus sistema<\/font><\/font><\/font><\/b><\/p><br \/>\n<p class=\"MsoNormal\"><font color=\"#404040\"><font face=\"Arial\"><font size=\"2\">Apmok\u0117jimo u\u017e u\u017esakymus<span>&nbsp; <\/span>sistema diegiama u\u017e papildom\u0105 mokest\u012f, pasirinkus mok\u0117jimo variantus.<\/font><\/font><\/font><\/p><br \/>\n<p class=\"MsoNormal\"><font color=\"#404040\"><font face=\"Arial\"><font size=\"2\">Apmok\u0117ti u\u017e u\u017esakymus internetu klientas gali \u012fvairiais b\u016bdais.<\/font><\/font><\/font><\/p><br \/>\n<p class=\"MsoNormal\"><font color=\"#404040\"><font face=\"Arial\"><font size=\"2\">Atsispausdinti i\u0161 programos s\u0105skait\u0105 i\u0161ankstiniam apmok\u0117jimui ir apmok\u0117ti j\u0105 bankiniu pavedimu arba&nbsp; \u012fne\u0161damas pinigus \u012f artimiausio banko kas\u0105, arba \u012fne\u0161damas pinigus \u012f&nbsp; \u012fmon\u0117s kas\u0105. \u0160is b\u016bdas realizuotas sistemoje.<\/font><\/font><\/font><\/p><br \/>\n<p class=\"MsoNormal\"><font color=\"#404040\"><font face=\"Arial\"><font size=\"2\">Apmok\u0117ti i\u0161 s\u0105skaitos per Internet\u0105. \u0160is b\u016bdas gali b\u016bti realizuotas u\u017e papildom\u0105 mokest\u012f. Apmok\u0117ti Internetu i\u0161 kreditin\u0117s kortel\u0117s. <\/font><\/font><\/font><\/p><br \/>\n<p class=\"MsoNormal\"><font color=\"#404040\"><font face=\"Arial\"><font size=\"2\"><b>U\u017esakym\u0173 vykdymas \u012fmon\u0117je.<\/b><\/font><\/font><\/font><\/p><br \/>\n<p class=\"MsoNormal\"><font color=\"#404040\"><font face=\"Arial\"><font size=\"2\">Internetiniai u\u017esakymai matomi programos modulio AIVA 9001 KOMERCIJA,&nbsp;u\u017esakym\u0173 s\u0105ra\u0161e, i\u0161 kurio vadybininkas pasirink\u0119s u\u017esakym\u0105 gali i\u0161si\u0173sti klientui u\u017esakymo patvirtinim\u0105 su nurodyta atlikimo data, bei perduoti j\u012f \u012f gamyb\u0105.<\/font><\/font><\/font><\/p><br \/>\n<p class=\"MsoNormal\"><font color=\"#404040\"><font face=\"Arial\"><font size=\"2\">Interneto svetain\u0117je suformuojamos U\u017esakym\u0173 vykdymo ataskaitos:<\/font><\/font><\/font><\/p><br \/>\n<p class=\"MsoNormal\"><font color=\"#404040\"><font face=\"Arial\"><font size=\"2\"><b>U\u017esakym\u0173 vykdymo ataskaitos Interneto svetain\u0117je<\/b><\/font><\/font><\/font><\/p><br \/>\n<p class=\"MsoNormal\"><font color=\"#404040\"><font face=\"Arial\"><font size=\"2\">Interneto svetain\u0117je suformuojamos U\u017esakym\u0173 vykdymo ataskaitos:<\/font><\/font><\/font><\/p><br \/>\n<p class=\"MsoListBullet\"><span><span><font size=\"2\">?<\/font><span>&nbsp;&nbsp;&nbsp; <\/span><\/span><\/span><font color=\"#404040\"><font face=\"Arial\"><font size=\"2\">Reklamini\u0173 pasi\u016blym\u0173<\/font><\/font><\/font><\/p><br \/>\n<p class=\"MsoListBullet\"><span><span><font size=\"2\">?<\/font><span>&nbsp;&nbsp;&nbsp; <\/span><\/span><\/span><font color=\"#404040\"><font face=\"Arial\"><font size=\"2\">Komercini\u0173 pasi\u016blym\u0173<\/font><\/font><\/font><\/p><br \/>\n<p class=\"MsoListBullet\"><span><span><font size=\"2\">?<\/font><span>&nbsp;&nbsp;&nbsp; <\/span><\/span><\/span><font color=\"#404040\"><font face=\"Arial\"><font size=\"2\">Vykdom\u0173 u\u017esakym\u0173<\/font><\/font><\/font><\/p><br \/>\n<p class=\"MsoListBullet\"><span><span><font size=\"2\">?<\/font><span>&nbsp;&nbsp;&nbsp; <\/span><\/span><\/span><font color=\"#404040\"><font face=\"Arial\"><font size=\"2\">\u012evykdyt\u0173 u\u017esakym\u0173<\/font><\/font><\/font><\/p><br \/>\n<p class=\"MsoListBullet\"><span><span><font size=\"2\">?<\/font><span>&nbsp;&nbsp;&nbsp; <\/span><\/span><\/span><font size=\"2\"><font color=\"#404040\"><font face=\"Arial\">Neatitik\u010di\u0173 registro<\/font><\/font><\/font><\/p><br \/>\n<p class=\"MsoNormal\"><b><font size=\"2\"><font color=\"#404040\"><font face=\"Arial\">Nauda<\/font><\/font><\/font><\/b><\/p><br \/>\n<p class=\"MsoNormal\"><font size=\"2\"><font color=\"#404040\"><font face=\"Arial\">E-SISTEMOS \u012fdiegimas naudingas tiek pa\u010diai \u012fmonei, tiek jos klientams.<\/font><\/font><\/font><\/p><br \/>\n<p class=\"MsoNormal\"><font size=\"2\"><font color=\"#404040\"><font face=\"Arial\">\u012emonei elektronin\u0117s komercijos sistema leid\u017eia, pirmiausia, sutaupyti darbo s\u0105naudas, nes gamini\u0173<span>&nbsp; <\/span>charakteristik\u0173 \u012fvedimo, u\u017esakymo ir s\u0105skaitos i\u0161ra\u0161ymo darb\u0105 atlieka patys klientai, taip sutaupydami pardavimo vadybinink\u0173 laik\u0105. Antra, elektronin\u0117s komercijos sistema padeda \u012fmonei geriau aptarnauti savo klientus.<\/font><\/font><\/font><\/p><br \/>\n<p class=\"MsoNormal\"><font size=\"2\"><font color=\"#404040\"><font face=\"Arial\">Klientams elektronin\u0117s komercijos sistema taip pat naudinga. Ji padeda taupyti darbo laik\u0105, kuris gai\u0161tamas kol prisiskambinama \u012f \u012fmon\u0119, taupyti telefoninio ry\u0161io i\u0161laidas, suteikia daugiau reikalingos informacijos apie u\u017esakomus gaminius.<\/font><\/font><\/font><\/p><br \/>\n<p class=\"MsoNormal\"><font color=\"#404040\" size=\"2\" face=\"Arial\">&nbsp;<\/font><\/p><br \/>\n<p>&nbsp;<\/p><\/p>","protected":false},"excerpt":{"rendered":"<p>Standartini\u0173 ir nestandartini\u0173 gamini\u0173 u\u017esakymo &nbsp;interneto svetain\u0117 sukuriama automati\u0161kai i\u0161 AIVA 9001 gamini\u0173 katalogo duomen\u0173 baz\u0117s&nbsp;(\u017er. Katalogas&nbsp;) Nestandartini\u0173 gamini\u0173 u\u017esakymui per AIVA program\u0105 \u012f Katalogo duomen\u0173 baz\u0119 \u012fvedami gamini\u0173 u\u017esakymo \u0161ablonai, kuruose apra\u0161omos kintamos gaminio charakteristikos, kuri\u0173 reik\u0161m\u0117s \u012fvedamos ar pasirenkamos u\u017esakymo metu. \u012evedant gamini\u0173 u\u017esakym\u0173 \u0161ablonus \u012f AIVA 9001 &nbsp;katalog\u0105, galima nurodyti kokias gamini\u0173 [&hellip;]<\/p>","protected":false},"featured_media":29457,"template":"","meta":{"_mi_skip_tracking":false,"_monsterinsights_sitenote_active":false,"_monsterinsights_sitenote_note":"","_monsterinsights_sitenote_category":0},"product_cat":[1491,1498],"product_tag":[],"mwb_booking_cost":[],"mwb_booking_service":[],"bundled_by":[],"bundle_stock_status":"instock","bundle_stock_quantity":null,"bundle_virtual":false,"bundle_layout":"","bundle_add_to_cart_form_location":"","bundle_editable_in_cart":false,"bundle_sold_individually_context":"","bundle_item_grouping":"","bundle_min_size":"","bundle_max_size":"","bundled_items":[],"bundle_sell_ids":[],"acf":[],"aioseo_notices":[],"_links":{"self":[{"href":"https:\/\/gamyba.online\/en\/wp-json\/wp\/v2\/product\/29419"}],"collection":[{"href":"https:\/\/gamyba.online\/en\/wp-json\/wp\/v2\/product"}],"about":[{"href":"https:\/\/gamyba.online\/en\/wp-json\/wp\/v2\/types\/product"}],"wp:featuredmedia":[{"embeddable":true,"href":"https:\/\/gamyba.online\/en\/wp-json\/wp\/v2\/media\/29457"}],"wp:attachment":[{"href":"https:\/\/gamyba.online\/en\/wp-json\/wp\/v2\/media?parent=29419"}],"wp:term":[{"taxonomy":"product_cat","embeddable":true,"href":"https:\/\/gamyba.online\/en\/wp-json\/wp\/v2\/product_cat?post=29419"},{"taxonomy":"product_tag","embeddable":true,"href":"https:\/\/gamyba.online\/en\/wp-json\/wp\/v2\/product_tag?post=29419"},{"taxonomy":"mwb_booking_cost","embeddable":true,"href":"https:\/\/gamyba.online\/en\/wp-json\/wp\/v2\/mwb_booking_cost?post=29419"},{"taxonomy":"mwb_booking_service","embeddable":true,"href":"https:\/\/gamyba.online\/en\/wp-json\/wp\/v2\/mwb_booking_service?post=29419"}],"curies":[{"name":"wp","href":"https:\/\/api.w.org\/{rel}","templated":true}]}}