{"id":29422,"date":"2024-04-12T11:22:07","date_gmt":"2024-04-12T09:22:07","guid":{"rendered":"https:\/\/gamyba.online\/product\/medziagu-ir-pagamintos-produkcijos-sandeliu-apskaitos-sistema-su-prekiu-logstikos-funkcijomis-tarp-centrinio-sandelio-ir-parduotuviu\/"},"modified":"2024-11-04T22:22:20","modified_gmt":"2024-11-04T20:22:20","slug":"medziagu-ir-pagamintos-produkcijos-sandeliu-apskaitos-sistema-su-prekiu-logstikos-funkcijomis-tarp-centrinio-sandelio-ir-parduotuviu","status":"publish","type":"product","link":"https:\/\/gamyba.online\/en\/product\/medziagu-ir-pagamintos-produkcijos-sandeliu-apskaitos-sistema-su-prekiu-logstikos-funkcijomis-tarp-centrinio-sandelio-ir-parduotuviu\/","title":{"rendered":"Med\u017eiag\u0173 ir pagamintos produkcijos sand\u0117li\u0173 apskaitos sistema su  preki\u0173 logstikos funkcijomis tarp centrinio sand\u0117lio ir parduotuvi\u0173"},"content":{"rendered":"<p><span><br \/>\n<p class=\"MsoNormal\"><span lang=\"ES\">Pagrindin\u0117s sand\u0117lio modulio &nbsp;programos funkcijos i\u0161vardintos<\/span><\/p><br \/>\n<p class=\"MsoNormal\"><span>Pajamavimas <\/span><\/p><br \/>\n<p class=\"MsoNormal\"><span><span>?<span>&nbsp;&nbsp;&nbsp;&nbsp;&nbsp;&nbsp;&nbsp;&nbsp;&nbsp; <\/span><\/span><\/span><span>Laisvas, neu\u017esakytoms prek\u0117ms ir med\u017eiagoms<\/span><\/p><br \/>\n<p class=\"MsoNormal\"><span><span>?<span>&nbsp;&nbsp;&nbsp;&nbsp;&nbsp;&nbsp;&nbsp;&nbsp;&nbsp; <\/span><\/span><\/span><span>Pagal u\u017esakymus tiek\u0117jams <\/span><\/p><br \/>\n<p class=\"MsoNormal\"><span><span>?<span>&nbsp;&nbsp;&nbsp;&nbsp;&nbsp;&nbsp;&nbsp;&nbsp;&nbsp; <\/span><\/span><\/span><span>Fakt\u016broms, kurioms buvo i\u0161ra\u0161ytos prek\u0117s su 0 kiekiu <\/span><\/p><br \/>\n<p class=\"MsoNormal\"><span>Pajamavimo dokumentai<\/span><\/p><br \/>\n<p class=\"MsoNormal\"><span><\/span><span>PVM s\u0105skaitos fakt\u016br\u0173 ir va\u017etara\u0161\u010di\u0173 formavimas ir spausdinimas:&nbsp;<\/span><\/p><br \/>\n<p class=\"MsoNormal\"><span><span>?<span>&nbsp;&nbsp;&nbsp;&nbsp;&nbsp;&nbsp;&nbsp;&nbsp;&nbsp; <\/span><\/span><\/span><span>Pagal klient\u0173 u\u017esakymus <\/span><\/p><br \/>\n<p class=\"MsoNormal\"><span><span>?<span>&nbsp;&nbsp;&nbsp;&nbsp;&nbsp;&nbsp;&nbsp;&nbsp;&nbsp; <\/span><\/span><\/span><span>Pagal va\u017etara\u0161\u010dius <\/span><\/p><br \/>\n<p class=\"MsoNormal\"><span>PVM s\u0105skait\u0173 fakt\u016br\u0173 s<\/span><span>\u0105ra\u0161as -per\u017ei\u016bra, spausdinimas, anuliavimas<\/span><\/p><br \/>\n<p class=\"MsoNormal\"><span><span>?<span>&nbsp;&nbsp;&nbsp;&nbsp;&nbsp;&nbsp;&nbsp;&nbsp;&nbsp; <\/span><\/span><\/span><span>Anuliuot\u0173 fakt\u016br\u0173 s\u0105ra\u0161as<\/span><\/p><br \/>\n<p class=\"MsoNormal\"><span>Preki\u0173 gr\u0105\u017einimas: <\/span><\/p><br \/>\n<p class=\"MsoNormal\"><span><span>?<span>&nbsp;&nbsp;&nbsp;&nbsp;&nbsp;&nbsp;&nbsp;&nbsp;&nbsp; <\/span><\/span><\/span><span>Preki\u0173 gr\u0105\u017einimas tiek\u0117jams <\/span><\/p><br \/>\n<p class=\"MsoNormal\"><span><span>?<span>&nbsp;&nbsp;&nbsp;&nbsp;&nbsp;&nbsp;&nbsp;&nbsp;&nbsp; <\/span><\/span><\/span><span>Preki\u0173 gr\u0105\u017einimo tiek\u0117jams s\u0105ra\u0161as <\/span><\/p><br \/>\n<p class=\"MsoNormal\"><span><span>?<span>&nbsp;&nbsp;&nbsp;&nbsp;&nbsp;&nbsp;&nbsp;&nbsp;&nbsp; <\/span><\/span><\/span><span>Preki\u0173&nbsp; gr\u0105\u017einimas i\u0161 pirk\u0117j\u0173 <\/span><\/p><br \/>\n<p class=\"MsoNormal\"><span><span>?<span>&nbsp;&nbsp;&nbsp;&nbsp;&nbsp;&nbsp;&nbsp;&nbsp;&nbsp; <\/span><\/span><\/span><span>Preki\u0173 gr\u0105\u017einimo i\u0161 pirk\u0117j\u0173 s\u0105ra\u0161as<\/span><\/p><br \/>\n<p class=\"MsoNormal\"><span>Preki\u0173 perk\u0117limas ir nura\u0161ymas (pav. eksploatacini\u0173 med\u017eiag\u0173): <\/span><\/p><br \/>\n<p class=\"MsoNormal\"><span><span>?<span>&nbsp;&nbsp;&nbsp;&nbsp;&nbsp;&nbsp;&nbsp;&nbsp;&nbsp; <\/span><\/span><\/span><span>Preki\u0173 parinkimas <\/span><\/p><br \/>\n<p class=\"MsoNormal\"><span><span>?<span>&nbsp;&nbsp;&nbsp;&nbsp;&nbsp;&nbsp;&nbsp;&nbsp;&nbsp; <\/span><\/span><\/span><span>Preki\u0173 perk\u0117limo s\u0105ra\u0161as<\/span><\/p><br \/>\n<p class=\"MsoNormal\"><span><span>?<span>&nbsp;&nbsp;&nbsp;&nbsp;&nbsp;&nbsp;&nbsp;&nbsp;&nbsp; <\/span><\/span><\/span><span>Preki\u0173 atidavimo kontrol\u0117 <\/span><\/p><br \/>\n<p class=\"MsoNormal\"><span>Sand\u0117lio ataskaitos: <\/span><\/p><br \/>\n<p class=\"MsoNormal\"><span><span>?<span>&nbsp;&nbsp;&nbsp;&nbsp;&nbsp;&nbsp;&nbsp;&nbsp;&nbsp; <\/span><\/span><\/span><span>Bendra ataskaita <\/span><\/p><br \/>\n<p class=\"MsoNormal\"><span><span>?<span>&nbsp;&nbsp;&nbsp;&nbsp;&nbsp;&nbsp;&nbsp;&nbsp;&nbsp; <\/span><\/span><\/span><span>Pajamavimo ataskaita (skolos tiek\u0117jams) <\/span><\/p><br \/>\n<p class=\"MsoNormal\"><span><span>?<span>&nbsp;&nbsp;&nbsp;&nbsp;&nbsp;&nbsp;&nbsp;&nbsp;&nbsp; <\/span><\/span><\/span><span>I\u0161laidavimo ataskaita <\/span><\/p><br \/>\n<p class=\"MsoNormal\"><span><span>?<span>&nbsp;&nbsp;&nbsp;&nbsp;&nbsp;&nbsp;&nbsp;&nbsp;&nbsp; <\/span><\/span><\/span><span>Materialini\u0173 vertybi\u0173 liku\u010diai <\/span><\/p><br \/>\n<p class=\"MsoNormal\"><span>Preki\u0173 norm\u0173 sand\u0117lyje \u012fvedimas (panaudojamas programos tiekimo dalyje automatiniam u\u017esakym\u0173 tiek\u0117jams formavimui.<\/span><\/p><br \/>\n<p class=\"MsoNormal\"><span>Preki\u0173 i\u0161davimas, kartu &nbsp;spausdinant (jei reikia) &nbsp;PVM s\u0105skait\u0105 -fakt\u016br\u0105 ir \u012fvedant apmok\u0117jim\u0105.<\/span><\/p><br \/>\n<p class=\"MsoNormal\"><span lang=\"LT\"><\/span>&nbsp;<\/p><br \/>\n<p class=\"MsoNormal\"><span lang=\"LT\">Preki\u0173 sand\u0117lio liku\u010diai parodomi ne tik sand\u0117lio ataskaitose, bet ir programos pardavim\u0173 dalyje,-preki\u0173 kataloge ,&nbsp; programos tiekimo dalyje,- u\u017esakant prekes i\u0161 tiek\u0117j\u0173, programos gamybin\u0117je dalyje,- perduodant prekes \u012f gamyb\u0105 u\u017esakym\u0173 vykdymui. Tokia operatyvi sand\u0117lio liku\u010di\u0173 informacija labai palengvina pardavimo, tiekimo ir gamybos funkcij\u0173 vykdym\u0105.<\/span><\/p><br \/>\n<p class=\"MsoNormal\"><font size=\"2\">&nbsp;<\/font><\/p><br \/>\n<p class=\"MsoNormal\"><b><span><font face=\"Calibri\"><font size=\"2\">Pla\u010diau apie \u0161ias ir kitas funkcijas \u017ei\u016br\u0117kite Sand\u0117lio programos modulio funkcij\u0173 apra\u0161ymuose<\/font><\/font><\/span><\/b><\/p><br \/>\n<p class=\"MsoNormal\"><span><font face=\"Calibri\">&nbsp;<\/font><\/span><\/p><br \/>\n<p class=\"MsoNormal\"><\/span><br>&nbsp;<\/p><\/p>","protected":false},"excerpt":{"rendered":"<p>Pagrindin\u0117s sand\u0117lio modulio &nbsp;programos funkcijos i\u0161vardintos Pajamavimas ?&nbsp;&nbsp;&nbsp;&nbsp;&nbsp;&nbsp;&nbsp;&nbsp;&nbsp; Laisvas, neu\u017esakytoms prek\u0117ms ir med\u017eiagoms ?&nbsp;&nbsp;&nbsp;&nbsp;&nbsp;&nbsp;&nbsp;&nbsp;&nbsp; Pagal u\u017esakymus tiek\u0117jams ?&nbsp;&nbsp;&nbsp;&nbsp;&nbsp;&nbsp;&nbsp;&nbsp;&nbsp; Fakt\u016broms, kurioms buvo i\u0161ra\u0161ytos prek\u0117s su 0 kiekiu Pajamavimo dokumentai PVM s\u0105skaitos fakt\u016br\u0173 ir va\u017etara\u0161\u010di\u0173 formavimas ir spausdinimas:&nbsp; ?&nbsp;&nbsp;&nbsp;&nbsp;&nbsp;&nbsp;&nbsp;&nbsp;&nbsp; Pagal klient\u0173 u\u017esakymus ?&nbsp;&nbsp;&nbsp;&nbsp;&nbsp;&nbsp;&nbsp;&nbsp;&nbsp; Pagal va\u017etara\u0161\u010dius PVM s\u0105skait\u0173 fakt\u016br\u0173 s\u0105ra\u0161as -per\u017ei\u016bra, spausdinimas, anuliavimas ?&nbsp;&nbsp;&nbsp;&nbsp;&nbsp;&nbsp;&nbsp;&nbsp;&nbsp; Anuliuot\u0173 fakt\u016br\u0173 s\u0105ra\u0161as Preki\u0173 [&hellip;]<\/p>","protected":false},"featured_media":29445,"template":"","meta":{"_mi_skip_tracking":false,"_monsterinsights_sitenote_active":false,"_monsterinsights_sitenote_note":"","_monsterinsights_sitenote_category":0},"product_cat":[1491,1499],"product_tag":[],"mwb_booking_cost":[],"mwb_booking_service":[],"bundled_by":[],"bundle_stock_status":"instock","bundle_stock_quantity":null,"bundle_virtual":false,"bundle_layout":"","bundle_add_to_cart_form_location":"","bundle_editable_in_cart":false,"bundle_sold_individually_context":"","bundle_item_grouping":"","bundle_min_size":"","bundle_max_size":"","bundled_items":[],"bundle_sell_ids":[],"acf":[],"aioseo_notices":[],"_links":{"self":[{"href":"https:\/\/gamyba.online\/en\/wp-json\/wp\/v2\/product\/29422"}],"collection":[{"href":"https:\/\/gamyba.online\/en\/wp-json\/wp\/v2\/product"}],"about":[{"href":"https:\/\/gamyba.online\/en\/wp-json\/wp\/v2\/types\/product"}],"wp:featuredmedia":[{"embeddable":true,"href":"https:\/\/gamyba.online\/en\/wp-json\/wp\/v2\/media\/29445"}],"wp:attachment":[{"href":"https:\/\/gamyba.online\/en\/wp-json\/wp\/v2\/media?parent=29422"}],"wp:term":[{"taxonomy":"product_cat","embeddable":true,"href":"https:\/\/gamyba.online\/en\/wp-json\/wp\/v2\/product_cat?post=29422"},{"taxonomy":"product_tag","embeddable":true,"href":"https:\/\/gamyba.online\/en\/wp-json\/wp\/v2\/product_tag?post=29422"},{"taxonomy":"mwb_booking_cost","embeddable":true,"href":"https:\/\/gamyba.online\/en\/wp-json\/wp\/v2\/mwb_booking_cost?post=29422"},{"taxonomy":"mwb_booking_service","embeddable":true,"href":"https:\/\/gamyba.online\/en\/wp-json\/wp\/v2\/mwb_booking_service?post=29422"}],"curies":[{"name":"wp","href":"https:\/\/api.w.org\/{rel}","templated":true}]}}