{"id":29424,"date":"2024-04-12T11:22:09","date_gmt":"2024-04-12T09:22:09","guid":{"rendered":"https:\/\/gamyba.online\/product\/aiva-sandelio-valdymo-modulis\/"},"modified":"2024-11-04T22:22:20","modified_gmt":"2024-11-04T20:22:20","slug":"aiva-sandelio-valdymo-modulis","status":"publish","type":"product","link":"https:\/\/gamyba.online\/en\/product\/aiva-sandelio-valdymo-modulis\/","title":{"rendered":"AIVA sand\u0117lio valdymo modulis"},"content":{"rendered":"<p><p class=\"MsoNormal\"><font face=\"Calibri\">AIVA preki\u0173 apskaitos modulis automatizuoja visas reikalingas preki\u0173 apskaitos funkcijas ,-med\u017eiag\u0173 pajamavimo, s\u0105skait\u0173 fakt\u016br\u0173 ir va\u017etara\u0161\u010di\u0173 spausdinimo, atskaitomyb\u0117s dokument\u0173 suformavimo ir perdavimo \u012f kitas sistemas, logistikos valdymo tarp sand\u0117li\u0173<span>&nbsp; <\/span>bei kitas preki\u0173 apskaitos operacijas.<\/font><\/p><br \/>\n<p class=\"MsoNormal\"><b><font face=\"Calibri\">Preki\u0173 pajamavimas panaudojant u\u017esakym\u0173 tiek\u0117jams duomenis<\/font><\/b><\/p><br \/>\n<p class=\"MsoNormal\"><font face=\"Calibri\">AIVA 9001 programoje pagrindinis gaut\u0173 preki\u0173 pajamavimo<span>&nbsp; <\/span>re\u017eimas yra pajamavimas pagal per program\u0105 padarytus u\u017esakymus tiek\u0117jams. Kadangi si\u0173stame u\u017esakyme<span>&nbsp; <\/span>jau yra beveik<span>&nbsp; <\/span>visi reikalingi pajamavimui, tod\u0117l darbo pajamavimui suma\u017e\u0117ja kelis kartus. Be to, suma\u017e\u0117ja klaid\u0173 tikimyb\u0117, kadangi informacijos \u012fvedama tik minimaliai-dokumento Nr. ir data, kartais gali prireikti patikslinti kiekius ir kainas.<\/font><\/p><br \/>\n<p class=\"MsoNormal\"><b><font face=\"Calibri\">Preki\u0173 pajamavimas panaudojant klient\u0173 u\u017esakym\u0173 duomenis<\/font><\/b><\/p><br \/>\n<p class=\"MsoNormal\"><font face=\"Calibri\">Kadangi vis tiek kartais gali atsitikti taip, kad prek\u0117s buvo nupirktos be i\u0161ankstinio j\u0173 u\u017esakymo, pav., darbuotojas, kuriam pritr\u016bko med\u017eiag\u0173 gamybai arba skubiai reikia preki\u0173 tam tikro kliento u\u017esakymo \u012fvykdymui, ir jis nuva\u017eiavo \u012f parduotuv\u0119 ir pats jas nusipirko, AIVA<span>&nbsp; <\/span>programoje yra dar du preki\u0173 pajamavimo re\u017eimai: a)&nbsp; Pasirenkant i\u0161 katalogo, b) &nbsp; Panaudojant kliento u\u017esakymo duomenis.<\/font><\/p><br \/>\n<p class=\"MsoNormal\"><font face=\"Calibri\">Jei prek\u0117s buvo nupirktos tam tikram kliento u\u017esakymui, tada j\u0173 pajamavimas panaudojant kliento u\u017esakymo duomenis smarkiai suma\u017eins darbo s\u0105naudas, kadangi nebereik\u0117s \u012fvedin\u0117ti \u012f programa preki\u0173 pavadinim\u0173 ir kieki\u0173,-tik pirkimo kainas ir dokumento Nr., dat\u0105 ir pasirinkti tiek\u0117j\u0105.<\/font><\/p><br \/>\n<p class=\"MsoNormal\"><b><font face=\"Calibri\">Preki\u0173 <span>&nbsp;<\/span>pajamavimas i\u0161komplektuojant nupirkt\u0105 prek\u0119 detal\u0117mis<\/font><\/b><\/p><br \/>\n<p class=\"MsoNormal\"><font face=\"Calibri\">B\u016bna atveju \u012fmon\u0117se, kad pajamuojant ne\u017einomos kiekvienos prek\u0117s savikain\u0105, o \u017einoma tik bendra pirkt\u0173 preki\u0173 kain\u0105. Pav., nuperkamas automobilis ardymui ir reikia u\u017epajamuoti po i\u0161ardymo gautas automobilio dalis.<\/font><\/p><br \/>\n<p class=\"MsoNormal\"><font face=\"Calibri\">Tam AIVA programoje realizuotas pajamavimo re\u017eimas su i\u0161komplektavimu, kuris leid\u017eia perskai\u010diuoti i\u0161 bendros komplekto pirkimo kainos atskir\u0173 komplekt\u0105 sudaran\u010di\u0173 pajamuojam\u0173 preki\u0173 savikainas.<\/font><\/p><br \/>\n<p class=\"MsoNormal\"><b><font face=\"Calibri\">Preki\u0173 i\u0161davimo valdymas ir apskaita<\/font><\/b><\/p><br \/>\n<p class=\"MsoNormal\"><font face=\"Calibri\">Sistemos sand\u0117lio u\u017esakym\u0173 s\u0105ra\u0161e&nbsp;sand\u0117lininkas matys plan\u0105 kada reikia paruo\u0161ti i\u0161ve\u017eimui produkcij\u0105, programa parodys ar ji jau pagaminta ir k\u0105 reikia surinkti, o surinkus suformuos ir atspausdins visus reikiamus dokumentus, va\u017etara\u0161t\u012f, s\u0105skait\u0105-fakt\u016br\u0105, CMR, nura\u0161ys surinkt\u0105 produkcij\u0105 i\u0161 sand\u0117lio. <\/font><\/p><br \/>\n<p class=\"MsoNormal\"><font face=\"Calibri\">Automatizav\u0119 preki\u0173 i\u0161ve\u017eimo valdymo proces\u0105<b> s<\/b>utaupysite iki 90% darbo s\u0105naud\u0173 dokument\u0173 ruo\u0161imui, grei\u010diau paruo\u0161ite u\u017esakytas prekes i\u0161ve\u017eimui, nepadarysite klaid\u0173 ir taip i\u0161vengsite papildom\u0173 nuostoli\u0173 klaid\u0173 taisymui <\/font><\/p><br \/>\n<p class=\"MsoNormal\"><b><font face=\"Calibri\">Preki\u0173 rezervavimas i\u0161 kit\u0173 sand\u0117li\u0173<span>&nbsp; <\/span>bei i\u0161 tiekimo u\u017esakym\u0173<span>&nbsp; <\/span>klient\u0173<span>&nbsp; <\/span>u\u017esakymams <\/font><\/b><\/p><br \/>\n<p class=\"MsoNormal\"><font face=\"Calibri\">U\u017eregistravus kliento u\u017esakym\u0105, pardav\u0117ja gali rezervuoti u\u017esakytas perkes tiek i\u0161 savo parduotuv\u0117s sand\u0117lio tiek i\u0161 kito pasirinkto sand\u0117lio.<\/font><\/p><br \/>\n<p class=\"MsoNormal\"><font face=\"Calibri\">Po rezervavimo komandos, prek\u0117s i\u0161 pasirinkto sand\u0117lio automati\u0161kai perkeliamos \u012f to sand\u0117lio rezerv\u0105. At\u0117jus laikui i\u0161ve\u017eti prekes, pasirinkus kliento ar parduotuv\u0117s u\u017esakym\u0105 suformuojamas i\u0161ve\u017eimo dokumentas. Tai gali b\u016bti arba vidinio perk\u0117limo dokumentas i\u0161 u\u017erezervuot\u0173 preki\u0173 sand\u0117lio \u012f u\u017esakiusios prekes parduotuv\u0117s sand\u0117l\u012f, arba PVM s\u0105skaita-fakt\u016bra prekes u\u017esakiusiam klientui, jei prek\u0117s ve\u017eamos jam tiesiogiai.<\/font><\/p><br \/>\n<p class=\"MsoNormal\"><b><font face=\"Calibri\">&nbsp;<\/font><\/b><\/p><br \/>\n<p class=\"MsoNormal\"><font face=\"Calibri\">Tam atvejui, kai klient\u0173 u\u017esakyt\u0173 preki\u0173 n\u0117ra sand\u0117lyje, realizuota preki\u0173 automatinio rezervavimo funkcija pajamuojant gautas prekes i\u0161 tiek\u0117jo. Programa patikrina, ar gautos prek\u0117s yra u\u017esakytos klient\u0173 ir, jei taip, tada rezervuoja jas klient\u0173 u\u017esakymams.<\/font><\/p><br \/>\n<p class=\"MsoNormal\"><font face=\"Calibri\">&nbsp;<\/font><\/p><br \/>\n<p class=\"MsoNormal\"><font face=\"Calibri\">&nbsp;<\/font><\/p><br \/>\n<p class=\"MsoNormal\"><b><font face=\"Calibri\">Gaut\u0173 konsignacijai preki\u0173 apskaita<\/font><\/b><\/p><br \/>\n<p class=\"MsoNormal\"><font face=\"Calibri\">Gaut\u0173 preki\u0173 konsignacija apskaita paprastai u\u017eima daug laiko, kadangi reikia atrinkti kokios prek\u0117s buvo parduotos ar sunaudotos gamyboje, prane\u0161ti apie jas konsignacijos dav\u0117jui ir v\u0117liau<span>&nbsp; <\/span>\u012fvesti duomenis tam kad u\u017epajamuoti konsignacines prekes.<\/font><\/p><br \/>\n<p class=\"MsoNormal\"><font face=\"Calibri\">AIVA 9001 programoje realizuotas sprendimas, kuris de\u0161imtys kart\u0173 suma\u017eina rankin\u012f apskaitinink\u0173 darb\u0105, kadangi visai nebereikia rankiniu b\u016bdu \u012fvedin\u0117ti duomen\u0173<span>&nbsp; <\/span>konsignacijos apskaitai. Prad\u017eioje programa automati\u0161kai suformuoja ir i\u0161siun\u010diau u\u017esakymus reikalingoms konsignacin\u0117ms prek\u0117ms ir med\u017eiagoms . Po to, jos u\u017epirmaujamos paprast\u0173 si\u0173sto u\u017esakymo patvirtinimu. <\/font><\/p><br \/>\n<p class=\"MsoNormal\"><font face=\"Calibri\">&nbsp;<\/font><\/p><br \/>\n<p class=\"MsoNormal\"><font face=\"Calibri\">O pardavus prekes, ar sunaudojus med\u017eiagas gamyboje, programa automati\u0161kai suformuoja ir i\u0161siun\u010dia prane\u0161imus \u0161i\u0173 preki\u0173 tiek\u0117jams, kad jie gali i\u0161ra\u0161yti joms PVM s\u0105skait\u0105 fakt\u016br\u0105. Gavus s\u0105skait\u0105, tereikia rankiniu b\u016bdu tik \u012fvesti jos Nr. ir dat\u0105.<\/font><\/p><br \/>\n<p class=\"MsoNormal\"><b><font face=\"Calibri\">Perduot\u0173 pardavimui pagal konsignacij\u0105 preki\u0173 apskaita<\/font><\/b><\/p><br \/>\n<p class=\"MsoNormal\"><font face=\"Calibri\">Prad\u017eioje \u012fmon\u0117 kuri nori pirkti prekes konsignaciniais pagrindais, u\u017esako prekes.<\/font><\/p><br \/>\n<p class=\"MsoNormal\"><font face=\"Calibri\">Pasirinkus kliento u\u017esakym\u0105, &nbsp;programa atlieka u\u017esakyt\u0173 preki\u0173 vidin\u012f perk\u0117lim\u0105 i\u0161 \u012fmon\u0117s sand\u0117lio \u012f kliento sand\u0117l\u012f . <\/font><\/p><br \/>\n<p class=\"MsoNormal\"><font face=\"Calibri\">Kaip klientas parduoda prekes ir apie tai prane\u0161a, pasirinkus u\u017esakym\u0105 programa suformuoja s\u0105skait\u0105 fakt\u016br\u0105 ir nura\u0161o konsignacijai perduotas prekes i\u0161 konsignacinio sand\u0117lio.<\/font><\/p><br \/>\n<p class=\"MsoNormal\"><font face=\"Calibri\">Konsignacijos valdymo apskaitos automatizavimas&nbsp;sutaupo daug vadybinink\u0173 laiko apskaitai ir padeda kontroliuoti kad prek\u0117s neu\u017esigul\u0117t\u0173 per ilgai konsignaciniuose sand\u0117liuose.<\/font><\/p><br \/>\n<p class=\"MsoNormal\"><font face=\"Calibri\">&nbsp;<\/font><\/p><br \/>\n<p class=\"MsoNormal\"><b><font face=\"Calibri\">Sand\u0117lio liku\u010di\u0173 automatinis koregavimas pagal inventorizacijos ataskaita<\/font><\/b><\/p><br \/>\n<p class=\"MsoNormal\"><font face=\"Calibri\">Fakti\u0161kai rastus liku\u010dius po inventorizacijos. galima keisti programos duomen\u0173 baz\u0117je <span>&nbsp;<\/span>arba automati\u0161kai-importuojant Excel fail\u0105 su naujais liku\u010diais arba rankiniu b\u016bdu.<\/font><\/p><br \/>\n<p class=\"MsoNormal\"><font face=\"Calibri\">Pakeitus liku\u010dius, programa automati\u0161kai sukuria pajamavimo ar nura\u0161ymo dokument\u0105 rastam skirtumui. <\/font><\/p><br \/>\n<p class=\"MsoNormal\"><font face=\"Calibri\">Toliau \u0161ie dokumentai dalyvauja kaip normal\u016bs pajamavimo ir nura\u0161ymo dokumentai apskaitoje, tod\u0117l su liku\u010diais galima daryti visus veiksmus&nbsp; kaip ir paprastais pajamavimo dokumentais.<\/font><\/p><br \/>\n<p class=\"MsoNormal\"><b><font face=\"Calibri\">Logistikos tarp sand\u0117li\u0173 valdymas&nbsp;<\/font><\/b><\/p><br \/>\n<p class=\"MsoNormal\"><font face=\"Calibri\">Parduotuv\u0117s per programa gali pasirinkti <span>&nbsp;<\/span>prekes ir suformuoti u\u017esakymus <span>&nbsp;<\/span>logistikai preki\u0173 atve\u017eimui \u012f parduotuv\u0119. U\u017esakym\u0105 logistikai galima suformuoti ir i\u0161 kliento u\u017esakymo<\/font><\/p><br \/>\n<p class=\"MsoNormal\"><font face=\"Calibri\">Parduotuvi\u0173 u\u017esakymai logistikai patenka \u012f U\u017esakym\u0173 logistikai s\u0105ra\u0161\u0105-plan\u0105, i\u0161 kurio vykdomas tolesnis u\u017esakym\u0173 valdymas. Pasirinkus u\u017esakym\u0105 programa automati\u0161kai i\u0161 nustatyto sand\u0117lio pasirenka u\u017esakytas prekes ir suformuoja vidinio perk\u0117limo dokument\u0105.<\/font><\/p><br \/>\n<p class=\"MsoNormal\"><font face=\"Calibri\">Per nustatymus galima pasirinkti kur keliamos prek\u0117s-ar i\u0161 karto \u012f sand\u0117l\u012f kuris u\u017esak\u0117 prekes ar \u012f automobil\u012f, kuris ve\u0161 prekes. Surenkant<span>&nbsp; <\/span>i\u0161 logistikos u\u017esakym\u0173 prekes, programa kontroliuoja ar jos tilps \u012f automobil\u012f pagal svorius ir t\u016brius priskirtus kataloge prek\u0117ms.<\/font><\/p><br \/>\n<p class=\"MsoNormal\"><font face=\"Calibri\">Po surinkt\u0173 preki\u0173 patvirtinimo, prek\u0117s perkeliamos \u012f automobil\u012f (sand\u0117l\u012f) ir atspausdinamas perve\u017eimo va\u017etara\u0161tis.<\/font><\/p><br \/>\n<p class=\"MsoNormal\"><span><font face=\"Calibri\">Gavus prekes, parduotuv\u0117 pasirenka i\u0161 s\u0105ra\u0161o savo preki\u0173 perk\u0117limo dokument\u0105 ir patvirtina j\u0173 gavim\u0105. Programa i\u0161 automobilio perkelia prekes \u012f parduotuv\u0117s sand\u0117l\u012f<\/font><\/span><\/p><br \/>\n<p class=\"MsoNormal\"><font face=\"Calibri\">Sistema padeda valdyti preki\u0173 perk\u0117lim\u0105 tarp nutolusi\u0173 sand\u0117li\u0173 ir kontroliuoti kad prek\u0117s perve\u017eant nedingt\u0173<\/font><\/p><br \/>\n<p class=\"MsoNormal\"><b><font face=\"Calibri\">Sand\u0117lio ataskaitos<\/font><\/b><\/p><br \/>\n<p class=\"MsoNormal\"><font face=\"Calibri\">Programa suformuoja preki\u0173 gavimo, i\u0161davimo, sand\u0117li\u0173 liku\u010di\u0173 ir bendr\u0105 preki\u0173 jud\u0117jimo sand\u0117liuose ataskaitas.<\/font><\/p><br \/>\n<p class=\"MsoNormal\"><font face=\"Calibri\">Be to, dar suformuojamos ir ataskaitos, kurios padeda kontroliuoti kiek laiko prek\u0117s guli sand\u0117lyje<span>&nbsp; <\/span>neparduotos, bei preki\u0173 norm\u0173 sand\u0117liuose ataskaita, naudojama tiekimo u\u017esakym\u0173 apskai\u010diavimui<\/font><\/p><br \/>\n<p class=\"MsoNormal\"><b><font face=\"Calibri\">Intrastato ataskaitos<\/font><\/b><\/p><br \/>\n<p class=\"MsoNormal\"><font face=\"Calibri\">Intrastato ataskaitas privalo teikti tie PVM mok\u0117tojai, kuri\u0173 metin\u0117 i\u0161ve\u017et\u0173\/\u012fve\u017et\u0173 preki\u0173 vert\u0117 vir\u0161ijo Intrastato i\u0161ve\u017eimo ir\/arba Intrastato \u012fve\u017eimo ataskait\u0173 teikimo ribas. \u0160ias ribas apskai\u010diuoja ir kiekvienais metais iki spalio 30 d. skelbia Statistikos departamentas prie Lietuvos Respublikos Vyriausyb\u0117s. Intrastato \u012fve\u017eimo ir i\u0161ve\u017eimo ribos yra apskai\u010diuojamos kalendoriniams metams.<\/font><\/p><br \/>\n<p class=\"MsoNormal\"><font face=\"Calibri\">Jeigu j\u016bs\u0173 \u012fmon\u0117 papuol\u0117 \u012f tas ribas ir jums reikia teikti \u0161ias ataskaitas, programa jums gali jas sugeneruoti i\u0161 pirmini\u0173 dokument\u0173 ir lengvai pateikti statistikos departamentui. <\/font><\/p><br \/>\n<p class=\"MsoNormal\"><font face=\"Calibri\">AIVA 9001 programos Intrastat modulio&nbsp;pagalba J\u016bs gal\u0117site be problem\u0173 \u0161ias ataskaitas susigeneruoti ir pateikti patys, nesinaudoti tarpinink\u0173 paslaugomis ir nemok\u0117ti jiems u\u017e tai pinig\u0173.<\/font><\/p><br \/>\n<p class=\"MsoNormal\"><b><font face=\"Calibri\">Pakuo\u010di\u0173 svorio paskai\u010diavimas i\u0161ve\u017eam\u0173 preki\u0173 va\u017etara\u0161tyje<\/font><\/b><\/p><br \/>\n<p class=\"MsoNormal\"><font face=\"Calibri\">AIVA programa suvedus preki\u0173 kataloge <span>&nbsp;<\/span>pakuot\u0117s svorius, PVM s\u0105skaitoje fakt\u016broje gali <span>&nbsp;<\/span>suskai\u010diuoti ir atspausdinti <span>&nbsp;<\/span>preki\u0173 pakuo\u010di\u0173 <span>&nbsp;<\/span>svorio, preki\u0173 bruto svor\u012f .<\/font><\/p><br \/>\n<p class=\"MsoNormal\"><b><font face=\"Calibri\">Pakuo\u010di\u0173 ataskaita<\/font><\/b><\/p><br \/>\n<p class=\"MsoNormal\"><font face=\"Calibri\">Programa suformuoja gaunamos su importuojamomis med\u017eiagomis ir i\u0161ve\u017eamos produkcijos pakuo\u010di\u0173 ataskaita<\/font><\/p><br \/>\n<p class=\"MsoNormal\"><font color=\"#2f5496\"><font face=\"Calibri Light\"><span class=\"Antrat2Diagrama\"><span>Programos privalumai:<\/span><\/span><br><\/font><\/font><font face=\"Calibri\">Programos pagal automatizuosite <span>&nbsp;<\/span>prakti\u0161kai be rankinio duomen\u0173 \u012fvedimo visas sand\u0117lio preki\u0173 apskaitos ir valdymo funkcijas.<\/font><\/p><br \/>\n<p class=\"MsoNormal\"><span><font face=\"Calibri\">Programoje integruota br\u016bk\u0161nini\u0173 kod\u0173 technologija. U\u017epajamuotoms prek\u0117ms ir gaminiams galima atsispausdinti lipdukus su br\u016bk\u0161niniais kodais. Skenuojant preki\u0173 br\u016bk\u0161ninius kodus galima sutikrinti ar nesuklydome surinkami prekes kliento u\u017esakymui. Parduodant ar i\u0161duodant i\u0161 sand\u0117lio prekes, galima prekes skenuoti j\u0173 surinkimui \u012f fakt\u016br\u0105.<\/font><\/span><\/p><br \/>\n<p class=\"MsoNormal\"><font face=\"Calibri\">Jei kartu su sand\u0117lio apskaitos moduliu naudojamas AIVA buhalterijos modulis, programa \u012fra\u0161o s\u0105skait\u0173 duomenis buhalterinei apskaitai<\/font><\/p><br \/>\n<p class=\"MsoNormal\"><font face=\"Calibri\">Jei AIVA programa sand\u0117lio apskaitai naudojama su kokia nors kita buhalterin\u0117s apskaitos sistema, tada AIVA&nbsp; programa&nbsp; suformuoja i\u0161davimo&nbsp; dokumento \u012fra\u0161\u0105&nbsp; &#8220;svetimai&#8221; buhalterin\u0117s apskaitos sistemai. <\/font><\/p><br \/>\n<p>&nbsp;<\/p><\/p>","protected":false},"excerpt":{"rendered":"<p>AIVA preki\u0173 apskaitos modulis automatizuoja visas reikalingas preki\u0173 apskaitos funkcijas ,-med\u017eiag\u0173 pajamavimo, s\u0105skait\u0173 fakt\u016br\u0173 ir va\u017etara\u0161\u010di\u0173 spausdinimo, atskaitomyb\u0117s dokument\u0173 suformavimo ir perdavimo \u012f kitas sistemas, logistikos valdymo tarp sand\u0117li\u0173&nbsp; bei kitas preki\u0173 apskaitos operacijas. Preki\u0173 pajamavimas panaudojant u\u017esakym\u0173 tiek\u0117jams duomenis AIVA 9001 programoje pagrindinis gaut\u0173 preki\u0173 pajamavimo&nbsp; re\u017eimas yra pajamavimas pagal per program\u0105 padarytus u\u017esakymus [&hellip;]<\/p>","protected":false},"featured_media":29446,"template":"","meta":{"_mi_skip_tracking":false,"_monsterinsights_sitenote_active":false,"_monsterinsights_sitenote_note":"","_monsterinsights_sitenote_category":0},"product_cat":[1491,1499],"product_tag":[],"mwb_booking_cost":[],"mwb_booking_service":[],"bundled_by":[],"bundle_stock_status":"instock","bundle_stock_quantity":null,"bundle_virtual":false,"bundle_layout":"","bundle_add_to_cart_form_location":"","bundle_editable_in_cart":false,"bundle_sold_individually_context":"","bundle_item_grouping":"","bundle_min_size":"","bundle_max_size":"","bundled_items":[],"bundle_sell_ids":[],"acf":[],"aioseo_notices":[],"_links":{"self":[{"href":"https:\/\/gamyba.online\/en\/wp-json\/wp\/v2\/product\/29424"}],"collection":[{"href":"https:\/\/gamyba.online\/en\/wp-json\/wp\/v2\/product"}],"about":[{"href":"https:\/\/gamyba.online\/en\/wp-json\/wp\/v2\/types\/product"}],"wp:featuredmedia":[{"embeddable":true,"href":"https:\/\/gamyba.online\/en\/wp-json\/wp\/v2\/media\/29446"}],"wp:attachment":[{"href":"https:\/\/gamyba.online\/en\/wp-json\/wp\/v2\/media?parent=29424"}],"wp:term":[{"taxonomy":"product_cat","embeddable":true,"href":"https:\/\/gamyba.online\/en\/wp-json\/wp\/v2\/product_cat?post=29424"},{"taxonomy":"product_tag","embeddable":true,"href":"https:\/\/gamyba.online\/en\/wp-json\/wp\/v2\/product_tag?post=29424"},{"taxonomy":"mwb_booking_cost","embeddable":true,"href":"https:\/\/gamyba.online\/en\/wp-json\/wp\/v2\/mwb_booking_cost?post=29424"},{"taxonomy":"mwb_booking_service","embeddable":true,"href":"https:\/\/gamyba.online\/en\/wp-json\/wp\/v2\/mwb_booking_service?post=29424"}],"curies":[{"name":"wp","href":"https:\/\/api.w.org\/{rel}","templated":true}]}}