{"id":29425,"date":"2024-04-12T11:22:10","date_gmt":"2024-04-12T09:22:10","guid":{"rendered":"https:\/\/gamyba.online\/product\/pagamintos-produkcijos-sandeliu-apskaitos-modulis\/"},"modified":"2024-11-04T22:22:19","modified_gmt":"2024-11-04T20:22:19","slug":"pagamintos-produkcijos-sandeliu-apskaitos-modulis","status":"publish","type":"product","link":"https:\/\/gamyba.online\/en\/product\/pagamintos-produkcijos-sandeliu-apskaitos-modulis\/","title":{"rendered":"Pagamintos produkcijos sand\u0117li\u0173 apskaitos modulis"},"content":{"rendered":"<p><span><span lang=\"ES\"><br \/>\n<p class=\"MsoNormal\"><font size=\"3\"><font color=\"#000000\"><font face=\"Calibri\">Sand\u0117lio produkcijos apskaitos modulis automatizuoja pardavimo s\u0105skait\u0173 i\u0161ra\u0161ymo pagal klient\u0173 u\u017esakymus, pagamintos produkcijos nura\u0161ymo ir apskaitos. Duomenys ateina i\u0161 komercijos ir gamybos valdymo moduli\u0173. <\/font><\/font><\/font><\/p><br \/>\n<p class=\"MsoNormal\"><font size=\"3\"><font color=\"#000000\"><font face=\"Calibri\">Sand\u0117lio ataskaitose realiu laiku matysite pagamintos produkcijos sand\u0117lio liku\u010dius, produkcijos i\u0161davimo ataskait\u0105 bei produkcijos pajamavimo ataskait\u0105.<\/font><\/font><\/font><\/p><br \/>\n<p class=\"MsoNormal\"><font color=\"#000000\" size=\"3\" face=\"Calibri\">Naudodami sand\u0117lio modul\u012f sutaupysite laika s\u0105skait\u0173 i\u0161ra\u0161ymui, visada matysite sand\u0117lio lik\u010dius, gal\u0117site automatizuoti gamybos plan\u0173 sudarym\u0105 pagal sand\u0117lio liku\u010dius.<\/font><\/p><br \/>\n<p class=\"MsoNormal\"><\/span>&nbsp;<\/p><\/SPAN><\/p>","protected":false},"excerpt":{"rendered":"<p>Sand\u0117lio produkcijos apskaitos modulis automatizuoja pardavimo s\u0105skait\u0173 i\u0161ra\u0161ymo pagal klient\u0173 u\u017esakymus, pagamintos produkcijos nura\u0161ymo ir apskaitos. Duomenys ateina i\u0161 komercijos ir gamybos valdymo moduli\u0173. Sand\u0117lio ataskaitose realiu laiku matysite pagamintos produkcijos sand\u0117lio liku\u010dius, produkcijos i\u0161davimo ataskait\u0105 bei produkcijos pajamavimo ataskait\u0105. Naudodami sand\u0117lio modul\u012f sutaupysite laika s\u0105skait\u0173 i\u0161ra\u0161ymui, visada matysite sand\u0117lio lik\u010dius, gal\u0117site automatizuoti gamybos plan\u0173 [&hellip;]<\/p>","protected":false},"featured_media":29447,"template":"","meta":{"_mi_skip_tracking":false,"_monsterinsights_sitenote_active":false,"_monsterinsights_sitenote_note":"","_monsterinsights_sitenote_category":0},"product_cat":[1491,1499],"product_tag":[],"mwb_booking_cost":[],"mwb_booking_service":[],"bundled_by":[],"bundle_stock_status":"instock","bundle_stock_quantity":null,"bundle_virtual":false,"bundle_layout":"","bundle_add_to_cart_form_location":"","bundle_editable_in_cart":false,"bundle_sold_individually_context":"","bundle_item_grouping":"","bundle_min_size":"","bundle_max_size":"","bundled_items":[],"bundle_sell_ids":[],"acf":[],"aioseo_notices":[],"_links":{"self":[{"href":"https:\/\/gamyba.online\/en\/wp-json\/wp\/v2\/product\/29425"}],"collection":[{"href":"https:\/\/gamyba.online\/en\/wp-json\/wp\/v2\/product"}],"about":[{"href":"https:\/\/gamyba.online\/en\/wp-json\/wp\/v2\/types\/product"}],"wp:featuredmedia":[{"embeddable":true,"href":"https:\/\/gamyba.online\/en\/wp-json\/wp\/v2\/media\/29447"}],"wp:attachment":[{"href":"https:\/\/gamyba.online\/en\/wp-json\/wp\/v2\/media?parent=29425"}],"wp:term":[{"taxonomy":"product_cat","embeddable":true,"href":"https:\/\/gamyba.online\/en\/wp-json\/wp\/v2\/product_cat?post=29425"},{"taxonomy":"product_tag","embeddable":true,"href":"https:\/\/gamyba.online\/en\/wp-json\/wp\/v2\/product_tag?post=29425"},{"taxonomy":"mwb_booking_cost","embeddable":true,"href":"https:\/\/gamyba.online\/en\/wp-json\/wp\/v2\/mwb_booking_cost?post=29425"},{"taxonomy":"mwb_booking_service","embeddable":true,"href":"https:\/\/gamyba.online\/en\/wp-json\/wp\/v2\/mwb_booking_service?post=29425"}],"curies":[{"name":"wp","href":"https:\/\/api.w.org\/{rel}","templated":true}]}}