{"id":29427,"date":"2024-04-12T11:22:13","date_gmt":"2024-04-12T09:22:13","guid":{"rendered":"https:\/\/gamyba.online\/product\/uzsakymo-gaminiu-konstravimo-darbu-planavimas-konstruktoriams-priklausomai-nuo-konstruktoriu-uzimtumo-darbais-bei-uzsakymu-ivykdymo-terminu\/"},"modified":"2024-11-04T22:22:19","modified_gmt":"2024-11-04T20:22:19","slug":"uzsakymo-gaminiu-konstravimo-darbu-planavimas-konstruktoriams-priklausomai-nuo-konstruktoriu-uzimtumo-darbais-bei-uzsakymu-ivykdymo-terminu","status":"publish","type":"product","link":"https:\/\/gamyba.online\/en\/product\/uzsakymo-gaminiu-konstravimo-darbu-planavimas-konstruktoriams-priklausomai-nuo-konstruktoriu-uzimtumo-darbais-bei-uzsakymu-ivykdymo-terminu\/","title":{"rendered":"U\u017esakymo gamini\u0173 konstravimo darb\u0173 planavimas konstruktoriams priklausomai nuo konstruktori\u0173 u\u017eimtumo darbais bei u\u017esakym\u0173 \u012fvykdymo  termin\u0173"},"content":{"rendered":"<p><p class=\"MsoNormal\"><font face=\"Calibri\">Klientui patvirtinus u\u017esakym\u0105 (pasira\u0161ius sutart\u012f), prasideda u\u017esakyt\u0173 gamini\u0173 konstravimo etapas. Konstravimas atliekamas visiems u\u017esakytiems gaminiams i\u0161 karto. Konstravimo etapo metu atliekami \u0161ie darbai:<\/font><\/p><br \/>\n<p class=\"MsoListParagraphCxSpFirst\"><span><span>?<span>&nbsp;&nbsp;&nbsp;&nbsp;&nbsp;&nbsp;&nbsp; <\/span><\/span><\/span><font face=\"Calibri\">Paruo\u0161iami gamini\u0173 projektai-br\u0117\u017einiai ir med\u017eiag\u0173 specifikacijos gamybai, ir perduodami u\u017esakovui tvirtinimui. Tai atlieka paskirti projekt\u0173 vadovai. Darbo trukm\u0117 kelios dienos.<\/font><\/p><br \/>\n<p class=\"MsoListParagraphCxSpMiddle\"><span><span>?<span>&nbsp;&nbsp;&nbsp;&nbsp;&nbsp;&nbsp;&nbsp; <\/span><\/span><\/span><font face=\"Calibri\">Projekto tvirtinimas. Tai atlieka u\u017esakovas. Darbo trukm\u0117 1 -3 dienos ,kartais gali b\u016bti ir daugiau, bet planavimui galima imti 3 dienas.<\/font><\/p><br \/>\n<p class=\"MsoListParagraphCxSpLast\"><span><span>?<span>&nbsp;&nbsp;&nbsp;&nbsp;&nbsp;&nbsp;&nbsp; <\/span><\/span><\/span><font face=\"Calibri\">Patvirtinus projekt\u0105 , gamini\u0173 br\u0117\u017einius ir specifikacijas projekto vadovai perduoda \u012f gamyb\u0105<\/font><\/p><br \/>\n<p class=\"MsoNormal\"><font face=\"Calibri\">Sprendimo apra\u0161ymas<\/font><\/p><br \/>\n<p class=\"MsoListParagraph\"><span><span><font face=\"Calibri\">1.1.<\/font><span> <\/span><\/span><\/span><font face=\"Calibri\">Katalogo paruo\u0161imas<\/font><\/p><br \/>\n<p class=\"MsoNormal\"><font face=\"Calibri\">AIVA<span>&nbsp; <\/span>programoje u\u017esakymams, kuriems reikalingas konstravimas \u012fvesime kataloge pozicij\u0105 Konstravimas<\/font><\/p><br \/>\n<p class=\"MsoNormal\"><font face=\"Calibri\">Konstravim\u0105 sukomplektuosime darbais (pavadinimai ir skai\u010dius gali skirtis- \u012fvedami pagal poreik\u012f) ir prie kiekvieno darbo \u012fvedame planuojam\u0173 dien\u0173 tam darbui skai\u010di\u0173:<\/font><\/p><br \/>\n<p class=\"MsoListParagraphCxSpFirst\"><span><span>?<span>&nbsp;&nbsp;&nbsp;&nbsp;&nbsp;&nbsp;&nbsp; <\/span><\/span><\/span><font face=\"Calibri\">Projekto br\u0117\u017eini\u0173 paruo\u0161imas<\/font><\/p><br \/>\n<p class=\"MsoListParagraphCxSpMiddle\"><span><span>?<span>&nbsp;&nbsp;&nbsp;&nbsp;&nbsp;&nbsp;&nbsp; <\/span><\/span><\/span><font face=\"Calibri\">Br\u0117\u017eini\u0173 tvirtinimas<\/font><\/p><br \/>\n<p class=\"MsoListParagraphCxSpMiddle\"><span><span>?<span>&nbsp;&nbsp;&nbsp;&nbsp;&nbsp;&nbsp;&nbsp; <\/span><\/span><\/span><font face=\"Calibri\">Br\u0117\u017eini\u0173 keitimas pagal u\u017esakovo pastabas (gali arba neb\u016bti, arba kartotis daugiau negu vien\u0105 kart\u0105)<\/font><\/p><br \/>\n<p class=\"MsoListParagraphCxSpMiddle\"><span><span>?<span>&nbsp;&nbsp;&nbsp;&nbsp;&nbsp;&nbsp;&nbsp; <\/span><\/span><\/span><font face=\"Calibri\">Br\u0117\u017eini\u0173 pakartotinis tvirtinimas (gali arba neb\u016bti, arba kartotis daugiau negu vien\u0105 kart\u0105)<\/font><\/p><br \/>\n<p class=\"MsoListParagraphCxSpMiddle\"><span><span>?<span>&nbsp;&nbsp;&nbsp;&nbsp;&nbsp;&nbsp;&nbsp; <\/span><\/span><\/span><font face=\"Calibri\">Gamini\u0173 specifikacij\u0173 importas \u012f AIVA DB<\/font><\/p><br \/>\n<p class=\"MsoListParagraphCxSpMiddle\"><font face=\"Calibri\">&nbsp;<\/font><\/p><br \/>\n<p class=\"MsoListParagraphCxSpLast\"><b><span><span><font face=\"Calibri\">1.2.<\/font><span> <\/span><\/span><\/span><\/b><b><font face=\"Calibri\">\u012etraukimas \u012f u\u017esakym\u0105<\/font><\/b><\/p><br \/>\n<p class=\"MsoNormal\"><font face=\"Calibri\">U\u017esakymo formavimo metu, Konstravimas \u012ftraukiamas \u012f s\u0105mat\u0105, kaip ir gaminiai. Jei jis reikalingas, visada turi b\u016bti \u012ftraukiamas prie\u0161 \u012ftraukiant gaminius. Kartu galima patikslinti kiekvieno Konstravimo darbo planuojam\u0105 trukm\u0119. U\u017esakymo metu galima <span>&nbsp;<\/span>\u012ftraukti, pav., tik du darbus- 1) Projekto br\u0117\u017eini\u0173 paruo\u0161imas ir 2) Br\u0117\u017eini\u0173 tvirtinimas. Jei prireiks kit\u0173 dab\u0173- keitimas ir pakartotinis tvirtinimas, juos galima \u012ftraukti atsidarius u\u017esakym\u0105 ir papild\u017eius Konstravimas darbo komplektacij\u0105.<\/font><\/p><br \/>\n<p class=\"MsoListParagraph\"><b><span><span><font face=\"Calibri\">1.3.<\/font><span> <\/span><\/span><\/span><\/b><b><font face=\"Calibri\"><span>&nbsp;<\/span>Konstravimo darb\u0173 planavimas grafike ir \u012fvykdymo registracija<\/font><\/b><\/p><br \/>\n<p class=\"MsoNormal\"><font face=\"Calibri\">Programa planuodama gamybos grafik\u0105 , darb\u0105 Konstravimas parodo prad\u017eioje, nuo u\u017esakymo ar pasi\u016blymo registracijos datos plius 1 diena, ir jame esan\u010dius darbus i\u0161d\u0117sto vienas po kito.<\/font><\/p><br \/>\n<p class=\"MsoNormal\"><font face=\"Calibri\">Darbams turi b\u016bti galimyb\u0117 priskirti vykdytojus. Jei vykdytojas nepriskirtas, tai darb\u0105 daro u\u017esakovas<\/font><\/p><br \/>\n<p class=\"MsoNormal\"><font face=\"Calibri\">\u012evykd\u017eius darb\u0105 turi b\u016bti funkcija-komanda, pa\u017eym\u0117ti kad darbas \u012fvykdytas. Programa po \u0161ios komandos turi \u012fra\u0161yti atlikimo data prie darbo ir pa\u017eym\u0117ti kaip atlikta<\/font><\/p><br \/>\n<p class=\"MsoNormal\"><font face=\"Calibri\">Jei reikalingas br\u0117\u017eini\u0173 koregavimas, turi b\u016bti galimyb\u0117 i\u0161 Konstravimas <span>&nbsp;<\/span>komplekto pasirinkti darbus ir programa juos turi \u012ftraukti \u012f u\u017esakym\u0105 ir i\u0161d\u0117styti prioriteto did\u0117jimo tvarka po atlikt\u0173 Konstravimo darb\u0173.<\/font><\/p><br \/>\n<p class=\"MsoNormal\"><font face=\"Calibri\">&nbsp;<\/font><\/p><\/p>","protected":false},"excerpt":{"rendered":"<p>Klientui patvirtinus u\u017esakym\u0105 (pasira\u0161ius sutart\u012f), prasideda u\u017esakyt\u0173 gamini\u0173 konstravimo etapas. Konstravimas atliekamas visiems u\u017esakytiems gaminiams i\u0161 karto. Konstravimo etapo metu atliekami \u0161ie darbai: ?&nbsp;&nbsp;&nbsp;&nbsp;&nbsp;&nbsp;&nbsp; Paruo\u0161iami gamini\u0173 projektai-br\u0117\u017einiai ir med\u017eiag\u0173 specifikacijos gamybai, ir perduodami u\u017esakovui tvirtinimui. Tai atlieka paskirti projekt\u0173 vadovai. Darbo trukm\u0117 kelios dienos. ?&nbsp;&nbsp;&nbsp;&nbsp;&nbsp;&nbsp;&nbsp; Projekto tvirtinimas. Tai atlieka u\u017esakovas. Darbo trukm\u0117 1 -3 dienos [&hellip;]<\/p>","protected":false},"featured_media":29449,"template":"","meta":{"_mi_skip_tracking":false,"_monsterinsights_sitenote_active":false,"_monsterinsights_sitenote_note":"","_monsterinsights_sitenote_category":0},"product_cat":[1491,1502],"product_tag":[],"mwb_booking_cost":[],"mwb_booking_service":[],"bundled_by":[],"bundle_stock_status":"instock","bundle_stock_quantity":null,"bundle_virtual":false,"bundle_layout":"","bundle_add_to_cart_form_location":"","bundle_editable_in_cart":false,"bundle_sold_individually_context":"","bundle_item_grouping":"","bundle_min_size":"","bundle_max_size":"","bundled_items":[],"bundle_sell_ids":[],"acf":[],"aioseo_notices":[],"_links":{"self":[{"href":"https:\/\/gamyba.online\/en\/wp-json\/wp\/v2\/product\/29427"}],"collection":[{"href":"https:\/\/gamyba.online\/en\/wp-json\/wp\/v2\/product"}],"about":[{"href":"https:\/\/gamyba.online\/en\/wp-json\/wp\/v2\/types\/product"}],"wp:featuredmedia":[{"embeddable":true,"href":"https:\/\/gamyba.online\/en\/wp-json\/wp\/v2\/media\/29449"}],"wp:attachment":[{"href":"https:\/\/gamyba.online\/en\/wp-json\/wp\/v2\/media?parent=29427"}],"wp:term":[{"taxonomy":"product_cat","embeddable":true,"href":"https:\/\/gamyba.online\/en\/wp-json\/wp\/v2\/product_cat?post=29427"},{"taxonomy":"product_tag","embeddable":true,"href":"https:\/\/gamyba.online\/en\/wp-json\/wp\/v2\/product_tag?post=29427"},{"taxonomy":"mwb_booking_cost","embeddable":true,"href":"https:\/\/gamyba.online\/en\/wp-json\/wp\/v2\/mwb_booking_cost?post=29427"},{"taxonomy":"mwb_booking_service","embeddable":true,"href":"https:\/\/gamyba.online\/en\/wp-json\/wp\/v2\/mwb_booking_service?post=29427"}],"curies":[{"name":"wp","href":"https:\/\/api.w.org\/{rel}","templated":true}]}}