{"id":29429,"date":"2024-04-12T11:22:15","date_gmt":"2024-04-12T09:22:15","guid":{"rendered":"https:\/\/gamyba.online\/product\/konstravimo-projektavimo-programavimo-darbu-valdymo-sistema\/"},"modified":"2024-11-04T22:22:18","modified_gmt":"2024-11-04T20:22:18","slug":"konstravimo-projektavimo-programavimo-darbu-valdymo-sistema","status":"publish","type":"product","link":"https:\/\/gamyba.online\/en\/product\/konstravimo-projektavimo-programavimo-darbu-valdymo-sistema\/","title":{"rendered":"Konstravimo-projektavimo-programavimo darb\u0173 valdymo  sistema"},"content":{"rendered":"<p><p id=\"docs-internal-guid-697d7a55-7fff-0a4c-83e0-f6d96d44bdda\" dir=\"ltr\"><span>Daugelyje \u012fmoni\u0173 konstruktori\u0173 darb\u0173 valdymui nenaudojama jokia programa arba darb\u0173 registracija vykdoma Excel programos pagalba. Ta\u010diau tokia pad\u0117tis turi daug tr\u016bkum\u0173- netolygiai apkraunami&nbsp; darbuotojai darbai, sunku suplanuoti ir pasakyti naujiems klientams kada bus atliktas naujas u\u017esakymas, sunku kontroliuoti darb\u0173 vykdymo eig\u0105 ir kt.<\/span><\/p><br><br \/>\n<p dir=\"ltr\"><span>AIVA programa automatizuoja konstravimo darb\u0173 planavim\u0105, apskaita ir kontrol\u0119.<\/span><\/p><br><br \/>\n<p dir=\"ltr\"><span>Programa tiesiogiai,- i\u0161 kliento u\u017esakymo duomen\u0173, sudaro&nbsp; konstravimo-projektavimo darb\u0173 plan\u0105. Tuo tikslu, \u012f kliento u\u017esakyt\u0173&nbsp; gamini\u0173 sud\u0117t\u012f, jei reikalinga, \u012ftraukiami konstravimo ir technologijos apra\u0161ymo darbai.&nbsp;<\/span><\/p><br \/>\n<p dir=\"ltr\"><span>I\u0161 \u0161i\u0173 duomen\u0173 programa, \u012fvertindama gamybos terminus ir konstruktori\u0173 u\u017eimtum\u0105, suplanuoja darb\u0173 Ganto kalendorin\u012f grafik\u0105, kuriame kiekvienam konstruktoriui ir technologui parodo kad kokius darbus reikia vykdyti, bei parodo nauj\u0173 u\u017esakym\u0173 atlikimo terminus.<\/span><\/p><br \/>\n<p dir=\"ltr\"><span><\/span>&nbsp;<\/p><br \/>\n<p dir=\"ltr\"><span>Konstruktoriai gali patys at\u017eym\u0117ti kada prad\u0117jo ir baig\u0117 darbus, bei \u012fkelti br\u0117\u017eini\u0173 failus ir importuoti savo suprojektuot\u0173 CAD programa&nbsp; gamini\u0173 br\u0117\u017eini\u0173 failus prie klient\u0173 u\u017esakym\u0173, kad jie b\u016bt\u0173 matomi gamyboje u\u017esakym\u0173 gamybai plane. Be to, \u012fsigijus papildomai suprojektuot\u0173 gamini\u0173 duomen\u0173 importo modul\u012f, gamini\u0173 specifikacijos gali importuoti \u012f&nbsp; AIVA <\/span><a href=\"https:\/\/www.aiva.lt\/Gamybos-modeliavimas\/lt\"><span>Gamini\u0173 duomen\u0173 baz\u0119<\/span><\/a><span> <\/span><span>.&nbsp; Importo metu, programa sukuria gaminio valdymo modul\u012f su jam reikalingomis pagaminti detal\u0117mis, med\u017eiagomis bei gamybin\u0117mis operacijomis<\/span><\/p><br><br \/>\n<p dir=\"ltr\"><span>\u017demiau parodyta konstruktorini\u0173 darb\u0173 valdymo automatizuojamo proceso schema.<\/span><\/p><br><br \/>\n<p dir=\"ltr\"><span><span><img src=\"https:\/\/lh6.googleusercontent.com\/dZPaBM3eywvIXDmoioDVrME17Kq578EYFX-2s5JTePSAVCUIbF5emBgrf9opfWxuzXCMxY_9HqNC-nXaEHWujWG8_iMMz3dUQWiCB4PDHyqj0eJyupVXwORdPHUzFnMqCpC8_DlB\" width=\"624\" height=\"335\"><\/span><\/span><\/p><br><br \/>\n<p dir=\"ltr\"><span>AIVA programos panaudojimo konstruktori\u0173 darbo planavimui bei apskaitai privalumai ir nauda<\/span><\/p><br><br \/>\n<p dir=\"ltr\"><span>Konstruktori\u0173 darbo planavimui tereikia \u012fvesti minimaliai duomen\u0173, tod\u0117l gavus nauja u\u017esakym\u0105 jam programa i\u0161 karto gali suplanuoti termin\u0105, kada jis bus \u012fvykdytas.&nbsp;<\/span><\/p><br><br \/>\n<p dir=\"ltr\"><span>AIVA programa automati\u0161kai suplanuoja konstruktori\u0173 darb\u0173 grafik\u0105 klient\u0173 u\u017esakym\u0173 vykdymui panaudodama matematinius optimizavimo metodus, tod\u0117l konstruktoriai apkraunami darbais tolygiau, o klient\u0173 u\u017esakymai \u012fvykdomi grei\u010diau.<\/span><\/p><br><br \/>\n<p dir=\"ltr\"><span>Konstruktori\u0173 darb\u0173 planavimas vykdomas kartu su gamybos planavimu, tod\u0117l gamybos planas sudaromas tiksliau, kadangi \u012fvertinama, kad bus suprojektuoti gaminiai.<\/span><\/p><br><br \/>\n<p dir=\"ltr\"><span>AIVA programos panaudojimas konstruktori\u0173 (technolog\u0173) padalinyje \u012fmonei naudingas ir ekonomi\u0161kai:<\/span><\/p><br \/>\n<ul><br \/>\n<ul><br \/>\n<li dir=\"ltr\"><br \/>\n<p dir=\"ltr\"><span>Taupo laik\u0105&nbsp; konstruktori\u0173 darbo plan\u0173 sudarymui<\/span><\/p><\/li><br \/>\n<li dir=\"ltr\"><br \/>\n<p dir=\"ltr\"><span>D\u0117l tolygesnio darb\u0173 paskirstymo padid\u0117ja bendras&nbsp; konstruktori\u0173 skyriaus darbo na\u0161umas, tod\u0117l reikia ma\u017eiau konstruktori\u0173 tam pa\u010diam darbui atlikti<\/span><\/p><\/li><br \/>\n<li dir=\"ltr\"><br \/>\n<p dir=\"ltr\"><span>Grei\u010diau \u012fvykdomi klient\u0173 u\u017esakymai, -didesnis klient\u0173 pasitenkinimas, daugiau j\u0173 u\u017esakym\u0173<\/span><\/p><\/li><br \/>\n<li dir=\"ltr\"><br \/>\n<p dir=\"ltr\"><span>Labai paprasta atlikt\u0173 darb\u0173 apskaita nesunkiai leid\u017eia \u012fdiegti konstruktori\u0173 apmok\u0117jimo nuo j\u0173 atlikt\u0173 darb\u0173 sistem\u0105, kuri dar labaiu&nbsp; padint\u0173 j\u0173 suinteresuotum\u0105 darb\u0173<\/span><\/p><\/li><\/ul><\/ul><\/p>","protected":false},"excerpt":{"rendered":"<p>Daugelyje \u012fmoni\u0173 konstruktori\u0173 darb\u0173 valdymui nenaudojama jokia programa arba darb\u0173 registracija vykdoma Excel programos pagalba. Ta\u010diau tokia pad\u0117tis turi daug tr\u016bkum\u0173- netolygiai apkraunami&nbsp; darbuotojai darbai, sunku suplanuoti ir pasakyti naujiems klientams kada bus atliktas naujas u\u017esakymas, sunku kontroliuoti darb\u0173 vykdymo eig\u0105 ir kt. AIVA programa automatizuoja konstravimo darb\u0173 planavim\u0105, apskaita ir kontrol\u0119. Programa tiesiogiai,- i\u0161 [&hellip;]<\/p>","protected":false},"featured_media":29451,"template":"","meta":{"_mi_skip_tracking":false,"_monsterinsights_sitenote_active":false,"_monsterinsights_sitenote_note":"","_monsterinsights_sitenote_category":0},"product_cat":[1491,1502],"product_tag":[],"mwb_booking_cost":[],"mwb_booking_service":[],"bundled_by":[],"bundle_stock_status":"instock","bundle_stock_quantity":null,"bundle_virtual":false,"bundle_layout":"","bundle_add_to_cart_form_location":"","bundle_editable_in_cart":false,"bundle_sold_individually_context":"","bundle_item_grouping":"","bundle_min_size":"","bundle_max_size":"","bundled_items":[],"bundle_sell_ids":[],"acf":[],"aioseo_notices":[],"_links":{"self":[{"href":"https:\/\/gamyba.online\/en\/wp-json\/wp\/v2\/product\/29429"}],"collection":[{"href":"https:\/\/gamyba.online\/en\/wp-json\/wp\/v2\/product"}],"about":[{"href":"https:\/\/gamyba.online\/en\/wp-json\/wp\/v2\/types\/product"}],"wp:featuredmedia":[{"embeddable":true,"href":"https:\/\/gamyba.online\/en\/wp-json\/wp\/v2\/media\/29451"}],"wp:attachment":[{"href":"https:\/\/gamyba.online\/en\/wp-json\/wp\/v2\/media?parent=29429"}],"wp:term":[{"taxonomy":"product_cat","embeddable":true,"href":"https:\/\/gamyba.online\/en\/wp-json\/wp\/v2\/product_cat?post=29429"},{"taxonomy":"product_tag","embeddable":true,"href":"https:\/\/gamyba.online\/en\/wp-json\/wp\/v2\/product_tag?post=29429"},{"taxonomy":"mwb_booking_cost","embeddable":true,"href":"https:\/\/gamyba.online\/en\/wp-json\/wp\/v2\/mwb_booking_cost?post=29429"},{"taxonomy":"mwb_booking_service","embeddable":true,"href":"https:\/\/gamyba.online\/en\/wp-json\/wp\/v2\/mwb_booking_service?post=29429"}],"curies":[{"name":"wp","href":"https:\/\/api.w.org\/{rel}","templated":true}]}}