{"id":29430,"date":"2024-04-12T11:22:16","date_gmt":"2024-04-12T09:22:16","guid":{"rendered":"https:\/\/gamyba.online\/product\/nestandartines-2-lygiu-gamybos-procesu-valdymo-sistema\/"},"modified":"2024-11-04T22:22:18","modified_gmt":"2024-11-04T20:22:18","slug":"nestandartines-2-lygiu-gamybos-procesu-valdymo-sistema","status":"publish","type":"product","link":"https:\/\/gamyba.online\/en\/product\/nestandartines-2-lygiu-gamybos-procesu-valdymo-sistema\/","title":{"rendered":"Nestandartin\u0117s  2 lygi\u0173 gamybos proces\u0173 valdymo sistema"},"content":{"rendered":"<p><p>Pagrindiniai automatizuojami procesai ir j\u0173 ry\u0161iai dviej\u0173 lygi\u0173 gamybai, kai prad\u017eioje pasigaminami pusgaminiai-detal\u0117s, o paskui i\u0161 j\u0173 gaminamas galutinis gaminys, parodyti \u017eemiau paveiksl\u0117lyje.<\/p><br \/>\n<p><img src=\"https:\/\/www.aiva.lt\/images\/image\/AIVA_2_lygiu_Gamyba.jpg\" width=\"788\" height=\"457\"><\/p><br \/>\n<p>U\u017esakym\u0173 gamybai planas suformuojamas i\u0161 klient\u0173 u\u017esakym\u0173, kurie patenka i\u0161 Komercijos modulio. I\u0161 jo progrma suformuojas detali\u0173 gamybos ir galutinio gaminio surinkimo gamybos planus-atskirai med\u017eiag\u0173 ir dali\u0173 perdavimui \u012f gamyba ir gamybini\u0173 operacij\u0173 vykdymui.<\/p><br \/>\n<p>I\u0161 gamybos plano Ganto planavimo modulis suplanuoja gamybos proces\u0105 ir u\u017eduotis kiekvianm darbo centrui.<\/p><br \/>\n<p>I\u0161 med\u017eiag\u0173 ir detali\u0173 gamybos plan\u0173 med\u017eiagos ir detal\u0117s perduodamos \u012f gamyb\u0105 u\u017esakym\u0173 vykdymui. Juos \u012fvykd\u017eius, programa nura\u0161o med\u017eiagas detal\u0117ms ir jas u\u017epjamuoja, o po to nura\u0161o detales gaminiams ir u\u017epajamuoja gaminius.<\/p><br \/>\n<p>I\u0161 gamybos operacij\u0173 plan\u0173 programa suformuoja darbininkams&nbsp;gamybos&nbsp;paskyras su operacij\u0173 barkodais. Darbininkai nuskenuoja gautoje paskyroje savo operacijos&nbsp;prad\u017eios ir pabaigos barkodus, o programa u\u017eregistruoja kada ir kas atliko operacijas, paskai\u010diuoja darbininkams atlyginimus, o atlikus paskutin\u0119 operacij\u0105- i\u0161kvie\u010dia nura\u0161ymo ir pajamavimo formas, kurios automati\u0161kai u\u017epjamuoja pagamintus gaminius.<\/p><br \/>\n<p>I\u0161 \u0161i\u0173 duomen\u0173 programa suformuoja stakli\u0173 ir darbinink\u0173 statistines palyginamasiais apkrovimo ataskaitas.<\/p><br \/>\n<p>&nbsp;<\/p><\/p>","protected":false},"excerpt":{"rendered":"<p>Pagrindiniai automatizuojami procesai ir j\u0173 ry\u0161iai dviej\u0173 lygi\u0173 gamybai, kai prad\u017eioje pasigaminami pusgaminiai-detal\u0117s, o paskui i\u0161 j\u0173 gaminamas galutinis gaminys, parodyti \u017eemiau paveiksl\u0117lyje. U\u017esakym\u0173 gamybai planas suformuojamas i\u0161 klient\u0173 u\u017esakym\u0173, kurie patenka i\u0161 Komercijos modulio. I\u0161 jo progrma suformuojas detali\u0173 gamybos ir galutinio gaminio surinkimo gamybos planus-atskirai med\u017eiag\u0173 ir dali\u0173 perdavimui \u012f gamyba ir gamybini\u0173 [&hellip;]<\/p>","protected":false},"featured_media":29452,"template":"","meta":{"_mi_skip_tracking":false,"_monsterinsights_sitenote_active":false,"_monsterinsights_sitenote_note":"","_monsterinsights_sitenote_category":0},"product_cat":[1491,1503],"product_tag":[],"mwb_booking_cost":[],"mwb_booking_service":[],"bundled_by":[],"bundle_stock_status":"instock","bundle_stock_quantity":null,"bundle_virtual":false,"bundle_layout":"","bundle_add_to_cart_form_location":"","bundle_editable_in_cart":false,"bundle_sold_individually_context":"","bundle_item_grouping":"","bundle_min_size":"","bundle_max_size":"","bundled_items":[],"bundle_sell_ids":[],"acf":[],"aioseo_notices":[],"_links":{"self":[{"href":"https:\/\/gamyba.online\/en\/wp-json\/wp\/v2\/product\/29430"}],"collection":[{"href":"https:\/\/gamyba.online\/en\/wp-json\/wp\/v2\/product"}],"about":[{"href":"https:\/\/gamyba.online\/en\/wp-json\/wp\/v2\/types\/product"}],"wp:featuredmedia":[{"embeddable":true,"href":"https:\/\/gamyba.online\/en\/wp-json\/wp\/v2\/media\/29452"}],"wp:attachment":[{"href":"https:\/\/gamyba.online\/en\/wp-json\/wp\/v2\/media?parent=29430"}],"wp:term":[{"taxonomy":"product_cat","embeddable":true,"href":"https:\/\/gamyba.online\/en\/wp-json\/wp\/v2\/product_cat?post=29430"},{"taxonomy":"product_tag","embeddable":true,"href":"https:\/\/gamyba.online\/en\/wp-json\/wp\/v2\/product_tag?post=29430"},{"taxonomy":"mwb_booking_cost","embeddable":true,"href":"https:\/\/gamyba.online\/en\/wp-json\/wp\/v2\/mwb_booking_cost?post=29430"},{"taxonomy":"mwb_booking_service","embeddable":true,"href":"https:\/\/gamyba.online\/en\/wp-json\/wp\/v2\/mwb_booking_service?post=29430"}],"curies":[{"name":"wp","href":"https:\/\/api.w.org\/{rel}","templated":true}]}}