{"id":29431,"date":"2024-04-12T11:22:17","date_gmt":"2024-04-12T09:22:17","guid":{"rendered":"https:\/\/gamyba.online\/product\/nestandartines-daugialyges-gamybos-procesu-valdymo-sistema\/"},"modified":"2024-11-04T22:22:18","modified_gmt":"2024-11-04T20:22:18","slug":"nestandartines-daugialyges-gamybos-procesu-valdymo-sistema","status":"publish","type":"product","link":"https:\/\/gamyba.online\/en\/product\/nestandartines-daugialyges-gamybos-procesu-valdymo-sistema\/","title":{"rendered":"Nestandartin\u0117s  daugialyg\u0117s gamybos proces\u0173 valdymo sistema"},"content":{"rendered":"<p><p align=\"center\"><font face=\"Arial\"><font size=\"2\"><b><img src=\"https:\/\/www.aiva.lt\/images\/image\/AIVA_daugialyge_gamyba_su_registracija_ekrane.png\"><\/b><\/font><\/font><\/p><br \/>\n<p><font face=\"Arial\"><font size=\"2\"><b>Programa i\u0161 klient\u0173 u\u017esakym\u0173 suformuoja <\/b>&nbsp;Gamybos plano-s\u0105ra\u0161\u0105.<\/font><\/font><\/p><br \/>\n<p><font size=\"2\" face=\"Arial\">I\u0161 \u0161io plano gamybos vadovas patikrin\u0119s ar yra visos reikalingos med\u017eiagos, perduoda u\u017esakym\u0105 gaminti. <\/font><\/p><br \/>\n<p><font size=\"2\" face=\"Arial\">Tada progrma suformuoja dalinius ,- detali\u0173&nbsp;ir pusgamini\u0173 gamybos planus, bei galutini\u0173 gamini\u0173 surinkimo plan\u0105.<\/font><\/p><br \/>\n<p><b><font size=\"2\" face=\"Arial\">Gamybos planavimas ir sudaryt\u0173 gamybos kalendorini\u0173 plan\u0173 pavaizdavimas Ganto grafikuose<\/font><\/b><\/p><br \/>\n<p><font size=\"2\" face=\"Arial\">Gamybos planavimo programa suplanuoja kiekvieno gamybos u\u017esakymo vykdymo eig\u0105, bei planus kiekvienam darbo centrui ir parodo juos kalendoriniuose Ganto grafikuose.&nbsp; Be to, suplanuotos gamybos operacijos parodomos gamybos terminaluose darbininkams.<\/font><\/p><br \/>\n<p><font size=\"2\" face=\"Arial\">Kartu atskirame kalendoriniame plane parodo stakli\u0173 apkrovimo &nbsp;Ganto grafik\u0105, kad gamybos vadovas matyt\u0173 siauras gamybos vietas ir gal\u0117t\u0173 imtis priemoni\u0173 jas pa\u0161alinti. Gamybas vadovas i\u0161lyginti stakli\u0173 apkrovim\u0105 ir padidinti gamybos efektyvum\u0105 gali padidindamas labiau apkraut\u0173 stakli\u0173 laik\u0105 ir suma\u017eindamas ma\u017eiau apkraut\u0173 stakli\u0173 laik\u0105. Jei stakli\u0173 yra daugiau kaip darbinink\u0173, tada prie labiau apkraut\u0173 stakli\u0173 priskiriama daugiau darbuotoj\u0173 nuimant nuo ma\u017eiau apkraut\u0173 stakli\u0173, taip padidinat vien\u0173 resursus ir suma\u017einant kit\u0173;.<\/font><\/p><br \/>\n<p><b><font size=\"2\" face=\"Arial\">Med\u017eiag\u0173 perdavimas gamybai<\/font><\/b><\/p><br \/>\n<p><font size=\"2\" face=\"Arial\">Sand\u0117liui programa suplanuoja kiekvieno u\u017esakymo&nbsp; med\u017eiag\u0173 perdavimo \u012f gamyb\u0105 plan\u0105. Sand\u0117lininkui tereikia pasirinkus u\u017esakym\u0105 atspausdinti med\u017eiag\u0173 perk\u0117limo \u012f gamyb\u0105 va\u017etara\u0161t\u012f ir pagal ji surinkti ir perve\u017eti med\u017eiagas prie reikiam\u0173 stakli\u0173.<\/font><\/p><br \/>\n<p><b><font size=\"2\" face=\"Arial\">U\u017eduo\u010di\u0173 darbininkams pateikimas ir vykdymo registracija<\/font><\/b><\/p><br \/>\n<p><font size=\"2\" face=\"Arial\">U\u017eduotis darbininkams pateikia programa jiems prisiregistravus prie programos. <\/font><\/p><br \/>\n<p><font size=\"2\" face=\"Arial\">Darbininkai gali b\u016bti pastoviai prisiregistrav\u0119 prie programos, arba registruotis kiekvien\u0105 kart\u0105, kai nori gauti nauj\u0105 u\u017eduot\u012f arba pa\u017eym\u0117ti &nbsp;kad u\u017ebaig\u0117 operacij\u0105 kuri\u0105 buvo prad\u0117j\u0119. Antru atveju, darbinink\u0173 registracijai prie programos galima panaudoti RFID asmenines korteles-pa\u017eym\u0117jimus, kuriuos taip pat galima naudoti ir pra\u0117jimo kontrolei. <\/font><\/p><br \/>\n<p><font size=\"2\" face=\"Arial\">Prisiregistravusiam darbininkui programa parodo darbo centrui, prie kurio priskirtas darbininkas, suplanuot\u0105 u\u017eduot\u012f. Darbininkas palie\u010dia u\u017eduoties langelyje prad\u017eios laiko komand\u0105, o programa u\u017eregistruoja kas ir kada prad\u0117jo u\u017eduot\u012f. Pabaigus u\u017eduot\u012f, darbininkas palie\u010dia u\u017eduoties pabaigimo komand\u0105, o programa u\u017eregistruoja kada buvo u\u017ebaigta u\u017eduotis. Jei operacijoje, kuri\u0105 atlieka darbininkas buvo pagamintas ne visas u\u017esakytas gamini\u0173 kiekis, darbininkas ekrane \u012fveda pagamint\u0105 kiek\u012f. Kit\u0105 karta prisijungus i\u0161 naujo registruojama operacijos prad\u017eia ir pabaiga likusiam kiekiui<\/font><\/p><font size=\"2\" face=\"Arial\"><br \/>\n<p><b><font size=\"2\" face=\"Arial\">Pagamintos produkcijos pajamavimas ir med\u017eiag\u0173 nura\u0161ymas<\/font><\/b><\/p><\/font><br \/>\n<p><font size=\"2\" face=\"Arial\">.Darbininkui patvirtinus&nbsp;savo gamybos operacijos atlikim\u0105, jei ta operacija yra&nbsp;paktin\u0117 jo pagamintai&nbsp;detalei, pusgaminiui ar galutiniam gaminiui,&nbsp;programa&nbsp; nura\u0161o med\u017eiagas i\u0161 sand\u0117lio, paskai\u010diuoja pagamint\u0173&nbsp;produkt\u0173 savikain\u0105 ir juos u\u017epajamuoja \u012f sand\u0117l\u012f.<\/font><\/p><br \/>\n<p><b><font size=\"2\" face=\"Arial\">Ataskaitos<\/font><\/b><\/p><br \/>\n<p><font size=\"2\" face=\"Arial\">I\u0161 \u0161i\u0173 duomen\u0173 programa suformuoja \u012fvairias ataskaitas, parodo atliktas operacijas ataskaitoje Ganto grafike palygindama jas su pirmo planavimo grafiku, paskai\u010diuoja darbininkams atlyginimus, kuriuos parodo &nbsp;Atlyginim\u0173 ataskaitoje.<\/font><\/p><\/p>","protected":false},"excerpt":{"rendered":"<p>\u0160is sistemos variantas tinka sud\u0117ting\u0173 gamini\u0173, kaip gaminiai gaminami i\u0161 surenkam\u0173 nmazg\u0173, o mazgai i\u0161 kt\u0173 mazg\u0173 ir t.t. bei kai kurios detal\u0117s gali pasikartoti vis\u0173 lygi\u0173 mazguose ir jos turi b\u016bti gaminamos kartu<\/p>","protected":false},"featured_media":29453,"template":"","meta":{"_mi_skip_tracking":false,"_monsterinsights_sitenote_active":false,"_monsterinsights_sitenote_note":"","_monsterinsights_sitenote_category":0},"product_cat":[1491,1503],"product_tag":[],"mwb_booking_cost":[],"mwb_booking_service":[],"bundled_by":[],"bundle_stock_status":"instock","bundle_stock_quantity":null,"bundle_virtual":false,"bundle_layout":"","bundle_add_to_cart_form_location":"","bundle_editable_in_cart":false,"bundle_sold_individually_context":"","bundle_item_grouping":"","bundle_min_size":"","bundle_max_size":"","bundled_items":[],"bundle_sell_ids":[],"acf":[],"aioseo_notices":[],"_links":{"self":[{"href":"https:\/\/gamyba.online\/en\/wp-json\/wp\/v2\/product\/29431"}],"collection":[{"href":"https:\/\/gamyba.online\/en\/wp-json\/wp\/v2\/product"}],"about":[{"href":"https:\/\/gamyba.online\/en\/wp-json\/wp\/v2\/types\/product"}],"wp:featuredmedia":[{"embeddable":true,"href":"https:\/\/gamyba.online\/en\/wp-json\/wp\/v2\/media\/29453"}],"wp:attachment":[{"href":"https:\/\/gamyba.online\/en\/wp-json\/wp\/v2\/media?parent=29431"}],"wp:term":[{"taxonomy":"product_cat","embeddable":true,"href":"https:\/\/gamyba.online\/en\/wp-json\/wp\/v2\/product_cat?post=29431"},{"taxonomy":"product_tag","embeddable":true,"href":"https:\/\/gamyba.online\/en\/wp-json\/wp\/v2\/product_tag?post=29431"},{"taxonomy":"mwb_booking_cost","embeddable":true,"href":"https:\/\/gamyba.online\/en\/wp-json\/wp\/v2\/mwb_booking_cost?post=29431"},{"taxonomy":"mwb_booking_service","embeddable":true,"href":"https:\/\/gamyba.online\/en\/wp-json\/wp\/v2\/mwb_booking_service?post=29431"}],"curies":[{"name":"wp","href":"https:\/\/api.w.org\/{rel}","templated":true}]}}