{"id":29533,"date":"2024-06-18T22:10:13","date_gmt":"2024-06-18T20:10:13","guid":{"rendered":"https:\/\/gamyba.online\/product\/medzio-gaminiu-gamybos-uzsakymu-valdymo-ir-apskaitos-sistema\/"},"modified":"2024-11-04T22:17:23","modified_gmt":"2024-11-04T20:17:23","slug":"medzio-gaminiu-gamybos-uzsakymu-valdymo-ir-apskaitos-sistema","status":"publish","type":"product","link":"https:\/\/gamyba.online\/en\/product\/medzio-gaminiu-gamybos-uzsakymu-valdymo-ir-apskaitos-sistema\/","title":{"rendered":"Med\u017eio gamini\u0173 gamybos u\u017esakym\u0173 valdymo ir apskaitos sistema"},"content":{"rendered":"<p><font face=\"Calibri\"><span><span><span><br \/>\n<p class=\"MsoNormal\"><span>\u012edieg\u0119 AIVA ERP&nbsp;geriau kontroliuosite&nbsp;darbo su klientais ir j\u0173 u\u017esakym\u0173 vykdymo &nbsp;procesus, sutaupysite vadybinink\u0173 darbo laik\u0105 pasi\u016blym\u0173 ruo\u0161imui, gamybos plan\u0173 sudarymui, bei pagamintos produkcijos apskaitai, gal\u0117site \u012fdiegti vadybinink\u0173 apmok\u0117jimo nuo asmenini\u0173 pardavim\u0173 pelno sistem\u0105.<\/span><\/p><\/span><br \/>\n<p class=\"MsoNormal\" align=\"center\"><span><img src=\"https:\/\/www.aiva.lt\/images\/image\/Uzsakymu_valdymo_sistema.png\" width=\"1390\" height=\"667\"><\/span><\/p><\/span><span><br \/>\n<p class=\"MsoNormal\"><span>Sistemos pagalba automatizuosite darbo su klientais, gamybos plan\u0173 sudarymo, med\u017eiag\u0173 tiekimo valdymo, pagamintos produkcijos apskaitos jos \u012f\u017eve\u017eimo valdymo procesus<\/span><span><\/span><\/p><br \/>\n<p class=\"MsoNormal\"><br \/>\n<table class=\"MsoNormalTable\" cellspacing=\"0\" cellpadding=\"0\" border=\"0\"><br \/>\n<tbody><br \/>\n<tr><br \/>\n<td valign=\"top\" width=\"328\"><br \/>\n<p class=\"MsoNormal\"><span>Automatizav\u0119 <b>Darbo su klientais<\/b>&nbsp; proces\u0105 geriau gal\u0117site aptarnauti savo klientus, sutaupysite vadybinink\u0173 darbo laiko s\u0105naudas pasi\u016blym\u0173 ruo\u0161imui ir u\u017esakym\u0173 perdavimui \u012f gamyb\u0105.<\/span><\/p><br \/>\n<p class=\"MsoNormal\"><span>Registruojant kliento u\u017esakym\u0105 \u012fvedus nestandartini\u0173 gamini\u0173 dyd\u017eius ir pasirinkus med\u017eiagas , programa &nbsp;apskai\u010diuos&nbsp;gamybos &nbsp;kain\u0105, suformuos pasi\u016blym\u0105, s\u0105skait\u0105, sutart\u012f, u\u017esakym\u0105 gamybai. <\/span><\/p><br \/>\n<p class=\"MsoNormal\"><span>Nesunkiai gal\u0117site \u012fdiegti vadybinink\u0173 apmok\u0117jimo nuo asmenini\u0173 pardavim\u0173 pelno sistem\u0105<\/span><\/p><br \/>\n<p class=\"MsoNormal\"><span>&nbsp;<a href=\"https:\/\/www.aiva.lt\/Pardavim-padaliniams\/nestandartiniu-gaminiu-kainos-paskaiciavimo-komerciniu-pasiulymu-sutarciu-ir-saskaitu-ruosimo-programos-modulis-optimum\/lt\"><span>Daugiau skaitykite<\/span><\/a>&#8230;<\/span><\/p><\/td><br \/>\n<td valign=\"top\" width=\"315\"><img src=\"https:\/\/www.aiva.lt\/images\/image\/AIVA_pardavimai1.jpg\" width=\"988\" height=\"707\"><\/td><\/tr><br \/>\n<tr><br \/>\n<td valign=\"top\" width=\"328\"><\/td><br \/>\n<td valign=\"top\" width=\"315\"><br \/>\n<p class=\"MsoNormal\"><span><\/span><span><\/span>&nbsp;<\/p><\/td><\/tr><br \/>\n<tr><br \/>\n<td valign=\"top\" width=\"328\"><br \/>\n<p class=\"MsoNormal\"><span>Automatizav\u0119 <b>Gamybos plan\u0173 sudarymo ir<span>&nbsp; <\/span>operacij\u0173 planavimo proces\u0105 sutapysite laik\u0105 plan\u0173 sudarymui ir pagamintos produkcijos apskaitai.&nbsp;<\/b><\/span><span><\/span><\/p><br \/>\n<p class=\"MsoNormal\"><span>Gamybos planus programa sudarys automati\u0161kai i\u0161 klient\u0173 u\u017esakym\u0173 ir pagal atsarg\u0173 normas.<\/span><span><\/span><\/p><br \/>\n<p class=\"MsoNormal\"><span>Tam kad u\u017epajamauoti pagamint\u0105 produkcij\u0105, Jums tereik\u0117s tik patvirtinti u\u017esakymo \u012fvykdym\u0105 ir programa u\u017epajamuos pagamintus gaminius \u012f sand\u0117l\u012f<\/span><span><\/span><\/p><br \/>\n<p class=\"MsoNormal\"><span>&nbsp;<a href=\"https:\/\/www.aiva.lt\/item.php?item=20979&amp;lang=lt\"><span>Apie planus<\/span><\/a>&#8230; <\/span><span><\/span><\/p><br \/>\n<p class=\"MsoNormal\"><span>&nbsp;<\/span><\/p><br \/>\n<p class=\"MsoNormal\"><span>&nbsp;<\/span><span><\/span><\/p><\/td><br \/>\n<td valign=\"top\" width=\"315\"><br \/>\n<p class=\"MsoNormal\" align=\"center\"><span><img src=\"https:\/\/www.aiva.lt\/images\/image\/AIVA_meistras.jpg\" width=\"766\" height=\"588\">&nbsp;<\/span><\/p><\/td><\/tr><br \/>\n<tr><br \/>\n<td valign=\"top\" width=\"328\"><br \/>\n<p align=\"center\"><img src=\"https:\/\/www.aiva.lt\/images\/image\/AIVA_meistras3.jpg\" width=\"747\" height=\"556\"><\/p><\/td><br \/>\n<td valign=\"top\" width=\"315\"><br \/>\n<p class=\"MsoNormal\"><b><span>Automatizav\u0119 pagamintos produkcijos apskaitos ir i\u0161davimo klientams <\/span><\/b><span>proces\u0105 gal\u0117site grei\u010diau suformuoti i\u0161davimo dokumentus-Fakt\u016bras, va\u017etara\u0161\u010dius, CMR, grei\u010diau aptarnauti klientus, matyti pagamintos produkcijos liku\u010dius realiu laiku.<\/span><\/p><br \/>\n<p class=\"MsoNormal\"><span>Taip pat grei\u010diau atliksite perk\u0117limo tarp sand\u0117li\u0173, gr\u0105\u017einimo i\u0161 klient\u0173, ataskait\u0173 perdavimo \u012f I.MAS ir i.VAZ sistemas darbus, realiu laiku gausite sand\u0117lio, Intrastato bei i\u0161ve\u017eamos pakuot\u0117s ataskaitas. <a href=\"https:\/\/www.aiva.lt\/Gamybos-apskaitai\/medziagu-ir-gatavos-produkcijos-apskaitos-sistema-su-intrastat-ir-pakuotes-apskaita-bei-dokumentu-perdavimu-i-i-mas-ir-i-saf\/lt\"><font color=\"#0000ff\">Daugiau skaitykite<\/font><\/a>..<\/span><span><\/span><\/p><\/td><\/tr><br \/>\n<tr><br \/>\n<td valign=\"top\" width=\"328\"><\/td><br \/>\n<td valign=\"top\" width=\"315\"><br \/>\n<p class=\"MsoNormal\" align=\"center\"><span>&nbsp;<\/span><\/p><\/td><\/tr><\/tbody><\/table><\/p><br \/>\n<p class=\"MsoNormal\"><b><span>Kod\u0117l&nbsp; verta Jums diegtis AIVA gamybos valdymo sistem\u0105<\/span><\/b><span><\/span><\/p><br \/>\n<p class=\"MsoNormal\"><span>1)<\/span><span>&nbsp;&nbsp;&nbsp;&nbsp;&nbsp; <\/span><span>Labiausiai i\u0161 vis\u0173 \u017einom\u0173 sistem\u0173 automatizuosite visus valdymo procesus, prakti\u0161kai, beveik be rankinio duomen\u0173 \u012fvedimo<\/span><span><\/span><\/p><br \/>\n<p class=\"MsoNormal\"><span>2)<\/span><span>&nbsp;&nbsp;&nbsp;&nbsp;&nbsp; <\/span><span>Gal\u0117site apskai\u010diuoti nestandartini\u0173 med\u017eio gamini\u0173 kain\u0105 ir valdyti j\u0173 gamyb\u0105<\/span><\/p><br \/>\n<p class=\"MsoNormal\"><span>3)<\/span><span>&nbsp;&nbsp;&nbsp;&nbsp;&nbsp; <\/span><span>AIVA&nbsp;SISTEMA &nbsp;turi&nbsp; didel\u0119 patirt\u012f automatizuojant&nbsp;med\u017eio gamini\u0173&nbsp;\u012fmones, tod\u0117l galime pasi\u016blyti Jums jau&nbsp;prtaikytus geriausius &nbsp;sprendimus.<\/span><span><\/span><\/p><br \/>\n<p class=\"MsoNormal\"><\/span>&nbsp;<\/P><br \/>\n<p class=\"MsoNormal\"><b><span><\/span><\/b>&nbsp;<\/p><br \/>\n<p class=\"MsoNormal\"><\/span><\/font><span><strong><\/strong><\/span>&nbsp;<\/p><\/p>","protected":false},"excerpt":{"rendered":"<p>Automatizuosite klient\u0173 ir j\u0173  u\u017esakym\u0173  registracijos, nestandartini\u0173 gamini\u0173 kainos apskai\u010diavimo, pasi\u016blym\u0173 ruo\u0161imo, gamybos plan\u0173 sudarymo ir pagamintos produkcijos apskaitos procesus.Gal\u0117site \u012fdiegti vadybinink\u0173 apmok\u0117jimo nuo asmenini\u0173 pardavim\u0173 pelsno sistem\u0105. <\/p>","protected":false},"featured_media":29540,"template":"","meta":{"_mi_skip_tracking":false,"_monsterinsights_sitenote_active":false,"_monsterinsights_sitenote_note":"","_monsterinsights_sitenote_category":0},"product_cat":[1516,1511],"product_tag":[],"mwb_booking_cost":[],"mwb_booking_service":[],"bundled_by":[],"bundle_stock_status":"instock","bundle_stock_quantity":null,"bundle_virtual":false,"bundle_layout":"","bundle_add_to_cart_form_location":"","bundle_editable_in_cart":false,"bundle_sold_individually_context":"","bundle_item_grouping":"","bundle_min_size":"","bundle_max_size":"","bundled_items":[],"bundle_sell_ids":[],"acf":[],"aioseo_notices":[],"_links":{"self":[{"href":"https:\/\/gamyba.online\/en\/wp-json\/wp\/v2\/product\/29533"}],"collection":[{"href":"https:\/\/gamyba.online\/en\/wp-json\/wp\/v2\/product"}],"about":[{"href":"https:\/\/gamyba.online\/en\/wp-json\/wp\/v2\/types\/product"}],"wp:featuredmedia":[{"embeddable":true,"href":"https:\/\/gamyba.online\/en\/wp-json\/wp\/v2\/media\/29540"}],"wp:attachment":[{"href":"https:\/\/gamyba.online\/en\/wp-json\/wp\/v2\/media?parent=29533"}],"wp:term":[{"taxonomy":"product_cat","embeddable":true,"href":"https:\/\/gamyba.online\/en\/wp-json\/wp\/v2\/product_cat?post=29533"},{"taxonomy":"product_tag","embeddable":true,"href":"https:\/\/gamyba.online\/en\/wp-json\/wp\/v2\/product_tag?post=29533"},{"taxonomy":"mwb_booking_cost","embeddable":true,"href":"https:\/\/gamyba.online\/en\/wp-json\/wp\/v2\/mwb_booking_cost?post=29533"},{"taxonomy":"mwb_booking_service","embeddable":true,"href":"https:\/\/gamyba.online\/en\/wp-json\/wp\/v2\/mwb_booking_service?post=29533"}],"curies":[{"name":"wp","href":"https:\/\/api.w.org\/{rel}","templated":true}]}}