{"id":29544,"date":"2024-06-30T22:10:06","date_gmt":"2024-06-30T20:10:06","guid":{"rendered":"https:\/\/gamyba.online\/product\/sumani-zaliuziu-gamybos-valdymo-sistema\/"},"modified":"2024-11-04T22:17:23","modified_gmt":"2024-11-04T20:17:23","slug":"sumani-zaliuziu-gamybos-valdymo-sistema","status":"publish","type":"product","link":"https:\/\/gamyba.online\/en\/product\/sumani-zaliuziu-gamybos-valdymo-sistema\/","title":{"rendered":"Sumani \u017ealiuzi\u0173 gamybos valdymo sistema"},"content":{"rendered":"<p><p><span><span>Automatizuojami procesai ir funckcijos atvaizduoti \u017eemiau paveksl\u0117lyje.<\/span><\/span><\/p><br \/>\n<p align=\"center\"><span><span><img src=\"https:\/\/www.aiva.lt\/images\/image\/AIVA_roletu_zaliuziu_valdymo_sistema_Platinum.png\" width=\"1143\" height=\"538\"><\/span><\/span><\/p><br \/>\n<p class=\"MsoNormal\"><font face=\"Calibri\">\u012edieg\u0119 AIVA gamybos valdymo sistem\u0105 grei\u010diau paruo\u0161ite komercinius pasi\u016blymus ir pardavimo sutartis, padidinsite pardavim\u0173 apimt\u012f.&nbsp;&nbsp; <\/font><font face=\"Calibri\">Grei\u010diau ir pigiau u\u017esakysite med\u017eiagas. Taupysite laik\u0105 med\u017eiag\u0173 ir pagamintos produkcijos apskaitai. Papadidinsite gamybos resurs\u0173,-\u012frengim\u0173 bei&nbsp;&nbsp;darbuotoj\u0173,&nbsp;darbo efektyvum\u0105&nbsp;ir per t\u0105 pat\u012f laik\u0105 pagaminsite daugiau produkcijos.&nbsp;Gal\u0117site \u012fdiegti apmok\u0117jimo u\u017e atliktus darbus sistem\u0105 ir taip dar labiau suinteresuoti darbuotojus. <\/font><\/p><\/p>","protected":false},"excerpt":{"rendered":"<p>Automatizuosite u\u017esakym\u0173 kainos apskai\u010diavim\u0105, gamybos plan\u0173 sudarym\u0105  ir gamybos proceso planavim\u0105, med\u017eiag\u0173 tiekimo valdym\u0105 ir apskait\u0105, gamybos u\u017eduo\u010di\u0173 operaij\u0173 valdym\u0105 ir apskaitai, med\u017eiag\u0173 ir pagamintos produkcijos apskait\u0105 gamyboje,s produkcijos logistiko valdym\u0105.<\/p>","protected":false},"featured_media":29557,"template":"","meta":{"_mi_skip_tracking":false,"_monsterinsights_sitenote_active":false,"_monsterinsights_sitenote_note":"","_monsterinsights_sitenote_category":0},"product_cat":[1511,1513],"product_tag":[],"mwb_booking_cost":[],"mwb_booking_service":[],"bundled_by":[],"bundle_stock_status":"instock","bundle_stock_quantity":null,"bundle_virtual":false,"bundle_layout":"","bundle_add_to_cart_form_location":"","bundle_editable_in_cart":false,"bundle_sold_individually_context":"","bundle_item_grouping":"","bundle_min_size":"","bundle_max_size":"","bundled_items":[],"bundle_sell_ids":[],"acf":[],"aioseo_notices":[],"_links":{"self":[{"href":"https:\/\/gamyba.online\/en\/wp-json\/wp\/v2\/product\/29544"}],"collection":[{"href":"https:\/\/gamyba.online\/en\/wp-json\/wp\/v2\/product"}],"about":[{"href":"https:\/\/gamyba.online\/en\/wp-json\/wp\/v2\/types\/product"}],"wp:featuredmedia":[{"embeddable":true,"href":"https:\/\/gamyba.online\/en\/wp-json\/wp\/v2\/media\/29557"}],"wp:attachment":[{"href":"https:\/\/gamyba.online\/en\/wp-json\/wp\/v2\/media?parent=29544"}],"wp:term":[{"taxonomy":"product_cat","embeddable":true,"href":"https:\/\/gamyba.online\/en\/wp-json\/wp\/v2\/product_cat?post=29544"},{"taxonomy":"product_tag","embeddable":true,"href":"https:\/\/gamyba.online\/en\/wp-json\/wp\/v2\/product_tag?post=29544"},{"taxonomy":"mwb_booking_cost","embeddable":true,"href":"https:\/\/gamyba.online\/en\/wp-json\/wp\/v2\/mwb_booking_cost?post=29544"},{"taxonomy":"mwb_booking_service","embeddable":true,"href":"https:\/\/gamyba.online\/en\/wp-json\/wp\/v2\/mwb_booking_service?post=29544"}],"curies":[{"name":"wp","href":"https:\/\/api.w.org\/{rel}","templated":true}]}}