{"id":29545,"date":"2024-06-30T22:10:07","date_gmt":"2024-06-30T20:10:07","guid":{"rendered":"https:\/\/gamyba.online\/product\/zaliuziu-uzsakymu-priemimo-medziagu-tiekimo-valdymo-ir-apskaitos-gamyboje-bei-montavimo-darbu-valdymo-pas-klientus-sistema\/"},"modified":"2024-11-04T22:17:23","modified_gmt":"2024-11-04T20:17:23","slug":"zaliuziu-uzsakymu-priemimo-medziagu-tiekimo-valdymo-ir-apskaitos-gamyboje-bei-montavimo-darbu-valdymo-pas-klientus-sistema","status":"publish","type":"product","link":"https:\/\/gamyba.online\/en\/product\/zaliuziu-uzsakymu-priemimo-medziagu-tiekimo-valdymo-ir-apskaitos-gamyboje-bei-montavimo-darbu-valdymo-pas-klientus-sistema\/","title":{"rendered":"\u017daliuzi\u0173 u\u017esakym\u0173 pri\u0117mimo, med\u017eiag\u0173 tiekimo valdymo ir  apskaitos gamyboje bei montavimo darb\u0173 valdymo pas klientus sistema"},"content":{"rendered":"<p><p class=\"MsoNormal\"><font face=\"Calibri\">AIVA Gamybos valdymo sistemos automatizuojami procesai ir funkcijos parodyti \u017eemiau paveiksl\u0117lyje.<\/font><\/p><br \/>\n<p class=\"MsoNormal\" align=\"center\"><img src=\"https:\/\/www.aiva.lt\/images\/image\/AIVA_roletu_zaliuziu_valdymo_sistema_medziagu_variantas.png\" width=\"1141\" height=\"481\"><\/p><br \/>\n<p class=\"MsoNormal\"><font face=\"Calibri\">\u012edieg\u0119 AIVA gamybos valdymo sistem\u0105 grei\u010diau paruo\u0161ite komercinius pasi\u016blymus ir pardavimo sutartis, automatizuosite gamybos plan\u0173 sudarym\u0105 ir j\u0173 vykdymo apskait\u0105.<\/font><\/p><br \/>\n<p class=\"MsoNormal\"><font face=\"Calibri\">Grei\u010diau ir pigiau u\u017esakysite med\u017eiagas. Taupysite laik\u0105 med\u017eiag\u0173 ir pagamintos produkcijos apskaitai.<\/font><\/p><br \/>\n<p class=\"MsoNormal\"><font face=\"Calibri\">&nbsp;<\/font><\/p><\/p>","protected":false},"excerpt":{"rendered":"<p>Automatizuosite  u\u017esakym\u0173 kainos apskai\u010diavim\u0105, gamybos plan\u0173 sudarym\u0105, med\u017eiag\u0173 tiekimo valdym\u0105 ir apskait\u0105,  med\u017eiag\u0173 ir pagamintos produkcijos apskait\u0105 gamyboje.<\/p>","protected":false},"featured_media":29558,"template":"","meta":{"_mi_skip_tracking":false,"_monsterinsights_sitenote_active":false,"_monsterinsights_sitenote_note":"","_monsterinsights_sitenote_category":0},"product_cat":[1511,1513],"product_tag":[],"mwb_booking_cost":[],"mwb_booking_service":[],"bundled_by":[],"bundle_stock_status":"instock","bundle_stock_quantity":null,"bundle_virtual":false,"bundle_layout":"","bundle_add_to_cart_form_location":"","bundle_editable_in_cart":false,"bundle_sold_individually_context":"","bundle_item_grouping":"","bundle_min_size":"","bundle_max_size":"","bundled_items":[],"bundle_sell_ids":[],"acf":[],"aioseo_notices":[],"_links":{"self":[{"href":"https:\/\/gamyba.online\/en\/wp-json\/wp\/v2\/product\/29545"}],"collection":[{"href":"https:\/\/gamyba.online\/en\/wp-json\/wp\/v2\/product"}],"about":[{"href":"https:\/\/gamyba.online\/en\/wp-json\/wp\/v2\/types\/product"}],"wp:featuredmedia":[{"embeddable":true,"href":"https:\/\/gamyba.online\/en\/wp-json\/wp\/v2\/media\/29558"}],"wp:attachment":[{"href":"https:\/\/gamyba.online\/en\/wp-json\/wp\/v2\/media?parent=29545"}],"wp:term":[{"taxonomy":"product_cat","embeddable":true,"href":"https:\/\/gamyba.online\/en\/wp-json\/wp\/v2\/product_cat?post=29545"},{"taxonomy":"product_tag","embeddable":true,"href":"https:\/\/gamyba.online\/en\/wp-json\/wp\/v2\/product_tag?post=29545"},{"taxonomy":"mwb_booking_cost","embeddable":true,"href":"https:\/\/gamyba.online\/en\/wp-json\/wp\/v2\/mwb_booking_cost?post=29545"},{"taxonomy":"mwb_booking_service","embeddable":true,"href":"https:\/\/gamyba.online\/en\/wp-json\/wp\/v2\/mwb_booking_service?post=29545"}],"curies":[{"name":"wp","href":"https:\/\/api.w.org\/{rel}","templated":true}]}}