{"id":29548,"date":"2024-06-30T22:10:14","date_gmt":"2024-06-30T20:10:14","guid":{"rendered":"https:\/\/gamyba.online\/product\/sumani-langu-ir-duru-uzsakymu-prieemimo-gamybos-planavimo-gamybos-uzduociu-paskirstymo-ir-apskaitos-bei-montavimo-darbu-valdymo-sistema\/"},"modified":"2024-11-04T22:17:22","modified_gmt":"2024-11-04T20:17:22","slug":"sumani-langu-ir-duru-uzsakymu-prieemimo-gamybos-planavimo-gamybos-uzduociu-paskirstymo-ir-apskaitos-bei-montavimo-darbu-valdymo-sistema","status":"publish","type":"product","link":"https:\/\/gamyba.online\/en\/product\/sumani-langu-ir-duru-uzsakymu-prieemimo-gamybos-planavimo-gamybos-uzduociu-paskirstymo-ir-apskaitos-bei-montavimo-darbu-valdymo-sistema\/","title":{"rendered":"Sumani lang\u0173 ir dur\u0173 u\u017esakym\u0173 prie\u0117mimo, gamybos planavimo , gamybos u\u017eduo\u010di\u0173 paskirstymo ir apskaitos, bei montavimo darb\u0173 valdymo sistema"},"content":{"rendered":"<p><font face=\"Calibri\"><br \/>\n<p class=\"MsoNormal\"><span>AIVA gamybos valdymo sistemos pagalba&nbsp;automatizuojamas procesas ir pagrindin\u0117s funkcijos parodyti \u017eemiau paveiksl\u0117lyje<\/span><\/p><br \/>\n<p class=\"MsoNormal\" align=\"center\"><span><img src=\"https:\/\/www.aiva.lt\/images\/image\/AIVA_Langu-Duru_valdymo_sistema.png\" width=\"1142\" height=\"543\"><\/span><\/p><br \/>\n<p class=\"MsoNormal\"><br \/>\n<table class=\"MsoTableGrid\" cellspacing=\"0\" cellpadding=\"0\" border=\"0\"><br \/>\n<tbody><br \/>\n<tr><br \/>\n<td valign=\"top\" width=\"332\"><span><span><br \/>\n<p class=\"MsoNormal\"><span>Automatizav\u0119<span>&nbsp;<\/span><b>Darbo su klientais<\/b>&nbsp; proces\u0105 geriau gal\u0117site aptarnauti savo klientus, sutaupysite vadybinink\u0173 darbo laik\u0105 pasi\u016blym\u0173 ruo\u0161imui ir u\u017esakym\u0173 perdavimui \u012f gamyb\u0105.<\/span><\/p><br \/>\n<p class=\"MsoNormal\"><span>Registruojant kliento u\u017esakym\u0105 , programa apskai\u010diuos gamini\u0173 kain\u0105 nuo kliento pasirinkt\u0173 charakteristik\u0173, suformuos pasi\u016blym\u0105, s\u0105skait\u0105, sutart\u012f, u\u017esakym\u0105 gamybai.<span>&nbsp;<\/span><a href=\"https:\/\/www.aiva.lt\/Pardavim-padaliniams\/nestandartiniu-gaminiu-kainos-paskaiciavimo-komerciniu-pasiulymu-sutarciu-ir-saskaitu-ruosimo-programos-modulis-optimum\/lt\"><font color=\"#0563c1\">Daugiau skaitykite<\/font><\/a>&#8230;<\/span><\/p><br \/>\n<p class=\"MsoNormal\"><span>Yra galimyb\u0117 importuoti duomenis i\u0161 lang\u0173 projektavimo programos<\/span><\/p><\/span><\/span><\/td><br \/>\n<td valign=\"top\" width=\"332\"><br \/>\n<p class=\"MsoNormal\" align=\"center\"><span><img src=\"https:\/\/www.aiva.lt\/images\/image\/pixlr-image-generator-dbf85e94-8836-4d02-8421-e0ce568f4461.png\" width=\"1025\" height=\"1023\"><\/span><\/p><\/td><\/tr><br \/>\n<tr><br \/>\n<td valign=\"top\" width=\"332\"><br \/>\n<p class=\"MsoNormal\" align=\"center\"><span><\/span><span><img src=\"https:\/\/www.aiva.lt\/images\/image\/AIVA_pardavimai.jpg\" width=\"709\" height=\"535\"><\/span><\/p><\/td><br \/>\n<td valign=\"top\" width=\"332\"><span><br \/>\n<p class=\"MsoNormal\"><span>Automatizav\u0119<span>&nbsp;<\/span><b>Med\u017eiag\u0173 tiekimo &nbsp;valdymo ir gavimo apskaitos&nbsp;<\/b>&nbsp;proces\u0105 sutaupysite&nbsp; 90% darbuotoj\u0173 laiko (o tai vienas ar keli sutaupyti etatai!) med\u017eiag\u0173 poreikio skai\u010diavimui, u\u017esakymui i\u0161 tiek\u0117j\u0173, pajamavimui.<\/span><\/p><br \/>\n<p class=\"MsoNormal\"><span><\/span><span><span>&nbsp;Med\u017eiag\u0173 u\u017esakymo poreik\u012f programa apskai\u010diuos i\u0161 klient\u0173 u\u017esakymo duomen\u0173. Gal\u0117site apklausti tiek\u0117jus ir&nbsp; p<\/span>igiau nupirkti med\u017eiagas. Programa suformuos ir i\u0161si\u0173s u\u017esakymus tiek\u0117jams. Gavus med\u017eiagas, kad u\u017epjamuoti, nebereik\u0117s \u012fvedin\u0117ti ranka j\u0173 duomen\u0173.<span>&nbsp;<\/span><span><a href=\"https:\/\/www.aiva.lt\/Tiekimo-skyriui\/lt\"><font color=\"#0563c1\">Daugiau skaitykite<\/font><\/a><\/span><\/span><\/p><\/span><\/td><\/tr><br \/>\n<tr><br \/>\n<td valign=\"top\" width=\"332\"><br \/>\n<p class=\"MsoNormal\"><span>Automatizav\u0119<span>&nbsp;<\/span><b>Gamybos plan\u0173 sudarymo ir<span>&nbsp;<\/span><span>&nbsp;<\/span>operacij\u0173 planavimo proces\u0105 sutapysite laik\u0105 plan\u0173 sudarymui bei<span>&nbsp;<\/span><\/b>optimizuosite gamybos resurs\u0173,- \u012frengim\u0173 ir darbuotoj\u0173, u\u017eimtum\u0105 gamyboje.<\/span><\/p><br \/>\n<p class=\"MsoNormal\"><span>Gamybos planus programa sudarys automati\u0161kai i\u0161 klient\u0173 u\u017esakym\u0173 ir pagal atsarg\u0173 normas.<span>&nbsp;<\/span><span><a href=\"https:\/\/www.aiva.lt\/item.php?item=20979&amp;lang=lt\"><font color=\"#0563c1\">Apie planus<\/font><\/a>&#8230;<\/span><\/span><\/p><br \/>\n<p class=\"MsoNormal\"><span><span><\/span>&#8220;Dirbtinio intelekto&#8221; planavimo modulis suplanuos u\u017eduotisdarbo centrams ir parodys ar laiku \u012fvykdysite klient\u0173 u\u017esakymus.<span>&nbsp;<span><a href=\"https:\/\/www.aiva.lt\/item.php?item=13000&amp;lang=lt\"><font color=\"#0563c1\">Apie operacij\u0173 planavim\u0105<\/font><\/a>&#8230;<\/span><\/span><\/span><\/p><br \/>\n<p class=\"MsoNormal\">&nbsp;&nbsp;&nbsp;<\/p><br \/>\n<p class=\"MsoNormal\"><span>&nbsp;<\/span><\/p><\/td><br \/>\n<td valign=\"top\" width=\"332\"><span><\/span><br \/>\n<p class=\"MsoNormal\" align=\"center\"><span><\/span>&nbsp;<\/p><br \/>\n<p class=\"MsoNormal\" align=\"center\"><span><img src=\"https:\/\/www.aiva.lt\/images\/image\/AIVA_meistras.jpg\" width=\"766\" height=\"588\"><\/span><\/p><\/td><\/tr><br \/>\n<tr><br \/>\n<td valign=\"top\" width=\"332\"><br \/>\n<p class=\"MsoNormal\" align=\"center\"><span><img src=\"https:\/\/www.aiva.lt\/images\/image\/AIVA_gamybos_planavimas.jpg\" width=\"601\" height=\"615\"><\/span><\/p><\/td><br \/>\n<td valign=\"top\" width=\"332\"><span><br \/>\n<p class=\"MsoNormal\"><span>Automatizav\u0119<span>&nbsp;<\/span><b>med\u017eiag\u0173 valdymo ir<span>&nbsp;<\/span><span>&nbsp;<\/span>apskaitos<span>&nbsp;<\/span><span>&nbsp;<\/span>gamyboje procesus<span>&nbsp;<\/span><\/b>sutaupysite darbo laik\u0105 med\u017eiag\u0173 surinkimui i\u0161 sand\u0117li\u0173, perdavimui \u012f gamyb\u0105<span>&nbsp;<\/span><span>&nbsp;<\/span>ir apskaitai.<\/span><\/p><br \/>\n<p class=\"MsoNormal\"><span><\/span><span>Med\u017eiagas gamybos u\u017esakymui surinks programa parodydama kur jos laikomos sand\u0117lyje<\/span><\/p><br \/>\n<p class=\"MsoNormal\"><span>Patvirtinus u\u017esakymo atlikim\u0105, programa nura\u0161ys med\u017eiagas, askai\u010diuos gamini\u0173 savikaina ir juos u\u017epjamuos \u012f sand\u0117l\u012f.<span>&nbsp;<\/span><span><a href=\"https:\/\/www.aiva.lt\/item.php?item=21333&amp;lang=lt\"><font color=\"#0563c1\">Apie med\u017eiag\u0173 valdym\u0105 gamyboje<\/font><\/a>&#8230;<\/span><\/span><\/p><\/span><\/td><\/tr><br \/>\n<tr><br \/>\n<td valign=\"top\" width=\"332\"><br \/>\n<p class=\"MsoNormal\"><span>Automatizav\u0119<span>&nbsp;<\/span><b>Gamybos operacij\u0173 u\u017eduo\u010di\u0173 paskirstymo ir vykdymo apskaitos<span>&nbsp;<\/span><\/b>proces\u0105 sutaupysite meistr\u0173 laik\u0105 u\u017eduo\u010di\u0173 paskirstymui, kontrolei, suma\u017einsite darbuotoj\u0173 prastovas gamyboje.<\/span><\/p><br \/>\n<p class=\"MsoNormal\"><span>Darbuotojai gaus kompiuteryje,&nbsp;telefone ar plan\u0161et\u0117je &nbsp;automati\u0161kai suplanuotas jiems u\u017eduotis. Pasirinkus ir atlikus u\u017eduot\u012f, programa u\u017eregistruos kas, kada ir per kiek laiko j\u0105 atliko.<span>&nbsp;<\/span><span><a href=\"https:\/\/www.aiva.lt\/item.php?group=2547&amp;item=21349&amp;lang=lt\"><font color=\"#0563c1\">Daugiau skaitykite<span>&nbsp;<\/span><\/font><\/a>..<\/span><\/span><\/p><\/td><br \/>\n<td valign=\"top\" width=\"332\"><br \/>\n<p class=\"MsoNormal\" align=\"center\"><span><\/span><span><img src=\"https:\/\/gamyba.online\/wp-content\/uploads\/2023\/12\/ai221249s.jpg\" width=\"312\" height=\"311\"><\/span><\/p><\/td><\/tr><br \/>\n<tr><br \/>\n<td valign=\"top\" width=\"332\"><br \/>\n<p class=\"MsoNormal\" align=\"center\"><span><img src=\"https:\/\/www.aiva.lt\/images\/image\/Aiva_Gamyba.jpg\" width=\"633\" height=\"616\">&nbsp;<\/span><\/p><br \/>\n<p class=\"MsoNormal\" align=\"center\"><span><\/span><span><\/span>&nbsp;<\/p><\/td><br \/>\n<td valign=\"top\" width=\"332\"><br \/>\n<p class=\"MsoNormal\"><b><span>Automatizav\u0119 pagamintos produkcijos apskaitos ir i\u0161davimo klientams<span>&nbsp;<\/span><\/span><\/b><span>proces\u0105 gal\u0117site grei\u010diau suformuoti i\u0161davimo dokumentus-Fakt\u016bras, va\u017etara\u0161\u010dius, CMR, grei\u010diau aptarnauti klientus, matyti pagamintos produkcijos liku\u010dius realiu laiku.<\/span><\/p><br \/>\n<p class=\"MsoNormal\"><span>Taip pat grei\u010diau atliksite perk\u0117limo tarp sand\u0117li\u0173, gra\u017einimo i\u0161 klient\u0173, ataskait\u0173 perdavimo \u012f I.MAS ir i.VAZ sistemas darbus, realiu laiku gausite sand\u0117lio, Intrastato bei i\u0161ve\u017eamos pakuot\u0117s ataskaitas.<span>&nbsp;<\/span><span><a href=\"https:\/\/www.aiva.lt\/Gamybos-apskaitai\/medziagu-ir-gatavos-produkcijos-apskaitos-sistema-su-intrastat-ir-pakuotes-apskaita-bei-dokumentu-perdavimu-i-i-mas-ir-i-saf\/lt\"><font color=\"#0563c1\">Daugiau skaitykite<\/font><\/a>..<\/span><\/span><\/p><\/td><\/tr><\/tbody><\/table><\/p><br \/>\n<p class=\"MsoNormal\"><b><span>Kod\u0117l&nbsp; verta Jums diegtis AIVA gamybos valdymo sistem\u0105<\/span><\/b><\/p><br \/>\n<p class=\"MsoListParagraphCxSpFirst\"><span><span>1)<span>&nbsp;&nbsp;&nbsp;&nbsp;&nbsp;<span>&nbsp;<\/span><\/span><\/span><\/span><span>Labiausiai i\u0161 vis\u0173 \u017einom\u0173 sistem\u0173 automatizuosite visus valdymo procesus, prakti\u0161kai, beveik be rankinio duomen\u0173 \u012fvedimo<\/span><\/p><br \/>\n<p class=\"MsoListParagraphCxSpMiddle\"><span><span>2)<span>&nbsp;&nbsp;&nbsp;&nbsp;&nbsp;<span>&nbsp;<\/span><\/span><\/span><\/span><span>AIVA sumani<span>&nbsp;<\/span><span>&nbsp;<\/span>gamybos planavimo sistema pad\u0117s jums optimizuoti darbo centr\u0173 ir darbinink\u0173 u\u017eimtum\u0105 ir dirbti&nbsp; pelningiau<\/span><\/p><br \/>\n<p class=\"MsoListParagraphCxSpLast\"><span><span>3)<span>&nbsp;&nbsp;&nbsp;&nbsp;&nbsp;<span>&nbsp;<\/span><\/span><\/span><\/span><span>AIVA&nbsp;SISTEMA &nbsp;turi&nbsp; didel\u0119 patirt\u012f automatizuojant siuvimo \u012fmones, tod\u0117l galime pasi\u016blyti Jums jau&nbsp;prtaikytus geriausius &nbsp;sprendimus.<\/span><\/p><\/font><br \/>\n<p class=\"MsoNormal\"><font face=\"Calibri\"><\/font><font face=\"Calibri\"><\/font>&nbsp;<\/p><\/p>","protected":false},"excerpt":{"rendered":"<p>\u012etraukia visus  antrojo ir tre\u010diojo variant\u0173 privalumus bei papildomai automatizuoja med\u017eiag\u0173 tiekimo valdym\u0105 ir gamybos apskait\u0105, optimizuojant med\u017eiag\u0173 sraut\u0105 gamybos procesuose.<\/p>","protected":false},"featured_media":29565,"template":"","meta":{"_mi_skip_tracking":false,"_monsterinsights_sitenote_active":false,"_monsterinsights_sitenote_note":"","_monsterinsights_sitenote_category":0},"product_cat":[1519,1511],"product_tag":[],"mwb_booking_cost":[],"mwb_booking_service":[],"bundled_by":[],"bundle_stock_status":"instock","bundle_stock_quantity":null,"bundle_virtual":false,"bundle_layout":"","bundle_add_to_cart_form_location":"","bundle_editable_in_cart":false,"bundle_sold_individually_context":"","bundle_item_grouping":"","bundle_min_size":"","bundle_max_size":"","bundled_items":[],"bundle_sell_ids":[],"acf":[],"aioseo_notices":[],"_links":{"self":[{"href":"https:\/\/gamyba.online\/en\/wp-json\/wp\/v2\/product\/29548"}],"collection":[{"href":"https:\/\/gamyba.online\/en\/wp-json\/wp\/v2\/product"}],"about":[{"href":"https:\/\/gamyba.online\/en\/wp-json\/wp\/v2\/types\/product"}],"wp:featuredmedia":[{"embeddable":true,"href":"https:\/\/gamyba.online\/en\/wp-json\/wp\/v2\/media\/29565"}],"wp:attachment":[{"href":"https:\/\/gamyba.online\/en\/wp-json\/wp\/v2\/media?parent=29548"}],"wp:term":[{"taxonomy":"product_cat","embeddable":true,"href":"https:\/\/gamyba.online\/en\/wp-json\/wp\/v2\/product_cat?post=29548"},{"taxonomy":"product_tag","embeddable":true,"href":"https:\/\/gamyba.online\/en\/wp-json\/wp\/v2\/product_tag?post=29548"},{"taxonomy":"mwb_booking_cost","embeddable":true,"href":"https:\/\/gamyba.online\/en\/wp-json\/wp\/v2\/mwb_booking_cost?post=29548"},{"taxonomy":"mwb_booking_service","embeddable":true,"href":"https:\/\/gamyba.online\/en\/wp-json\/wp\/v2\/mwb_booking_service?post=29548"}],"curies":[{"name":"wp","href":"https:\/\/api.w.org\/{rel}","templated":true}]}}