{"id":29550,"date":"2024-06-30T22:10:16","date_gmt":"2024-06-30T20:10:16","guid":{"rendered":"https:\/\/gamyba.online\/product\/langu-ir-duru-uzsakymo-medziagu-ir-pagamintos-produkcijos-apskaitos-gamyboje-ir-montavimo-darbu-valdymo-sistema\/"},"modified":"2024-11-04T22:17:22","modified_gmt":"2024-11-04T20:17:22","slug":"langu-ir-duru-uzsakymo-medziagu-ir-pagamintos-produkcijos-apskaitos-gamyboje-ir-montavimo-darbu-valdymo-sistema","status":"publish","type":"product","link":"https:\/\/gamyba.online\/en\/product\/langu-ir-duru-uzsakymo-medziagu-ir-pagamintos-produkcijos-apskaitos-gamyboje-ir-montavimo-darbu-valdymo-sistema\/","title":{"rendered":"Lang\u0173 ir dur\u0173 u\u017esakymo, med\u017eiag\u0173 ir pagamintos produkcijos apskaitos gamyboje ir montavimo darb\u0173 valdymo sistema"},"content":{"rendered":"<p><font face=\"Calibri\"><span><span><br \/>\n<p class=\"MsoNormal\"><\/span><\/span><\/font><font face=\"Calibri\"><span>AIVA gamybos valdymo sistemos pagalba&nbsp;automatizuosite<\/span> automatizuosite valdymo proces\u0105 ir funkcijas parodytas \u017eemiau paveiksl\u0117lyje.<\/font><\/p><br \/>\n<p class=\"MsoNormal\" align=\"center\"><img src=\"https:\/\/www.aiva.lt\/images\/image\/AIVA_Langu-Duru_valdymo_sistema_bazinis_variantas.png\" width=\"1144\" height=\"449\"><\/p><span><br \/>\n<p class=\"MsoNormal\"><br \/>\n<table class=\"MsoTableGrid\" cellspacing=\"0\" cellpadding=\"0\" border=\"0\"><br \/>\n<tbody><br \/>\n<tr><br \/>\n<td valign=\"top\" width=\"332\"><span><br \/>\n<p class=\"MsoNormal\"><span>Automatizav\u0119<span>&nbsp;<\/span><b>Darbo su klientais<\/b>&nbsp; proces\u0105 geriau gal\u0117site aptarnauti savo klientus, sutaupysite vadybinink\u0173 darbo laik\u0105 pasi\u016blym\u0173 ruo\u0161imui ir u\u017esakym\u0173 perdavimui \u012f gamyb\u0105.<\/span><\/p><br \/>\n<p class=\"MsoNormal\"><span>Registruojant kliento u\u017esakym\u0105 gal\u0117site suplanuoti matavimo pas klient\u0105 darbus&nbsp;, programa apskai\u010diuos gamini\u0173 kain\u0105 nuo kliento pasirinkt\u0173 charakteristik\u0173, suformuos pasi\u016blym\u0105, s\u0105skait\u0105, sutart\u012f, u\u017esakym\u0105 gamybai. <a href=\"https:\/\/www.aiva.lt\/Pardavim-padaliniams\/nestandartiniu-gaminiu-kainos-paskaiciavimo-komerciniu-pasiulymu-sutarciu-ir-saskaitu-ruosimo-programos-modulis-optimum\/lt\"><font color=\"#0563c1\">Daugiau skaitykite<\/font><\/a>&#8230;<\/span><\/p><br \/>\n<p class=\"MsoNormal\"><span>Yra galimyb\u0117 importuoti duomenis i\u0161 lang\u0173 projektavimo programos.<span>&nbsp;<\/span><\/span><\/p><\/span><\/td><br \/>\n<td valign=\"top\" width=\"332\"><br \/>\n<p class=\"MsoNormal\" align=\"center\"><span><img src=\"https:\/\/www.aiva.lt\/images\/image\/pixlr-image-generator-dbf85e94-8836-4d02-8421-e0ce568f4461.png\" width=\"1023\" height=\"1022\"><\/span><\/p><\/td><\/tr><br \/>\n<tr><br \/>\n<td valign=\"top\" width=\"332\"><span><\/span><br \/>\n<p class=\"MsoNormal\" align=\"center\"><span><\/span>&nbsp;<\/p><br \/>\n<p class=\"MsoNormal\" align=\"center\"><span><img src=\"https:\/\/www.aiva.lt\/images\/image\/AIVA_pardavimai.jpg\" width=\"709\" height=\"535\"><\/span><\/p><\/td><br \/>\n<td valign=\"top\" width=\"332\"><br \/>\n<p class=\"MsoNormal\"><span>Automatizav\u0119<span>&nbsp;<\/span><b>Med\u017eiag\u0173 tiekimo &nbsp;valdymo ir gavimo apskaitos&nbsp;<\/b>&nbsp;proces\u0105 sutaupysite&nbsp; 90% darbuotoj\u0173 laiko (o tai vienas ar keli sutaupyti etatai!) med\u017eiag\u0173 poreikio skai\u010diavimui, u\u017esakymui i\u0161 tiek\u0117j\u0173, pajamavimui.<\/span><\/p><br \/>\n<p class=\"MsoNormal\"><span><\/span><span><span>&nbsp;Med\u017eiag\u0173 u\u017esakymo poreik\u012f programa apskai\u010diuos i\u0161 klient\u0173 u\u017esakymo duomen\u0173. Gal\u0117site apklausti tiek\u0117jus ir&nbsp; p<\/span>igiau nupirkti med\u017eiagas. Programa suformuos ir i\u0161si\u0173s u\u017esakymus tiek\u0117jams. Gavus med\u017eiagas, kad u\u017epjamuoti, nebereik\u0117s \u012fvedin\u0117ti ranka j\u0173 duomen\u0173.<span>&nbsp;<\/span><span><a href=\"https:\/\/www.aiva.lt\/Tiekimo-skyriui\/lt\"><font color=\"#0563c1\">Daugiau skaitykite<\/font><\/a><\/span><\/span><\/p><\/td><\/tr><br \/>\n<tr><br \/>\n<td valign=\"top\" width=\"332\"><br \/>\n<p class=\"MsoNormal\"><span><\/span>&nbsp;<\/p><br \/>\n<p class=\"MsoNormal\"><span>Automatizav\u0119<span>&nbsp;<\/span><b>Gamybos plan\u0173 sudarymo proces\u0105 sutapysite laik\u0105 plan\u0173 sudarymui bei<span>&nbsp;<\/span><\/b>patogiau valdysite gamyb\u0105<\/span><\/p><br \/>\n<p class=\"MsoNormal\"><span><\/span><span>Gamybos planus programa sudarys automati\u0161kai i\u0161 klient\u0173 u\u017esakym\u0173 ir pagal atsarg\u0173 normas.<span>&nbsp;<\/span><span><a href=\"https:\/\/www.aiva.lt\/item.php?item=20979&amp;lang=lt\"><font color=\"#0563c1\">Apie planus<\/font><\/a>&#8230;<\/span><\/span><\/p><br \/>\n<p class=\"MsoNormal\">&nbsp;<\/p><br \/>\n<p class=\"MsoNormal\"><span>&nbsp;<\/span><\/p><\/td><br \/>\n<td valign=\"top\" width=\"332\"><span><\/span><br \/>\n<p class=\"MsoNormal\" align=\"center\"><span><\/span>&nbsp;<\/p><br \/>\n<p class=\"MsoNormal\" align=\"center\"><span><img src=\"https:\/\/www.aiva.lt\/images\/image\/AIVA_meistras.jpg\" width=\"766\" height=\"588\"><\/span><\/p><\/td><\/tr><br \/>\n<tr><br \/>\n<td valign=\"top\" width=\"332\"><br \/>\n<p class=\"MsoNormal\" align=\"center\"><span><\/span>&nbsp;<\/p><br \/>\n<p class=\"MsoNormal\" align=\"center\"><span><img src=\"https:\/\/www.aiva.lt\/images\/image\/AIVA_gamybos_planavimas.jpg\" width=\"599\" height=\"616\"><\/span><\/p><\/td><br \/>\n<td valign=\"top\" width=\"332\"><br \/>\n<p class=\"MsoNormal\"><span>Automatizav\u0119<span>&nbsp;<\/span><b>med\u017eiag\u0173 valdymo ir<span>&nbsp;<\/span><span>&nbsp;<\/span>apskaitos<span>&nbsp;<\/span><span>&nbsp;<\/span>gamyboje<span>&nbsp;<\/span><\/b>sutaupysite darbo laik\u0105 med\u017eiag\u0173 surinkimui i\u0161 sand\u0117li\u0173, perdavimui \u012f gamyb\u0105<span>&nbsp;<\/span><span>&nbsp;<\/span>ir apskaitai.<\/span><\/p><br \/>\n<p class=\"MsoNormal\"><span><\/span><span>Med\u017eiagas gamybos u\u017esakymui surinks programa parodydama kur jos laikomos sand\u0117lyje<\/span><\/p><br \/>\n<p class=\"MsoNormal\"><span>Patvirtinus u\u017esakymo atlikim\u0105, programa nura\u0161ys med\u017eiagas, askai\u010diuos gamini\u0173 savikaina ir juos u\u017epjamuos \u012f sand\u0117l\u012f.<span>&nbsp;<\/span><span><a href=\"https:\/\/www.aiva.lt\/item.php?item=21333&amp;lang=lt\"><font color=\"#0563c1\">Apie med\u017eiag\u0173 valdym\u0105 gamyboje<\/font><\/a>&#8230;<\/span><\/span><\/p><\/td><\/tr><br \/>\n<tr><br \/>\n<td valign=\"top\" width=\"332\"><br \/>\n<p>&nbsp;<font size=\"3\">Automatizav\u0119 darb\u0173 pas klient\u0105 valdymo proces\u0105, geriau gal\u0117site planuoti&nbsp;kontroliuoti ir apskaityti s\u017edarbus darbus pas klientus.<\/font><\/p><br \/>\n<p><font size=\"3\">Gal\u0117site \u012fdiegti apmok\u0117jimo u\u017e darbus sistem\u0105.<\/font><\/p><\/td><br \/>\n<td valign=\"top\" width=\"332\"><br \/>\n<p class=\"MsoNormal\" align=\"center\"><span><img border=\"0\" src=\"https:\/\/www.aiva.lt\/images\/goods\/ai(1)21247s.jpg\" width=\"310\" height=\"310\"><\/span><\/p><\/td><\/tr><br \/>\n<tr><br \/>\n<td valign=\"top\" width=\"332\"><br \/>\n<p class=\"MsoNormal\" align=\"center\"><span><img src=\"https:\/\/www.aiva.lt\/images\/image\/Aiva_Gamyba.jpg\" width=\"635\" height=\"617\">&nbsp;<\/span><\/p><br \/>\n<p class=\"MsoNormal\" align=\"center\"><span><\/span><span><\/span>&nbsp;<\/p><\/td><br \/>\n<td valign=\"top\" width=\"332\"><br \/>\n<p class=\"MsoNormal\"><b><span>Automatizav\u0119 pagamintos produkcijos apskaitos ir i\u0161davimo klientams<span>&nbsp;<\/span><\/span><\/b><span>proces\u0105 gal\u0117site grei\u010diau suformuoti i\u0161davimo dokumentus-Fakt\u016bras, va\u017etara\u0161\u010dius, CMR, grei\u010diau aptarnauti klientus, matyti pagamintos produkcijos liku\u010dius realiu laiku.<\/span><\/p><br \/>\n<p class=\"MsoNormal\"><span>Taip pat grei\u010diau atliksite perk\u0117limo tarp sand\u0117li\u0173, gra\u017einimo i\u0161 klient\u0173, ataskait\u0173 perdavimo \u012f I.MAS ir i.VAZ sistemas darbus, realiu laiku gausite sand\u0117lio, Intrastato bei i\u0161ve\u017eamos pakuot\u0117s ataskaitas.<span>&nbsp;<\/span><span><a href=\"https:\/\/www.aiva.lt\/Gamybos-apskaitai\/medziagu-ir-gatavos-produkcijos-apskaitos-sistema-su-intrastat-ir-pakuotes-apskaita-bei-dokumentu-perdavimu-i-i-mas-ir-i-saf\/lt\"><font color=\"#0563c1\">Daugiau skaitykite<\/font><\/a>..<\/span><\/span><\/p><\/td><\/tr><\/tbody><\/table><\/p><br \/>\n<p class=\"MsoNormal\"><b><span>Kod\u0117l&nbsp; verta Jums diegtis AIVA gamybos valdymo sistem\u0105<\/span><\/b><\/p><br \/>\n<p class=\"MsoListParagraphCxSpFirst\"><span><span>1)<span>&nbsp;&nbsp;&nbsp;&nbsp;&nbsp;<span>&nbsp;<\/span><\/span><\/span><\/span><span>Labiausiai i\u0161 vis\u0173 \u017einom\u0173 sistem\u0173 automatizuosite visus valdymo procesus, prakti\u0161kai, beveik be rankinio duomen\u0173 \u012fvedimo<\/span><\/p><br \/>\n<p class=\"MsoListParagraphCxSpMiddle\"><span><span>2)<span>&nbsp;&nbsp;&nbsp;&nbsp;&nbsp;<span>&nbsp;<\/span><\/span><\/span><\/span><span>Operatyviai valdysite med\u017eiag\u0173 tiekimo ir apskaitos procesus, tod\u0117l grei\u010diau ir pigiau gaminsite<\/span><\/p><br \/>\n<p class=\"MsoListParagraphCxSpLast\"><span><span>3)<span>&nbsp;&nbsp;&nbsp;&nbsp;&nbsp;<span>&nbsp;<\/span><\/span><\/span><\/span><span>AIVA&nbsp;SISTEMA &nbsp;turi&nbsp; didel\u0119 patirt\u012f automatizuojant&nbsp;gamybos \u012fmones, tame tarpe ir lang\u0173 bei dur\u0173,&nbsp;tod\u0117l galime pasi\u016blyti Jums jau&nbsp;prtaikytus geriausius &nbsp;sprendimus.<\/span><\/p><\/span><\/p>","protected":false},"excerpt":{"rendered":"<p>\u0160is variantas skirtas gamintojams. Automatizuosite u\u017esakym\u0173 i\u0161 klient\u0173 pri\u0117mimo,  montavimo darb\u0173 pas klient\u0105 valdymo ir u\u017esakym\u0173 apskaitos funkcijas  <\/p>","protected":false},"featured_media":29566,"template":"","meta":{"_mi_skip_tracking":false,"_monsterinsights_sitenote_active":false,"_monsterinsights_sitenote_note":"","_monsterinsights_sitenote_category":0},"product_cat":[1519,1511],"product_tag":[],"mwb_booking_cost":[],"mwb_booking_service":[],"bundled_by":[],"bundle_stock_status":"instock","bundle_stock_quantity":null,"bundle_virtual":false,"bundle_layout":"","bundle_add_to_cart_form_location":"","bundle_editable_in_cart":false,"bundle_sold_individually_context":"","bundle_item_grouping":"","bundle_min_size":"","bundle_max_size":"","bundled_items":[],"bundle_sell_ids":[],"acf":[],"aioseo_notices":[],"_links":{"self":[{"href":"https:\/\/gamyba.online\/en\/wp-json\/wp\/v2\/product\/29550"}],"collection":[{"href":"https:\/\/gamyba.online\/en\/wp-json\/wp\/v2\/product"}],"about":[{"href":"https:\/\/gamyba.online\/en\/wp-json\/wp\/v2\/types\/product"}],"wp:featuredmedia":[{"embeddable":true,"href":"https:\/\/gamyba.online\/en\/wp-json\/wp\/v2\/media\/29566"}],"wp:attachment":[{"href":"https:\/\/gamyba.online\/en\/wp-json\/wp\/v2\/media?parent=29550"}],"wp:term":[{"taxonomy":"product_cat","embeddable":true,"href":"https:\/\/gamyba.online\/en\/wp-json\/wp\/v2\/product_cat?post=29550"},{"taxonomy":"product_tag","embeddable":true,"href":"https:\/\/gamyba.online\/en\/wp-json\/wp\/v2\/product_tag?post=29550"},{"taxonomy":"mwb_booking_cost","embeddable":true,"href":"https:\/\/gamyba.online\/en\/wp-json\/wp\/v2\/mwb_booking_cost?post=29550"},{"taxonomy":"mwb_booking_service","embeddable":true,"href":"https:\/\/gamyba.online\/en\/wp-json\/wp\/v2\/mwb_booking_service?post=29550"}],"curies":[{"name":"wp","href":"https:\/\/api.w.org\/{rel}","templated":true}]}}