{"id":29551,"date":"2024-06-30T22:10:17","date_gmt":"2024-06-30T20:10:17","guid":{"rendered":"https:\/\/gamyba.online\/product\/aiva-langu-ir-duru-uzsakymu-priemimo-apskaitos-ir-montavimo-valdymo-sistema\/"},"modified":"2024-11-04T22:17:21","modified_gmt":"2024-11-04T20:17:21","slug":"aiva-langu-ir-duru-uzsakymu-priemimo-apskaitos-ir-montavimo-valdymo-sistema","status":"publish","type":"product","link":"https:\/\/gamyba.online\/en\/product\/aiva-langu-ir-duru-uzsakymu-priemimo-apskaitos-ir-montavimo-valdymo-sistema\/","title":{"rendered":"AIVA lang\u0173 ir dur\u0173 u\u017esakym\u0173 pri\u0117mimo, apskaitos ir montavimo valdymo sistema"},"content":{"rendered":"<p><p class=\"MsoNormal\"><span><font face=\"Calibri\">Jei Jus negaminate, o tik priimate u\u017esakymus ir montuojate klientams langus ir duris, tada \u0161ios versijos AIVA verslo valdymo sistemos pagalba&nbsp;automatizuosite&nbsp;funkcijas parodytas&nbsp; paeiksl\u0117lyje<\/font><\/span><\/p><br \/>\n<p class=\"MsoNormal\" align=\"center\"><span><img src=\"https:\/\/www.aiva.lt\/images\/image\/AIVA_Langu-Duru_valdymo_sistema_bazinis_variantas.png\" width=\"1140\" height=\"435\"><\/span><\/p><br \/>\n<p><br \/>\n<table class=\"MsoNormalTable\" cellspacing=\"0\" cellpadding=\"0\" border=\"0\"><br \/>\n<tbody><br \/>\n<tr><br \/>\n<td valign=\"top\" width=\"332\"><br \/>\n<p class=\"MsoNormal\"><span><font face=\"Calibri\">Automatizav\u0119&nbsp;<b>Darbo su klientais<\/b>&nbsp; proces\u0105 geriau gal\u0117site aptarnauti savo klientus, sutaupysite vadybinink\u0173 darbo laik\u0105 pasi\u016blym\u0173 ruo\u0161imui ir u\u017esakym\u0173 perdavimui \u012f gamyb\u0105.<\/font><\/span><\/p><br \/>\n<p class=\"MsoNormal\"><span><font face=\"Calibri\">Registruojant kliento u\u017esakym\u0105 , programa apskai\u010diuos gamini\u0173 kain\u0105 nuo kliento pasirinkt\u0173 charakteristik\u0173, suformuos pasi\u016blym\u0105, s\u0105skait\u0105, sutart\u012f, u\u017esakym\u0105 gamybai.&nbsp;<\/font><a href=\"https:\/\/www.aiva.lt\/Pardavim-padaliniams\/nestandartiniu-gaminiu-kainos-paskaiciavimo-komerciniu-pasiulymu-sutarciu-ir-saskaitu-ruosimo-programos-modulis-optimum\/lt\"><b><span><font face=\"Calibri\">Daugiau skaitykite<\/font><\/span><\/b><\/a><font face=\"Calibri\">&#8230;<\/font><\/span><\/p><br \/>\n<p class=\"MsoNormal\"><span><font face=\"Calibri\">Yra galimyb\u0117 importuoti duomenis i\u0161 lang\u0173 projektavimo programos<\/font><\/span><\/p><\/td><br \/>\n<td valign=\"top\" width=\"332\"><br \/>\n<p align=\"center\"><img src=\"https:\/\/www.aiva.lt\/images\/image\/pixlr-image-generator-dbf85e94-8836-4d02-8421-e0ce568f4461.png\" width=\"1024\" height=\"1024\"><\/p><\/td><\/tr><br \/>\n<tr><br \/>\n<td valign=\"top\" width=\"332\"><br \/>\n<p align=\"center\"><img src=\"https:\/\/www.aiva.lt\/images\/image\/AIVA_pardavimai.jpg\" width=\"712\" height=\"535\"><\/p><\/td><br \/>\n<td valign=\"top\" width=\"332\"><br \/>\n<p class=\"MsoNormal\"><span><font face=\"Calibri\">Automatizav\u0119&nbsp;<b>u\u017esakyt\u0173 lang\u0173 ir dur\u0173 tiekimo &nbsp;valdymo ir gavimo apskaitos&nbsp;<\/b>&nbsp;proces\u0105 sutaupysite&nbsp; 90% darbuotoj\u0173 laiko <span>&nbsp;<\/span>u\u017esakymui i\u0161 tiek\u0117j\u0173 <span>&nbsp;<\/span>ir <span>&nbsp;<\/span>u\u017esakyt\u0173 lang\u0173 pajamavimui.<\/font><\/span><\/p><br \/>\n<p class=\"MsoNormal\"><span><font face=\"Calibri\">U\u017esakymus tiek\u0117jams programa suformuos i\u0161 klient\u0173 u\u017esakym\u0173, tod\u0117l nereik\u0117s duomen\u0173 \u012fvedin\u0117ti rank\u0105. Be to, kai gausite u\u017esakytus gaminius, programa parodys, kuriam kliento u\u017esakymai jie gauti.&nbsp;<\/font><a href=\"https:\/\/www.aiva.lt\/Tiekimo-skyriui\/lt\"><b><span><font face=\"Calibri\">Daugiau skaitykite<\/font><\/span><\/b><\/a><\/span><\/p><\/td><\/tr><br \/>\n<tr><br \/>\n<td valign=\"top\" width=\"332\"><\/td><br \/>\n<td valign=\"top\" width=\"332\"><\/td><\/tr><br \/>\n<tr><br \/>\n<td valign=\"top\" width=\"332\"><br \/>\n<p class=\"MsoNormal\"><font face=\"Calibri\"><b><span>Automatizav\u0119 montavimo darb\u0173 valdym\u0105 <\/span><\/b><span>grei\u010diau atliksite darbus, gal\u0117site \u012fdiegti skatinimo sistema nuo atlikt\u0173 darb\u0173<b>.<\/b><\/span><\/font><\/p><br \/>\n<p class=\"MsoNormal\"><span><font face=\"Calibri\">Gal\u0117site planuoti u\u017eduotis kalendoriuje matydami montavimo brigad\u0173 u\u017eimtum\u0105 dienomis ir valandomis.<\/font><\/span><\/p><br \/>\n<p class=\"MsoNormal\"><span><font face=\"Calibri\">Suplanuotas u\u017eduotis montuotojai gaus \u012f savo mobilius telefonus. Per telefono darb\u0173 aplikacija gal\u0117s patvirtinti darb\u0173 prad\u017ei\u0105 ir pabaig\u0105. <a href=\"https:\/\/www.aiva.lt\/Matavimo-montavimo-darbams\/lt\"><font color=\"#0563c1\" size=\"3\">Daugiau skaitykite &#8230;<\/font><\/a><\/P><\/font><\/span><\/td><br \/>\n<td valign=\"top\" width=\"332\"><br \/>\n<p class=\"MsoNormal\" align=\"center\"><span><font face=\"Calibri\"><img src=\"https:\/\/gamyba.online\/wp-content\/uploads\/2023\/12\/ai121247s.jpg\" width=\"311\" height=\"312\">&nbsp;<\/font><\/span><\/p><\/td><\/tr><br \/>\n<tr><br \/>\n<td valign=\"top\" width=\"332\"><br \/>\n<p class=\"MsoNormal\"><span><font face=\"Calibri\"><strong>&nbsp;<\/strong><img src=\"https:\/\/www.aiva.lt\/images\/image\/Aiva_Gamyba.jpg\" width=\"636\" height=\"616\"><\/font><\/span><\/p><\/td><br \/>\n<td valign=\"top\" width=\"332\"><br \/>\n<p class=\"MsoNormal\" align=\"center\"><font face=\"Calibri\"><b><span>Automatizav\u0119 pagamintos produkcijos apskaitos ir i\u0161davimo klientams&nbsp;<\/span><\/b><span>proces\u0105 gal\u0117site grei\u010diau suformuoti i\u0161davimo dokumentus-Fakt\u016bras, va\u017etara\u0161\u010dius, CMR, grei\u010diau aptarnauti klientus, matyti pagamintos produkcijos liku\u010dius realiu laiku.<\/span><\/font><\/p><br \/>\n<p class=\"MsoNormal\" align=\"center\"><span><font face=\"Calibri\">Taip pat grei\u010diau atliksite perk\u0117limo tarp sand\u0117li\u0173, gra\u017einimo i\u0161 klient\u0173, ataskait\u0173 perdavimo \u012f I.MAS ir i.VAZ sistemas darbus, realiu laiku gausite sand\u0117lio ataskaitas.&nbsp;<\/font><a href=\"https:\/\/www.aiva.lt\/Gamybos-apskaitai\/medziagu-ir-gatavos-produkcijos-apskaitos-sistema-su-intrastat-ir-pakuotes-apskaita-bei-dokumentu-perdavimu-i-i-mas-ir-i-saf\/lt\"><b><font color=\"#0563c1\" face=\"Calibri\">Daugiau skaitykite<\/font><\/b><\/a><font face=\"Calibri\">..<\/font><\/span><\/p><\/td><\/tr><\/tbody><\/table><\/p><br \/>\n<p class=\"MsoNormal\"><font face=\"Calibri\"><b><span>Kod\u0117l&nbsp; verta Jums diegtis AIVA gamybos valdymo sistem\u0105<\/span><\/b><span><\/span><\/font><\/p><br \/>\n<p class=\"MsoNormal\"><span><font face=\"Calibri\">1)<\/font><\/span><span>&nbsp;&nbsp;&nbsp;&nbsp;&nbsp;&nbsp;<\/span><span><font face=\"Calibri\">Labiausiai i\u0161 vis\u0173 \u017einom\u0173 sistem\u0173 automatizuosite visus valdymo procesus, prakti\u0161kai, beveik be rankinio duomen\u0173 \u012fvedimo<\/font><\/span><\/p><br \/>\n<p class=\"MsoNormal\"><span><font face=\"Calibri\">2)<\/font><\/span><span>&nbsp;&nbsp;&nbsp;&nbsp;&nbsp;&nbsp;<\/span><span><font face=\"Calibri\">AIVA sumani&nbsp;&nbsp;gamybos planavimo sistema pad\u0117s jums optimizuoti darbo centr\u0173 ir darbinink\u0173 u\u017eimtum\u0105 ir dirbti&nbsp; pelningiau<\/font><\/span><\/p><br \/>\n<p class=\"MsoNormal\"><span><font face=\"Calibri\">3)<\/font><\/span><span>&nbsp;&nbsp;&nbsp;&nbsp;&nbsp;&nbsp;<\/span><span><font face=\"Calibri\">AIVA&nbsp;SISTEMA &nbsp;turi&nbsp; didel\u0119 patirt\u012f automatizuojant&nbsp;dur\u0173 ir lang\u0173 gamybos bei montavimo&nbsp;\u012fmones, tod\u0117l galime pasi\u016blyti Jums jau&nbsp;pritaikytus geriausius &nbsp;sprendimus.<\/font><\/span><\/p><br \/>\n<p>&nbsp;<\/p><\/p>","protected":false},"excerpt":{"rendered":"<p>\u0160is variantas skirtas \u012fmon\u0117ms, kurios pa\u010dios negamina, o u\u017esako langus ir duris i\u0161 gamintoj\u0173. Sistemos pagalba automatizuosite u\u017esakym\u0173 i\u0161 klient\u0173 pri\u0117mimo, lang\u0173 ir dur\u0173 u\u017esakymo i\u0161 gamintoj\u0173,  montavimo darb\u0173 pas klient\u0105 valdymo ir u\u017esakym\u0173 apskaitos funkcijas  <\/p>","protected":false},"featured_media":29552,"template":"","meta":{"_mi_skip_tracking":false,"_monsterinsights_sitenote_active":false,"_monsterinsights_sitenote_note":"","_monsterinsights_sitenote_category":0},"product_cat":[1519,1511],"product_tag":[],"mwb_booking_cost":[],"mwb_booking_service":[],"bundled_by":[],"bundle_stock_status":"instock","bundle_stock_quantity":null,"bundle_virtual":false,"bundle_layout":"","bundle_add_to_cart_form_location":"","bundle_editable_in_cart":false,"bundle_sold_individually_context":"","bundle_item_grouping":"","bundle_min_size":"","bundle_max_size":"","bundled_items":[],"bundle_sell_ids":[],"acf":[],"aioseo_notices":[],"_links":{"self":[{"href":"https:\/\/gamyba.online\/en\/wp-json\/wp\/v2\/product\/29551"}],"collection":[{"href":"https:\/\/gamyba.online\/en\/wp-json\/wp\/v2\/product"}],"about":[{"href":"https:\/\/gamyba.online\/en\/wp-json\/wp\/v2\/types\/product"}],"wp:featuredmedia":[{"embeddable":true,"href":"https:\/\/gamyba.online\/en\/wp-json\/wp\/v2\/media\/29552"}],"wp:attachment":[{"href":"https:\/\/gamyba.online\/en\/wp-json\/wp\/v2\/media?parent=29551"}],"wp:term":[{"taxonomy":"product_cat","embeddable":true,"href":"https:\/\/gamyba.online\/en\/wp-json\/wp\/v2\/product_cat?post=29551"},{"taxonomy":"product_tag","embeddable":true,"href":"https:\/\/gamyba.online\/en\/wp-json\/wp\/v2\/product_tag?post=29551"},{"taxonomy":"mwb_booking_cost","embeddable":true,"href":"https:\/\/gamyba.online\/en\/wp-json\/wp\/v2\/mwb_booking_cost?post=29551"},{"taxonomy":"mwb_booking_service","embeddable":true,"href":"https:\/\/gamyba.online\/en\/wp-json\/wp\/v2\/mwb_booking_service?post=29551"}],"curies":[{"name":"wp","href":"https:\/\/api.w.org\/{rel}","templated":true}]}}