{"id":29554,"date":"2024-07-01T22:00:09","date_gmt":"2024-07-01T20:00:09","guid":{"rendered":"https:\/\/gamyba.online\/product\/irengimu-gamybos-valdymo-sistema-darbas-su-klientais-teikimo-valdymas-gamybos-planu-sudarymas-ir-apskaita-gamyboje\/"},"modified":"2024-11-04T22:17:21","modified_gmt":"2024-11-04T20:17:21","slug":"irengimu-gamybos-valdymo-sistema-darbas-su-klientais-teikimo-valdymas-gamybos-planu-sudarymas-ir-apskaita-gamyboje","status":"publish","type":"product","link":"https:\/\/gamyba.online\/en\/product\/irengimu-gamybos-valdymo-sistema-darbas-su-klientais-teikimo-valdymas-gamybos-planu-sudarymas-ir-apskaita-gamyboje\/","title":{"rendered":"\u012erengim\u0173  gamybos valdymo sistema- darbas su klientais, teikimo valdymas, gamybos plan\u0173 sudarymas ir  apskaita gamyboje"},"content":{"rendered":"<p><font face=\"Calibri\"><br \/>\n<p class=\"MsoNormal\"><font face=\"Calibri\">\u0160is sistemos variantas skirtas sud\u0117ting\u0173&nbsp;nestandartini\u0173&nbsp; gamini\u0173, kurie gaminami i\u0161 nestandartini\u0173 komplektuojam\u0173 pusgamini\u0173, o \u0161ie, savo ruo\u017etu, i\u0161 nestandartini\u0173 ir standartini\u0173 detali\u0173.&nbsp;<\/font><\/p><br \/>\n<p class=\"MsoNormal\"><font face=\"Calibri\">Sistemos pagalba automatizuosite &nbsp;u\u017esakym\u0173 pri\u0117mimo, kainos apskai\u010diavimo, pasi\u016blym\u0173 ruo\u0161imo,&nbsp;gamybos plan\u0173 sudarymo , med\u017eiag\u0173 tiekimo valdymo ir apskaitos, med\u017eiag\u0173 ir pagamintos produkcijos apskaitos gamyboje ir pagamintos produkcijos pardavimo valdymo ir apskaitos procesus.<\/font><\/p><br \/>\n<p class=\"MsoNormal\"><font face=\"Calibri\">Sistemos funkcin\u0117-strukt\u016brin\u0117 schema, kurioje matote pagrindinius automatizuojamus valdymo procesus ir j\u0173 ry\u0161ius,&nbsp;parodyta pav. \u017eemiau.<\/font><\/p><br \/>\n<p class=\"MsoNormal\" align=\"center\"><font face=\"Calibri\"><img src=\"https:\/\/www.aiva.lt\/images\/image\/3_lygio_gamybos_valdymo_sistema_tik_medziagos_.png\"><\/font><\/p><font face=\"Calibri\"><font face=\"Calibri\"><br \/>\n<p class=\"MsoNormal\"><span>iek didel\u0117s tiek ma\u017eos siuvimo \u012fmon\u0117s.<\/span><\/p><br \/>\n<p class=\"MsoNormal\"><br \/>\n<table class=\"MsoTableGrid\" cellspacing=\"0\" cellpadding=\"0\" border=\"0\"><br \/>\n<tbody><br \/>\n<tr><br \/>\n<td valign=\"top\" width=\"332\"><span><br \/>\n<p class=\"MsoNormal\"><span>Automatizav\u0119<span>&nbsp;<\/span><b>Darbo su klientais<\/b>&nbsp; proces\u0105 geriau gal\u0117site aptarnauti savo klientus, sutaupysite vadybinink\u0173 darbo laiko s\u0105naudas pasi\u016blym\u0173 ruo\u0161imui ir u\u017esakym\u0173 perdavimui \u012f gamyb\u0105.<\/span><\/p><br \/>\n<p class=\"MsoNormal\"><span><span>Registruojant kliento u\u017esakym\u0105 gal\u0117site ne tik sukomplektuoti gaminius pagal kliento pageidavimus, bet ir paskai\u010diuoti nestandartini\u0173 detali\u0173 kainas.&nbsp;Programa &nbsp;suformuos pasi\u016blym\u0105, s\u0105skait\u0105, sutart\u012f, u\u017esakym\u0105 gamybai.<\/span><span>&nbsp;<\/span><a href=\"https:\/\/www.aiva.lt\/Pardavim-padaliniams\/nestandartiniu-gaminiu-kainos-paskaiciavimo-komerciniu-pasiulymu-sutarciu-ir-saskaitu-ruosimo-programos-modulis-optimum\/lt\"><font color=\"#0563c1\">Daugiau skaitykite<\/font><\/a>&#8230;<\/span><span><\/span><\/p><\/span><\/td><br \/>\n<td valign=\"top\" width=\"332\"><br \/>\n<p class=\"MsoNormal\" align=\"center\"><span><img src=\"https:\/\/www.aiva.lt\/images\/image\/AIVA_pardavimai1.jpg\" width=\"988\" height=\"707\"><\/span><\/p><\/td><\/tr><br \/>\n<tr><br \/>\n<td valign=\"top\" width=\"332\"><br \/>\n<p class=\"MsoNormal\" align=\"center\"><span><\/span><span><img src=\"https:\/\/www.aiva.lt\/images\/image\/AIVA_pardavimai.jpg\" width=\"709\" height=\"535\"><\/span><\/p><\/td><br \/>\n<td valign=\"top\" width=\"332\"><br \/>\n<p class=\"MsoNormal\"><span>Automatizav\u0119<span>&nbsp;<\/span><b>Med\u017eiag\u0173 tiekimo &nbsp;valdymo ir apskaitos gamyboje<\/b>&nbsp;proces\u0105 sutaupysite&nbsp; 90% darbuotoj\u0173 laiko (o tai vienas ar keli sutaupyti etatai!) med\u017eiag\u0173 poreikio skai\u010diavimui, u\u017esakymui i\u0161 tiek\u0117j\u0173, pajamavimui, surinkimui u\u017esakym\u0173 vykdymui ir nura\u0161ymui gamyboje.<\/span><\/p><br \/>\n<p class=\"MsoNormal\"><span><span>&nbsp;<\/span>Pigiau nupirksite med\u017eiagas, tur\u0117site duomenis apie j\u0173 liku\u010dius realiu laiku, tod\u0117l ma\u017eesn\u0117 tikimyb\u0117 kad j\u0173 pritr\u016bksite, kai reik\u0117s, arba kad susikaups per dideles atsargos.<span>&nbsp;<\/span><span><a href=\"https:\/\/www.aiva.lt\/Tiekimo-skyriui\/lt\"><font color=\"#0563c1\">Daugiau skaitykite<\/font><\/a><\/span><\/span><\/p><\/td><\/tr><br \/>\n<tr><br \/>\n<td valign=\"top\" width=\"332\"><br \/>\n<p class=\"MsoNormal\"><span><\/span>&nbsp;<\/p><br \/>\n<p class=\"MsoNormal\"><span>Automatizav\u0119<span>&nbsp;<\/span><b>Gamybos plan\u0173 sudarymo ir<span>&nbsp;<\/span><span>&nbsp;<\/span>operacij\u0173 planavimo proces\u0105 sutapysite laik\u0105 plan\u0173 sudarymui bei<span>&nbsp;<\/span><\/b>optimizuosite gamybos resurs\u0173,- \u012frengim\u0173 ir darbuotoj\u0173, u\u017eimtum\u0105 gamyboje.<\/span><\/p><br \/>\n<p class=\"MsoNormal\"><span>Gamybos planus programa sudarys automati\u0161kai i\u0161 klient\u0173 u\u017esakym\u0173 ir pagal atsarg\u0173 normas.<span>&nbsp;<\/span><span><a href=\"https:\/\/www.aiva.lt\/item.php?item=20979&amp;lang=lt\"><font color=\"#0563c1\">Apie planus<\/font><\/a>&#8230;<\/span><\/span><\/p><br \/>\n<p class=\"MsoNormal\">&nbsp;<\/p><br \/>\n<p class=\"MsoNormal\"><span>&nbsp;<\/span><\/p><\/td><br \/>\n<td valign=\"top\" width=\"332\"><span><\/span><br \/>\n<p class=\"MsoNormal\" align=\"center\"><span><\/span>&nbsp;<\/p><br \/>\n<p class=\"MsoNormal\" align=\"center\"><span><img src=\"https:\/\/www.aiva.lt\/images\/image\/AIVA_meistras.jpg\" width=\"766\" height=\"588\"><\/span><\/p><\/td><\/tr><br \/>\n<tr><br \/>\n<td valign=\"top\" width=\"332\"><br \/>\n<p class=\"MsoNormal\" align=\"center\"><span><img src=\"https:\/\/www.aiva.lt\/images\/image\/AIVA_sandelis2.jpg\" width=\"840\" height=\"625\"><\/span><\/p><\/td><br \/>\n<td valign=\"top\" width=\"332\"><br \/>\n<p class=\"MsoNormal\"><span>Automatizav\u0119<span>&nbsp;<\/span><b>med\u017eiag\u0173 valdymo ir<span>&nbsp;<\/span><span>&nbsp;<\/span>apskaitos<span>&nbsp;<\/span><span>&nbsp;<\/span>gamyboje<span>&nbsp;<\/span><\/b>sutaupysite darbo laik\u0105 med\u017eiag\u0173 surinkimui i\u0161 sand\u0117li\u0173, perdavimui \u012f gamyb\u0105<span>&nbsp;<\/span><span>&nbsp;<\/span>ir apskaitai.<\/span><\/p><br \/>\n<p class=\"MsoNormal\"><span>Med\u017eiagas gamybos u\u017esakymui surinks programa, ir jas nura\u0161ys kai darbininkas patvirtins savo paskutin\u0117s operacijos atlikim\u0105.<span>&nbsp;<\/span><span><a href=\"https:\/\/www.aiva.lt\/item.php?item=21333&amp;lang=lt\"><font color=\"#0563c1\">Apie med\u017eiag\u0173 valdym\u0105 gamyboje<\/font><\/a>&#8230;<\/span><\/span><\/p><\/td><\/tr><br \/>\n<tr><br \/>\n<td valign=\"top\" width=\"332\"><\/td><br \/>\n<td valign=\"top\" width=\"332\"><br \/>\n<p class=\"MsoNormal\" align=\"center\"><span><\/span>&nbsp;<\/p><\/td><\/tr><br \/>\n<tr><br \/>\n<td valign=\"top\" width=\"332\"><br \/>\n<p class=\"MsoNormal\" align=\"center\"><span><img src=\"https:\/\/www.aiva.lt\/images\/image\/AIVA_meistras3.jpg\" width=\"747\" height=\"556\">&nbsp;<\/span><\/p><br \/>\n<p class=\"MsoNormal\" align=\"center\"><span><\/span><span><\/span>&nbsp;<\/p><\/td><br \/>\n<td valign=\"top\" width=\"332\"><br \/>\n<p class=\"MsoNormal\"><b><span>Automatizav\u0119 pagamintos produkcijos apskaitos ir i\u0161davimo klientams<span>&nbsp;<\/span><\/span><\/b><span>proces\u0105 gal\u0117site grei\u010diau suformuoti i\u0161davimo dokumentus-Fakt\u016bras, va\u017etara\u0161\u010dius, CMR, grei\u010diau aptarnauti klientus, matyti pagamintos produkcijos liku\u010dius realiu laiku.<\/span><\/p><br \/>\n<p class=\"MsoNormal\"><span>Taip pat grei\u010diau atliksite perk\u0117limo tarp sand\u0117li\u0173, gra\u017einimo i\u0161 klient\u0173, ataskait\u0173 perdavimo \u012f I.MAS ir i.VAZ sistemas darbus, realiu laiku gausite sand\u0117lio, Intrastato bei i\u0161ve\u017eamos pakuot\u0117s ataskaitas.<span>&nbsp;<\/span><span><a href=\"https:\/\/www.aiva.lt\/Gamybos-apskaitai\/medziagu-ir-gatavos-produkcijos-apskaitos-sistema-su-intrastat-ir-pakuotes-apskaita-bei-dokumentu-perdavimu-i-i-mas-ir-i-saf\/lt\"><font color=\"#0563c1\">Daugiau skaitykite<\/font><\/a>..<\/span><\/span><\/p><\/td><\/tr><\/tbody><\/table><\/p><br \/>\n<p class=\"MsoNormal\"><b><span>Kod\u0117l&nbsp; verta Jums diegtis AIVA gamybos valdymo sistem\u0105<\/span><\/b><\/p><br \/>\n<p class=\"MsoListParagraphCxSpFirst\"><span><span>1)<span>&nbsp;&nbsp;&nbsp;&nbsp;&nbsp;<span>&nbsp;<\/span><\/span><\/span><\/span><span>Labiausiai i\u0161 vis\u0173 \u017einom\u0173 sistem\u0173 automatizuosite visus valdymo procesus, prakti\u0161kai, beveik be rankinio duomen\u0173 \u012fvedimo<\/span><\/p><br \/>\n<p class=\"MsoListParagraphCxSpMiddle\"><span><span>2)<span>&nbsp;&nbsp;&nbsp;&nbsp;&nbsp;<span>&nbsp;<\/span><\/span><\/span><\/span><span>Operatyviai valdysite med\u017eiag\u0173 tiekimo ir apskaitos procesus, tod\u0117l grei\u010diau ir pigiau gaminsite<\/span><\/p><br \/>\n<p class=\"MsoListParagraphCxSpLast\"><span><span>3)<span>&nbsp;&nbsp;&nbsp;&nbsp;&nbsp;<span>&nbsp;<\/span><\/span><\/span><\/span><span>AIVA&nbsp;SISTEMA &nbsp;turi&nbsp; didel\u0119 patirt\u012f automatizuojant&nbsp; \u012fmones gaminan\u010dias sud\u0117tingus \u012frengimus &nbsp;i\u0161 metalo, tod\u0117l galime pasi\u016blyti Jums jau&nbsp;prtaikytus geriausius &nbsp;sprendimus.<\/span><\/p><\/font><span><\/span><br \/>\n<p class=\"MsoNormal\"><font face=\"Calibri\"><\/font><font face=\"Calibri\"><\/font>&nbsp;<\/p><\/font><br \/>\n<p class=\"MsoNormal\"><strong>\u017demiau, paspaud\u0119 ant nuorod\u0173, rasite platesnius sistemos moduli\u0173 ir funkcij\u0173 apra\u0161ymus.<\/strong><\/p><\/font><\/p>","protected":false},"excerpt":{"rendered":"<p>\u0160is sistemos variantas skirtas sud\u0117ting\u0173&nbsp;nestandartini\u0173&nbsp; gamini\u0173, kurie gaminami i\u0161 nestandartini\u0173 komplektuojam\u0173 pusgamini\u0173, o \u0161ie, savo ruo\u017etu, i\u0161 nestandartini\u0173 ir standartini\u0173 detali\u0173.&nbsp; Sistemos pagalba automatizuosite &nbsp;u\u017esakym\u0173 pri\u0117mimo, kainos apskai\u010diavimo, pasi\u016blym\u0173 ruo\u0161imo,&nbsp;gamybos plan\u0173 sudarymo , med\u017eiag\u0173 tiekimo valdymo ir apskaitos, med\u017eiag\u0173 ir pagamintos produkcijos apskaitos gamyboje ir pagamintos produkcijos pardavimo valdymo ir apskaitos procesus. Sistemos funkcin\u0117-strukt\u016brin\u0117 schema, [&hellip;]<\/p>","protected":false},"featured_media":29571,"template":"","meta":{"_mi_skip_tracking":false,"_monsterinsights_sitenote_active":false,"_monsterinsights_sitenote_note":"","_monsterinsights_sitenote_category":0},"product_cat":[1523,1511],"product_tag":[],"mwb_booking_cost":[],"mwb_booking_service":[],"bundled_by":[],"bundle_stock_status":"instock","bundle_stock_quantity":null,"bundle_virtual":false,"bundle_layout":"","bundle_add_to_cart_form_location":"","bundle_editable_in_cart":false,"bundle_sold_individually_context":"","bundle_item_grouping":"","bundle_min_size":"","bundle_max_size":"","bundled_items":[],"bundle_sell_ids":[],"acf":[],"aioseo_notices":[],"_links":{"self":[{"href":"https:\/\/gamyba.online\/en\/wp-json\/wp\/v2\/product\/29554"}],"collection":[{"href":"https:\/\/gamyba.online\/en\/wp-json\/wp\/v2\/product"}],"about":[{"href":"https:\/\/gamyba.online\/en\/wp-json\/wp\/v2\/types\/product"}],"wp:featuredmedia":[{"embeddable":true,"href":"https:\/\/gamyba.online\/en\/wp-json\/wp\/v2\/media\/29571"}],"wp:attachment":[{"href":"https:\/\/gamyba.online\/en\/wp-json\/wp\/v2\/media?parent=29554"}],"wp:term":[{"taxonomy":"product_cat","embeddable":true,"href":"https:\/\/gamyba.online\/en\/wp-json\/wp\/v2\/product_cat?post=29554"},{"taxonomy":"product_tag","embeddable":true,"href":"https:\/\/gamyba.online\/en\/wp-json\/wp\/v2\/product_tag?post=29554"},{"taxonomy":"mwb_booking_cost","embeddable":true,"href":"https:\/\/gamyba.online\/en\/wp-json\/wp\/v2\/mwb_booking_cost?post=29554"},{"taxonomy":"mwb_booking_service","embeddable":true,"href":"https:\/\/gamyba.online\/en\/wp-json\/wp\/v2\/mwb_booking_service?post=29554"}],"curies":[{"name":"wp","href":"https:\/\/api.w.org\/{rel}","templated":true}]}}