{"id":29561,"date":"2024-07-03T22:10:08","date_gmt":"2024-07-03T20:10:08","guid":{"rendered":"https:\/\/gamyba.online\/product\/baldu-gamybos-uzsakymu-ir-montavimo-darbu-pas-klienta-valdymo-sistema\/"},"modified":"2024-11-04T22:14:48","modified_gmt":"2024-11-04T20:14:48","slug":"baldu-gamybos-uzsakymu-ir-montavimo-darbu-pas-klienta-valdymo-sistema","status":"publish","type":"product","link":"https:\/\/gamyba.online\/en\/product\/baldu-gamybos-uzsakymu-ir-montavimo-darbu-pas-klienta-valdymo-sistema\/","title":{"rendered":"Bald\u0173 gamybos u\u017esakym\u0173 ir montavimo darb\u0173 pas klient\u0105 valdymo sistema"},"content":{"rendered":"<p><p>&nbsp;<img src=\"https:\/\/www.aiva.lt\/images\/image\/AIVA_Langu-Duru_valdymo_sistema_bazinis_variantas.png\" width=\"1144\" height=\"448\"><\/p><br \/>\n<p><strong>Automatizuoti procesai ir funkcijos:<\/strong><\/p><br \/>\n<ul><br \/>\n<li>U\u017esakym\u0173 pri\u0117mimas ir kainos skai\u010diavimas<br \/>\n<li>Gamybos planavimas ir valdymas<br \/>\n<li>Sand\u0117lio valdymas<br \/>\n<li>Bald\u0173 montavimo darb\u0173 pas klientus valdymas<br \/>\n<li>Lengvas s\u0105skait\u0173 i\u0161ra\u0161ymas<\/li><\/ul><br \/>\n<p><strong>Nestandartini\u0173 bald\u0173 gamyba:<\/strong> Sistema pritaikyta nestandartiniams gaminiams kaip baldai. Ji leid\u017eia priimti u\u017esakymus, skai\u010diuoti kainas ir paruo\u0161ti duomenis gamybos valdymui. Projektiniams baldams galima importuoti duomenis i\u0161 CAD fail\u0173, kas palengvina gamybos planavim\u0105.<\/p><br \/>\n<p><strong>Automatizuota gamybos apskaita:<\/strong> Eliminavus rankin\u012f duomen\u0173 \u012fvedim\u0105, gamybos apskaita tampa tikslesn\u0117 ir efektyvesn\u0117.<\/p><br \/>\n<p><strong>AIVA darbo su klientais sistema:<\/strong><\/p><br \/>\n<ul><br \/>\n<li>Greiti ir tiksl\u016bs komerciniai pasi\u016blymai<br \/>\n<li>Automatizuotas s\u0105skait\u0173 generavimas ir pardavimo sutar\u010di\u0173 sudarymas<br \/>\n<li>Klient\u0173 u\u017esakym\u0173 valdymas nuo pri\u0117mimo iki vykdymo<br \/>\n<li>Automatinis duomen\u0173 baz\u0117s k\u016brimas gamybos ir tiekimo valdymui<\/li><\/ul><br \/>\n<p><strong>Gamybos plan\u0173 sudarymo sistema:<\/strong> Automati\u0161kai sudaromi gamybos planai i\u0161 klient\u0173 u\u017esakym\u0173 ir vidini\u0173 u\u017esakym\u0173 sand\u0117lio papildymui. Sistema leid\u017eia kontroliuoti gamyb\u0105 ir be rankinio duomen\u0173 vedimo vykdyti pagamintos produkcijos apskait\u0105&nbsp;.<\/p><br \/>\n<p><strong>Bald\u0173 montavimo darb\u0173 valdymas:<\/strong> Montavimo u\u017eduotys planuojamos kalendoriuje ir perduodamos montuotojams \u012f mobiliuosius telefonus. Montuotojai gali patvirtinti darb\u0173 prad\u017ei\u0105 ir pabaig\u0105 per telefono aplikacij\u0105.<\/p><br \/>\n<p><strong>U\u017esakym\u0173 i\u0161davimo ir sand\u0117lio valdymo sistema:<\/strong> Sistema leid\u017eia lengvai paruo\u0161ti ir i\u0161ra\u0161yti dokumentus pagamintos produkcijos i\u0161ve\u017eimui, nura\u0161yti produkcij\u0105 i\u0161 sand\u0117lio ir perduoti s\u0105skait\u0173 duomenis \u012f buhalterin\u0117s apskaitos sistem\u0105.<\/p><br \/>\n<hr><\/p>\n<p><p>Automatizuokite savo bald\u0173 gamybos procesus su AIVA&nbsp;Gamybos valdymo sistema &nbsp;ir padidinkite savo \u012fmon\u0117s efektyvum\u0105 bei pelningum\u0105. Susisiekite su mumis \u0161iandien ir su\u017einokite daugiau!<\/p><\/p>","protected":false},"excerpt":{"rendered":"<p>Automatizuosite  u\u017esakym\u0173 registravimo, kainos skai\u010diavimo, u\u017esakym\u0173 plano sudarymo, matavimo-montavimo darb\u0173 pas klienta valdymo ir pagamintos produkcijos apskaitos proces\u0105<\/p>","protected":false},"featured_media":29575,"template":"","meta":{"_mi_skip_tracking":false,"_monsterinsights_sitenote_active":false,"_monsterinsights_sitenote_note":"","_monsterinsights_sitenote_category":0},"product_cat":[1515,1511],"product_tag":[],"mwb_booking_cost":[],"mwb_booking_service":[],"bundled_by":[],"bundle_stock_status":"instock","bundle_stock_quantity":null,"bundle_virtual":false,"bundle_layout":"","bundle_add_to_cart_form_location":"","bundle_editable_in_cart":false,"bundle_sold_individually_context":"","bundle_item_grouping":"","bundle_min_size":"","bundle_max_size":"","bundled_items":[],"bundle_sell_ids":[],"acf":[],"aioseo_notices":[],"_links":{"self":[{"href":"https:\/\/gamyba.online\/en\/wp-json\/wp\/v2\/product\/29561"}],"collection":[{"href":"https:\/\/gamyba.online\/en\/wp-json\/wp\/v2\/product"}],"about":[{"href":"https:\/\/gamyba.online\/en\/wp-json\/wp\/v2\/types\/product"}],"wp:featuredmedia":[{"embeddable":true,"href":"https:\/\/gamyba.online\/en\/wp-json\/wp\/v2\/media\/29575"}],"wp:attachment":[{"href":"https:\/\/gamyba.online\/en\/wp-json\/wp\/v2\/media?parent=29561"}],"wp:term":[{"taxonomy":"product_cat","embeddable":true,"href":"https:\/\/gamyba.online\/en\/wp-json\/wp\/v2\/product_cat?post=29561"},{"taxonomy":"product_tag","embeddable":true,"href":"https:\/\/gamyba.online\/en\/wp-json\/wp\/v2\/product_tag?post=29561"},{"taxonomy":"mwb_booking_cost","embeddable":true,"href":"https:\/\/gamyba.online\/en\/wp-json\/wp\/v2\/mwb_booking_cost?post=29561"},{"taxonomy":"mwb_booking_service","embeddable":true,"href":"https:\/\/gamyba.online\/en\/wp-json\/wp\/v2\/mwb_booking_service?post=29561"}],"curies":[{"name":"wp","href":"https:\/\/api.w.org\/{rel}","templated":true}]}}