{"id":29562,"date":"2024-07-03T22:10:10","date_gmt":"2024-07-03T20:10:10","guid":{"rendered":"https:\/\/gamyba.online\/product\/sumani-baldu-gamybos-operaciju-valdymo-sistema-3\/"},"modified":"2024-11-04T22:14:48","modified_gmt":"2024-11-04T20:14:48","slug":"sumani-baldu-gamybos-operaciju-valdymo-sistema-3","status":"publish","type":"product","link":"https:\/\/gamyba.online\/en\/product\/sumani-baldu-gamybos-operaciju-valdymo-sistema-3\/","title":{"rendered":"Sumani bald\u0173 gamybos operacij\u0173 valdymo sistema"},"content":{"rendered":"<p><p><a name=\"_Toc135157406\">Automatizuojami<\/a> procesai ir funkcijos parodyti \u017eemiau paveiksl\u0117lyje<\/p><br \/>\n<p align=\"center\"><img src=\"https:\/\/www.aiva.lt\/images\/image\/Nuoseklios_gamybos_valdymo_sistemos_variantas_Gold.png\" width=\"698\" height=\"451\"><\/p><br \/>\n<p>\u0160iuos procesus automatizuoja atitinkami sistemos moduliai, kurios klientai gali pasirinkti jiems b\u016btiniausius modulius. Didel\u0117s \u012fmon\u0117s, papildom\u0173 AIVA moduli\u0173 pagalba, gali automatizuoti ir detali\u0173, bei surenkam\u0173 i\u0161 detali\u0173 pusgamini\u0173, &nbsp;gamybos procesus, bei projektini\u0173 darb\u0173 valdymo proces\u0105.<\/p><br \/>\n<p><b>M\u016bs\u0173 sistemos i\u0161skirtinumas: <\/b>kad ji geriausiai i\u0161 vis\u0173 \u017einom\u0173 sistem\u0173&nbsp;pritaikyta tokiems nestandartiniams gaminiams kaip baldai. Programos pagalba galite priimti u\u017esakymus nestandartiniam baldams, paskai\u010diuoti j\u0173 kain\u0105 ir kartu paruo\u0161ti duomenis gamybos valdymui. <\/p><br \/>\n<p>Projektiniams baldams yra galimyb\u0117 importuoti duomenis i\u0161 failo, paruo\u0161to projektavimo programos CAD. I\u0161 \u0161i\u0173 duomen\u0173 programa automati\u0161kai suformuos duomenis reikalingus gamybos planavimui ir valdymui<\/p><br \/>\n<p>Svarbus m\u016bs\u0173 sistemos i\u0161skirtinumas kad programa suplanuoja gamybos proces\u0105 ir paskirsto u\u017eduotis per terminalus darbininkams.<\/p><br \/>\n<p>&nbsp;Dar viena savyb\u0117, kuo m\u016bs\u0173 sistema skiriasi nuo konkurent\u0173, kad gamybos apskaita vyksta be jokio rankinio duomen\u0173 \u012fvedimo.<\/p><br \/>\n<p>&nbsp;<\/p><br \/>\n<p><a name=\"_Toc135157408\"><b>AIVA darbo su klientais sistema<\/b><\/a><b><\/b><\/p><br \/>\n<p><i>Ruo\u0161iant komercinius pasi\u016blymus Excel programa, reikia&nbsp; ranka u\u017eregistruoti nema\u017eai duomen\u0173, tiek apie klient\u0105, tiek apie pageidaujamas gaminio charakteristikas.<\/i><\/p><br \/>\n<p><i>&nbsp;Po to \u0161iuos duomenis reikia perra\u0161yti \u012f kitus dokumentus- pardavimo sutartis, s\u0105skaitas i\u0161ankstiniam&nbsp; mok\u0117jimui, gamybos plan\u0105, s\u0105skaitas fakt\u016bras. Visas \u0161is duomen\u0173 perra\u0161in\u0117jimas u\u017eima nema\u017eai vadybinink\u0173 darbo laiko, tod\u0117l jo ma\u017eiau lieka darbui su klientais. <\/i><\/p><br \/>\n<p><i>Jei klientas gav\u0119s pasi\u016blym\u0105 u\u017esako gaminius, tada &nbsp;v\u0117l i\u0161 naujo reikia registruoti tuos pa\u010dius duomenis gamybos plano sudarymui.<\/i><\/p><br \/>\n<p>Duomen\u0173 perra\u0161in\u0117jimo ir klaid\u0173 galite i\u0161vengti automatizav\u0119 <b>darbo su klientais procesus AIVA programa. <\/b><\/p><br \/>\n<p>Programa pad\u0117s Jums grei\u010diau ir tiksliau apskai\u010diuoti u\u017esakom\u0173 nestandartini\u0173 bald\u0173 gamybos savikain\u0105 ir kain\u0105, tod\u0117l gausite daugiau pelningesni\u0173 u\u017esakym\u0173.<\/p><br \/>\n<p>Programos pagalba paskai\u010diav\u0119 gamini\u0173 kainas ir u\u017esakymo s\u0105mat\u0105, suformuosite komercin\u012f pasi\u016blym\u0105, kur\u012f gal\u0117site i\u0161si\u0173sti tiesiai i\u0161 programos.<\/p><br \/>\n<p>I\u0161 komercinio pasi\u016blymo programa &nbsp;suformuos s\u0105skait\u0105 i\u0161ankstiniam apmok\u0117jimui bei pirkimo-pardavimo sutart\u012f<\/p><br \/>\n<p>Klientui patvirtinus u\u017esakym\u0105, j\u012f galite perduoti vykdymui,- arba sand\u0117liui, jei u\u017esakyti baldai yra sand\u0117lyje, arba projektavimo skyriui, jei juos dar reikia projektuoti, arba gamybai. I\u0161 perduot\u0173 vykdymui klient\u0173 u\u017esakym\u0173 programa sudarys sand\u0117lio, projektavimo ir gamybos planus.<\/p><br \/>\n<p>Automatizav\u0119 darbo su klientais proces\u0105, ne tik sutaupysite daug laiko, bet programa automati\u0161kai sukaups klient\u0173 ir j\u0173 pasi\u016blym\u0173\/u\u017esakym\u0173 duomen\u0173 baz\u0119.<\/p><br \/>\n<p>&nbsp;I\u0161 \u0161ios baz\u0117s suformuos darbo su klientais ataskaitas, i\u0161 kuri\u0173 matysite kokie j\u016bs\u0173 geriausi klientai, kokie produktai duoda daugiausia ir ma\u017eiausiai pelno, kaip sekasi dirbti vadybininkams, kaip kita J\u016bs\u0173 \u012fmon\u0117s pajamos ir pardavimo kiekiai laike.<\/p><br \/>\n<p>Programa apskai\u010diuos vadybininkams atlyginim\u0105 nuo asmenini\u0173 pardavim\u0173 pelno ir parodys atlyginim\u0173 ataskaitoje, tod\u0117l nesunkiai,-be papildom\u0173 darbo s\u0105naud\u0173 duomen\u0173 \u012fvedimui, gal\u0117site \u012fdiegti j\u0173 skatinimo sistem\u0105.<\/p><br \/>\n<p><b>Ir dar kas labai svarbu,- ruo\u0161iant&nbsp; su AIVA programa komercinius pasi\u016blymus, ji automati\u0161kai sukuria duomen\u0173 baz\u0119 gamybos bei tiekimo valdymui, tod\u0117l tam kad automatizuoti \u0161iuos procesus nebereikia toliau \u012fvedin\u0117ti ranka joki\u0173 duomen\u0173!<\/b><\/p><br \/>\n<p>O tai rei\u0161kia kad sutapote daug darbo laiko duomen\u0173 paruo\u0161imui bei i\u0161 karto galite u\u017esakin\u0117ti med\u017eiagas, planuoti gamyb\u0105 ir prad\u0117ti gaminti ir taip grei\u010diau \u012fvykdyti klient\u0173 u\u017esakymus.<\/p><br \/>\n<p>Paskai\u010diuokite kiek Jums dabar u\u017eima valand\u0173 per metus vykdyti auk\u0161\u010diau apra\u0161ytus darbus, kiek kai kainuoja \u0161is vadybinink\u0173 laikas ir padalinkite i\u0161 dviej\u0173. Tiek ma\u017edaug sutaupysite automatizav\u0119 darbo su klientais procesus. Kaip ir atsiras papildomas vadybininkas ar net keli, priklausomai nuo \u012fmon\u0117s dyd\u017eio, kuris ar kurie gal\u0117s gauti daugiau u\u017esakym\u0173. Investicija \u012f programin\u0119 \u012franga atsipirks beveik i\u0161 karto.<\/p><br \/>\n<p><a name=\"_Toc135157409\"><b>Gamybos plan\u0173 sudarymo sistema<\/b><\/a><\/p><br \/>\n<p><i>Daugelyje \u012fmoni\u0173 gamybos planai sudaromi rankiniu b\u016bdu, registruojant k\u0105 ir kada pagaminti Excel failuose. Jei gamyba vyksta pagal klient\u0173 u\u017esakymus tada jie registruojami ir vykdomi da\u017eniausiai eil\u0117s tvarka. Atsiradus skubiam u\u017esakym\u0105 keisti tokius planus labai nepatogu. <\/i><\/p><br \/>\n<p><i>\u012emon\u0117s gaminan\u010dios \u012f sand\u0117l\u012f, skai\u010diuojami poreikiai sand\u0117lio papildymui ir registruojami plane.<\/i><\/p><br \/>\n<p><i>Sud\u0117tingiems gaminiams dar reikia suplanuoti ir sudaryti pusgamini\u0173 gamybos planus, tod\u0117l plan\u0173 sudarymas u\u017eima nema\u017eai laiko.<\/i><\/p><br \/>\n<p><b>AIVA gamybos planas<\/b> sudaromas automati\u0161kai i\u0161 klient\u0173 u\u017esakym\u0173 u\u017eregistruot\u0173 per komercijos modul\u012f ir i\u0161 vidini\u0173 u\u017esakym\u0173 sand\u0117lio papildymui&nbsp; automatizacijos modulio.<\/p><br \/>\n<p>Gamybos plane programa parodo kokiems klientams, kokius gaminius ir j\u0173 kiekius iki kada reikia pagaminti, bei kada jie suplanuoti pagaminti ir koks kiekis i\u0161 suplanuoto kiekio jau pagamintas.<\/p><br \/>\n<p>&nbsp;U\u017esakymus galima atsifiltruoti pagal \u012fvairius kriterijus- klientus, vadybininkus, u\u017esakym\u0173 registracijos datas,&nbsp;planuojamus terminus, reikalingas gamybai med\u017eiagas&nbsp; ir kt.<\/p><br \/>\n<p><b>I\u0161 gamybos plano galima atlikti u\u017esakym\u0173 valdymo veiksmus:<\/b><\/p><br \/>\n<ul type=\"disc\"><br \/>\n<li>Pasirinkus vien\u0105, kelis ar visus u\u017esakymus galima patikrinti ar u\u017etenka j\u0173 \u012fvykdymui med\u017eiag\u0173, &nbsp;paskai\u010diuoti kiek koki\u0173 med\u017eiag\u0173 tr\u016bksta, ir suformuoti u\u017esakymus tiekimui.<br \/>\n<li>Jei med\u017eiagos u\u017esakym\u0173 \u012fvykdymui yra, i\u0161 U\u017esakym\u0173 gamybai s\u0105ra\u0161o, u\u017esakymus galima perduoti vykdymui. Po u\u017esakym\u0173 perdavimo vykdymui komandos programa blokuoja j\u0173 keitim\u0105 i\u0161 komercijos pus\u0117s, registruoja perdavimo dat\u0105.<br \/>\n<li>Sud\u0117tingiems gaminiams programa i\u0161 kliento u\u017esakymo suformuoja dalinius gamybos planus detali\u0173, surenkam\u0173 pusgamini\u0173 ir galutinio gamini\u0173 surinkimo gamybos planus<br \/>\n<li>Jei u\u017esakytas gamini\u0173 kiekis labai didelis programa&nbsp; gali suformuoti kelis dalinio kiekio planus<br \/>\n<li>Komplektuojam\u0173 gamini\u0173 didelio kiekio u\u017esakymus programa&nbsp; gali paversti vienetiniais u\u017esakymais galutiniam surinkimui (pav. medini\u0173 nameli\u0173)<\/li><\/ul><br \/>\n<p><b>Gamybos planas kartu yra ir jo vykdymo ataskaita.<\/b><\/p><br \/>\n<p>Jame parodomi kokie gaminiai buvo perduoti gaminti, kada suplanuota prad\u0117ti j\u0173 gamyba, koks kiekis gamini\u0173 jau pagamintas.<\/p><br \/>\n<p><b>AIVA automatizuota plan\u0173 sudarymo sprendimo nauda \u012fmonei<\/b><\/p><br \/>\n<ul type=\"disc\"><br \/>\n<li>Automati\u0161kai i\u0161 klient\u0173 u\u017esakym\u0173 suformuojamas u\u017esakym\u0173&nbsp;&nbsp;gamybai planas, tod\u0117l nereikia j\u0173 \u012fvedin\u0117ti ranka<br \/>\n<li>U\u017esakym\u0173 s\u0105ra\u0161e parodoma visa reikalinga gamybai informacija, tod\u0117l nereikia jos ie\u0161koti<br \/>\n<li>Apriboja teises komercijos skyriui keisti jau pateiktus u\u017esakymus gamybai, tod\u0117l i\u0161vengiama gamybos klaid\u0173, kai prad\u0117jus gaminti per nepasi\u017ei\u016br\u0117jim\u0105 pakei\u010diamas u\u017esakymas<br \/>\n<li>Galime atfiltruoti u\u017esakymus pagal j\u0173 vykdymo b\u016bsenas, tod\u0117l programa padeda kontroliuoti gamyb\u0105<br \/>\n<li>Taupo gamybos vadovo darbo laik\u0105 gamybos plano sudarymui, vykdymo kontrolei ir med\u017eiag\u0173 u\u017esakymui.<\/li><\/ul><br \/>\n<p><b>AIVA gamybos plano sudarymo privalumai palyginus su kitomis sistemomis:<\/b><\/p><br \/>\n<ul type=\"disc\"><br \/>\n<li>Gamybos planas sudaromas automati\u0161kai be jokio rankinio darbo<br \/>\n<li>I\u0161 gamybos plano galima automatizuotai sukurti pusgamini\u0173, detali\u0173 ir galutini\u0173 gamini\u0173 surinkimo gamybos planus i\u0161 kuri\u0173 vyksta tolimesnis gamybos valdymas<\/li><\/ul><br \/>\n<p><b><\/b>&nbsp;<\/p><br \/>\n<p><b>Gamybos proceso planavimo sistema<\/b><b><\/b><\/p><br \/>\n<p><b><\/b>&nbsp;<\/p><br \/>\n<p><i>\u012emon\u0117ms dirban\u010dioms pagal klient\u0173 u\u017esakymus, ypa\u010d nestandartini\u0173 gamini\u0173, labai opi problema suplanuoti darbus kiekvienam darbo centrui. Skirtingi u\u017esakymai skirtingai apkrauna darbo centrus, tod\u0117l kartais vieni gali nesp\u0117ti atlikti savo darbo, o tuo tarpu kiti gali dirbti pilnai neu\u017eimti. Tod\u0117l toki\u0173 gamyb\u0173 darbo efektyvumas ma\u017edaug 30% \u017eemesnis kaip masin\u0117s gamybos \u012fmoni\u0173.<\/i><\/p><br \/>\n<p><b>Geriau panaudoti gamybos resursus,- \u012frengimus ir darbuotojus<\/b>, jums gali pad\u0117ti AIVA sumani gamybos proces\u0173 planavimo sistema. Sistema automati\u0161kai suplanuoja kiekvieno darbo centro darb\u0173 plan\u0105.<\/p><br \/>\n<p>&nbsp;Suplanuotas u\u017eduotis sistema paskirsto darbuotojams pagal tai su kokiais \u012frengimais jie moka dirbti. Tod\u0117l jei tuo metu tas darbo centras prie kurio dirbo darbuotojas neturi suplanuot\u0173 u\u017eduo\u010di\u0173, sistema jam pasi\u016blo u\u017eduot\u012f prie kito darbo centro. Tod\u0117l darbuotojai ma\u017eiau laukia kol jiems meistras pateiks u\u017eduotys ir padarys daugiau darb\u0173 per t\u0105 pat\u012f laik\u0105 ir tod\u0117l grei\u010diau \u012fvykdysite klient\u0173 u\u017esakymus.<\/p><br \/>\n<p>Dar viena problema, su kuria susideda \u012fmon\u0117s, tai <b>gamybos terminai.<\/b> Klientai nori \u017einoti kada bus \u012fvykdyti j\u0173 u\u017esakymai, o \u012fmon\u0117 \u017einoti ar nev\u0117luoja su u\u017esakymu vykdymu. <\/p><br \/>\n<p>Kai u\u017esakym\u0173 daug, jie visi skirtingi, o gaminiai nestandartiniai, bei kai pastoviai atsiranda skubus u\u017esakymai \u012fvertinti gamybos terminus rankiniais metodais prakti\u0161kai ne\u012fmanoma. Ir \u010dia gali pad\u0117ti jums AIVA sumani gamybos planavimo sistema, kuri automati\u0161kai suplanuos kiekvieno u\u017esakymo vykdymo eig\u0105 ir parodys kada j\u012f reikia prad\u0117ti vykdyti kad jis b\u016bt\u0173 u\u017ebaigtas laiku.<\/p><br \/>\n<p>Taip pat sistema &nbsp;parodys, kuri\u0173 u\u017esakym\u0173 vykdymas v\u0117luos ir kiek laiko. \u017dinodami tiksliau u\u017esakym\u0173 \u012fvykdymo planinius terminus, gal\u0117site tiksliau atsakyti klientams, kada j\u0173 u\u017esakymas bus pagamintas, o pama\u010dius kad u\u017esakymas v\u0117luos, gal\u0117site imtis priemoni\u0173 kad ne v\u0117luot\u0173.<\/p><br \/>\n<p>Viena i\u0161 toki\u0173 priemoni\u0173 yra pa\u0161alinimas, taip vadinam\u0173, ?gamybos butelio kaliuk\u0173?. Ir \u010dia Jums gali pad\u0117t AIVA sumani gamybos planavimo sistema. Ji, kiekvienu laiko momentu, <b>parodo kokie darbo centrai \u0161iuo metu pasidar\u0117 tais ?butelio kakliukais?.<\/b> Tai matydamas gamybos vadovas gali didinti j\u0173 darbo laik\u0105, didinti \u0161i\u0173 darbo centr\u0173 skai\u010di\u0173, ar perduoti dal\u012f u\u017esakym\u0173 subrangai. <\/p><br \/>\n<p>Gamybos proceso&nbsp; planavimo rezultatus sistema patogiai &nbsp;atvaizduoja <b>Ganto kalendoriniuose grafikuose: &nbsp;<\/b><\/p><br \/>\n<ul type=\"disc\"><br \/>\n<li>darbo centr\u0173 darb\u0173 grafike,<br \/>\n<li>darbo centr\u0173 &nbsp;vidutinio apkrovimo dienomis grafike,<br \/>\n<li>gamybos u\u017esakym\u0173 vykdymo eigos Ganto grafike<\/li><\/ul><br \/>\n<p>Kaip parod\u0117 eksperimentas vienoje gamybos \u012fmon\u0117je, kuri tur\u0117jo u\u017esakym\u0173 pusei metu \u012f priek\u012f, optimizavus planavim\u0105 terminus pavyko suma\u017einti apie 20%. Tai rei6kia,kad panaudodami AIVA programin\u0119 gamybos planavimui padidinsite apie 20% gamybos efektyvum\u0105 ir su tais pa\u010dias gamybos resursais per t\u0105 pat\u012f laik\u0105 pagaminsite daugiau ir suma\u017einsite gamybos savikain\u0105.<\/p><br \/>\n<p>&nbsp;<\/p><br \/>\n<p><a name=\"_Toc135157410\"><b>Gamybos operacij\u0173 u\u017eduo\u010di\u0173 valdymo gamyboje sistema<\/b><\/a><b><\/b><\/p><br \/>\n<p><i>Gamybos u\u017eduotis,- k\u0105 ir kada gaminti, su kokiu darbo centru dirbti, darbininkams paprastai paskirsto meistrai. Kai u\u017esakym\u0173 daug ir jie nedidel\u012f, t.y. \u012fvykdomi per trump\u0105 laik\u0105, u\u017eduo\u010di\u0173 paruo\u0161imas ir paskirstymas bei kontrol\u0117 u\u017eima nema\u017eai laiko. Ne visada pavyksta sukontroliuoti u\u017eduo\u010di\u0173 vykdym\u0105 ir laik\u0173 patikti kit\u0105 u\u017eduot\u012f, tod\u0117l darbininkai matydami kad kiti darbo centrai d\u0117l ?butelio kakliuko? efekto nesp\u0117s jiems pateikti pakankamai darbo, pradeda dirbti l\u0117\u010diau. <\/i><\/p><br \/>\n<p>Suma\u017einti daro kr\u016bv\u012f meistrams bei geriau paskirstyti u\u017eduotis ir pad\u0117ti kontroliuoti j\u0173 vykdym\u0105 Jums gali pad\u0117ti <b>AIVA suplanuot\u0173 u\u017eduo\u010di\u0173 paskirstymo ir registracijos sistema<\/b><\/p><br \/>\n<p><b>Darbininkui kortele prisiregistravus prie terminalo gamyboje,<\/b>&nbsp;programa pateiks vykdymui suplanuotas gamybos u\u017eduotis. Darbininkas pasirinks u\u017eduoti ir patvirtins vykdymo prad\u017ei\u0105. Pabaig\u0119s u\u017eduot\u012f v\u0117l prisiregistrav\u0119s prie terminalo patvirtins jos atlikim\u0105. Jei ne vis\u0105 kiek\u012f pagamino, pakoreguos kiek\u012f \u012f t\u0105 kuris&nbsp; atliktas.<\/p><br \/>\n<p>Atsitikus trikd\u017eiams, tame tarpe \u012frangos gedimams, darbininkas tame pat terminale juos nesunkiai gal\u0117s u\u017eregistruoti. I\u0161 \u0161i\u0173 duomen\u0173 programa suformuos trikd\u017ei\u0173 ataskait\u0105, Be to, jei u\u017eregistruotas gedimas, automati\u0161kai bus nusiun\u010diamas prane\u0161imas aptarnaujan\u010diam \u012frengim\u0105 darbuotojui<\/p><br \/>\n<p>Patvirtinus gamybos u\u017eduoties atlikim\u0105, programa&nbsp; automati\u0161kai u\u017eregistruos&nbsp; kada kas prad\u0117jo ir pabaig\u0117 gamybos operacij\u0105, apskai\u010diuos kiek ji fakti\u0161kai truko, palygins suplanuot\u0105 u\u017esakymo vykdymo trukm\u0119 ir laik\u0105 su faktiniu laiku ir trukme.<\/p><br \/>\n<p>Programa, be papildom\u0173 tam darbo s\u0105naud\u0173, apskai\u010diuos kiekvienam vykdytojui atlyginim\u0105 u\u017e jo atliktus darbus, \u012fvertindama grei\u010diau ir l\u0117\u010diau dirban\u010dius darbuotojus, o cech\u0173 vadovams apskai\u010diuos premijas.<\/p><br \/>\n<p>Vadovams programa parodys kiekvieno gamybos u\u017esakymo gamini\u0173 ir j\u0173 pusgamini\u0173 operacij\u0173 vykdymo planus ir kaip jos vykdomos.<\/p><br \/>\n<p>&nbsp;\u0160ie planai pad\u0117s kontroliuoti operacij\u0173 atlikimo eig\u0105 realiu laiku. Vadovai matys kokias operacijas reikia atlikti, kokios dabar vykdomos, kas jas vykdo, kokia suplanuota j\u0173 vykdymo trukm\u0117, kurios operacijos jau \u012fvykdytos, kas jas \u012fvykd\u0117.<\/p><br \/>\n<p>U\u017eduo\u010di\u0173 valdymo gamyboje sistema, kartu su gamybos&nbsp; operacij\u0173 planavimo sistema, pad\u0117s dirbti apie 20% \u012fmonei efektyviau ir taip suma\u017einti gamybos savikain\u0105.<\/p><br \/>\n<p>&nbsp;<\/p><br \/>\n<p><a name=\"_Toc135157413\"><b>U\u017esakym\u0173 i\u0161davimo ir sand\u0117lio valdymo sistema<\/b><\/a><\/p><br \/>\n<p><i>Da\u017eniausiai dokumentus pagamintos produkcijos i\u0161ve\u017eimui ruo\u0161ia ir spausdina buhalterija, o j\u0105 surenka sand\u0117lininkas. Taip dirbant vietoje vieno \u017emogaus reikalingi du, be to sunku operatyviai paruo\u0161ti dokumentus, tod\u0117l atsiranda problemos kada reikia paruo\u0161ti ir i\u0161ve\u017eti produkcija greitai, pav. kai jau laukia transportas i\u0161ve\u017eimui.<\/i><i><\/i><\/p><br \/>\n<p><b>AIVA programoje rodomas u\u017esakym\u0173 planas<\/b>, kuriems reikia i\u0161ve\u017eti pagamint\u0105 produkcij\u0105. Sand\u0117lininkui kad atspausdinti s\u0105skait\u0105 ar va\u017etara\u0161ti tereikia tik pasirinkti u\u017esakym\u0105, kuriam jau pagaminta produkcija.<\/p><br \/>\n<p>Pasirinktam u\u017esakymui programa parodys kokius gaminius &nbsp;reikia surinkti i\u0161 sand\u0117lio , o surinkus suformuos ir atspausdins visus reikiamus dokumentus, va\u017etara\u0161t\u012f, s\u0105skait\u0105-fakt\u016br\u0105, CMR, nura\u0161ys surinkt\u0105 produkcij\u0105 i\u0161 sand\u0117lio. <\/p><br \/>\n<p>Per papildom\u0105 modul\u012f s\u0105skaitos duomenys gali b\u016bti perduoti \u012f \u012fmon\u0117s buhalterin\u0117s apskaitos sistem\u0105<\/p><br \/>\n<p>Sistemoje didel\u0117s s\u0105skait\u0173-fakt\u016br\u0173 formavimo galimyb\u0117s. Jas galima suformuoti net tik i\u0161 vieno kliento u\u017esakymo bet ir i\u0161 keli\u0173 u\u017esakymo arba i\u0161 vieno u\u017esakymo kelias fakt\u016bras. Galima suformuoti fakt\u016br\u0105 i\u0161 keli\u0173 va\u017etara\u0161\u010di\u0173. Programa formuojant fakt\u016br\u0105 gali paskai\u010diuoti ir \u012fra\u0161yti pakuo\u010di\u0173 svorius, bei pa\u010dios produkcijos svor\u012f.<\/p><br \/>\n<p>Jei susiduriate su problema kad surenkant produkcij\u0105 i\u0161ve\u017eimui pagal klient\u0173 u\u017esakymus pamir\u0161tate kuri\u0105 nors prek\u0119 \u012fd\u0117ti arba sumai\u0161ote ir \u012fdedate ne t\u0105, tai Jums gal\u0117s pad\u0117ti AIVA surinkimo tikrinimo aplikacija kaupikliui skeneriui.<\/p><br \/>\n<p>Jei i\u0161ve\u017eimui reikalinga u\u017esakyti transport\u0105, programa suformuos el. lai\u0161k\u0105 su u\u017esakym\u0173 ve\u017e\u0117jui.<\/p><br \/>\n<p>AIVA sand\u0117lio apskaitos sistema&nbsp; atlieka ir kitas pagamintos produkcijos valdymo ir apskaitos funkcijas,- perk\u0117limo tarp sand\u0117li\u0173, gra\u017einimo i\u0161 klient\u0173, ataskait\u0173 perdavimo \u012f I.MAS ir i.VAZ sistemas, suformuoja sand\u0117lio, Intrastat bei i\u0161ve\u017eamos pakuot\u0117s ataskaitas.<\/p><\/p>","protected":false},"excerpt":{"rendered":"<p>Be vis\u0173 pirmojo varianto funkcij\u0173, automatizuosite  gamybos operacij\u0173 planavim\u0105 bei u\u017eduo\u010di\u0173 paskirstym\u0105 taip u\u017etikrindami gamybos efektyvum\u0105.<\/p>","protected":false},"featured_media":29576,"template":"","meta":{"_mi_skip_tracking":false,"_monsterinsights_sitenote_active":false,"_monsterinsights_sitenote_note":"","_monsterinsights_sitenote_category":0},"product_cat":[1515,1511],"product_tag":[],"mwb_booking_cost":[],"mwb_booking_service":[],"bundled_by":[],"bundle_stock_status":"instock","bundle_stock_quantity":null,"bundle_virtual":false,"bundle_layout":"","bundle_add_to_cart_form_location":"","bundle_editable_in_cart":false,"bundle_sold_individually_context":"","bundle_item_grouping":"","bundle_min_size":"","bundle_max_size":"","bundled_items":[],"bundle_sell_ids":[],"acf":[],"aioseo_notices":[],"_links":{"self":[{"href":"https:\/\/gamyba.online\/en\/wp-json\/wp\/v2\/product\/29562"}],"collection":[{"href":"https:\/\/gamyba.online\/en\/wp-json\/wp\/v2\/product"}],"about":[{"href":"https:\/\/gamyba.online\/en\/wp-json\/wp\/v2\/types\/product"}],"wp:featuredmedia":[{"embeddable":true,"href":"https:\/\/gamyba.online\/en\/wp-json\/wp\/v2\/media\/29576"}],"wp:attachment":[{"href":"https:\/\/gamyba.online\/en\/wp-json\/wp\/v2\/media?parent=29562"}],"wp:term":[{"taxonomy":"product_cat","embeddable":true,"href":"https:\/\/gamyba.online\/en\/wp-json\/wp\/v2\/product_cat?post=29562"},{"taxonomy":"product_tag","embeddable":true,"href":"https:\/\/gamyba.online\/en\/wp-json\/wp\/v2\/product_tag?post=29562"},{"taxonomy":"mwb_booking_cost","embeddable":true,"href":"https:\/\/gamyba.online\/en\/wp-json\/wp\/v2\/mwb_booking_cost?post=29562"},{"taxonomy":"mwb_booking_service","embeddable":true,"href":"https:\/\/gamyba.online\/en\/wp-json\/wp\/v2\/mwb_booking_service?post=29562"}],"curies":[{"name":"wp","href":"https:\/\/api.w.org\/{rel}","templated":true}]}}