{"id":29564,"date":"2024-07-03T22:10:12","date_gmt":"2024-07-03T20:10:12","guid":{"rendered":"https:\/\/gamyba.online\/product\/baldu-gamybos-uzsakymu-medziagu-tiekimo-ir-apskaitos-gamyboje-valdymo-sistema-2\/"},"modified":"2024-11-04T22:14:47","modified_gmt":"2024-11-04T20:14:47","slug":"baldu-gamybos-uzsakymu-medziagu-tiekimo-ir-apskaitos-gamyboje-valdymo-sistema-2","status":"publish","type":"product","link":"https:\/\/gamyba.online\/en\/product\/baldu-gamybos-uzsakymu-medziagu-tiekimo-ir-apskaitos-gamyboje-valdymo-sistema-2\/","title":{"rendered":"Bald\u0173 gamybos u\u017esakym\u0173, med\u017eiag\u0173 tiekimo ir apskaitos gamyboje  valdymo sistema"},"content":{"rendered":"<p><p>\u0160io sistemos varianto automatizuojami procesai&nbsp;bei j\u0173 tarpusavio ry\u0161iai&nbsp;parodyti \u017eemiau paveiksl\u0117lyje<\/p><br \/>\n<p align=\"center\"><img src=\"https:\/\/www.aiva.lt\/images\/image\/2_gamybos_lygiu_valdymo_sistema_tik_medziagu.png\"><\/p><br \/>\n<p>\u0160iuos procesus automatizuoja atitinkami sistemos moduliai, kurios klientai gali pasirinkti jiems b\u016btiniausius modulius.<\/p><br \/>\n<p>&nbsp;\u012emon\u0117s papildom\u0173 AIVA moduli\u0173 pagalba, gali automatizuoti&nbsp;&nbsp;gamybos operacij\u0173 valdymo&nbsp;, projektini\u0173 darb\u0173 valdymo,&nbsp;pagammint\u0173 pald\u0173 mmontavimo pas u\u017esakovus bei kitus&nbsp;procesus<\/p><br \/>\n<p><b>M\u016bs\u0173 sistemos i\u0161skirtinumas: <\/b>kad ji geriausiai i\u0161 vis\u0173 \u017einom\u0173 sistem\u0173&nbsp;pritaikyta tokiems nestandartiniams gaminiams kaip baldai. Programos pagalba galite priimti u\u017esakymus nestandartiniam baldams, paskai\u010diuoti j\u0173 kain\u0105 ir kartu paruo\u0161ti duomenis gamybos valdymui. <\/p><br \/>\n<p>Projektiniams baldams yra galimyb\u0117 importuoti duomenis i\u0161 failo, paruo\u0161to projektavimo programos CAD. I\u0161 \u0161i\u0173 duomen\u0173 programa automati\u0161kai suformuos duomenis reikalingus gamybos planavimui ir valdymui.<\/p><br \/>\n<p>&nbsp;Dar viena savyb\u0117, kuo m\u016bs\u0173 sistema skiriasi nuo konkurent\u0173, kad gamybos apskaita vyksta be jokio rankinio duomen\u0173 \u012fvedimo.<\/p><br \/>\n<p>&nbsp;<\/p><br \/>\n<p><a name=\"_Toc135157408\"><b>AIVA darbo su klientais sistema<\/b><\/a><b><\/b><\/p><br \/>\n<p><i>Ruo\u0161iant komercinius pasi\u016blymus Excel programa, reikia&nbsp; ranka u\u017eregistruoti nema\u017eai duomen\u0173, tiek apie klient\u0105, tiek apie pageidaujamas gaminio charakteristikas.<\/i><\/p><br \/>\n<p><i>&nbsp;Po to \u0161iuos duomenis reikia perra\u0161yti \u012f kitus dokumentus- pardavimo sutartis, s\u0105skaitas i\u0161ankstiniam&nbsp; mok\u0117jimui, gamybos plan\u0105, s\u0105skaitas fakt\u016bras. Visas \u0161is duomen\u0173 perra\u0161in\u0117jimas u\u017eima nema\u017eai vadybinink\u0173 darbo laiko, tod\u0117l jo ma\u017eiau lieka darbui su klientais. <\/i><\/p><br \/>\n<p><i>Jei klientas gav\u0119s pasi\u016blym\u0105 u\u017esako gaminius, tada &nbsp;v\u0117l i\u0161 naujo reikia registruoti tuos pa\u010dius duomenis gamybos plano sudarymui.<\/i><\/p><br \/>\n<p>Duomen\u0173 perra\u0161in\u0117jimo ir klaid\u0173 galite i\u0161vengti automatizav\u0119 <b>darbo su klientais procesus AIVA programa. <\/b><\/p><br \/>\n<p>Programa pad\u0117s Jums grei\u010diau ir tiksliau apskai\u010diuoti u\u017esakom\u0173 nestandartini\u0173 bald\u0173 gamybos savikain\u0105 ir kain\u0105, tod\u0117l gausite daugiau pelningesni\u0173 u\u017esakym\u0173.<\/p><br \/>\n<p>Programos pagalba paskai\u010diav\u0119 gamini\u0173 kainas ir u\u017esakymo s\u0105mat\u0105, suformuosite komercin\u012f pasi\u016blym\u0105, kur\u012f gal\u0117site i\u0161si\u0173sti tiesiai i\u0161 programos.<\/p><br \/>\n<p>I\u0161 komercinio pasi\u016blymo programa &nbsp;suformuos s\u0105skait\u0105 i\u0161ankstiniam apmok\u0117jimui bei pirkimo-pardavimo sutart\u012f<\/p><br \/>\n<p>Klientui patvirtinus u\u017esakym\u0105, j\u012f galite perduoti vykdymui,- arba sand\u0117liui, jei u\u017esakyti baldai yra sand\u0117lyje, arba projektavimo skyriui, jei juos dar reikia projektuoti, arba gamybai. I\u0161 perduot\u0173 vykdymui klient\u0173 u\u017esakym\u0173 programa sudarys sand\u0117lio, projektavimo ir gamybos planus.<\/p><br \/>\n<p>Automatizav\u0119 darbo su klientais proces\u0105, ne tik sutaupysite daug laiko, bet programa automati\u0161kai sukaups klient\u0173 ir j\u0173 pasi\u016blym\u0173\/u\u017esakym\u0173 duomen\u0173 baz\u0119.<\/p><br \/>\n<p>&nbsp;I\u0161 \u0161ios baz\u0117s suformuos darbo su klientais ataskaitas, i\u0161 kuri\u0173 matysite kokie j\u016bs\u0173 geriausi klientai, kokie produktai duoda daugiausia ir ma\u017eiausiai pelno, kaip sekasi dirbti vadybininkams, kaip kita J\u016bs\u0173 \u012fmon\u0117s pajamos ir pardavimo kiekiai laike.<\/p><br \/>\n<p>Programa apskai\u010diuos vadybininkams atlyginim\u0105 nuo asmenini\u0173 pardavim\u0173 pelno ir parodys atlyginim\u0173 ataskaitoje, tod\u0117l nesunkiai,-be papildom\u0173 darbo s\u0105naud\u0173 duomen\u0173 \u012fvedimui, gal\u0117site \u012fdiegti j\u0173 skatinimo sistem\u0105.<\/p><br \/>\n<p><b>Ir dar kas labai svarbu,- ruo\u0161iant&nbsp; su AIVA programa komercinius pasi\u016blymus, ji automati\u0161kai sukuria duomen\u0173 baz\u0119 gamybos bei tiekimo valdymui, tod\u0117l tam kad automatizuoti \u0161iuos procesus nebereikia toliau \u012fvedin\u0117ti ranka joki\u0173 duomen\u0173!<\/b><\/p><br \/>\n<p>O tai rei\u0161kia kad sutapote daug darbo laiko duomen\u0173 paruo\u0161imui bei i\u0161 karto galite u\u017esakin\u0117ti med\u017eiagas, planuoti gamyb\u0105 ir prad\u0117ti gaminti ir taip grei\u010diau \u012fvykdyti klient\u0173 u\u017esakymus.<\/p><br \/>\n<p>Paskai\u010diuokite kiek Jums dabar u\u017eima valand\u0173 per metus vykdyti auk\u0161\u010diau apra\u0161ytus darbus, kiek kai kainuoja \u0161is vadybinink\u0173 laikas ir padalinkite i\u0161 dviej\u0173. Tiek ma\u017edaug sutaupysite automatizav\u0119 darbo su klientais procesus. Kaip ir atsiras papildomas vadybininkas ar net keli, priklausomai nuo \u012fmon\u0117s dyd\u017eio, kuris ar kurie gal\u0117s gauti daugiau u\u017esakym\u0173. Investicija \u012f programin\u0119 \u012franga atsipirks beveik i\u0161 karto.<\/p><br \/>\n<p>&nbsp;<\/p><br \/>\n<p><a name=\"_Toc135157409\"><b>Gamybos plan\u0173 sudarymo sistema<\/b><\/a><\/p><br \/>\n<p><i>Daugelyje \u012fmoni\u0173 gamybos planai sudaromi rankiniu b\u016bdu, registruojant k\u0105 ir kada pagaminti Excel failuose. Jei gamyba vyksta pagal klient\u0173 u\u017esakymus tada jie registruojami ir vykdomi da\u017eniausiai eil\u0117s tvarka. Atsiradus skubiam u\u017esakym\u0105 keisti tokius planus labai nepatogu. <\/i><\/p><br \/>\n<p><i>\u012emon\u0117s gaminan\u010dios \u012f sand\u0117l\u012f, skai\u010diuojami poreikiai sand\u0117lio papildymui ir registruojami plane.<\/i><\/p><br \/>\n<p><i>Sud\u0117tingiems gaminiams dar reikia suplanuoti ir sudaryti pusgamini\u0173 gamybos planus, tod\u0117l plan\u0173 sudarymas u\u017eima nema\u017eai laiko.<\/i><\/p><br \/>\n<p><b>AIVA gamybos planas<\/b> sudaromas automati\u0161kai i\u0161 klient\u0173 u\u017esakym\u0173 u\u017eregistruot\u0173 per komercijos modul\u012f ir i\u0161 vidini\u0173 u\u017esakym\u0173 sand\u0117lio papildymui&nbsp; automatizacijos modulio.<\/p><br \/>\n<p>Gamybos plane programa parodo kokiems klientams, kokius gaminius ir j\u0173 kiekius iki kada reikia pagaminti, bei kada jie suplanuoti pagaminti ir koks kiekis i\u0161 suplanuoto kiekio jau pagamintas.<\/p><br \/>\n<p>&nbsp;U\u017esakymus galima atsifiltruoti pagal \u012fvairius kriterijus- klientus, vadybininkus, u\u017esakym\u0173 registracijos datas,&nbsp;planuojamus terminus, reikalingas gamybai med\u017eiagas&nbsp; ir kt.<\/p><br \/>\n<p><b>I\u0161 gamybos plano galima atlikti u\u017esakym\u0173 valdymo veiksmus:<\/b><\/p><br \/>\n<ul type=\"disc\"><br \/>\n<li>Pasirinkus vien\u0105, kelis ar visus u\u017esakymus galima patikrinti ar u\u017etenka j\u0173 \u012fvykdymui med\u017eiag\u0173, &nbsp;paskai\u010diuoti kiek koki\u0173 med\u017eiag\u0173 tr\u016bksta, ir suformuoti u\u017esakymus tiekimui.<br \/>\n<li>Jei med\u017eiagos u\u017esakym\u0173 \u012fvykdymui yra, i\u0161 U\u017esakym\u0173 gamybai s\u0105ra\u0161o, u\u017esakymus galima perduoti vykdymui. Po u\u017esakym\u0173 perdavimo vykdymui komandos programa blokuoja j\u0173 keitim\u0105 i\u0161 komercijos pus\u0117s, registruoja perdavimo dat\u0105.<br \/>\n<li>Sud\u0117tingiems gaminiams programa i\u0161 kliento u\u017esakymo suformuoja dalinius gamybos planus detali\u0173, surenkam\u0173 pusgamini\u0173 ir galutinio gamini\u0173 surinkimo gamybos planus<br \/>\n<li>Jei u\u017esakytas gamini\u0173 kiekis labai didelis programa&nbsp; gali suformuoti kelis dalinio kiekio planus<br \/>\n<li>Komplektuojam\u0173 gamini\u0173 didelio kiekio u\u017esakymus programa&nbsp; gali paversti vienetiniais u\u017esakymais galutiniam surinkimui (pav. medini\u0173 nameli\u0173)<\/li><\/ul><br \/>\n<p><b>Gamybos planas kartu yra ir jo vykdymo ataskaita.<\/b><\/p><br \/>\n<p>Jame parodomi kokie gaminiai buvo perduoti gaminti, kada suplanuota prad\u0117ti j\u0173 gamyba, koks kiekis gamini\u0173 jau pagamintas.<\/p><br \/>\n<p><b>AIVA automatizuota plan\u0173 sudarymo sprendimo nauda \u012fmonei<\/b><\/p><br \/>\n<ul type=\"disc\"><br \/>\n<li>Automati\u0161kai i\u0161 klient\u0173 u\u017esakym\u0173 suformuojamas u\u017esakym\u0173&nbsp;&nbsp;gamybai planas, tod\u0117l nereikia j\u0173 \u012fvedin\u0117ti ranka<br \/>\n<li>U\u017esakym\u0173 s\u0105ra\u0161e parodoma visa reikalinga gamybai informacija, tod\u0117l nereikia jos ie\u0161koti<br \/>\n<li>Apriboja teises komercijos skyriui keisti jau pateiktus u\u017esakymus gamybai, tod\u0117l i\u0161vengiama gamybos klaid\u0173, kai prad\u0117jus gaminti per nepasi\u017ei\u016br\u0117jim\u0105 pakei\u010diamas u\u017esakymas<br \/>\n<li>Galime atfiltruoti u\u017esakymus pagal j\u0173 vykdymo b\u016bsenas, tod\u0117l programa padeda kontroliuoti gamyb\u0105<br \/>\n<li>Taupo gamybos vadovo darbo laik\u0105 gamybos plano sudarymui, vykdymo kontrolei ir med\u017eiag\u0173 u\u017esakymui.<\/li><\/ul><br \/>\n<p><b>AIVA gamybos plano sudarymo privalumai palyginus su kitomis sistemomis:<\/b><\/p><br \/>\n<ul type=\"disc\"><br \/>\n<li>Gamybos planas sudaromas automati\u0161kai be jokio rankinio darbo<br \/>\n<li>I\u0161 gamybos plano galima automatizuotai sukurti pusgamini\u0173, detali\u0173 ir galutini\u0173 gamini\u0173 surinkimo gamybos planus i\u0161 kuri\u0173 vyksta tolimesnis gamybos valdymas<\/li><\/ul><br \/>\n<p>&nbsp;<\/p><br \/>\n<p><a name=\"_Toc135157411\"><b>Med\u017eiag\u0173 tiekimo valdymo sistema<\/b><\/a><b><\/b><\/p><br \/>\n<p><i>Paprastai med\u017eiagos u\u017esakomos vienos sand\u0117li\u0173 papildomai, o kitos klient\u0173 u\u017esakym\u0173 vykdymui. Kad u\u017esakyti med\u017eiagas pirmiausiai reikia \u017einoti, kokios med\u017eiagos \u0161iuo metu yra sand\u0117lyje. <\/i><\/p><br \/>\n<p><i>Kai med\u017eiag\u0173 apskaita vykdoma buhalterin\u0117s apskaitos programoje ir duomenys suvedami ranka, tai informacija apie med\u017eiag\u0173 gavim\u0105, panaudojim\u0105 ir liku\u010dius gaunama pav\u0117luotai, tod\u0117l tiksliai ne\u017einant kokios ir kiek med\u017eiag\u0173 yra gali b\u016bti u\u017esakoma arba per daug arba per ma\u017eai. Ir vienu ir kitu atveju tai i\u0161\u0161aukia nuostolius gamyboje. <\/i><\/p><br \/>\n<p><b>Automatizav\u0119 AIVA pagalba med\u017eiag\u0173 tiekimo valdymo proces\u0105<\/b> ir med\u017eiag\u0173 valdymo gamyboje proces\u0105 vis\u0105 laik\u0105 informacija apie med\u017eiag\u0173 liku\u010dius tur\u0117site realiu laiku, tod\u0117l programa gal\u0117s tiksliai paskai\u010diuoti kiek med\u017eiag\u0173 tr\u016bksta u\u017esakym\u0173 vykdymui ir sand\u0117li\u0173 papildymui.<\/p><br \/>\n<p>Duomenis kiek reikia med\u017eiag\u0173 klient\u0173 vykdymui atsiranda automatizavus komercini\u0173 pasi\u016blym\u0173 ruo\u0161imo ir u\u017esakym\u0173 perdavimo \u012f gamyb\u0105 proces\u0105, tod\u0117l programa i\u0161 karto gal\u0117s apskai\u010diuoti ar u\u017etenka naujam u\u017esakymui med\u017eiag\u0173 ir jei ne, tai kiek j\u0173 nupirkti. <\/p><br \/>\n<p>\u0160 anksto nusta\u010dius minimum ir maksimum normas sand\u0117lio atsargoms, programa kartu apskai\u010diuos ir kiek med\u017eiag\u0173 reikia u\u017esakyti sand\u0117li\u0173 papildymui.<\/p><br \/>\n<p>Kartais u\u017esakytos med\u017eiagos keliauja gan ilgai, tod\u0117l skai\u010diuodama poreik\u012f programa \u012fvertina ir tas, kurios dar kelyje<\/p><br \/>\n<p><b>Med\u017eiag\u0173 kain\u0173 apklausa ir u\u017esakymas<\/b><\/p><br \/>\n<p>Kai kuri\u0173 med\u017eiag\u0173 kainos da\u017enai kei\u010diasi, tod\u0117l tenka apklausti kelis tiek\u0117jus kad nupirkti pigiau. Ta\u010diau rankiniais metodais tai u\u017eim\u0105 daug vadybinink\u0173 laiko, kurio paprastai vis tr\u016bksta. Tod\u0117l da\u017enai apklausos nedaromos ir perkamos ne visada geriausiomis kainomis. <\/p><br \/>\n<p>AIVA programos pagalba apklausti tiek\u0117jus prakti\u0161kai beveik neu\u017eima laiko, tod\u0117l tai galima daryti kada tik reikia ir apklausti tiek tiek\u0117j\u0173 kiek reikia.<\/p><br \/>\n<p>Paskai\u010diavus med\u017eiag\u0173 poreik\u012f pirkimui, programa suformuos ir i\u0161si\u0173s lai\u0161kus su kain\u0173 paklausimais visiems potencialiems j\u0173 tiek\u0117jams.<\/p><br \/>\n<p>Tiek\u0117jai gav\u0119 paklausimus patys Internetu \u012fves savo kainas.<\/p><br \/>\n<p><b>Serverio programin\u0117 \u012franga automati\u0161kai lygins kainas ir si\u0173s prane\u0161imus tiek\u0117jams, kuri\u0173 kainos didesn\u0117s, kad jei gali pasitaisyti, jei nori gauti u\u017esakym\u0105.<\/b><\/p><br \/>\n<p>Apklausdami daugiau tiek\u0117j\u0173 ir pasinaudodami programos \u0161i\u0105 aukciono funkcija, pirksite med\u017eiagas ma\u017eesn\u0117mis kainomis ir tokiu b\u016bdu suma\u017einsite savo produkcijos savikain\u0105 ir padidinsite \u012fmon\u0117s peln\u0105.<\/p><br \/>\n<p>Nor\u0117dami u\u017esakyti med\u017eiagas , pasirinksite teik\u0117jus, o programa suformuos ir i\u0161si\u0173s jiems u\u017esakymus ir tai beveik neu\u017eims visai laiko.<\/p><br \/>\n<p><b>Med\u017eiag\u0173 pajamavimas<\/b><b><\/b><\/p><br \/>\n<p><i>Paprastai \u012fmon\u0117s gav\u0119 s\u0105skaita, duomenis i\u0161 jos apie kiekvien\u0105 med\u017eiaga suved\u0105 \u012f buhalterin\u0117s apskaitos program\u0105. Toks sprendimas turi kelis tr\u016bkumus.<\/i><\/p><br \/>\n<p><i>&nbsp;Pirma tai, nema\u017eas darbas, kuriam reikalingas da\u017enai ne atskiras darbuotojas . Antra duomenis suvedami da\u017enai labai pav\u0117luotai, d\u0117l to, kad kartasi ne i\u0161 karto gavus med\u017eiagas ateina ir s\u0105skait\u0105, antra kad neu\u017etenka laiko greitai suvesti duomenis. Be to, vedant duomenis ranka atsiranda klaidos, kurias v\u0117liau reikia surasti ir taisyti<\/i><\/p><br \/>\n<p><b>Jei naudosite AIVA programa<\/b>, gavus med\u017eiagas i\u0161 tiek\u0117j\u0173, tam kad jas u\u017epajamuoti, nebereik\u0117s ranka \u012fvedin\u0117ti duomen\u0173 \u012f program\u0105, kadangi duomenis jau bus sistemoje, o tik patvirtinti kad u\u017esakytos med\u017eiagos gautos. Po patvirtinimo programa automati\u0161kai u\u017epajamuos gautas med\u017eiagas j\u0173 panaudojimui gamyboje. <\/p><br \/>\n<p>Per interfeiso modul\u012f duomenys reikalingi finansinei apskaitai gal\u0117s b\u016bti&nbsp;&nbsp;perra\u0161yti \u012f J\u016bs\u0173 buhalterin\u0119 program\u0105.<\/p><br \/>\n<p><a name=\"_Toc135157412\"><b>Med\u017eiag\u0173 valdymo gamyboje sistema<\/b><\/a><b><\/b><\/p><br \/>\n<p><i>Gamyboje \u012fmon\u0117s susiduria su keliomis med\u017eiag\u0173 valdymo problemomis. <\/i><\/p><br \/>\n<p><i>Pirmiausia, kada ir kokias&nbsp; surinkti ir paruo\u0161ti med\u017eiagas gamybos u\u017esakymo vykdymui. Jei nelaiku paruo\u0161ime med\u017eiagas, gamyba j\u0173 lauks ir prastov\u0117s.<\/i><\/p><br \/>\n<p><i>Gaminant standartinius produktus med\u017eiagas nura\u0161o buhalterin\u0117s programos pagal gaminio korteles \u012fvedus duomenis, kokie u\u017esakymai pagaminti. Problema, tokiu atveju, tik t\u0105, kad duomenis apie \u012fvykdytus u\u017esakymus reikia \u012fvesti ranka, o tai u\u017eima laiko, ir apskaita gaunama pav\u0117luotai. <\/i><\/p><br \/>\n<p><i>Blogiau kai gaminami nestandartiniai produktai nes da\u017enai tokiems gaminiams kortel\u0117s nesudaromos d\u0117l dideli\u0173 laiko s\u0105naud\u0173. Tada sunaudojus med\u017eiagas, jos prad\u017eioje registruojamos gamyboje ranka popieriuje o po to apskaitinink\u0117 juos suvedin\u0117ja \u012f program\u0105. \u0160iuo atveju \u012fvedami kieki \u017eymiai padid\u0117ja, be to dar gai\u0161tamas laikas registracijai gamyboje<\/i><\/p><br \/>\n<p><b>AIVA gamybos valdymo programa<\/b> suplanuoja ir parodo u\u017esakym\u0173 s\u0105ra\u0161e&nbsp; kada kokiam u\u017esakymui reikia paruo\u0161ti med\u017eiagas, kad suplanuotu laiku galima b\u016bt\u0173 prad\u0117ti j\u012f gaminti.<\/p><br \/>\n<p>Kad neie\u0161koti koki\u0173 reikia med\u017eiag\u0173 u\u017esakymo \u012fvykdymui ir kur jos yra, programa, pasirinkus gamybos u\u017esakym\u0105, parodys kokias med\u017eiagas surinkti ir i\u0161 kur paimti. <\/p><br \/>\n<p>O tam kad neapsirikti ar pa\u0117m\u0117te teisingas med\u017eiagas, tai gal\u0117site patikrinti skenuodami med\u017eiag\u0173 barkodus. Surinktas med\u017eiagas vienu mygtuko paspaudimu perkelsite \u012f gamyb\u0105.<\/p><br \/>\n<p><b>Naudojant AIVA programin\u0119 \u012frang\u0105 gamybos valdymui<\/b> med\u017eiag\u0173 nura\u0161ymas ir pagamintos produkcijos savikainos apskai\u010diavimas bei pajamavimas &nbsp;jums visai neu\u017eims laiko ir vyks realiu laiku. Programa j\u0173 apskait\u0105 atliks automati\u0161kai, kai darbininkas, atlik\u0119s paskutin\u0119 gamybin\u0119 operacij\u0105, patvirtins kad ji atlikta.<\/p><br \/>\n<p><b>Ataskaitos<\/b><\/p><br \/>\n<p>Gamybos planas tarnauja kartu ir kaip ataskaita,, kurioje parodoma u\u017esakymo gamini\u0173 savikaina, paskai\u010diuota u\u017esakymo metu, ir faktin\u0117 savikaina, apskai\u010diuota pagal nura\u0161ytas med\u017eiagas.<\/p><br \/>\n<p>Ataskaitas apie med\u017eiag\u0173 ir pagamintos produkcijos&nbsp; liku\u010dius sand\u0117liuose&nbsp; ir j\u0173 jud\u0117jim\u0105 &nbsp;tur\u0117site realiu laiku, o tai pad\u0117s laiku u\u017esakyti tr\u016bkstamas med\u017eiagas naujiems u\u017esakymams ir grei\u010diau i\u0161ve\u017eti pagamint\u0105 produkcij\u0105 klientams<\/p><br \/>\n<p>&nbsp;<\/p><br \/>\n<p><a name=\"_Toc135157413\"><b>U\u017esakym\u0173 i\u0161davimo ir sand\u0117lio valdymo sistema<\/b><\/a><\/p><br \/>\n<p><i>Da\u017eniausiai dokumentus pagamintos produkcijos i\u0161ve\u017eimui ruo\u0161ia ir spausdina buhalterija, o j\u0105 surenka sand\u0117lininkas. Taip dirbant vietoje vieno \u017emogaus reikalingi du, be to sunku operatyviai paruo\u0161ti dokumentus, tod\u0117l atsiranda problemos kada reikia paruo\u0161ti ir i\u0161ve\u017eti produkcija greitai, pav. kai jau laukia transportas i\u0161ve\u017eimui.<\/i><i><\/i><\/p><br \/>\n<p><b>AIVA programoje rodomas u\u017esakym\u0173 planas<\/b>, kuriems reikia i\u0161ve\u017eti pagamint\u0105 produkcij\u0105. Sand\u0117lininkui kad atspausdinti s\u0105skait\u0105 ar va\u017etara\u0161ti tereikia tik pasirinkti u\u017esakym\u0105, kuriam jau pagaminta produkcija.<\/p><br \/>\n<p>Pasirinktam u\u017esakymui programa parodys kokius gaminius &nbsp;reikia surinkti i\u0161 sand\u0117lio , o surinkus suformuos ir atspausdins visus reikiamus dokumentus, va\u017etara\u0161t\u012f, s\u0105skait\u0105-fakt\u016br\u0105, CMR, nura\u0161ys surinkt\u0105 produkcij\u0105 i\u0161 sand\u0117lio. <\/p><br \/>\n<p>Per papildom\u0105 modul\u012f s\u0105skaitos duomenys gali b\u016bti perduoti \u012f \u012fmon\u0117s buhalterin\u0117s apskaitos sistem\u0105<\/p><br \/>\n<p>Sistemoje didel\u0117s s\u0105skait\u0173-fakt\u016br\u0173 formavimo galimyb\u0117s. Jas galima suformuoti net tik i\u0161 vieno kliento u\u017esakymo bet ir i\u0161 keli\u0173 u\u017esakymo arba i\u0161 vieno u\u017esakymo kelias fakt\u016bras. Galima suformuoti fakt\u016br\u0105 i\u0161 keli\u0173 va\u017etara\u0161\u010di\u0173. Programa formuojant fakt\u016br\u0105 gali paskai\u010diuoti ir \u012fra\u0161yti pakuo\u010di\u0173 svorius, bei pa\u010dios produkcijos svor\u012f.<\/p><br \/>\n<p>Jei susiduriate su problema kad surenkant produkcij\u0105 i\u0161ve\u017eimui pagal klient\u0173 u\u017esakymus pamir\u0161tate kuri\u0105 nors prek\u0119 \u012fd\u0117ti arba sumai\u0161ote ir \u012fdedate ne t\u0105, tai Jums gal\u0117s pad\u0117ti AIVA surinkimo tikrinimo aplikacija kaupikliui skeneriui.<\/p><br \/>\n<p>Jei i\u0161ve\u017eimui reikalinga u\u017esakyti transport\u0105, programa suformuos el. lai\u0161k\u0105 su u\u017esakym\u0173 ve\u017e\u0117jui.<\/p><br \/>\n<p>AIVA sand\u0117lio apskaitos sistema&nbsp; atlieka ir kitas pagamintos produkcijos valdymo ir apskaitos funkcijas,- perk\u0117limo tarp sand\u0117li\u0173, gra\u017einimo i\u0161 klient\u0173, ataskait\u0173 perdavimo \u012f I.MAS ir i.VAZ sistemas, suformuoja sand\u0117lio, Intrastat bei i\u0161ve\u017eamos pakuot\u0117s ataskaitas.<\/p><\/p>","protected":false},"excerpt":{"rendered":"<p>Automatizuosite  u\u017esakym\u0173 registravimo, kainos skai\u010diavimo, u\u017esakym\u0173 plano sudarymo, med\u017eiag\u0173 tiekimo valdymo. med\u017eiag\u0173 apskaitos gamyboje  ir pagamintos produkcijos apskaitos proces\u0105<\/p>","protected":false},"featured_media":29578,"template":"","meta":{"_mi_skip_tracking":false,"_monsterinsights_sitenote_active":false,"_monsterinsights_sitenote_note":"","_monsterinsights_sitenote_category":0},"product_cat":[1515,1511],"product_tag":[],"mwb_booking_cost":[],"mwb_booking_service":[],"bundled_by":[],"bundle_stock_status":"instock","bundle_stock_quantity":null,"bundle_virtual":false,"bundle_layout":"","bundle_add_to_cart_form_location":"","bundle_editable_in_cart":false,"bundle_sold_individually_context":"","bundle_item_grouping":"","bundle_min_size":"","bundle_max_size":"","bundled_items":[],"bundle_sell_ids":[],"acf":[],"aioseo_notices":[],"_links":{"self":[{"href":"https:\/\/gamyba.online\/en\/wp-json\/wp\/v2\/product\/29564"}],"collection":[{"href":"https:\/\/gamyba.online\/en\/wp-json\/wp\/v2\/product"}],"about":[{"href":"https:\/\/gamyba.online\/en\/wp-json\/wp\/v2\/types\/product"}],"wp:featuredmedia":[{"embeddable":true,"href":"https:\/\/gamyba.online\/en\/wp-json\/wp\/v2\/media\/29578"}],"wp:attachment":[{"href":"https:\/\/gamyba.online\/en\/wp-json\/wp\/v2\/media?parent=29564"}],"wp:term":[{"taxonomy":"product_cat","embeddable":true,"href":"https:\/\/gamyba.online\/en\/wp-json\/wp\/v2\/product_cat?post=29564"},{"taxonomy":"product_tag","embeddable":true,"href":"https:\/\/gamyba.online\/en\/wp-json\/wp\/v2\/product_tag?post=29564"},{"taxonomy":"mwb_booking_cost","embeddable":true,"href":"https:\/\/gamyba.online\/en\/wp-json\/wp\/v2\/mwb_booking_cost?post=29564"},{"taxonomy":"mwb_booking_service","embeddable":true,"href":"https:\/\/gamyba.online\/en\/wp-json\/wp\/v2\/mwb_booking_service?post=29564"}],"curies":[{"name":"wp","href":"https:\/\/api.w.org\/{rel}","templated":true}]}}