{"id":29567,"date":"2024-07-03T22:10:17","date_gmt":"2024-07-03T20:10:17","guid":{"rendered":"https:\/\/gamyba.online\/product\/plastiko-gaminiu-uzsakymu-valdymo-medziagu-tiekimo-ir-apskaitos-gamyboje-sistema\/"},"modified":"2024-11-04T22:14:47","modified_gmt":"2024-11-04T20:14:47","slug":"plastiko-gaminiu-uzsakymu-valdymo-medziagu-tiekimo-ir-apskaitos-gamyboje-sistema","status":"publish","type":"product","link":"https:\/\/gamyba.online\/en\/product\/plastiko-gaminiu-uzsakymu-valdymo-medziagu-tiekimo-ir-apskaitos-gamyboje-sistema\/","title":{"rendered":"Plastiko gamini\u0173 u\u017esakym\u0173 valdymo, med\u017eiag\u0173 tiekimo ir apskaitos  gamyboje sistema"},"content":{"rendered":"<p><p class=\"MsoNormal\"><font face=\"Calibri\"><span><span>Sistemos funkcin\u0117-strukt\u016brin\u0117 schema, kurioje matote pagrindinius automatizuojamus valdymo procesus ir j\u0173 ry\u0161ius,&nbsp;parodyta paveiksl\u0117lyje<\/span><\/span><\/font><\/p><br \/>\n<p class=\"MsoNormal\" align=\"center\"><font face=\"Calibri\"><span><span><img src=\"https:\/\/www.aiva.lt\/images\/goods\/2_gamybos_lygiu_valdymo_sistema_tik_medziagu21259b.png\"><\/span><\/span><\/font><\/p><font face=\"Calibri\"><span><br \/>\n<p class=\"MsoNormal\"><span>AIVA gamybos valdymo sistema pad\u0117s jums susitvarkyti su problemomis, su kuriomis susiduria tiek didel\u0117s tiek ma\u017eos&nbsp;med\u017eio gamini\u0173&nbsp;\u012fmon\u0117s.<\/span><\/p><br \/>\n<p class=\"MsoNormal\"><span>Sistemos pagalba automatizuosite darbo su klientais, gamybos plan\u0173 sudarymo, med\u017eiag\u0173 tiekimo valdymo, pagamintos produkcijos apskaitos jos \u012f\u017eve\u017eimo valdymo procesus<\/span><\/p><br \/>\n<p class=\"MsoNormal\"><br \/>\n<table class=\"MsoTableGrid\" cellspacing=\"0\" cellpadding=\"0\" border=\"0\"><br \/>\n<tbody><br \/>\n<tr><br \/>\n<td valign=\"top\" width=\"332\"><span><br \/>\n<p class=\"MsoNormal\"><span>Automatizav\u0119<span>&nbsp;<\/span><b>Darbo su klientais<\/b>&nbsp; proces\u0105 geriau gal\u0117site aptarnauti savo klientus, sutaupysite vadybinink\u0173 darbo laiko s\u0105naudas pasi\u016blym\u0173 ruo\u0161imui ir u\u017esakym\u0173 perdavimui \u012f gamyb\u0105.<\/span><\/p><br \/>\n<p class=\"MsoNormal\"><span><span>Registruojant kliento u\u017esakym\u0105 galima \u012fvesti nestandartini\u0173 gamini\u0173 pageidaujamus i\u0161matavimus, pav, \u012flg\u012f, plot\u012f, pasirinkti med\u017eiagas. Programa &nbsp;apskai\u010diuos gamini\u0173 gamybos savikain\u0105 ir &nbsp;kain\u0105, suformuos pasi\u016blym\u0105, s\u0105skait\u0105, sutart\u012f, u\u017esakym\u0105.<\/span><\/span><\/p><br \/>\n<p class=\"MsoNormal\"><span>Nesunkiai gal\u0117site \u012fdiegti vadybinink\u0173 apmok\u0117jimo nuo asmenini\u0173 pardavim\u0173 pelno sistem\u0105<\/span><\/p><br \/>\n<p class=\"MsoNormal\"><span>&nbsp;<a href=\"https:\/\/www.aiva.lt\/Pardavim-padaliniams\/nestandartiniu-gaminiu-kainos-paskaiciavimo-komerciniu-pasiulymu-sutarciu-ir-saskaitu-ruosimo-programos-modulis-optimum\/lt\"><font color=\"#0563c1\">Daugiau skaitykite<\/font><\/a>&#8230;<\/span><span><\/span><\/p><\/span><\/td><br \/>\n<td valign=\"top\" width=\"332\"><br \/>\n<p class=\"MsoNormal\" align=\"center\"><span><img src=\"https:\/\/www.aiva.lt\/images\/image\/AIVA_pardavimai1.jpg\" width=\"988\" height=\"707\"><\/span><\/p><\/td><\/tr><br \/>\n<tr><br \/>\n<td valign=\"top\" width=\"332\"><br \/>\n<p class=\"MsoNormal\" align=\"center\"><span><\/span><span><img src=\"https:\/\/www.aiva.lt\/images\/image\/AIVA_pardavimai.jpg\" width=\"709\" height=\"535\"><\/span><\/p><\/td><br \/>\n<td valign=\"top\" width=\"332\"><br \/>\n<p class=\"MsoNormal\"><span>Automatizav\u0119<span>&nbsp;<\/span><b>Med\u017eiag\u0173 tiekimo &nbsp;valdymo ir apskaitos gamyboje<\/b>&nbsp;proces\u0105 sutaupysite&nbsp; 90% darbuotoj\u0173 laiko (o tai vienas ar keli sutaupyti etatai!) med\u017eiag\u0173 poreikio skai\u010diavimui, u\u017esakymui i\u0161 tiek\u0117j\u0173, pajamavimui, surinkimui u\u017esakym\u0173 vykdymui ir nura\u0161ymui gamyboje.<\/span><\/p><br \/>\n<p class=\"MsoNormal\"><span><span>&nbsp;<\/span>Pigiau nupirksite med\u017eiagas, tur\u0117site duomenis apie j\u0173 liku\u010dius realiu laiku, tod\u0117l ma\u017eesn\u0117 tikimyb\u0117 kad j\u0173 pritr\u016bksite, kai reik\u0117s, arba kad susikaups per dideles atsargos.<span>&nbsp;<\/span><span><a href=\"https:\/\/www.aiva.lt\/Tiekimo-skyriui\/lt\"><font color=\"#0563c1\">Daugiau skaitykite<\/font><\/a><\/span><\/span><\/p><\/td><\/tr><br \/>\n<tr><br \/>\n<td valign=\"top\" width=\"332\"><br \/>\n<p class=\"MsoNormal\"><span><\/span>&nbsp;<\/p><br \/>\n<p class=\"MsoNormal\"><span>Automatizav\u0119<span>&nbsp;<\/span><b>Gamybos plan\u0173 sudarymo ir<span>&nbsp;<\/span><span>&nbsp;<\/span>operacij\u0173 planavimo proces\u0105 sutapysite laik\u0105 plan\u0173 sudarymui ir pagamintos produkcijos apskaitai.&nbsp;<\/b><\/span><\/p><br \/>\n<p class=\"MsoNormal\"><span>Gamybos planus programa sudarys automati\u0161kai i\u0161 klient\u0173 u\u017esakym\u0173 ir pagal atsarg\u0173 normas.<\/span><\/p><br \/>\n<p class=\"MsoNormal\"><span>Tam kad u\u017epajamauoti pagamint\u0105 produkcij\u0105, Jums tereik\u0117s tik patvirtinti u\u017esakymo \u012fvykdym\u0105 ir programa u\u017epajamuos pagamintus gaminius \u012f sand\u0117l\u012f<\/span><\/p><br \/>\n<p class=\"MsoNormal\"><span>&nbsp;<span><a href=\"https:\/\/www.aiva.lt\/item.php?item=20979&amp;lang=lt\"><font color=\"#0563c1\">Apie planus<\/font><\/a>&#8230;<\/span><\/span><\/p><br \/>\n<p class=\"MsoNormal\">&nbsp;<\/p><br \/>\n<p class=\"MsoNormal\"><span>&nbsp;<\/span><\/p><\/td><br \/>\n<td valign=\"top\" width=\"332\"><span><\/span><br \/>\n<p class=\"MsoNormal\" align=\"center\"><span><\/span>&nbsp;<\/p><br \/>\n<p class=\"MsoNormal\" align=\"center\"><span><img src=\"https:\/\/www.aiva.lt\/images\/image\/AIVA_meistras.jpg\" width=\"766\" height=\"588\"><\/span><\/p><\/td><\/tr><br \/>\n<tr><br \/>\n<td valign=\"top\" width=\"332\"><br \/>\n<p class=\"MsoNormal\" align=\"center\"><span><img src=\"https:\/\/www.aiva.lt\/images\/image\/AIVA_sandelis2.jpg\" width=\"840\" height=\"625\"><\/span><\/p><\/td><br \/>\n<td valign=\"top\" width=\"332\"><br \/>\n<p class=\"MsoNormal\"><span>Automatizav\u0119<span>&nbsp;<\/span><b>med\u017eiag\u0173 valdymo ir<span>&nbsp;<\/span><span>&nbsp;<\/span>apskaitos<span>&nbsp;<\/span><span>&nbsp;<\/span>gamyboje<span>&nbsp;<\/span><\/b>sutaupysite darbo laik\u0105 med\u017eiag\u0173 surinkimui i\u0161 sand\u0117li\u0173, perdavimui \u012f gamyb\u0105<span>&nbsp;<\/span><span>&nbsp;<\/span>ir apskaitai.<\/span><\/p><br \/>\n<p class=\"MsoNormal\"><span>Med\u017eiagas gamybos u\u017esakymui surinks programa, ir jas nura\u0161ys&nbsp; patvirtinus med\u017eiag\u0173 perdavim\u0105 \u012f gamyb\u0105 arba u\u017esakymo \u012fvykdym\u0105.<\/span><\/p><br \/>\n<p class=\"MsoNormal\"><span><span><a href=\"https:\/\/www.aiva.lt\/item.php?item=21333&amp;lang=lt\"><font color=\"#0563c1\">Apie med\u017eiag\u0173 valdym\u0105 gamyboje<\/font><\/a>&#8230;<\/span><\/span><\/p><\/td><\/tr><br \/>\n<tr><br \/>\n<td valign=\"top\" width=\"332\"><\/td><br \/>\n<td valign=\"top\" width=\"332\"><br \/>\n<p class=\"MsoNormal\" align=\"center\"><span><\/span>&nbsp;<\/p><\/td><\/tr><br \/>\n<tr><br \/>\n<td valign=\"top\" width=\"332\"><br \/>\n<p class=\"MsoNormal\" align=\"center\"><span><img src=\"https:\/\/www.aiva.lt\/images\/image\/AIVA_meistras3.jpg\" width=\"747\" height=\"556\">&nbsp;<\/span><\/p><br \/>\n<p class=\"MsoNormal\" align=\"center\"><span><\/span><span><\/span>&nbsp;<\/p><\/td><br \/>\n<td valign=\"top\" width=\"332\"><br \/>\n<p class=\"MsoNormal\"><b><span>Automatizav\u0119 pagamintos produkcijos apskaitos ir i\u0161davimo klientams<span>&nbsp;<\/span><\/span><\/b><span>proces\u0105 gal\u0117site grei\u010diau suformuoti i\u0161davimo dokumentus-Fakt\u016bras, va\u017etara\u0161\u010dius, CMR, grei\u010diau aptarnauti klientus, matyti pagamintos produkcijos liku\u010dius realiu laiku.<\/span><\/p><br \/>\n<p class=\"MsoNormal\"><span>Taip pat grei\u010diau atliksite perk\u0117limo tarp sand\u0117li\u0173, gr\u0105\u017einimo i\u0161 klient\u0173, ataskait\u0173 perdavimo \u012f I.MAS ir i.VAZ sistemas darbus, realiu laiku gausite sand\u0117lio, Intrastato bei i\u0161ve\u017eamos pakuot\u0117s ataskaitas.<span>&nbsp;<\/span><span><a href=\"https:\/\/www.aiva.lt\/Gamybos-apskaitai\/medziagu-ir-gatavos-produkcijos-apskaitos-sistema-su-intrastat-ir-pakuotes-apskaita-bei-dokumentu-perdavimu-i-i-mas-ir-i-saf\/lt\"><font color=\"#0563c1\">Daugiau skaitykite<\/font><\/a>..<\/span><\/span><\/p><\/td><\/tr><\/tbody><\/table><\/p><br \/>\n<p class=\"MsoNormal\"><b><span>Kod\u0117l&nbsp; verta Jums diegtis AIVA gamybos valdymo sistem\u0105<\/span><\/b><\/p><\/span><\/font><br \/>\n<ul><br \/>\n<li><br \/>\n<div class=\"MsoNormal\"><font face=\"Calibri\">Sutaupysite laik\u0105 komercini\u0173 pasi\u016blym\u0173 ryo\u0161imui ir u\u017esakym\u0173 perdavimui \u012f gamybos plan\u0105<\/font><\/div><br \/>\n<li><br \/>\n<div class=\"MsoNormal\"><font face=\"Calibri\">Gal\u0117site \u012fdiegti vadybininkams apmok\u0117jimo nuo asmenini\u0173 pardavim\u0173 pelno sistem\u0105<\/font><\/div><br \/>\n<li><br \/>\n<div class=\"MsoNormal\"><font face=\"Calibri\">Grei\u010diau ir pigiau u\u017esakysite med\u017eiagas.<\/font><\/div><br \/>\n<li><br \/>\n<div class=\"MsoNormal\"><font face=\"Calibri\">Taupysite laik\u0105 med\u017eiag\u0173 ir pagamintos produkcijos apskaitai bei pardavimo valdymui.<\/font><\/div><\/li><\/ul><br \/>\n<p class=\"MsoNormal\"><span><strong>Platesnius pagrindini\u0173 sistemos moduli\u0173 apra\u0161ymus rasite \u017eemiau, paspaud\u0119 ant dominan\u010dio modulio pavadinimo.<\/strong><\/span><\/p><\/p>","protected":false},"excerpt":{"rendered":"<p>Papildomai prie bazinio varianto, med\u017eiag\u0173 tiekimo valdymas, med\u017eiag\u0173 surinkimo ir perdavimo \u012f gamyb\u0105 valdymas, bei med\u017eiag\u0173 panaudojimo gamyboje apskaita<\/p>","protected":false},"featured_media":29580,"template":"","meta":{"_mi_skip_tracking":false,"_monsterinsights_sitenote_active":false,"_monsterinsights_sitenote_note":"","_monsterinsights_sitenote_category":0},"product_cat":[1521,1511],"product_tag":[],"mwb_booking_cost":[],"mwb_booking_service":[],"bundled_by":[],"bundle_stock_status":"instock","bundle_stock_quantity":null,"bundle_virtual":false,"bundle_layout":"","bundle_add_to_cart_form_location":"","bundle_editable_in_cart":false,"bundle_sold_individually_context":"","bundle_item_grouping":"","bundle_min_size":"","bundle_max_size":"","bundled_items":[],"bundle_sell_ids":[],"acf":[],"aioseo_notices":[],"_links":{"self":[{"href":"https:\/\/gamyba.online\/en\/wp-json\/wp\/v2\/product\/29567"}],"collection":[{"href":"https:\/\/gamyba.online\/en\/wp-json\/wp\/v2\/product"}],"about":[{"href":"https:\/\/gamyba.online\/en\/wp-json\/wp\/v2\/types\/product"}],"wp:featuredmedia":[{"embeddable":true,"href":"https:\/\/gamyba.online\/en\/wp-json\/wp\/v2\/media\/29580"}],"wp:attachment":[{"href":"https:\/\/gamyba.online\/en\/wp-json\/wp\/v2\/media?parent=29567"}],"wp:term":[{"taxonomy":"product_cat","embeddable":true,"href":"https:\/\/gamyba.online\/en\/wp-json\/wp\/v2\/product_cat?post=29567"},{"taxonomy":"product_tag","embeddable":true,"href":"https:\/\/gamyba.online\/en\/wp-json\/wp\/v2\/product_tag?post=29567"},{"taxonomy":"mwb_booking_cost","embeddable":true,"href":"https:\/\/gamyba.online\/en\/wp-json\/wp\/v2\/mwb_booking_cost?post=29567"},{"taxonomy":"mwb_booking_service","embeddable":true,"href":"https:\/\/gamyba.online\/en\/wp-json\/wp\/v2\/mwb_booking_service?post=29567"}],"curies":[{"name":"wp","href":"https:\/\/api.w.org\/{rel}","templated":true}]}}